{"id":4746,"date":"2025-09-03T04:19:02","date_gmt":"2025-09-03T04:19:02","guid":{"rendered":"https:\/\/ethnica.style\/varumarkets-historia-2\/"},"modified":"2025-09-03T04:26:41","modified_gmt":"2025-09-03T04:26:41","slug":"varumarkets-historia-2","status":"publish","type":"page","link":"https:\/\/ethnica.style\/sv\/varumarkets-historia-2\/","title":{"rendered":"Varum\u00e4rkets historia"},"content":{"rendered":"\n\n  <div class=\"banner has-hover\" id=\"banner-1694051383\">\n          <div class=\"banner-inner fill\">\n        <div class=\"banner-bg fill\" >\n                                                \n                    <\/div>\n\t\t\n        <div class=\"banner-layers container\">\n            <div class=\"fill banner-link\"><\/div>            \n\n   <div id=\"text-box-1364386282\" class=\"text-box banner-layer x50 md-x50 lg-x50 y50 md-y50 lg-y50 res-text\">\n                                <div class=\"text-box-content text dark\">\n              \n              <div class=\"text-inner text-center\">\n                  \n\n<h3 class=\"uppercase\">Varum\u00e4rkets historia<\/h3>\n\n\n              <\/div>\n           <\/div>\n                            \n<style>\n#text-box-1364386282 {\n  width: 100%;\n}\n#text-box-1364386282 .text-box-content {\n  font-size: 100%;\n}\n<\/style>\n    <\/div>\n \n\n        <\/div>\n      <\/div>\n\n            \n<style>\n#banner-1694051383 {\n  padding-top: 60px;\n}\n<\/style>\n  <\/div>\n\n\n\n\t<section class=\"section\" id=\"section_1185251053\">\n\t\t<div class=\"section-bg fill\" >\n\t\t\t\t\t\t\t<div class=\"video-overlay no-click fill visible\"><\/div>\n\t<video class=\"video-bg fill visible\" preload playsinline autoplay muted loop>\n\t\t<source src=\"https:\/\/ethnica.style\/wp-content\/uploads\/2025\/08\/AQP-Imcp0vAJXS0sKsTRcHCXgslHP9hHgO_vwJY1hzl_0TAU4QEDgD4xLwsvVCLIayReFyoRmEIjSKFz3cxwyGyglpdCAjr3Q0TGqsI.mp4\" type=\"video\/mp4\">\t<\/video>\n\t\t\t<div class=\"section-bg-overlay absolute fill\"><\/div>\n\t\t\t\n\n\t\t<\/div>\n\n\t\t\n\n\t\t<div class=\"section-content relative\">\n\t\t\t\n\n<div class=\"row row-small align-center\"  id=\"row-691047834\">\n\n\n\t<div id=\"col-325263421\" class=\"col medium-5 small-12 large-5 has-hover\"  >\n\t\t\t\t<div class=\"col-inner\" style=\"background-color:#333333;\" >\n\t\t\t\n\t<div class=\"is-border hover-fade-in\"\n\t\tstyle=\"border-color:rgb(0, 0, 0);border-radius:10px;border-width:11px 11px 11px 11px;\">\n\t<\/div>\n\t\t\t\n\n\t<div class=\"img has-hover x md-x lg-x y md-y lg-y\" id=\"image_1921980295\">\n\t\t\t\t\t\t\t\t<div class=\"img-inner dark\" >\n\t\t\t<img loading=\"lazy\" decoding=\"async\" width=\"477\" height=\"706\" src=\"https:\/\/ethnica.style\/wp-content\/uploads\/2025\/08\/20210703_172659_IMG_2243-e1747039380597.jpg\" class=\"attachment-original size-original\" alt=\"Brand Story\" srcset=\"https:\/\/ethnica.style\/wp-content\/uploads\/2025\/08\/20210703_172659_IMG_2243-e1747039380597.jpg 477w, https:\/\/ethnica.style\/wp-content\/uploads\/2025\/08\/20210703_172659_IMG_2243-e1747039380597-203x300.jpg 203w\" sizes=\"auto, (max-width: 477px) 100vw, 477px\" \/>\t\t\t\t\t\t\n\t\t\t\t\t<\/div>\n\t\t\t\t\t\t\t\t\n<style>\n#image_1921980295 {\n  width: 100%;\n}\n<\/style>\n\t<\/div>\n\t\n\n\n\t\t<\/div>\n\t\t\t\t\n<style>\n#col-325263421 > .col-inner {\n  padding: 10px 10px 10px 10px;\n  border-radius: 10px;\n}\n<\/style>\n\t<\/div>\n\n\t\n\n\t<div id=\"col-2066694840\" class=\"col medium-7 small-12 large-7\"  >\n\t\t\t\t<div class=\"col-inner\"  >\n\t\t\t\n\t\t\t\n\n<h2>V\u00e5r historia: En resa in i ukrainska etniska kl\u00e4nningar<\/h2>\n<h3 class=\"wp-block-heading\">Uppt\u00e4ck sk\u00f6nheten i Vyshyvanka<\/h3>\n<p>V\u00e5r ber\u00e4ttelse b\u00f6rjade under en k\u00e4nslosam resa till mitt hemland Ukraina. Medan jag utforskade regionens kulturella r\u00f6tter introducerade jag min man f\u00f6r sk\u00f6nheten och symboliken i <strong>Vyshyvanka<\/strong> \u2013 ett traditionellt broderat plagg som har en djup betydelse i det ukrainska arvet. <\/p>\n<p>N\u00e4stan omedelbart blev han f\u00f6r\u00e4lskad i konstn\u00e4rskapet bakom <strong>ukrainska<a href=\"https:\/\/uathayam.in\/blogs\/news\/what-is-the-difference-between-ethnic-wear-and-traditional-wear-in-india?srsltid=AfmBOopWzvSnM2Bq8owPsXYNvFF8ar31BBjPndQ7cU6ZgYdBgkQDP2pT\"> etniska kl\u00e4nningar<\/a><\/strong>. Broderiet, de naturliga texturerna och historierna bakom varje smycke gjorde ett best\u00e5ende intryck p\u00e5 oss b\u00e5da. Som ett resultat f\u00f6ddes en id\u00e9 \u2013 att dela denna kulturskatt med v\u00e4rlden.  <\/p>\n<h3 class=\"wp-block-heading\">Att f\u00f6rvandla en kulturell passion till en global vision<\/h3>\n<p>D\u00e4rf\u00f6r b\u00f6rjade vi arbeta med en <a href=\"https:\/\/puretimepiecesco.com\/\">kollektion<\/a> som blandar elegans med tradition. I st\u00e4llet f\u00f6r att bara kopiera traditionell design samarbetade vi med ukrainska toppdesigners f\u00f6r att skapa n\u00e5got helt unikt. Tillsammans skapade vi en utvald linje som \u00e5terspeglar \u00e4kthet, men som \u00e4nd\u00e5 tilltalar modern modek\u00e4nsla.  <\/p>\n<h3 class=\"wp-block-heading\">Hantverk med r\u00f6tter i natur och tradition<\/h3>\n<p>Dessutom \u00e4r v\u00e5ra kl\u00e4nningar gjorda av milj\u00f6v\u00e4nliga material av h\u00f6gsta kvalitet, inklusive rent linne och ull. I varje plagg hittar du delikata broderier, handgjorda applikationer och hemv\u00e4vda spetsar \u2013 detaljer som hedrar \u00e5rhundraden av hantverk. <\/p>\n<h3 class=\"wp-block-heading\">B\u00e4rbar konst som ber\u00e4ttar en historia<\/h3>\n<p>P\u00e5 grund av detta engagemang ber\u00e4ttar varje del i v\u00e5r samling en meningsfull historia. Det h\u00e4r \u00e4r inte bara kl\u00e4der; Ist\u00e4llet \u00e4r de b\u00e4rbara uttryck f\u00f6r en motst\u00e5ndskraftig kultur. N\u00e4r du b\u00e4r v\u00e5ra kl\u00e4nningar b\u00e4r du d\u00e4rf\u00f6r en del av Ukrainas sj\u00e4l.  <\/p>\n\n\t\t<\/div>\n\t\t\t\t\t<\/div>\n\n\t\n\n<\/div>\n<div class=\"row\"  id=\"row-1883255776\">\n\n\n\t<div id=\"col-572060348\" class=\"col small-12 large-12\"  >\n\t\t\t\t<div class=\"col-inner\"  >\n\t\t\t\n\t\t\t\n\n<div class=\"row\"  id=\"row-1804712628\">\n\n\n\t<div id=\"col-543734604\" class=\"col small-12 large-12\"  >\n\t\t\t\t<div class=\"col-inner\"  >\n\t\t\t\n\t\t\t\n\n<h3 class=\"wp-block-heading\">Mode med syfte och arv<\/h3>\n<p>P\u00e5 Ethnica tror vi att mode kan vara meningsfullt. V\u00e5ra kl\u00e4der hyllar inte bara stil, utan omfamnar ocks\u00e5 h\u00e5llbarhet och arv. F\u00f6r dem som v\u00e4rdes\u00e4tter l\u00e5ngsamt mode och kulturellt djup, erbjuder v\u00e5r linje av <strong>lyxiga ukrainska etniska kl\u00e4nningar<\/strong> n\u00e5got riktigt speciellt.  <\/p>\n<h3 class=\"wp-block-heading\">F\u00f6lj med oss och fira ukrainsk kultur<\/h3>\n<p>S\u00e5 vi <a href=\"https:\/\/ethnica.style\/sv\/kontakta-oss-idag-for-expertsupport-som-du-kan-lita-pa\/\">bjuder in<\/a> dig att vara en del av denna resa. Omfamna elegansen, traditionen och den tidl\u00f6sa sk\u00f6nheten som finns i varje smycke. Med varje kl\u00e4nning hj\u00e4lper du till att bevara och dela Ukrainas anda.  <\/p>\n<p>Med v\u00e4rme och tacksamhet,<br><strong>Iryna Korenkova &amp; Christer Johansson<\/strong><br>grundare, Ethnica<\/p>\n<p>We collaborate with trusted partners to enhance our sustainable fashion network, including platforms like <a class=\"\" href=\"https:\/\/aamax.co\/\" target=\"_new\" rel=\"noopener\" data-start=\"431\" data-end=\"457\">AAMAX<\/a> that connect artisans and ethical brands worldwide.<\/p>\n\n\t\t<\/div>\n\t\t\t\t\t<\/div>\n\n\t\n\n<\/div>\n\t<div id=\"text-3555492447\" class=\"text hidden\">\n\t\t\n\n<h2 data-start=\"109\" data-end=\"151\"><strong data-start=\"109\" data-end=\"151\">Varum\u00e4rkesber\u00e4ttelse \u2013 Ukrainska etniska kl\u00e4nningar<\/strong><\/h2>\n<p data-start=\"153\" data-end=\"589\">Bakom varje Ethnica-kl\u00e4nning finns en historia \u2013 inte bara om arvet, utan om de anm\u00e4rkningsv\u00e4rda kvinnor som h\u00e5ller dessa traditioner blomstrande. B\u00e5de byhantverkare och moderna designers inspirerar oss med sin motst\u00e5ndskraft, kreativitet och elegans. Deras konstn\u00e4rskap, som g\u00e5tt i arv genom generationer, utg\u00f6r hj\u00e4rtat i v\u00e5rt varum\u00e4rke. Genom att st\u00f6dja deras hantverk hj\u00e4lper vi till att uppr\u00e4tth\u00e5lla lokala samh\u00e4llen och skydda ur\u00e5ldriga tekniker fr\u00e5n att f\u00f6rsvinna i historien.   <\/p>\n<h2 data-start=\"109\" data-end=\"151\"><strong data-start=\"109\" data-end=\"151\">Varum\u00e4rkesber\u00e4ttelse \u2013 <a href=\"https:\/\/ethnica.style\/sv\/\">Ukrainska etniska kl\u00e4nningar<\/a><\/strong><\/h2>\n<p data-start=\"591\" data-end=\"936\">Vi byggde Ethnica som en bro som f\u00f6renar det f\u00f6rflutna och nuet, tradition och innovation, \u00f6st och v\u00e4st. Oavsett om du b\u00e4r v\u00e5ra kl\u00e4nningar f\u00f6r att markera ett speciellt tillf\u00e4lle eller f\u00f6r att uttrycka elegans i vardagen, v\u00e4cker varje plagg samtal och fr\u00e4mjar kontakt. Varje stygn bevarar f\u00f6rf\u00e4dernas visdom samtidigt som den bjuder in dig att ta del av ett levande kulturellt arv.  <\/p>\n<h2 data-start=\"109\" data-end=\"151\"><strong data-start=\"109\" data-end=\"151\">Varum\u00e4rkesber\u00e4ttelse \u2013 Ukrainska etniska kl\u00e4nningar<\/strong><\/h2>\n<p data-start=\"938\" data-end=\"1181\">Ethnica st\u00e5r f\u00f6r mer \u00e4n mode. Vi str\u00e4var efter att v\u00e4cka kulturell uppskattning, lyfta hantverkares r\u00f6ster och driva meningsfull f\u00f6r\u00e4ndring genom varje kollektion vi skapar. N\u00e4r du b\u00e4r Ethnica hj\u00e4lper du till att h\u00e5lla ett rikt arv vid liv \u2013 en kl\u00e4nning i taget.  <\/p>\n<h2 data-start=\"132\" data-end=\"701\"><strong data-start=\"132\" data-end=\"173\">Avsiktligt mode, inte snabbt mode<\/strong><\/h2>\n<p data-start=\"132\" data-end=\"701\"><br data-start=\"173\" data-end=\"176\">P\u00e5 Ethnica tror vi att sann elegans b\u00f6rjar med avsikt. Det \u00e4r d\u00e4rf\u00f6r varje del av v\u00e5r process \u2013 fr\u00e5n design till leverans \u2013 \u00e5terspeglar v\u00e5r respekt f\u00f6r traditioner, m\u00e4nniskor och planeten. Vi massproducerar inte; Ist\u00e4llet skapar vi i sm\u00e5, genomt\u00e4nkta satser f\u00f6r att minimera avfall och se till att varje del f\u00e5r den omsorg den f\u00f6rtj\u00e4nar. V\u00e5ra hantverkare arbetar inte under press \u2013 de arbetar med stolthet. Detta l\u00e5ngsamma, avsiktliga tillv\u00e4gag\u00e5ngss\u00e4tt g\u00f6r att vi kan fokusera p\u00e5 kvalitet, bevara \u00e4kthet och se till att ingen detalj n\u00e5gonsin skyndas p\u00e5 eller f\u00f6rbises.    <\/p>\n<p data-start=\"132\" data-end=\"701\"> <\/p>\n<h2 data-start=\"703\" data-end=\"1168\"><strong data-start=\"703\" data-end=\"740\">St\u00e4rka kvinnor genom arv<\/strong><\/h2>\n<p data-start=\"703\" data-end=\"1168\"><br data-start=\"740\" data-end=\"743\">I v\u00e5r resa ing\u00e5r ocks\u00e5 att skapa m\u00f6jligheter f\u00f6r kvinnor p\u00e5 den ukrainska landsbygden. Genom att erbjuda r\u00e4ttvis anst\u00e4llning, mentorskap och kreativ frihet hj\u00e4lper vi dem att omvandla sitt kulturarv till ekonomisk egenmakt. Dessa kvinnor \u00e4r inte bara hantverkare; De \u00e4r historieber\u00e4ttare, utbildare och f\u00f6rvaltare av historien. Genom deras h\u00e4nder f\u00e5r ur\u00e5ldriga m\u00f6nster nytt liv och f\u00f6rlorade tekniker \u00e5terupplivas f\u00f6r moderna generationer.   <\/p>\n<p data-start=\"703\" data-end=\"1168\"> <\/p>\n<h2 data-start=\"1170\" data-end=\"1556\"><strong data-start=\"1170\" data-end=\"1210\">Att b\u00e4ra en r\u00f6relse, inte bara en kl\u00e4nning<\/strong><\/h2>\n<p data-start=\"1170\" data-end=\"1556\"><br data-start=\"1210\" data-end=\"1213\">N\u00e4r du b\u00e4r Ethnica b\u00e4r du mer \u00e4n en vacker kl\u00e4nning \u2013 du b\u00e4r en r\u00f6relse. Du b\u00e4r p\u00e5 en ber\u00e4ttelse som talar om styrka, arv och hopp. Du blir en del av en v\u00e4xande krets av m\u00e4nniskor som v\u00e4rderar artisteri h\u00f6gre \u00e4n trender och samh\u00f6righet framf\u00f6r konsumtion. Tillsammans formar vi en framtid d\u00e4r mode hedrar sina r\u00f6tter och st\u00e4rker sina skapare.   <\/p>\n\t\t\t<\/div>\n\t\n\n\t\t<\/div>\n\t\t\t\t\t<\/div>\n\n\t\n\n<\/div>\n\n\t\t<\/div>\n\n\t\t\n<style>\n#section_1185251053 {\n  padding-top: 59px;\n  padding-bottom: 59px;\n  background-color: rgb(255,255,255);\n}\n#section_1185251053 .section-bg-overlay {\n  background-color: rgba(249, 243, 237, 0.895);\n}\n<\/style>\n\t<\/section>\n\t\n\n","protected":false},"excerpt":{"rendered":"","protected":false},"author":7,"featured_media":0,"parent":0,"menu_order":0,"comment_status":"closed","ping_status":"closed","template":"page-blank.php","meta":{"_acf_changed":false,"footnotes":""},"class_list":["post-4746","page","type-page","status-publish","hentry"],"acf":[],"yoast_head":"<!-- This site is optimized with the Yoast SEO plugin v26.6 - https:\/\/yoast.com\/wordpress\/plugins\/seo\/ -->\n<title>Varum\u00e4rkets historia - Ethnica Style<\/title>\n<meta name=\"robots\" content=\"index, follow, max-snippet:-1, max-image-preview:large, max-video-preview:-1\" \/>\n<link rel=\"canonical\" href=\"https:\/\/ethnica.style\/sv\/varumarkets-historia-2\/\" \/>\n<meta property=\"og:locale\" content=\"sv_SE\" \/>\n<meta property=\"og:type\" content=\"article\" \/>\n<meta property=\"og:title\" content=\"Varum\u00e4rkets historia - Ethnica Style\" \/>\n<meta property=\"og:url\" content=\"https:\/\/ethnica.style\/sv\/varumarkets-historia-2\/\" \/>\n<meta property=\"og:site_name\" content=\"Ethnica Style\" \/>\n<meta property=\"article:modified_time\" content=\"2025-09-03T04:26:41+00:00\" \/>\n<meta name=\"twitter:card\" content=\"summary_large_image\" \/>\n<meta name=\"twitter:label1\" content=\"Ber\u00e4knad l\u00e4stid\" \/>\n\t<meta name=\"twitter:data1\" content=\"5 minuter\" \/>\n<script type=\"application\/ld+json\" class=\"yoast-schema-graph\">{\"@context\":\"https:\/\/schema.org\",\"@graph\":[{\"@type\":\"WebPage\",\"@id\":\"https:\/\/ethnica.style\/sv\/varumarkets-historia-2\/\",\"url\":\"https:\/\/ethnica.style\/sv\/varumarkets-historia-2\/\",\"name\":\"Varum\u00e4rkets historia - Ethnica Style\",\"isPartOf\":{\"@id\":\"https:\/\/ethnica.style\/sv\/#website\"},\"datePublished\":\"2025-09-03T04:19:02+00:00\",\"dateModified\":\"2025-09-03T04:26:41+00:00\",\"breadcrumb\":{\"@id\":\"https:\/\/ethnica.style\/sv\/varumarkets-historia-2\/#breadcrumb\"},\"inLanguage\":\"sv-SE\",\"potentialAction\":[{\"@type\":\"ReadAction\",\"target\":[\"https:\/\/ethnica.style\/sv\/varumarkets-historia-2\/\"]}]},{\"@type\":\"BreadcrumbList\",\"@id\":\"https:\/\/ethnica.style\/sv\/varumarkets-historia-2\/#breadcrumb\",\"itemListElement\":[{\"@type\":\"ListItem\",\"position\":1,\"name\":\"Home\",\"item\":\"https:\/\/ethnica.style\/sv\/\"},{\"@type\":\"ListItem\",\"position\":2,\"name\":\"Varum\u00e4rkets historia\"}]},{\"@type\":\"WebSite\",\"@id\":\"https:\/\/ethnica.style\/sv\/#website\",\"url\":\"https:\/\/ethnica.style\/sv\/\",\"name\":\"Ethnica Style\",\"description\":\"\",\"publisher\":{\"@id\":\"https:\/\/ethnica.style\/sv\/#organization\"},\"potentialAction\":[{\"@type\":\"SearchAction\",\"target\":{\"@type\":\"EntryPoint\",\"urlTemplate\":\"https:\/\/ethnica.style\/sv\/?s={search_term_string}\"},\"query-input\":{\"@type\":\"PropertyValueSpecification\",\"valueRequired\":true,\"valueName\":\"search_term_string\"}}],\"inLanguage\":\"sv-SE\"},{\"@type\":\"Organization\",\"@id\":\"https:\/\/ethnica.style\/sv\/#organization\",\"name\":\"Ethnica Style\",\"url\":\"https:\/\/ethnica.style\/sv\/\",\"logo\":{\"@type\":\"ImageObject\",\"inLanguage\":\"sv-SE\",\"@id\":\"https:\/\/ethnica.style\/sv\/#\/schema\/logo\/image\/\",\"url\":\"https:\/\/ethnica.style\/wp-content\/uploads\/2024\/10\/group-5-1.svg\",\"contentUrl\":\"https:\/\/ethnica.style\/wp-content\/uploads\/2024\/10\/group-5-1.svg\",\"width\":1,\"height\":1,\"caption\":\"Ethnica Style\"},\"image\":{\"@id\":\"https:\/\/ethnica.style\/sv\/#\/schema\/logo\/image\/\"}}]}<\/script>\n<!-- \/ Yoast SEO plugin. -->","yoast_head_json":{"title":"Varum\u00e4rkets historia - Ethnica Style","robots":{"index":"index","follow":"follow","max-snippet":"max-snippet:-1","max-image-preview":"max-image-preview:large","max-video-preview":"max-video-preview:-1"},"canonical":"https:\/\/ethnica.style\/sv\/varumarkets-historia-2\/","og_locale":"sv_SE","og_type":"article","og_title":"Varum\u00e4rkets historia - Ethnica Style","og_url":"https:\/\/ethnica.style\/sv\/varumarkets-historia-2\/","og_site_name":"Ethnica Style","article_modified_time":"2025-09-03T04:26:41+00:00","twitter_card":"summary_large_image","twitter_misc":{"Ber\u00e4knad l\u00e4stid":"5 minuter"},"schema":{"@context":"https:\/\/schema.org","@graph":[{"@type":"WebPage","@id":"https:\/\/ethnica.style\/sv\/varumarkets-historia-2\/","url":"https:\/\/ethnica.style\/sv\/varumarkets-historia-2\/","name":"Varum\u00e4rkets historia - Ethnica Style","isPartOf":{"@id":"https:\/\/ethnica.style\/sv\/#website"},"datePublished":"2025-09-03T04:19:02+00:00","dateModified":"2025-09-03T04:26:41+00:00","breadcrumb":{"@id":"https:\/\/ethnica.style\/sv\/varumarkets-historia-2\/#breadcrumb"},"inLanguage":"sv-SE","potentialAction":[{"@type":"ReadAction","target":["https:\/\/ethnica.style\/sv\/varumarkets-historia-2\/"]}]},{"@type":"BreadcrumbList","@id":"https:\/\/ethnica.style\/sv\/varumarkets-historia-2\/#breadcrumb","itemListElement":[{"@type":"ListItem","position":1,"name":"Home","item":"https:\/\/ethnica.style\/sv\/"},{"@type":"ListItem","position":2,"name":"Varum\u00e4rkets historia"}]},{"@type":"WebSite","@id":"https:\/\/ethnica.style\/sv\/#website","url":"https:\/\/ethnica.style\/sv\/","name":"Ethnica Style","description":"","publisher":{"@id":"https:\/\/ethnica.style\/sv\/#organization"},"potentialAction":[{"@type":"SearchAction","target":{"@type":"EntryPoint","urlTemplate":"https:\/\/ethnica.style\/sv\/?s={search_term_string}"},"query-input":{"@type":"PropertyValueSpecification","valueRequired":true,"valueName":"search_term_string"}}],"inLanguage":"sv-SE"},{"@type":"Organization","@id":"https:\/\/ethnica.style\/sv\/#organization","name":"Ethnica Style","url":"https:\/\/ethnica.style\/sv\/","logo":{"@type":"ImageObject","inLanguage":"sv-SE","@id":"https:\/\/ethnica.style\/sv\/#\/schema\/logo\/image\/","url":"https:\/\/ethnica.style\/wp-content\/uploads\/2024\/10\/group-5-1.svg","contentUrl":"https:\/\/ethnica.style\/wp-content\/uploads\/2024\/10\/group-5-1.svg","width":1,"height":1,"caption":"Ethnica Style"},"image":{"@id":"https:\/\/ethnica.style\/sv\/#\/schema\/logo\/image\/"}}]}},"_links":{"self":[{"href":"https:\/\/ethnica.style\/sv\/wp-json\/wp\/v2\/pages\/4746","targetHints":{"allow":["GET"]}}],"collection":[{"href":"https:\/\/ethnica.style\/sv\/wp-json\/wp\/v2\/pages"}],"about":[{"href":"https:\/\/ethnica.style\/sv\/wp-json\/wp\/v2\/types\/page"}],"author":[{"embeddable":true,"href":"https:\/\/ethnica.style\/sv\/wp-json\/wp\/v2\/users\/7"}],"replies":[{"embeddable":true,"href":"https:\/\/ethnica.style\/sv\/wp-json\/wp\/v2\/comments?post=4746"}],"version-history":[{"count":1,"href":"https:\/\/ethnica.style\/sv\/wp-json\/wp\/v2\/pages\/4746\/revisions"}],"predecessor-version":[{"id":4747,"href":"https:\/\/ethnica.style\/sv\/wp-json\/wp\/v2\/pages\/4746\/revisions\/4747"}],"wp:attachment":[{"href":"https:\/\/ethnica.style\/sv\/wp-json\/wp\/v2\/media?parent=4746"}],"curies":[{"name":"wp","href":"https:\/\/api.w.org\/{rel}","templated":true}]}}