{"id":2462,"date":"2025-08-06T08:56:28","date_gmt":"2025-08-06T08:56:28","guid":{"rendered":"https:\/\/ethnica.style\/product\/vyrianka-konst-kimono\/"},"modified":"2025-09-03T11:54:34","modified_gmt":"2025-09-03T11:54:34","slug":"vyrianka-konst-kimono","status":"publish","type":"product","link":"https:\/\/ethnica.style\/sv\/product\/vyrianka-konst-kimono\/","title":{"rendered":"Vyrianka Konst Kimono"},"content":{"rendered":"<h3 data-start=\"155\" data-end=\"213\"><strong data-start=\"159\" data-end=\"213\">Vyrianka Art Kimono \u2013 B\u00e4rbar konst i varje tr\u00e5d<\/strong><\/h3>\n<p data-start=\"215\" data-end=\"547\">Vyrianka Art Kimono visar upp f\u00f6rstklassigt italienskt linne &#8211; l\u00e4tt, andningsbart och enkelt elegant. Handm\u00e5lade konstverk definierar dess charm, med en fantastisk komposition av geometriska f\u00e5glar och botaniska element som flyter \u00f6ver ryggen. Ett delikat band av miniatyrmotiv kantar \u00e4rmarna, vilket f\u00f6rst\u00e4rker dess graci\u00f6sa intryck.  <\/p>\n<p data-start=\"549\" data-end=\"741\">Varje penseldrag ber\u00e4ttar en historia, f\u00f6rvandlad till en unik duk av b\u00e4rbar konst. Inget plagg \u00e4r det andra likt \u2013 varje kimono speglar sin skapares sj\u00e4l och b\u00e4rarens individualitet. <\/p>\n<p data-start=\"743\" data-end=\"1017\">Det h\u00e4r plagget \u00e4r bortom modet. Det ger m\u00f6jlighet att uttrycka sig sj\u00e4lv och v\u00e4cker beundran. B\u00e4r den \u00f6ver en elegant kl\u00e4nning f\u00f6r en elegant kv\u00e4llslook eller l\u00e4gg den \u00f6ver din baddr\u00e4kt f\u00f6r att utstr\u00e5la sofistikering p\u00e5 stranden. Dess m\u00e5ngsidighet inbjuder till kreativitet och tillf\u00f6r intriger vart du \u00e4n g\u00e5r.   <\/p>\n<p data-start=\"1019\" data-end=\"1150\">Du kommer inte att hitta utskrifter eller repliker &#8211; bara originalm\u00e4sterverk som \u00e4r utformade f\u00f6r sanna finsmakare av unikhet och hantverk.<\/p>\n<p data-start=\"1152\" data-end=\"1245\">Perfekt f\u00f6r kvinnor som uppskattar djup, individualitet och tidl\u00f6s sk\u00f6nhet i det de b\u00e4r.<\/p>\n<p data-start=\"1247\" data-end=\"1327\">Finns i tv\u00e5 handm\u00e5lade f\u00e4rgvarianter: en mjuk bl\u00e5 och en jordn\u00e4ra gr\u00f6n.<\/p>\n<p data-start=\"1329\" data-end=\"1386\"><strong data-start=\"1329\" data-end=\"1337\">Notera<\/strong>: Modellerna \u00e4r 165 cm l\u00e5nga och b\u00e4r storlek S\u2013M.<\/p>\n","protected":false},"excerpt":{"rendered":"<p>Vyrianka Art Kimono \u2013 B\u00e4rbar konst i varje tr\u00e5d Vyrianka Art Kimono visar upp f\u00f6rstklassigt italienskt linne &#8211; l\u00e4tt, andningsbart och enkelt elegant. Handm\u00e5lade konstverk definierar dess charm, med en fantastisk komposition av geometriska f\u00e5glar och botaniska element som flyter \u00f6ver ryggen. Ett delikat band av miniatyrmotiv kantar \u00e4rmarna, vilket f\u00f6rst\u00e4rker dess graci\u00f6sa intryck. Varje [&#8230;]\n","protected":false},"featured_media":2463,"comment_status":"open","ping_status":"closed","template":"","meta":{"_acf_changed":false},"product_brand":[],"product_cat":[91,90],"product_tag":[],"class_list":{"0":"post-2462","1":"product","2":"type-product","3":"status-publish","4":"has-post-thumbnail","6":"product_cat-konst-kimono","7":"product_cat-kvinnor","9":"first","10":"instock","11":"taxable","12":"shipping-taxable","13":"purchasable","14":"product-type-variable"},"acf":[],"yoast_head":"<!-- This site is optimized with the Yoast SEO plugin v26.6 - https:\/\/yoast.com\/wordpress\/plugins\/seo\/ -->\n<title>Vyrianka Konst Kimono - vyrianka art kimono<\/title>\n<meta name=\"description\" content=\"Vyrianka Art Kimono, handm\u00e5lad linnekimono tillverkad av italienskt premiumtyg. Unik b\u00e4rbar konst i mjukt bl\u00e5tt eller jordn\u00e4ra gr\u00f6nt. Elegant och tidl\u00f6s.\" \/>\n<meta name=\"robots\" content=\"index, follow, max-snippet:-1, max-image-preview:large, max-video-preview:-1\" \/>\n<link rel=\"canonical\" href=\"https:\/\/ethnica.style\/sv\/product\/vyrianka-konst-kimono\/\" \/>\n<meta property=\"og:locale\" content=\"sv_SE\" \/>\n<meta property=\"og:type\" content=\"article\" \/>\n<meta property=\"og:title\" content=\"Vyrianka Konst Kimono - vyrianka art kimono\" \/>\n<meta property=\"og:description\" content=\"Vyrianka Art Kimono, handm\u00e5lad linnekimono tillverkad av italienskt premiumtyg. Unik b\u00e4rbar konst i mjukt bl\u00e5tt eller jordn\u00e4ra gr\u00f6nt. Elegant och tidl\u00f6s.\" \/>\n<meta property=\"og:url\" content=\"https:\/\/ethnica.style\/sv\/product\/vyrianka-konst-kimono\/\" \/>\n<meta property=\"og:site_name\" content=\"Ethnica Style\" \/>\n<meta property=\"article:modified_time\" content=\"2025-09-03T11:54:34+00:00\" \/>\n<meta property=\"og:image\" content=\"https:\/\/ethnica.style\/wp-content\/uploads\/2025\/08\/Vyrianka-Kimono-IMG_0040-0-scaled-1.jpg\" \/>\n\t<meta property=\"og:image:width\" content=\"1600\" \/>\n\t<meta property=\"og:image:height\" content=\"2400\" \/>\n\t<meta property=\"og:image:type\" content=\"image\/jpeg\" \/>\n<meta name=\"twitter:card\" content=\"summary_large_image\" \/>\n<meta name=\"twitter:label1\" content=\"Ber\u00e4knad l\u00e4stid\" \/>\n\t<meta name=\"twitter:data1\" content=\"2 minuter\" \/>\n<script type=\"application\/ld+json\" class=\"yoast-schema-graph\">{\"@context\":\"https:\/\/schema.org\",\"@graph\":[{\"@type\":\"WebPage\",\"@id\":\"https:\/\/ethnica.style\/sv\/product\/vyrianka-konst-kimono\/\",\"url\":\"https:\/\/ethnica.style\/sv\/product\/vyrianka-konst-kimono\/\",\"name\":\"Vyrianka Konst Kimono - vyrianka art kimono\",\"isPartOf\":{\"@id\":\"https:\/\/ethnica.style\/sv\/#website\"},\"primaryImageOfPage\":{\"@id\":\"https:\/\/ethnica.style\/sv\/product\/vyrianka-konst-kimono\/#primaryimage\"},\"image\":{\"@id\":\"https:\/\/ethnica.style\/sv\/product\/vyrianka-konst-kimono\/#primaryimage\"},\"thumbnailUrl\":\"https:\/\/ethnica.style\/wp-content\/uploads\/2025\/08\/Vyrianka-Kimono-IMG_0040-0-scaled-1.jpg\",\"datePublished\":\"2025-08-06T08:56:28+00:00\",\"dateModified\":\"2025-09-03T11:54:34+00:00\",\"description\":\"Vyrianka Art Kimono, handm\u00e5lad linnekimono tillverkad av italienskt premiumtyg. Unik b\u00e4rbar konst i mjukt bl\u00e5tt eller jordn\u00e4ra gr\u00f6nt. Elegant och tidl\u00f6s.\",\"breadcrumb\":{\"@id\":\"https:\/\/ethnica.style\/sv\/product\/vyrianka-konst-kimono\/#breadcrumb\"},\"inLanguage\":\"sv-SE\",\"potentialAction\":[{\"@type\":\"ReadAction\",\"target\":[\"https:\/\/ethnica.style\/sv\/product\/vyrianka-konst-kimono\/\"]}]},{\"@type\":\"ImageObject\",\"inLanguage\":\"sv-SE\",\"@id\":\"https:\/\/ethnica.style\/sv\/product\/vyrianka-konst-kimono\/#primaryimage\",\"url\":\"https:\/\/ethnica.style\/wp-content\/uploads\/2025\/08\/Vyrianka-Kimono-IMG_0040-0-scaled-1.jpg\",\"contentUrl\":\"https:\/\/ethnica.style\/wp-content\/uploads\/2025\/08\/Vyrianka-Kimono-IMG_0040-0-scaled-1.jpg\",\"width\":1600,\"height\":2400,\"caption\":\"Vyrianka-Kimono-IMG_0040\"},{\"@type\":\"BreadcrumbList\",\"@id\":\"https:\/\/ethnica.style\/sv\/product\/vyrianka-konst-kimono\/#breadcrumb\",\"itemListElement\":[{\"@type\":\"ListItem\",\"position\":1,\"name\":\"Home\",\"item\":\"https:\/\/ethnica.style\/sv\/\"},{\"@type\":\"ListItem\",\"position\":2,\"name\":\"Butik\",\"item\":\"https:\/\/ethnica.style\/sv\/butik\/\"},{\"@type\":\"ListItem\",\"position\":3,\"name\":\"Vyrianka Konst Kimono\"}]},{\"@type\":\"WebSite\",\"@id\":\"https:\/\/ethnica.style\/sv\/#website\",\"url\":\"https:\/\/ethnica.style\/sv\/\",\"name\":\"Ethnica Style\",\"description\":\"\",\"publisher\":{\"@id\":\"https:\/\/ethnica.style\/sv\/#organization\"},\"potentialAction\":[{\"@type\":\"SearchAction\",\"target\":{\"@type\":\"EntryPoint\",\"urlTemplate\":\"https:\/\/ethnica.style\/sv\/?s={search_term_string}\"},\"query-input\":{\"@type\":\"PropertyValueSpecification\",\"valueRequired\":true,\"valueName\":\"search_term_string\"}}],\"inLanguage\":\"sv-SE\"},{\"@type\":\"Organization\",\"@id\":\"https:\/\/ethnica.style\/sv\/#organization\",\"name\":\"Ethnica Style\",\"url\":\"https:\/\/ethnica.style\/sv\/\",\"logo\":{\"@type\":\"ImageObject\",\"inLanguage\":\"sv-SE\",\"@id\":\"https:\/\/ethnica.style\/sv\/#\/schema\/logo\/image\/\",\"url\":\"https:\/\/ethnica.style\/wp-content\/uploads\/2024\/10\/group-5-1.svg\",\"contentUrl\":\"https:\/\/ethnica.style\/wp-content\/uploads\/2024\/10\/group-5-1.svg\",\"width\":1,\"height\":1,\"caption\":\"Ethnica Style\"},\"image\":{\"@id\":\"https:\/\/ethnica.style\/sv\/#\/schema\/logo\/image\/\"}}]}<\/script>\n<!-- \/ Yoast SEO plugin. -->","yoast_head_json":{"title":"Vyrianka Konst Kimono - vyrianka art kimono","description":"Vyrianka Art Kimono, handm\u00e5lad linnekimono tillverkad av italienskt premiumtyg. Unik b\u00e4rbar konst i mjukt bl\u00e5tt eller jordn\u00e4ra gr\u00f6nt. Elegant och tidl\u00f6s.","robots":{"index":"index","follow":"follow","max-snippet":"max-snippet:-1","max-image-preview":"max-image-preview:large","max-video-preview":"max-video-preview:-1"},"canonical":"https:\/\/ethnica.style\/sv\/product\/vyrianka-konst-kimono\/","og_locale":"sv_SE","og_type":"article","og_title":"Vyrianka Konst Kimono - vyrianka art kimono","og_description":"Vyrianka Art Kimono, handm\u00e5lad linnekimono tillverkad av italienskt premiumtyg. Unik b\u00e4rbar konst i mjukt bl\u00e5tt eller jordn\u00e4ra gr\u00f6nt. Elegant och tidl\u00f6s.","og_url":"https:\/\/ethnica.style\/sv\/product\/vyrianka-konst-kimono\/","og_site_name":"Ethnica Style","article_modified_time":"2025-09-03T11:54:34+00:00","og_image":[{"width":1600,"height":2400,"url":"https:\/\/ethnica.style\/wp-content\/uploads\/2025\/08\/Vyrianka-Kimono-IMG_0040-0-scaled-1.jpg","type":"image\/jpeg"}],"twitter_card":"summary_large_image","twitter_misc":{"Ber\u00e4knad l\u00e4stid":"2 minuter"},"schema":{"@context":"https:\/\/schema.org","@graph":[{"@type":"WebPage","@id":"https:\/\/ethnica.style\/sv\/product\/vyrianka-konst-kimono\/","url":"https:\/\/ethnica.style\/sv\/product\/vyrianka-konst-kimono\/","name":"Vyrianka Konst Kimono - vyrianka art kimono","isPartOf":{"@id":"https:\/\/ethnica.style\/sv\/#website"},"primaryImageOfPage":{"@id":"https:\/\/ethnica.style\/sv\/product\/vyrianka-konst-kimono\/#primaryimage"},"image":{"@id":"https:\/\/ethnica.style\/sv\/product\/vyrianka-konst-kimono\/#primaryimage"},"thumbnailUrl":"https:\/\/ethnica.style\/wp-content\/uploads\/2025\/08\/Vyrianka-Kimono-IMG_0040-0-scaled-1.jpg","datePublished":"2025-08-06T08:56:28+00:00","dateModified":"2025-09-03T11:54:34+00:00","description":"Vyrianka Art Kimono, handm\u00e5lad linnekimono tillverkad av italienskt premiumtyg. Unik b\u00e4rbar konst i mjukt bl\u00e5tt eller jordn\u00e4ra gr\u00f6nt. Elegant och tidl\u00f6s.","breadcrumb":{"@id":"https:\/\/ethnica.style\/sv\/product\/vyrianka-konst-kimono\/#breadcrumb"},"inLanguage":"sv-SE","potentialAction":[{"@type":"ReadAction","target":["https:\/\/ethnica.style\/sv\/product\/vyrianka-konst-kimono\/"]}]},{"@type":"ImageObject","inLanguage":"sv-SE","@id":"https:\/\/ethnica.style\/sv\/product\/vyrianka-konst-kimono\/#primaryimage","url":"https:\/\/ethnica.style\/wp-content\/uploads\/2025\/08\/Vyrianka-Kimono-IMG_0040-0-scaled-1.jpg","contentUrl":"https:\/\/ethnica.style\/wp-content\/uploads\/2025\/08\/Vyrianka-Kimono-IMG_0040-0-scaled-1.jpg","width":1600,"height":2400,"caption":"Vyrianka-Kimono-IMG_0040"},{"@type":"BreadcrumbList","@id":"https:\/\/ethnica.style\/sv\/product\/vyrianka-konst-kimono\/#breadcrumb","itemListElement":[{"@type":"ListItem","position":1,"name":"Home","item":"https:\/\/ethnica.style\/sv\/"},{"@type":"ListItem","position":2,"name":"Butik","item":"https:\/\/ethnica.style\/sv\/butik\/"},{"@type":"ListItem","position":3,"name":"Vyrianka Konst Kimono"}]},{"@type":"WebSite","@id":"https:\/\/ethnica.style\/sv\/#website","url":"https:\/\/ethnica.style\/sv\/","name":"Ethnica Style","description":"","publisher":{"@id":"https:\/\/ethnica.style\/sv\/#organization"},"potentialAction":[{"@type":"SearchAction","target":{"@type":"EntryPoint","urlTemplate":"https:\/\/ethnica.style\/sv\/?s={search_term_string}"},"query-input":{"@type":"PropertyValueSpecification","valueRequired":true,"valueName":"search_term_string"}}],"inLanguage":"sv-SE"},{"@type":"Organization","@id":"https:\/\/ethnica.style\/sv\/#organization","name":"Ethnica Style","url":"https:\/\/ethnica.style\/sv\/","logo":{"@type":"ImageObject","inLanguage":"sv-SE","@id":"https:\/\/ethnica.style\/sv\/#\/schema\/logo\/image\/","url":"https:\/\/ethnica.style\/wp-content\/uploads\/2024\/10\/group-5-1.svg","contentUrl":"https:\/\/ethnica.style\/wp-content\/uploads\/2024\/10\/group-5-1.svg","width":1,"height":1,"caption":"Ethnica Style"},"image":{"@id":"https:\/\/ethnica.style\/sv\/#\/schema\/logo\/image\/"}}]}},"_links":{"self":[{"href":"https:\/\/ethnica.style\/sv\/wp-json\/wp\/v2\/product\/2462","targetHints":{"allow":["GET"]}}],"collection":[{"href":"https:\/\/ethnica.style\/sv\/wp-json\/wp\/v2\/product"}],"about":[{"href":"https:\/\/ethnica.style\/sv\/wp-json\/wp\/v2\/types\/product"}],"replies":[{"embeddable":true,"href":"https:\/\/ethnica.style\/sv\/wp-json\/wp\/v2\/comments?post=2462"}],"wp:featuredmedia":[{"embeddable":true,"href":"https:\/\/ethnica.style\/sv\/wp-json\/wp\/v2\/media\/2463"}],"wp:attachment":[{"href":"https:\/\/ethnica.style\/sv\/wp-json\/wp\/v2\/media?parent=2462"}],"wp:term":[{"taxonomy":"product_brand","embeddable":true,"href":"https:\/\/ethnica.style\/sv\/wp-json\/wp\/v2\/product_brand?post=2462"},{"taxonomy":"product_cat","embeddable":true,"href":"https:\/\/ethnica.style\/sv\/wp-json\/wp\/v2\/product_cat?post=2462"},{"taxonomy":"product_tag","embeddable":true,"href":"https:\/\/ethnica.style\/sv\/wp-json\/wp\/v2\/product_tag?post=2462"}],"curies":[{"name":"wp","href":"https:\/\/api.w.org\/{rel}","templated":true}]}}