{"id":2513,"date":"2025-08-06T08:49:05","date_gmt":"2025-08-06T08:49:05","guid":{"rendered":"https:\/\/ethnica.style\/product\/ava-skjorta\/"},"modified":"2025-09-03T11:52:05","modified_gmt":"2025-09-03T11:52:05","slug":"ava-skjorta","status":"publish","type":"product","link":"https:\/\/ethnica.style\/sv\/product\/ava-skjorta\/","title":{"rendered":"Ava Skjorta"},"content":{"rendered":"<p class=\"p1\">Ava-skjorta tillverkad av <a href=\"https:\/\/ethnica.style\/sv\/\">f\u00f6rstklassigt linne<\/a>, med ett fantastiskt druvbroderat m\u00f6nster. Detta statement-smycke kombinerar s\u00f6ml\u00f6st hantverk med modern stil och erbjuder m\u00e5ngsidighet f\u00f6r alla tillf\u00e4llen. Haka p\u00e5 trenden och sk\u00e4m bort dig sj\u00e4lv med en av s\u00e4songens <a href=\"https:\/\/en.wikipedia.org\/wiki\/Sweden\">mest<\/a> \u00e4lskade skjortor!<\/p>\n<p>Obs: Modellen \u00e4r 165 cm l\u00e5ng och b\u00e4r storlek S.<\/p>\n<p>Utf\u00f6randeteknik &#8211; broderi med satins\u00f6mmar.<\/p>\n<p class=\"p1\">Om du beh\u00f6ver f\u00f6rtydligande om storleken \u00e4r du v\u00e4lkommen att kontakta oss.<\/p>\n","protected":false},"excerpt":{"rendered":"<p>Ava-skjorta tillverkad av f\u00f6rstklassigt linne, med ett fantastiskt druvbroderat m\u00f6nster. Detta statement-smycke kombinerar s\u00f6ml\u00f6st hantverk med modern stil och erbjuder m\u00e5ngsidighet f\u00f6r alla tillf\u00e4llen. Haka p\u00e5 trenden och sk\u00e4m bort dig sj\u00e4lv med en av s\u00e4songens mest \u00e4lskade skjortor! Obs: Modellen \u00e4r 165 cm l\u00e5ng och b\u00e4r storlek S. Utf\u00f6randeteknik &#8211; broderi med satins\u00f6mmar. Om [&#8230;]\n","protected":false},"featured_media":2514,"comment_status":"open","ping_status":"closed","template":"","meta":{"_acf_changed":false},"product_brand":[],"product_cat":[90,96],"product_tag":[],"class_list":{"0":"post-2513","1":"product","2":"type-product","3":"status-publish","4":"has-post-thumbnail","6":"product_cat-kvinnor","7":"product_cat-skjortor","9":"first","10":"instock","11":"taxable","12":"shipping-taxable","13":"purchasable","14":"product-type-variable"},"acf":[],"yoast_head":"<!-- This site is optimized with the Yoast SEO plugin v26.6 - https:\/\/yoast.com\/wordpress\/plugins\/seo\/ -->\n<title>Ava Skjorta - Ethnica Style Ava Skjorta<\/title>\n<meta name=\"description\" content=\"Lyft din garderob med Ava Shirt \u2013 f\u00f6rstklassigt linne, druvbroderier och detaljer med satins\u00f6mmar. Ett m\u00e5ngsidigt statement-smycke f\u00f6r alla tillf\u00e4llen.\" \/>\n<meta name=\"robots\" content=\"index, follow, max-snippet:-1, max-image-preview:large, max-video-preview:-1\" \/>\n<link rel=\"canonical\" href=\"https:\/\/ethnica.style\/sv\/product\/ava-skjorta\/\" \/>\n<meta property=\"og:locale\" content=\"sv_SE\" \/>\n<meta property=\"og:type\" content=\"article\" \/>\n<meta property=\"og:title\" content=\"Ava Skjorta - Ethnica Style Ava Skjorta\" \/>\n<meta property=\"og:description\" content=\"Lyft din garderob med Ava Shirt \u2013 f\u00f6rstklassigt linne, druvbroderier och detaljer med satins\u00f6mmar. Ett m\u00e5ngsidigt statement-smycke f\u00f6r alla tillf\u00e4llen.\" \/>\n<meta property=\"og:url\" content=\"https:\/\/ethnica.style\/sv\/product\/ava-skjorta\/\" \/>\n<meta property=\"og:site_name\" content=\"Ethnica Style\" \/>\n<meta property=\"article:modified_time\" content=\"2025-09-03T11:52:05+00:00\" \/>\n<meta property=\"og:image\" content=\"https:\/\/ethnica.style\/wp-content\/uploads\/2025\/08\/ava-shirt-04.jpg\" \/>\n\t<meta property=\"og:image:width\" content=\"800\" \/>\n\t<meta property=\"og:image:height\" content=\"1200\" \/>\n\t<meta property=\"og:image:type\" content=\"image\/jpeg\" \/>\n<meta name=\"twitter:card\" content=\"summary_large_image\" \/>\n<meta name=\"twitter:label1\" content=\"Ber\u00e4knad l\u00e4stid\" \/>\n\t<meta name=\"twitter:data1\" content=\"1 minut\" \/>\n<script type=\"application\/ld+json\" class=\"yoast-schema-graph\">{\"@context\":\"https:\/\/schema.org\",\"@graph\":[{\"@type\":\"WebPage\",\"@id\":\"https:\/\/ethnica.style\/sv\/product\/ava-skjorta\/\",\"url\":\"https:\/\/ethnica.style\/sv\/product\/ava-skjorta\/\",\"name\":\"Ava Skjorta - Ethnica Style Ava Skjorta\",\"isPartOf\":{\"@id\":\"https:\/\/ethnica.style\/sv\/#website\"},\"primaryImageOfPage\":{\"@id\":\"https:\/\/ethnica.style\/sv\/product\/ava-skjorta\/#primaryimage\"},\"image\":{\"@id\":\"https:\/\/ethnica.style\/sv\/product\/ava-skjorta\/#primaryimage\"},\"thumbnailUrl\":\"https:\/\/ethnica.style\/wp-content\/uploads\/2025\/08\/ava-shirt-04.jpg\",\"datePublished\":\"2025-08-06T08:49:05+00:00\",\"dateModified\":\"2025-09-03T11:52:05+00:00\",\"description\":\"Lyft din garderob med Ava Shirt \u2013 f\u00f6rstklassigt linne, druvbroderier och detaljer med satins\u00f6mmar. Ett m\u00e5ngsidigt statement-smycke f\u00f6r alla tillf\u00e4llen.\",\"breadcrumb\":{\"@id\":\"https:\/\/ethnica.style\/sv\/product\/ava-skjorta\/#breadcrumb\"},\"inLanguage\":\"sv-SE\",\"potentialAction\":[{\"@type\":\"ReadAction\",\"target\":[\"https:\/\/ethnica.style\/sv\/product\/ava-skjorta\/\"]}]},{\"@type\":\"ImageObject\",\"inLanguage\":\"sv-SE\",\"@id\":\"https:\/\/ethnica.style\/sv\/product\/ava-skjorta\/#primaryimage\",\"url\":\"https:\/\/ethnica.style\/wp-content\/uploads\/2025\/08\/ava-shirt-04.jpg\",\"contentUrl\":\"https:\/\/ethnica.style\/wp-content\/uploads\/2025\/08\/ava-shirt-04.jpg\",\"width\":800,\"height\":1200,\"caption\":\"ava-shirt-04.jpg\"},{\"@type\":\"BreadcrumbList\",\"@id\":\"https:\/\/ethnica.style\/sv\/product\/ava-skjorta\/#breadcrumb\",\"itemListElement\":[{\"@type\":\"ListItem\",\"position\":1,\"name\":\"Home\",\"item\":\"https:\/\/ethnica.style\/sv\/\"},{\"@type\":\"ListItem\",\"position\":2,\"name\":\"Butik\",\"item\":\"https:\/\/ethnica.style\/sv\/butik\/\"},{\"@type\":\"ListItem\",\"position\":3,\"name\":\"Ava Skjorta\"}]},{\"@type\":\"WebSite\",\"@id\":\"https:\/\/ethnica.style\/sv\/#website\",\"url\":\"https:\/\/ethnica.style\/sv\/\",\"name\":\"Ethnica Style\",\"description\":\"\",\"publisher\":{\"@id\":\"https:\/\/ethnica.style\/sv\/#organization\"},\"potentialAction\":[{\"@type\":\"SearchAction\",\"target\":{\"@type\":\"EntryPoint\",\"urlTemplate\":\"https:\/\/ethnica.style\/sv\/?s={search_term_string}\"},\"query-input\":{\"@type\":\"PropertyValueSpecification\",\"valueRequired\":true,\"valueName\":\"search_term_string\"}}],\"inLanguage\":\"sv-SE\"},{\"@type\":\"Organization\",\"@id\":\"https:\/\/ethnica.style\/sv\/#organization\",\"name\":\"Ethnica Style\",\"url\":\"https:\/\/ethnica.style\/sv\/\",\"logo\":{\"@type\":\"ImageObject\",\"inLanguage\":\"sv-SE\",\"@id\":\"https:\/\/ethnica.style\/sv\/#\/schema\/logo\/image\/\",\"url\":\"https:\/\/ethnica.style\/wp-content\/uploads\/2024\/10\/group-5-1.svg\",\"contentUrl\":\"https:\/\/ethnica.style\/wp-content\/uploads\/2024\/10\/group-5-1.svg\",\"width\":1,\"height\":1,\"caption\":\"Ethnica Style\"},\"image\":{\"@id\":\"https:\/\/ethnica.style\/sv\/#\/schema\/logo\/image\/\"}}]}<\/script>\n<!-- \/ Yoast SEO plugin. -->","yoast_head_json":{"title":"Ava Skjorta - Ethnica Style Ava Skjorta","description":"Lyft din garderob med Ava Shirt \u2013 f\u00f6rstklassigt linne, druvbroderier och detaljer med satins\u00f6mmar. Ett m\u00e5ngsidigt statement-smycke f\u00f6r alla tillf\u00e4llen.","robots":{"index":"index","follow":"follow","max-snippet":"max-snippet:-1","max-image-preview":"max-image-preview:large","max-video-preview":"max-video-preview:-1"},"canonical":"https:\/\/ethnica.style\/sv\/product\/ava-skjorta\/","og_locale":"sv_SE","og_type":"article","og_title":"Ava Skjorta - Ethnica Style Ava Skjorta","og_description":"Lyft din garderob med Ava Shirt \u2013 f\u00f6rstklassigt linne, druvbroderier och detaljer med satins\u00f6mmar. Ett m\u00e5ngsidigt statement-smycke f\u00f6r alla tillf\u00e4llen.","og_url":"https:\/\/ethnica.style\/sv\/product\/ava-skjorta\/","og_site_name":"Ethnica Style","article_modified_time":"2025-09-03T11:52:05+00:00","og_image":[{"width":800,"height":1200,"url":"https:\/\/ethnica.style\/wp-content\/uploads\/2025\/08\/ava-shirt-04.jpg","type":"image\/jpeg"}],"twitter_card":"summary_large_image","twitter_misc":{"Ber\u00e4knad l\u00e4stid":"1 minut"},"schema":{"@context":"https:\/\/schema.org","@graph":[{"@type":"WebPage","@id":"https:\/\/ethnica.style\/sv\/product\/ava-skjorta\/","url":"https:\/\/ethnica.style\/sv\/product\/ava-skjorta\/","name":"Ava Skjorta - Ethnica Style Ava Skjorta","isPartOf":{"@id":"https:\/\/ethnica.style\/sv\/#website"},"primaryImageOfPage":{"@id":"https:\/\/ethnica.style\/sv\/product\/ava-skjorta\/#primaryimage"},"image":{"@id":"https:\/\/ethnica.style\/sv\/product\/ava-skjorta\/#primaryimage"},"thumbnailUrl":"https:\/\/ethnica.style\/wp-content\/uploads\/2025\/08\/ava-shirt-04.jpg","datePublished":"2025-08-06T08:49:05+00:00","dateModified":"2025-09-03T11:52:05+00:00","description":"Lyft din garderob med Ava Shirt \u2013 f\u00f6rstklassigt linne, druvbroderier och detaljer med satins\u00f6mmar. Ett m\u00e5ngsidigt statement-smycke f\u00f6r alla tillf\u00e4llen.","breadcrumb":{"@id":"https:\/\/ethnica.style\/sv\/product\/ava-skjorta\/#breadcrumb"},"inLanguage":"sv-SE","potentialAction":[{"@type":"ReadAction","target":["https:\/\/ethnica.style\/sv\/product\/ava-skjorta\/"]}]},{"@type":"ImageObject","inLanguage":"sv-SE","@id":"https:\/\/ethnica.style\/sv\/product\/ava-skjorta\/#primaryimage","url":"https:\/\/ethnica.style\/wp-content\/uploads\/2025\/08\/ava-shirt-04.jpg","contentUrl":"https:\/\/ethnica.style\/wp-content\/uploads\/2025\/08\/ava-shirt-04.jpg","width":800,"height":1200,"caption":"ava-shirt-04.jpg"},{"@type":"BreadcrumbList","@id":"https:\/\/ethnica.style\/sv\/product\/ava-skjorta\/#breadcrumb","itemListElement":[{"@type":"ListItem","position":1,"name":"Home","item":"https:\/\/ethnica.style\/sv\/"},{"@type":"ListItem","position":2,"name":"Butik","item":"https:\/\/ethnica.style\/sv\/butik\/"},{"@type":"ListItem","position":3,"name":"Ava Skjorta"}]},{"@type":"WebSite","@id":"https:\/\/ethnica.style\/sv\/#website","url":"https:\/\/ethnica.style\/sv\/","name":"Ethnica Style","description":"","publisher":{"@id":"https:\/\/ethnica.style\/sv\/#organization"},"potentialAction":[{"@type":"SearchAction","target":{"@type":"EntryPoint","urlTemplate":"https:\/\/ethnica.style\/sv\/?s={search_term_string}"},"query-input":{"@type":"PropertyValueSpecification","valueRequired":true,"valueName":"search_term_string"}}],"inLanguage":"sv-SE"},{"@type":"Organization","@id":"https:\/\/ethnica.style\/sv\/#organization","name":"Ethnica Style","url":"https:\/\/ethnica.style\/sv\/","logo":{"@type":"ImageObject","inLanguage":"sv-SE","@id":"https:\/\/ethnica.style\/sv\/#\/schema\/logo\/image\/","url":"https:\/\/ethnica.style\/wp-content\/uploads\/2024\/10\/group-5-1.svg","contentUrl":"https:\/\/ethnica.style\/wp-content\/uploads\/2024\/10\/group-5-1.svg","width":1,"height":1,"caption":"Ethnica Style"},"image":{"@id":"https:\/\/ethnica.style\/sv\/#\/schema\/logo\/image\/"}}]}},"_links":{"self":[{"href":"https:\/\/ethnica.style\/sv\/wp-json\/wp\/v2\/product\/2513","targetHints":{"allow":["GET"]}}],"collection":[{"href":"https:\/\/ethnica.style\/sv\/wp-json\/wp\/v2\/product"}],"about":[{"href":"https:\/\/ethnica.style\/sv\/wp-json\/wp\/v2\/types\/product"}],"replies":[{"embeddable":true,"href":"https:\/\/ethnica.style\/sv\/wp-json\/wp\/v2\/comments?post=2513"}],"wp:featuredmedia":[{"embeddable":true,"href":"https:\/\/ethnica.style\/sv\/wp-json\/wp\/v2\/media\/2514"}],"wp:attachment":[{"href":"https:\/\/ethnica.style\/sv\/wp-json\/wp\/v2\/media?parent=2513"}],"wp:term":[{"taxonomy":"product_brand","embeddable":true,"href":"https:\/\/ethnica.style\/sv\/wp-json\/wp\/v2\/product_brand?post=2513"},{"taxonomy":"product_cat","embeddable":true,"href":"https:\/\/ethnica.style\/sv\/wp-json\/wp\/v2\/product_cat?post=2513"},{"taxonomy":"product_tag","embeddable":true,"href":"https:\/\/ethnica.style\/sv\/wp-json\/wp\/v2\/product_tag?post=2513"}],"curies":[{"name":"wp","href":"https:\/\/api.w.org\/{rel}","templated":true}]}}