{"id":2520,"date":"2025-08-10T08:43:32","date_gmt":"2025-08-10T08:43:32","guid":{"rendered":"https:\/\/ethnica.style\/product\/azure-bloom-linne-klanning\/"},"modified":"2025-09-03T08:02:44","modified_gmt":"2025-09-03T08:02:44","slug":"azure-bloom-linne-klanning","status":"publish","type":"product","link":"https:\/\/ethnica.style\/sv\/product\/azure-bloom-linne-klanning\/","title":{"rendered":"Azure Bloom linne kl\u00e4nning"},"content":{"rendered":"<p data-start=\"293\" data-end=\"528\"><strong data-start=\"293\" data-end=\"336\">Vi presenterar v\u00e5r Azure Bloom Linen Dress<\/strong> \u2013 ett charmigt, l\u00e4tt figursn\u00e4ra plagg som kombinerar komfort med elegant stil. Den h\u00e4r andningsbara kl\u00e4nningen \u00e4r gjord av f\u00f6rstklassigt italienskt linne och<a href=\"https:\/\/ethnica.style\/sv\/\"> har<\/a> intrikata blommiga broderier p\u00e5 \u00e4rmarna.<\/p>\n<p data-start=\"530\" data-end=\"766\">Azure Bloom Linen Dress ger en graci\u00f6s touch till vilken garderob som helst och erbjuder femininitet och tidl\u00f6s sofistikering. Den \u00e4r perfekt f\u00f6r b\u00e5de avslappnade och formella <a href=\"https:\/\/en.wikipedia.org\/wiki\/Sweden\">milj\u00f6er<\/a> och \u00e4r tillverkad enligt h\u00f6gsta standard f\u00f6r att s\u00e4kerst\u00e4lla varaktig sk\u00f6nhet och komfort.<\/p>\n<p data-start=\"768\" data-end=\"873\"><strong data-start=\"768\" data-end=\"792\">Teknik f\u00f6r utf\u00f6rande:<\/strong> Broderi av satins\u00f6msmaskin.<br data-start=\"825\" data-end=\"828\"><strong data-start=\"828\" data-end=\"837\">Not:<\/strong> Modellen \u00e4r 167 cm och b\u00e4r storlek S.<\/p>\n<p data-start=\"875\" data-end=\"1013\"><strong data-start=\"875\" data-end=\"903\">M\u00e5tt f\u00f6r storlek S:<\/strong><br data-start=\"903\" data-end=\"906\">L\u00e4ngd: 120 cm<br data-start=\"920\" data-end=\"923\">\u00c4rml\u00e4ngd (fr\u00e5n halsen): 73 cm<br data-start=\"955\" data-end=\"958\">Br\u00f6stomf\u00e5ng: 48 cm<br data-start=\"984\" data-end=\"987\">Midjem\u00e5tt: 42 cm<\/p>\n<p data-start=\"1015\" data-end=\"1099\">Beh\u00f6ver du hj\u00e4lp med att v\u00e4lja r\u00e4tt storlek? Kontakta v\u00e5ra chefer \u2013 vi hj\u00e4lper dig g\u00e4rna.<\/p>\n","protected":false},"excerpt":{"rendered":"<p>Vi presenterar v\u00e5r Azure Bloom Linen Dress \u2013 ett charmigt, l\u00e4tt figursn\u00e4ra plagg som kombinerar komfort med elegant stil. Den h\u00e4r andningsbara kl\u00e4nningen \u00e4r gjord av f\u00f6rstklassigt italienskt linne och har intrikata blommiga broderier p\u00e5 \u00e4rmarna. Azure Bloom Linen Dress ger en graci\u00f6s touch till vilken garderob som helst och erbjuder femininitet och tidl\u00f6s sofistikering. [&#8230;]\n","protected":false},"featured_media":2873,"comment_status":"open","ping_status":"closed","template":"","meta":{"_acf_changed":false},"product_brand":[],"product_cat":[98,90],"product_tag":[],"class_list":{"0":"post-2520","1":"product","2":"type-product","3":"status-publish","4":"has-post-thumbnail","6":"product_cat-klanningar","7":"product_cat-kvinnor","9":"first","10":"instock","11":"taxable","12":"shipping-taxable","13":"purchasable","14":"product-type-variable"},"acf":[],"yoast_head":"<!-- This site is optimized with the Yoast SEO plugin v26.6 - https:\/\/yoast.com\/wordpress\/plugins\/seo\/ -->\n<title>Azure Bloom linne kl\u00e4nning - Ethnica Style Azure Bloom linnekl\u00e4nning<\/title>\n<meta name=\"description\" content=\"Uppt\u00e4ck Azure Bloom Linen Dress, tillverkad av f\u00f6rstklassigt italienskt linne med delikata blommiga broderier. Detta eleganta, andningsbara plagg blandar tidl\u00f6st.\" \/>\n<meta name=\"robots\" content=\"index, follow, max-snippet:-1, max-image-preview:large, max-video-preview:-1\" \/>\n<link rel=\"canonical\" href=\"https:\/\/ethnica.style\/sv\/product\/azure-bloom-linne-klanning\/\" \/>\n<meta property=\"og:locale\" content=\"sv_SE\" \/>\n<meta property=\"og:type\" content=\"article\" \/>\n<meta property=\"og:title\" content=\"Azure Bloom linne kl\u00e4nning - Ethnica Style Azure Bloom linnekl\u00e4nning\" \/>\n<meta property=\"og:description\" content=\"Uppt\u00e4ck Azure Bloom Linen Dress, tillverkad av f\u00f6rstklassigt italienskt linne med delikata blommiga broderier. Detta eleganta, andningsbara plagg blandar tidl\u00f6st.\" \/>\n<meta property=\"og:url\" content=\"https:\/\/ethnica.style\/sv\/product\/azure-bloom-linne-klanning\/\" \/>\n<meta property=\"og:site_name\" content=\"Ethnica Style\" \/>\n<meta property=\"article:modified_time\" content=\"2025-09-03T08:02:44+00:00\" \/>\n<meta property=\"og:image\" content=\"https:\/\/ethnica.style\/wp-content\/uploads\/2025\/08\/blue-star-dress-02-1.jpg\" \/>\n\t<meta property=\"og:image:width\" content=\"800\" \/>\n\t<meta property=\"og:image:height\" content=\"1200\" \/>\n\t<meta property=\"og:image:type\" content=\"image\/jpeg\" \/>\n<meta name=\"twitter:card\" content=\"summary_large_image\" \/>\n<meta name=\"twitter:label1\" content=\"Ber\u00e4knad l\u00e4stid\" \/>\n\t<meta name=\"twitter:data1\" content=\"1 minut\" \/>\n<script type=\"application\/ld+json\" class=\"yoast-schema-graph\">{\"@context\":\"https:\/\/schema.org\",\"@graph\":[{\"@type\":\"WebPage\",\"@id\":\"https:\/\/ethnica.style\/sv\/product\/azure-bloom-linne-klanning\/\",\"url\":\"https:\/\/ethnica.style\/sv\/product\/azure-bloom-linne-klanning\/\",\"name\":\"Azure Bloom linne kl\u00e4nning - Ethnica Style Azure Bloom linnekl\u00e4nning\",\"isPartOf\":{\"@id\":\"https:\/\/ethnica.style\/sv\/#website\"},\"primaryImageOfPage\":{\"@id\":\"https:\/\/ethnica.style\/sv\/product\/azure-bloom-linne-klanning\/#primaryimage\"},\"image\":{\"@id\":\"https:\/\/ethnica.style\/sv\/product\/azure-bloom-linne-klanning\/#primaryimage\"},\"thumbnailUrl\":\"https:\/\/ethnica.style\/wp-content\/uploads\/2025\/08\/blue-star-dress-02-1.jpg\",\"datePublished\":\"2025-08-10T08:43:32+00:00\",\"dateModified\":\"2025-09-03T08:02:44+00:00\",\"description\":\"Uppt\u00e4ck Azure Bloom Linen Dress, tillverkad av f\u00f6rstklassigt italienskt linne med delikata blommiga broderier. Detta eleganta, andningsbara plagg blandar tidl\u00f6st.\",\"breadcrumb\":{\"@id\":\"https:\/\/ethnica.style\/sv\/product\/azure-bloom-linne-klanning\/#breadcrumb\"},\"inLanguage\":\"sv-SE\",\"potentialAction\":[{\"@type\":\"ReadAction\",\"target\":[\"https:\/\/ethnica.style\/sv\/product\/azure-bloom-linne-klanning\/\"]}]},{\"@type\":\"ImageObject\",\"inLanguage\":\"sv-SE\",\"@id\":\"https:\/\/ethnica.style\/sv\/product\/azure-bloom-linne-klanning\/#primaryimage\",\"url\":\"https:\/\/ethnica.style\/wp-content\/uploads\/2025\/08\/blue-star-dress-02-1.jpg\",\"contentUrl\":\"https:\/\/ethnica.style\/wp-content\/uploads\/2025\/08\/blue-star-dress-02-1.jpg\",\"width\":800,\"height\":1200},{\"@type\":\"BreadcrumbList\",\"@id\":\"https:\/\/ethnica.style\/sv\/product\/azure-bloom-linne-klanning\/#breadcrumb\",\"itemListElement\":[{\"@type\":\"ListItem\",\"position\":1,\"name\":\"Home\",\"item\":\"https:\/\/ethnica.style\/sv\/\"},{\"@type\":\"ListItem\",\"position\":2,\"name\":\"Butik\",\"item\":\"https:\/\/ethnica.style\/sv\/butik\/\"},{\"@type\":\"ListItem\",\"position\":3,\"name\":\"Azure Bloom linne kl\u00e4nning\"}]},{\"@type\":\"WebSite\",\"@id\":\"https:\/\/ethnica.style\/sv\/#website\",\"url\":\"https:\/\/ethnica.style\/sv\/\",\"name\":\"Ethnica Style\",\"description\":\"\",\"publisher\":{\"@id\":\"https:\/\/ethnica.style\/sv\/#organization\"},\"potentialAction\":[{\"@type\":\"SearchAction\",\"target\":{\"@type\":\"EntryPoint\",\"urlTemplate\":\"https:\/\/ethnica.style\/sv\/?s={search_term_string}\"},\"query-input\":{\"@type\":\"PropertyValueSpecification\",\"valueRequired\":true,\"valueName\":\"search_term_string\"}}],\"inLanguage\":\"sv-SE\"},{\"@type\":\"Organization\",\"@id\":\"https:\/\/ethnica.style\/sv\/#organization\",\"name\":\"Ethnica Style\",\"url\":\"https:\/\/ethnica.style\/sv\/\",\"logo\":{\"@type\":\"ImageObject\",\"inLanguage\":\"sv-SE\",\"@id\":\"https:\/\/ethnica.style\/sv\/#\/schema\/logo\/image\/\",\"url\":\"https:\/\/ethnica.style\/wp-content\/uploads\/2024\/10\/group-5-1.svg\",\"contentUrl\":\"https:\/\/ethnica.style\/wp-content\/uploads\/2024\/10\/group-5-1.svg\",\"width\":1,\"height\":1,\"caption\":\"Ethnica Style\"},\"image\":{\"@id\":\"https:\/\/ethnica.style\/sv\/#\/schema\/logo\/image\/\"}}]}<\/script>\n<!-- \/ Yoast SEO plugin. -->","yoast_head_json":{"title":"Azure Bloom linne kl\u00e4nning - Ethnica Style Azure Bloom linnekl\u00e4nning","description":"Uppt\u00e4ck Azure Bloom Linen Dress, tillverkad av f\u00f6rstklassigt italienskt linne med delikata blommiga broderier. Detta eleganta, andningsbara plagg blandar tidl\u00f6st.","robots":{"index":"index","follow":"follow","max-snippet":"max-snippet:-1","max-image-preview":"max-image-preview:large","max-video-preview":"max-video-preview:-1"},"canonical":"https:\/\/ethnica.style\/sv\/product\/azure-bloom-linne-klanning\/","og_locale":"sv_SE","og_type":"article","og_title":"Azure Bloom linne kl\u00e4nning - Ethnica Style Azure Bloom linnekl\u00e4nning","og_description":"Uppt\u00e4ck Azure Bloom Linen Dress, tillverkad av f\u00f6rstklassigt italienskt linne med delikata blommiga broderier. Detta eleganta, andningsbara plagg blandar tidl\u00f6st.","og_url":"https:\/\/ethnica.style\/sv\/product\/azure-bloom-linne-klanning\/","og_site_name":"Ethnica Style","article_modified_time":"2025-09-03T08:02:44+00:00","og_image":[{"width":800,"height":1200,"url":"https:\/\/ethnica.style\/wp-content\/uploads\/2025\/08\/blue-star-dress-02-1.jpg","type":"image\/jpeg"}],"twitter_card":"summary_large_image","twitter_misc":{"Ber\u00e4knad l\u00e4stid":"1 minut"},"schema":{"@context":"https:\/\/schema.org","@graph":[{"@type":"WebPage","@id":"https:\/\/ethnica.style\/sv\/product\/azure-bloom-linne-klanning\/","url":"https:\/\/ethnica.style\/sv\/product\/azure-bloom-linne-klanning\/","name":"Azure Bloom linne kl\u00e4nning - Ethnica Style Azure Bloom linnekl\u00e4nning","isPartOf":{"@id":"https:\/\/ethnica.style\/sv\/#website"},"primaryImageOfPage":{"@id":"https:\/\/ethnica.style\/sv\/product\/azure-bloom-linne-klanning\/#primaryimage"},"image":{"@id":"https:\/\/ethnica.style\/sv\/product\/azure-bloom-linne-klanning\/#primaryimage"},"thumbnailUrl":"https:\/\/ethnica.style\/wp-content\/uploads\/2025\/08\/blue-star-dress-02-1.jpg","datePublished":"2025-08-10T08:43:32+00:00","dateModified":"2025-09-03T08:02:44+00:00","description":"Uppt\u00e4ck Azure Bloom Linen Dress, tillverkad av f\u00f6rstklassigt italienskt linne med delikata blommiga broderier. Detta eleganta, andningsbara plagg blandar tidl\u00f6st.","breadcrumb":{"@id":"https:\/\/ethnica.style\/sv\/product\/azure-bloom-linne-klanning\/#breadcrumb"},"inLanguage":"sv-SE","potentialAction":[{"@type":"ReadAction","target":["https:\/\/ethnica.style\/sv\/product\/azure-bloom-linne-klanning\/"]}]},{"@type":"ImageObject","inLanguage":"sv-SE","@id":"https:\/\/ethnica.style\/sv\/product\/azure-bloom-linne-klanning\/#primaryimage","url":"https:\/\/ethnica.style\/wp-content\/uploads\/2025\/08\/blue-star-dress-02-1.jpg","contentUrl":"https:\/\/ethnica.style\/wp-content\/uploads\/2025\/08\/blue-star-dress-02-1.jpg","width":800,"height":1200},{"@type":"BreadcrumbList","@id":"https:\/\/ethnica.style\/sv\/product\/azure-bloom-linne-klanning\/#breadcrumb","itemListElement":[{"@type":"ListItem","position":1,"name":"Home","item":"https:\/\/ethnica.style\/sv\/"},{"@type":"ListItem","position":2,"name":"Butik","item":"https:\/\/ethnica.style\/sv\/butik\/"},{"@type":"ListItem","position":3,"name":"Azure Bloom linne kl\u00e4nning"}]},{"@type":"WebSite","@id":"https:\/\/ethnica.style\/sv\/#website","url":"https:\/\/ethnica.style\/sv\/","name":"Ethnica Style","description":"","publisher":{"@id":"https:\/\/ethnica.style\/sv\/#organization"},"potentialAction":[{"@type":"SearchAction","target":{"@type":"EntryPoint","urlTemplate":"https:\/\/ethnica.style\/sv\/?s={search_term_string}"},"query-input":{"@type":"PropertyValueSpecification","valueRequired":true,"valueName":"search_term_string"}}],"inLanguage":"sv-SE"},{"@type":"Organization","@id":"https:\/\/ethnica.style\/sv\/#organization","name":"Ethnica Style","url":"https:\/\/ethnica.style\/sv\/","logo":{"@type":"ImageObject","inLanguage":"sv-SE","@id":"https:\/\/ethnica.style\/sv\/#\/schema\/logo\/image\/","url":"https:\/\/ethnica.style\/wp-content\/uploads\/2024\/10\/group-5-1.svg","contentUrl":"https:\/\/ethnica.style\/wp-content\/uploads\/2024\/10\/group-5-1.svg","width":1,"height":1,"caption":"Ethnica Style"},"image":{"@id":"https:\/\/ethnica.style\/sv\/#\/schema\/logo\/image\/"}}]}},"_links":{"self":[{"href":"https:\/\/ethnica.style\/sv\/wp-json\/wp\/v2\/product\/2520","targetHints":{"allow":["GET"]}}],"collection":[{"href":"https:\/\/ethnica.style\/sv\/wp-json\/wp\/v2\/product"}],"about":[{"href":"https:\/\/ethnica.style\/sv\/wp-json\/wp\/v2\/types\/product"}],"replies":[{"embeddable":true,"href":"https:\/\/ethnica.style\/sv\/wp-json\/wp\/v2\/comments?post=2520"}],"wp:featuredmedia":[{"embeddable":true,"href":"https:\/\/ethnica.style\/sv\/wp-json\/wp\/v2\/media\/2873"}],"wp:attachment":[{"href":"https:\/\/ethnica.style\/sv\/wp-json\/wp\/v2\/media?parent=2520"}],"wp:term":[{"taxonomy":"product_brand","embeddable":true,"href":"https:\/\/ethnica.style\/sv\/wp-json\/wp\/v2\/product_brand?post=2520"},{"taxonomy":"product_cat","embeddable":true,"href":"https:\/\/ethnica.style\/sv\/wp-json\/wp\/v2\/product_cat?post=2520"},{"taxonomy":"product_tag","embeddable":true,"href":"https:\/\/ethnica.style\/sv\/wp-json\/wp\/v2\/product_tag?post=2520"}],"curies":[{"name":"wp","href":"https:\/\/api.w.org\/{rel}","templated":true}]}}