{"id":2538,"date":"2025-08-10T08:43:31","date_gmt":"2025-08-10T08:43:31","guid":{"rendered":"https:\/\/ethnica.style\/product\/regnbage-kofta\/"},"modified":"2025-09-03T08:03:44","modified_gmt":"2025-09-03T08:03:44","slug":"regnbage-kofta","status":"publish","type":"product","link":"https:\/\/ethnica.style\/sv\/product\/regnbage-kofta\/","title":{"rendered":"Regnb\u00e5ge kofta"},"content":{"rendered":"<p data-start=\"182\" data-end=\"561\"><strong data-start=\"182\" data-end=\"202\">Rainbow Cardigan<\/strong> \u00e4r ett fantastiskt handgjort smycke tillverkat av en lyxig blandning av kid mohair, silke och merinoull. Dess livfulla regnb\u00e5ge av f\u00e4rger flyter s\u00f6ml\u00f6st och skapar ett glatt kalejdoskop <a href=\"https:\/\/ethnica.style\/sv\/\">som<\/a> f\u00f6rst\u00e4rker din n\u00e4rvaro vart du \u00e4n g\u00e5r. Varje nyans i denna <strong data-start=\"443\" data-end=\"463\">regnb\u00e5gskofta<\/strong> ber\u00e4ttar en historia om hantverk och kreativitet och sveper in dig i en kokong av elegans <a href=\"https:\/\/en.wikipedia.org\/wiki\/Sweden\">och<\/a> komfort.  <\/p>\n<p data-start=\"563\" data-end=\"681\">Lyft din garderob med detta str\u00e5lande statement-plagg, designat f\u00f6r att lysa upp varje \u00f6gonblick med charm och individualitet.<\/p>\n<p data-start=\"683\" data-end=\"730\"><strong data-start=\"683\" data-end=\"692\">Not:<\/strong> Modellen \u00e4r 167 cm l\u00e5ng och har p\u00e5 sig en storlek.<\/p>\n<p data-start=\"732\" data-end=\"853\">Vi ber dig v\u00e4nligen att vara uppm\u00e4rksam p\u00e5 l\u00e4ngden och bredden p\u00e5 detta \u00f6verdimensionerade plagg:<br data-start=\"817\" data-end=\"820\"><strong data-start=\"820\" data-end=\"831\">L\u00e4ngd:<\/strong> 68cm  <strong data-start=\"838\" data-end=\"848\">Bredd:<\/strong> 64cm<\/p>\n<p data-start=\"855\" data-end=\"976\">Designad och tillverkad i Ukraina.<br data-start=\"884\" data-end=\"887\">Om du beh\u00f6ver f\u00f6rtydligande om storlek, kontakta v\u00e5ra chefer. Vi hj\u00e4lper dig g\u00e4rna. <\/p>\n","protected":false},"excerpt":{"rendered":"<p>Rainbow Cardigan \u00e4r ett fantastiskt handgjort smycke tillverkat av en lyxig blandning av kid mohair, silke och merinoull. Dess livfulla regnb\u00e5ge av f\u00e4rger flyter s\u00f6ml\u00f6st och skapar ett glatt kalejdoskop som f\u00f6rst\u00e4rker din n\u00e4rvaro vart du \u00e4n g\u00e5r. Varje nyans i denna regnb\u00e5gskofta ber\u00e4ttar en historia om hantverk och kreativitet och sveper in dig i [&#8230;]\n","protected":false},"featured_media":2539,"comment_status":"open","ping_status":"closed","template":"","meta":{"_acf_changed":false},"product_brand":[],"product_cat":[102,90,101],"product_tag":[],"class_list":{"0":"post-2538","1":"product","2":"type-product","3":"status-publish","4":"has-post-thumbnail","6":"product_cat-koftor","7":"product_cat-kvinnor","8":"product_cat-nyanlanda","10":"first","11":"instock","12":"taxable","13":"shipping-taxable","14":"purchasable","15":"product-type-variable"},"acf":[],"yoast_head":"<!-- This site is optimized with the Yoast SEO plugin v26.6 - https:\/\/yoast.com\/wordpress\/plugins\/seo\/ -->\n<title>Regnb\u00e5ge kofta<\/title>\n<meta name=\"robots\" content=\"index, follow, max-snippet:-1, max-image-preview:large, max-video-preview:-1\" \/>\n<link rel=\"canonical\" href=\"https:\/\/ethnica.style\/sv\/product\/regnbage-kofta\/\" \/>\n<meta property=\"og:locale\" content=\"sv_SE\" \/>\n<meta property=\"og:type\" content=\"article\" \/>\n<meta property=\"og:title\" content=\"Regnb\u00e5ge kofta\" \/>\n<meta property=\"og:description\" content=\"Rainbow Cardigan \u00e4r ett fantastiskt handgjort smycke tillverkat av en lyxig blandning av kid mohair, silke och merinoull. Dess livfulla regnb\u00e5ge av f\u00e4rger flyter s\u00f6ml\u00f6st och skapar ett glatt kalejdoskop som f\u00f6rst\u00e4rker din n\u00e4rvaro vart du \u00e4n g\u00e5r. Varje nyans i denna regnb\u00e5gskofta ber\u00e4ttar en historia om hantverk och kreativitet och sveper in dig i [...]\" \/>\n<meta property=\"og:url\" content=\"https:\/\/ethnica.style\/sv\/product\/regnbage-kofta\/\" \/>\n<meta property=\"og:site_name\" content=\"Ethnica Style\" \/>\n<meta property=\"article:modified_time\" content=\"2025-09-03T08:03:44+00:00\" \/>\n<meta property=\"og:image\" content=\"https:\/\/ethnica.style\/wp-content\/uploads\/2025\/08\/rainbow-cardigan-02.jpg\" \/>\n\t<meta property=\"og:image:width\" content=\"900\" \/>\n\t<meta property=\"og:image:height\" content=\"1200\" \/>\n\t<meta property=\"og:image:type\" content=\"image\/jpeg\" \/>\n<meta name=\"twitter:card\" content=\"summary_large_image\" \/>\n<meta name=\"twitter:label1\" content=\"Ber\u00e4knad l\u00e4stid\" \/>\n\t<meta name=\"twitter:data1\" content=\"1 minut\" \/>\n<script type=\"application\/ld+json\" class=\"yoast-schema-graph\">{\"@context\":\"https:\/\/schema.org\",\"@graph\":[{\"@type\":\"WebPage\",\"@id\":\"https:\/\/ethnica.style\/sv\/product\/regnbage-kofta\/\",\"url\":\"https:\/\/ethnica.style\/sv\/product\/regnbage-kofta\/\",\"name\":\"Regnb\u00e5ge kofta\",\"isPartOf\":{\"@id\":\"https:\/\/ethnica.style\/sv\/#website\"},\"primaryImageOfPage\":{\"@id\":\"https:\/\/ethnica.style\/sv\/product\/regnbage-kofta\/#primaryimage\"},\"image\":{\"@id\":\"https:\/\/ethnica.style\/sv\/product\/regnbage-kofta\/#primaryimage\"},\"thumbnailUrl\":\"https:\/\/ethnica.style\/wp-content\/uploads\/2025\/08\/rainbow-cardigan-02.jpg\",\"datePublished\":\"2025-08-10T08:43:31+00:00\",\"dateModified\":\"2025-09-03T08:03:44+00:00\",\"breadcrumb\":{\"@id\":\"https:\/\/ethnica.style\/sv\/product\/regnbage-kofta\/#breadcrumb\"},\"inLanguage\":\"sv-SE\",\"potentialAction\":[{\"@type\":\"ReadAction\",\"target\":[\"https:\/\/ethnica.style\/sv\/product\/regnbage-kofta\/\"]}]},{\"@type\":\"ImageObject\",\"inLanguage\":\"sv-SE\",\"@id\":\"https:\/\/ethnica.style\/sv\/product\/regnbage-kofta\/#primaryimage\",\"url\":\"https:\/\/ethnica.style\/wp-content\/uploads\/2025\/08\/rainbow-cardigan-02.jpg\",\"contentUrl\":\"https:\/\/ethnica.style\/wp-content\/uploads\/2025\/08\/rainbow-cardigan-02.jpg\",\"width\":900,\"height\":1200,\"caption\":\"Rainbow Cardigan\"},{\"@type\":\"BreadcrumbList\",\"@id\":\"https:\/\/ethnica.style\/sv\/product\/regnbage-kofta\/#breadcrumb\",\"itemListElement\":[{\"@type\":\"ListItem\",\"position\":1,\"name\":\"Home\",\"item\":\"https:\/\/ethnica.style\/sv\/\"},{\"@type\":\"ListItem\",\"position\":2,\"name\":\"Butik\",\"item\":\"https:\/\/ethnica.style\/sv\/butik\/\"},{\"@type\":\"ListItem\",\"position\":3,\"name\":\"Regnb\u00e5ge kofta\"}]},{\"@type\":\"WebSite\",\"@id\":\"https:\/\/ethnica.style\/sv\/#website\",\"url\":\"https:\/\/ethnica.style\/sv\/\",\"name\":\"Ethnica Style\",\"description\":\"\",\"publisher\":{\"@id\":\"https:\/\/ethnica.style\/sv\/#organization\"},\"potentialAction\":[{\"@type\":\"SearchAction\",\"target\":{\"@type\":\"EntryPoint\",\"urlTemplate\":\"https:\/\/ethnica.style\/sv\/?s={search_term_string}\"},\"query-input\":{\"@type\":\"PropertyValueSpecification\",\"valueRequired\":true,\"valueName\":\"search_term_string\"}}],\"inLanguage\":\"sv-SE\"},{\"@type\":\"Organization\",\"@id\":\"https:\/\/ethnica.style\/sv\/#organization\",\"name\":\"Ethnica Style\",\"url\":\"https:\/\/ethnica.style\/sv\/\",\"logo\":{\"@type\":\"ImageObject\",\"inLanguage\":\"sv-SE\",\"@id\":\"https:\/\/ethnica.style\/sv\/#\/schema\/logo\/image\/\",\"url\":\"https:\/\/ethnica.style\/wp-content\/uploads\/2024\/10\/group-5-1.svg\",\"contentUrl\":\"https:\/\/ethnica.style\/wp-content\/uploads\/2024\/10\/group-5-1.svg\",\"width\":1,\"height\":1,\"caption\":\"Ethnica Style\"},\"image\":{\"@id\":\"https:\/\/ethnica.style\/sv\/#\/schema\/logo\/image\/\"}}]}<\/script>\n<!-- \/ Yoast SEO plugin. -->","yoast_head_json":{"title":"Regnb\u00e5ge kofta","robots":{"index":"index","follow":"follow","max-snippet":"max-snippet:-1","max-image-preview":"max-image-preview:large","max-video-preview":"max-video-preview:-1"},"canonical":"https:\/\/ethnica.style\/sv\/product\/regnbage-kofta\/","og_locale":"sv_SE","og_type":"article","og_title":"Regnb\u00e5ge kofta","og_description":"Rainbow Cardigan \u00e4r ett fantastiskt handgjort smycke tillverkat av en lyxig blandning av kid mohair, silke och merinoull. Dess livfulla regnb\u00e5ge av f\u00e4rger flyter s\u00f6ml\u00f6st och skapar ett glatt kalejdoskop som f\u00f6rst\u00e4rker din n\u00e4rvaro vart du \u00e4n g\u00e5r. Varje nyans i denna regnb\u00e5gskofta ber\u00e4ttar en historia om hantverk och kreativitet och sveper in dig i [...]","og_url":"https:\/\/ethnica.style\/sv\/product\/regnbage-kofta\/","og_site_name":"Ethnica Style","article_modified_time":"2025-09-03T08:03:44+00:00","og_image":[{"width":900,"height":1200,"url":"https:\/\/ethnica.style\/wp-content\/uploads\/2025\/08\/rainbow-cardigan-02.jpg","type":"image\/jpeg"}],"twitter_card":"summary_large_image","twitter_misc":{"Ber\u00e4knad l\u00e4stid":"1 minut"},"schema":{"@context":"https:\/\/schema.org","@graph":[{"@type":"WebPage","@id":"https:\/\/ethnica.style\/sv\/product\/regnbage-kofta\/","url":"https:\/\/ethnica.style\/sv\/product\/regnbage-kofta\/","name":"Regnb\u00e5ge kofta","isPartOf":{"@id":"https:\/\/ethnica.style\/sv\/#website"},"primaryImageOfPage":{"@id":"https:\/\/ethnica.style\/sv\/product\/regnbage-kofta\/#primaryimage"},"image":{"@id":"https:\/\/ethnica.style\/sv\/product\/regnbage-kofta\/#primaryimage"},"thumbnailUrl":"https:\/\/ethnica.style\/wp-content\/uploads\/2025\/08\/rainbow-cardigan-02.jpg","datePublished":"2025-08-10T08:43:31+00:00","dateModified":"2025-09-03T08:03:44+00:00","breadcrumb":{"@id":"https:\/\/ethnica.style\/sv\/product\/regnbage-kofta\/#breadcrumb"},"inLanguage":"sv-SE","potentialAction":[{"@type":"ReadAction","target":["https:\/\/ethnica.style\/sv\/product\/regnbage-kofta\/"]}]},{"@type":"ImageObject","inLanguage":"sv-SE","@id":"https:\/\/ethnica.style\/sv\/product\/regnbage-kofta\/#primaryimage","url":"https:\/\/ethnica.style\/wp-content\/uploads\/2025\/08\/rainbow-cardigan-02.jpg","contentUrl":"https:\/\/ethnica.style\/wp-content\/uploads\/2025\/08\/rainbow-cardigan-02.jpg","width":900,"height":1200,"caption":"Rainbow Cardigan"},{"@type":"BreadcrumbList","@id":"https:\/\/ethnica.style\/sv\/product\/regnbage-kofta\/#breadcrumb","itemListElement":[{"@type":"ListItem","position":1,"name":"Home","item":"https:\/\/ethnica.style\/sv\/"},{"@type":"ListItem","position":2,"name":"Butik","item":"https:\/\/ethnica.style\/sv\/butik\/"},{"@type":"ListItem","position":3,"name":"Regnb\u00e5ge kofta"}]},{"@type":"WebSite","@id":"https:\/\/ethnica.style\/sv\/#website","url":"https:\/\/ethnica.style\/sv\/","name":"Ethnica Style","description":"","publisher":{"@id":"https:\/\/ethnica.style\/sv\/#organization"},"potentialAction":[{"@type":"SearchAction","target":{"@type":"EntryPoint","urlTemplate":"https:\/\/ethnica.style\/sv\/?s={search_term_string}"},"query-input":{"@type":"PropertyValueSpecification","valueRequired":true,"valueName":"search_term_string"}}],"inLanguage":"sv-SE"},{"@type":"Organization","@id":"https:\/\/ethnica.style\/sv\/#organization","name":"Ethnica Style","url":"https:\/\/ethnica.style\/sv\/","logo":{"@type":"ImageObject","inLanguage":"sv-SE","@id":"https:\/\/ethnica.style\/sv\/#\/schema\/logo\/image\/","url":"https:\/\/ethnica.style\/wp-content\/uploads\/2024\/10\/group-5-1.svg","contentUrl":"https:\/\/ethnica.style\/wp-content\/uploads\/2024\/10\/group-5-1.svg","width":1,"height":1,"caption":"Ethnica Style"},"image":{"@id":"https:\/\/ethnica.style\/sv\/#\/schema\/logo\/image\/"}}]}},"_links":{"self":[{"href":"https:\/\/ethnica.style\/sv\/wp-json\/wp\/v2\/product\/2538","targetHints":{"allow":["GET"]}}],"collection":[{"href":"https:\/\/ethnica.style\/sv\/wp-json\/wp\/v2\/product"}],"about":[{"href":"https:\/\/ethnica.style\/sv\/wp-json\/wp\/v2\/types\/product"}],"replies":[{"embeddable":true,"href":"https:\/\/ethnica.style\/sv\/wp-json\/wp\/v2\/comments?post=2538"}],"wp:featuredmedia":[{"embeddable":true,"href":"https:\/\/ethnica.style\/sv\/wp-json\/wp\/v2\/media\/2539"}],"wp:attachment":[{"href":"https:\/\/ethnica.style\/sv\/wp-json\/wp\/v2\/media?parent=2538"}],"wp:term":[{"taxonomy":"product_brand","embeddable":true,"href":"https:\/\/ethnica.style\/sv\/wp-json\/wp\/v2\/product_brand?post=2538"},{"taxonomy":"product_cat","embeddable":true,"href":"https:\/\/ethnica.style\/sv\/wp-json\/wp\/v2\/product_cat?post=2538"},{"taxonomy":"product_tag","embeddable":true,"href":"https:\/\/ethnica.style\/sv\/wp-json\/wp\/v2\/product_tag?post=2538"}],"curies":[{"name":"wp","href":"https:\/\/api.w.org\/{rel}","templated":true}]}}