{"id":2541,"date":"2025-08-10T08:43:31","date_gmt":"2025-08-10T08:43:31","guid":{"rendered":"https:\/\/ethnica.style\/product\/fairy-cardigan\/"},"modified":"2025-09-03T08:03:45","modified_gmt":"2025-09-03T08:03:45","slug":"fairy-cardigan","status":"publish","type":"product","link":"https:\/\/ethnica.style\/sv\/product\/fairy-cardigan\/","title":{"rendered":"Fairy Cardigan"},"content":{"rendered":"<p data-start=\"196\" data-end=\"496\"><strong data-start=\"196\" data-end=\"214\">Fairy Cardigan<\/strong> \u00e4r en raffinerad, oversized stickad tr\u00f6ja skapad f\u00f6r dem som uppskattar lyxig komfort och tidl\u00f6s design. Tillverkad av en \u00f6verd\u00e5dig blandning av kid mohair, silke och merinoull och f\u00e4rgad i en rik olivf\u00e4rg, erbjuder detta statement-plagg o\u00f6vertr\u00e4ffad mjukhet och v\u00e4rme &#8211; <a href=\"https:\/\/ethnica.style\/sv\/\">perfekt<\/a> f\u00f6r kallare dagar. <\/p>\n<p data-start=\"498\" data-end=\"710\">Med sin graci\u00f6sa siluett och plyschiga textur blandar <strong data-start=\"550\" data-end=\"568\">Fairy Cardigan<\/strong> utan anstr\u00e4ngning sofistikering och mysighet. Oavsett om den b\u00e4rs \u00f6ver en kl\u00e4nning eller kombineras <a href=\"https:\/\/en.wikipedia.org\/wiki\/Sweden\">med<\/a> fritidskl\u00e4der, lyfter den vilken ensemble som helst med l\u00e4tthet. <\/p>\n<p data-start=\"712\" data-end=\"759\"><strong data-start=\"712\" data-end=\"721\">Not:<\/strong> Modellen \u00e4r 167 cm l\u00e5ng och har p\u00e5 sig en storlek.<\/p>\n<p data-start=\"761\" data-end=\"890\">Vi ber dig v\u00e4nligen att kontrollera m\u00e5tten p\u00e5 detta \u00f6verdimensionerade plagg innan du best\u00e4ller. V\u00e4lj det alternativ som passar dig b\u00e4st: <\/p>\n<ul data-start=\"892\" data-end=\"1000\">\n<li data-start=\"892\" data-end=\"947\">\n<p data-start=\"894\" data-end=\"947\">L\u00e4ngd: 70 cm, Bredd: 66 cm (2 koftor tillg\u00e4ngliga)<\/p>\n<\/li>\n<li data-start=\"948\" data-end=\"1000\">\n<p data-start=\"950\" data-end=\"1000\">L\u00e4ngd: 74 cm, Bredd: 70 cm (1 kofta tillg\u00e4nglig)<\/p>\n<\/li>\n<\/ul>\n<p data-start=\"1002\" data-end=\"1039\"><strong data-start=\"1002\" data-end=\"1039\">Designad och handgjord i Ukraina.<\/strong><\/p>\n<p data-start=\"1041\" data-end=\"1133\">Om du beh\u00f6ver f\u00f6rtydligande om storlek \u2013 kontakta v\u00e5ra chefer. Vi hj\u00e4lper dig g\u00e4rna.<\/p>\n","protected":false},"excerpt":{"rendered":"<p>Fairy Cardigan \u00e4r en raffinerad, oversized stickad tr\u00f6ja skapad f\u00f6r dem som uppskattar lyxig komfort och tidl\u00f6s design. Tillverkad av en \u00f6verd\u00e5dig blandning av kid mohair, silke och merinoull och f\u00e4rgad i en rik olivf\u00e4rg, erbjuder detta statement-plagg o\u00f6vertr\u00e4ffad mjukhet och v\u00e4rme &#8211; perfekt f\u00f6r kallare dagar. Med sin graci\u00f6sa siluett och plyschiga textur blandar [&#8230;]\n","protected":false},"featured_media":2546,"comment_status":"open","ping_status":"closed","template":"","meta":{"_acf_changed":false},"product_brand":[],"product_cat":[102,90,101],"product_tag":[],"class_list":{"0":"post-2541","1":"product","2":"type-product","3":"status-publish","4":"has-post-thumbnail","6":"product_cat-koftor","7":"product_cat-kvinnor","8":"product_cat-nyanlanda","10":"first","11":"instock","12":"taxable","13":"shipping-taxable","14":"purchasable","15":"product-type-variable"},"acf":[],"yoast_head":"<!-- This site is optimized with the Yoast SEO plugin v26.6 - https:\/\/yoast.com\/wordpress\/plugins\/seo\/ -->\n<title>Fairy Cardigan - Ethnica Style Fairy Cardigan<\/title>\n<meta name=\"description\" content=\"Fairy Cardigan tillverkad av kid mohair, silke och merinoull. Mjuk, varm och elegant med en olivf\u00e4rgad nyans \u2013 perfekt f\u00f6r lager p\u00e5 lager i kallare v\u00e4der.\" \/>\n<meta name=\"robots\" content=\"index, follow, max-snippet:-1, max-image-preview:large, max-video-preview:-1\" \/>\n<link rel=\"canonical\" href=\"https:\/\/ethnica.style\/sv\/product\/fairy-cardigan\/\" \/>\n<meta property=\"og:locale\" content=\"sv_SE\" \/>\n<meta property=\"og:type\" content=\"article\" \/>\n<meta property=\"og:title\" content=\"Fairy Cardigan - Ethnica Style Fairy Cardigan\" \/>\n<meta property=\"og:description\" content=\"Fairy Cardigan tillverkad av kid mohair, silke och merinoull. Mjuk, varm och elegant med en olivf\u00e4rgad nyans \u2013 perfekt f\u00f6r lager p\u00e5 lager i kallare v\u00e4der.\" \/>\n<meta property=\"og:url\" content=\"https:\/\/ethnica.style\/sv\/product\/fairy-cardigan\/\" \/>\n<meta property=\"og:site_name\" content=\"Ethnica Style\" \/>\n<meta property=\"article:modified_time\" content=\"2025-09-03T08:03:45+00:00\" \/>\n<meta property=\"og:image\" content=\"https:\/\/ethnica.style\/wp-content\/uploads\/2025\/08\/fairy_cardigan01.jpg\" \/>\n\t<meta property=\"og:image:width\" content=\"1024\" \/>\n\t<meta property=\"og:image:height\" content=\"1539\" \/>\n\t<meta property=\"og:image:type\" content=\"image\/jpeg\" \/>\n<meta name=\"twitter:card\" content=\"summary_large_image\" \/>\n<meta name=\"twitter:label1\" content=\"Ber\u00e4knad l\u00e4stid\" \/>\n\t<meta name=\"twitter:data1\" content=\"1 minut\" \/>\n<script type=\"application\/ld+json\" class=\"yoast-schema-graph\">{\"@context\":\"https:\/\/schema.org\",\"@graph\":[{\"@type\":\"WebPage\",\"@id\":\"https:\/\/ethnica.style\/sv\/product\/fairy-cardigan\/\",\"url\":\"https:\/\/ethnica.style\/sv\/product\/fairy-cardigan\/\",\"name\":\"Fairy Cardigan - Ethnica Style Fairy Cardigan\",\"isPartOf\":{\"@id\":\"https:\/\/ethnica.style\/sv\/#website\"},\"primaryImageOfPage\":{\"@id\":\"https:\/\/ethnica.style\/sv\/product\/fairy-cardigan\/#primaryimage\"},\"image\":{\"@id\":\"https:\/\/ethnica.style\/sv\/product\/fairy-cardigan\/#primaryimage\"},\"thumbnailUrl\":\"https:\/\/ethnica.style\/wp-content\/uploads\/2025\/08\/fairy_cardigan01.jpg\",\"datePublished\":\"2025-08-10T08:43:31+00:00\",\"dateModified\":\"2025-09-03T08:03:45+00:00\",\"description\":\"Fairy Cardigan tillverkad av kid mohair, silke och merinoull. Mjuk, varm och elegant med en olivf\u00e4rgad nyans \u2013 perfekt f\u00f6r lager p\u00e5 lager i kallare v\u00e4der.\",\"breadcrumb\":{\"@id\":\"https:\/\/ethnica.style\/sv\/product\/fairy-cardigan\/#breadcrumb\"},\"inLanguage\":\"sv-SE\",\"potentialAction\":[{\"@type\":\"ReadAction\",\"target\":[\"https:\/\/ethnica.style\/sv\/product\/fairy-cardigan\/\"]}]},{\"@type\":\"ImageObject\",\"inLanguage\":\"sv-SE\",\"@id\":\"https:\/\/ethnica.style\/sv\/product\/fairy-cardigan\/#primaryimage\",\"url\":\"https:\/\/ethnica.style\/wp-content\/uploads\/2025\/08\/fairy_cardigan01.jpg\",\"contentUrl\":\"https:\/\/ethnica.style\/wp-content\/uploads\/2025\/08\/fairy_cardigan01.jpg\",\"width\":1024,\"height\":1539,\"caption\":\"Fairy Cardigan\"},{\"@type\":\"BreadcrumbList\",\"@id\":\"https:\/\/ethnica.style\/sv\/product\/fairy-cardigan\/#breadcrumb\",\"itemListElement\":[{\"@type\":\"ListItem\",\"position\":1,\"name\":\"Home\",\"item\":\"https:\/\/ethnica.style\/sv\/\"},{\"@type\":\"ListItem\",\"position\":2,\"name\":\"Butik\",\"item\":\"https:\/\/ethnica.style\/sv\/butik\/\"},{\"@type\":\"ListItem\",\"position\":3,\"name\":\"Fairy Cardigan\"}]},{\"@type\":\"WebSite\",\"@id\":\"https:\/\/ethnica.style\/sv\/#website\",\"url\":\"https:\/\/ethnica.style\/sv\/\",\"name\":\"Ethnica Style\",\"description\":\"\",\"publisher\":{\"@id\":\"https:\/\/ethnica.style\/sv\/#organization\"},\"potentialAction\":[{\"@type\":\"SearchAction\",\"target\":{\"@type\":\"EntryPoint\",\"urlTemplate\":\"https:\/\/ethnica.style\/sv\/?s={search_term_string}\"},\"query-input\":{\"@type\":\"PropertyValueSpecification\",\"valueRequired\":true,\"valueName\":\"search_term_string\"}}],\"inLanguage\":\"sv-SE\"},{\"@type\":\"Organization\",\"@id\":\"https:\/\/ethnica.style\/sv\/#organization\",\"name\":\"Ethnica Style\",\"url\":\"https:\/\/ethnica.style\/sv\/\",\"logo\":{\"@type\":\"ImageObject\",\"inLanguage\":\"sv-SE\",\"@id\":\"https:\/\/ethnica.style\/sv\/#\/schema\/logo\/image\/\",\"url\":\"https:\/\/ethnica.style\/wp-content\/uploads\/2024\/10\/group-5-1.svg\",\"contentUrl\":\"https:\/\/ethnica.style\/wp-content\/uploads\/2024\/10\/group-5-1.svg\",\"width\":1,\"height\":1,\"caption\":\"Ethnica Style\"},\"image\":{\"@id\":\"https:\/\/ethnica.style\/sv\/#\/schema\/logo\/image\/\"}}]}<\/script>\n<!-- \/ Yoast SEO plugin. -->","yoast_head_json":{"title":"Fairy Cardigan - Ethnica Style Fairy Cardigan","description":"Fairy Cardigan tillverkad av kid mohair, silke och merinoull. Mjuk, varm och elegant med en olivf\u00e4rgad nyans \u2013 perfekt f\u00f6r lager p\u00e5 lager i kallare v\u00e4der.","robots":{"index":"index","follow":"follow","max-snippet":"max-snippet:-1","max-image-preview":"max-image-preview:large","max-video-preview":"max-video-preview:-1"},"canonical":"https:\/\/ethnica.style\/sv\/product\/fairy-cardigan\/","og_locale":"sv_SE","og_type":"article","og_title":"Fairy Cardigan - Ethnica Style Fairy Cardigan","og_description":"Fairy Cardigan tillverkad av kid mohair, silke och merinoull. Mjuk, varm och elegant med en olivf\u00e4rgad nyans \u2013 perfekt f\u00f6r lager p\u00e5 lager i kallare v\u00e4der.","og_url":"https:\/\/ethnica.style\/sv\/product\/fairy-cardigan\/","og_site_name":"Ethnica Style","article_modified_time":"2025-09-03T08:03:45+00:00","og_image":[{"width":1024,"height":1539,"url":"https:\/\/ethnica.style\/wp-content\/uploads\/2025\/08\/fairy_cardigan01.jpg","type":"image\/jpeg"}],"twitter_card":"summary_large_image","twitter_misc":{"Ber\u00e4knad l\u00e4stid":"1 minut"},"schema":{"@context":"https:\/\/schema.org","@graph":[{"@type":"WebPage","@id":"https:\/\/ethnica.style\/sv\/product\/fairy-cardigan\/","url":"https:\/\/ethnica.style\/sv\/product\/fairy-cardigan\/","name":"Fairy Cardigan - Ethnica Style Fairy Cardigan","isPartOf":{"@id":"https:\/\/ethnica.style\/sv\/#website"},"primaryImageOfPage":{"@id":"https:\/\/ethnica.style\/sv\/product\/fairy-cardigan\/#primaryimage"},"image":{"@id":"https:\/\/ethnica.style\/sv\/product\/fairy-cardigan\/#primaryimage"},"thumbnailUrl":"https:\/\/ethnica.style\/wp-content\/uploads\/2025\/08\/fairy_cardigan01.jpg","datePublished":"2025-08-10T08:43:31+00:00","dateModified":"2025-09-03T08:03:45+00:00","description":"Fairy Cardigan tillverkad av kid mohair, silke och merinoull. Mjuk, varm och elegant med en olivf\u00e4rgad nyans \u2013 perfekt f\u00f6r lager p\u00e5 lager i kallare v\u00e4der.","breadcrumb":{"@id":"https:\/\/ethnica.style\/sv\/product\/fairy-cardigan\/#breadcrumb"},"inLanguage":"sv-SE","potentialAction":[{"@type":"ReadAction","target":["https:\/\/ethnica.style\/sv\/product\/fairy-cardigan\/"]}]},{"@type":"ImageObject","inLanguage":"sv-SE","@id":"https:\/\/ethnica.style\/sv\/product\/fairy-cardigan\/#primaryimage","url":"https:\/\/ethnica.style\/wp-content\/uploads\/2025\/08\/fairy_cardigan01.jpg","contentUrl":"https:\/\/ethnica.style\/wp-content\/uploads\/2025\/08\/fairy_cardigan01.jpg","width":1024,"height":1539,"caption":"Fairy Cardigan"},{"@type":"BreadcrumbList","@id":"https:\/\/ethnica.style\/sv\/product\/fairy-cardigan\/#breadcrumb","itemListElement":[{"@type":"ListItem","position":1,"name":"Home","item":"https:\/\/ethnica.style\/sv\/"},{"@type":"ListItem","position":2,"name":"Butik","item":"https:\/\/ethnica.style\/sv\/butik\/"},{"@type":"ListItem","position":3,"name":"Fairy Cardigan"}]},{"@type":"WebSite","@id":"https:\/\/ethnica.style\/sv\/#website","url":"https:\/\/ethnica.style\/sv\/","name":"Ethnica Style","description":"","publisher":{"@id":"https:\/\/ethnica.style\/sv\/#organization"},"potentialAction":[{"@type":"SearchAction","target":{"@type":"EntryPoint","urlTemplate":"https:\/\/ethnica.style\/sv\/?s={search_term_string}"},"query-input":{"@type":"PropertyValueSpecification","valueRequired":true,"valueName":"search_term_string"}}],"inLanguage":"sv-SE"},{"@type":"Organization","@id":"https:\/\/ethnica.style\/sv\/#organization","name":"Ethnica Style","url":"https:\/\/ethnica.style\/sv\/","logo":{"@type":"ImageObject","inLanguage":"sv-SE","@id":"https:\/\/ethnica.style\/sv\/#\/schema\/logo\/image\/","url":"https:\/\/ethnica.style\/wp-content\/uploads\/2024\/10\/group-5-1.svg","contentUrl":"https:\/\/ethnica.style\/wp-content\/uploads\/2024\/10\/group-5-1.svg","width":1,"height":1,"caption":"Ethnica Style"},"image":{"@id":"https:\/\/ethnica.style\/sv\/#\/schema\/logo\/image\/"}}]}},"_links":{"self":[{"href":"https:\/\/ethnica.style\/sv\/wp-json\/wp\/v2\/product\/2541","targetHints":{"allow":["GET"]}}],"collection":[{"href":"https:\/\/ethnica.style\/sv\/wp-json\/wp\/v2\/product"}],"about":[{"href":"https:\/\/ethnica.style\/sv\/wp-json\/wp\/v2\/types\/product"}],"replies":[{"embeddable":true,"href":"https:\/\/ethnica.style\/sv\/wp-json\/wp\/v2\/comments?post=2541"}],"wp:featuredmedia":[{"embeddable":true,"href":"https:\/\/ethnica.style\/sv\/wp-json\/wp\/v2\/media\/2546"}],"wp:attachment":[{"href":"https:\/\/ethnica.style\/sv\/wp-json\/wp\/v2\/media?parent=2541"}],"wp:term":[{"taxonomy":"product_brand","embeddable":true,"href":"https:\/\/ethnica.style\/sv\/wp-json\/wp\/v2\/product_brand?post=2541"},{"taxonomy":"product_cat","embeddable":true,"href":"https:\/\/ethnica.style\/sv\/wp-json\/wp\/v2\/product_cat?post=2541"},{"taxonomy":"product_tag","embeddable":true,"href":"https:\/\/ethnica.style\/sv\/wp-json\/wp\/v2\/product_tag?post=2541"}],"curies":[{"name":"wp","href":"https:\/\/api.w.org\/{rel}","templated":true}]}}