{"id":2562,"date":"2025-08-10T08:43:30","date_gmt":"2025-08-10T08:43:30","guid":{"rendered":"https:\/\/ethnica.style\/product\/fantasy-kofta\/"},"modified":"2025-09-03T09:17:52","modified_gmt":"2025-09-03T09:17:52","slug":"fantasy-kofta","status":"publish","type":"product","link":"https:\/\/ethnica.style\/sv\/product\/fantasy-kofta\/","title":{"rendered":"Fantasy kofta"},"content":{"rendered":"<p data-start=\"161\" data-end=\"463\"><strong data-start=\"161\" data-end=\"197\">Vi presenterar v\u00e5r Fantasy Cardigan<\/strong>, en blandning av mysig <a href=\"https:\/\/ethnica.style\/sv\/\">komfort<\/a> och livfull stil. Den h\u00e4r koftan har en h\u00e4rlig vaniljnyans och f\u00e4rgglada r\u00e4nder som ger en lekfull touch till vilken ensemble som helst. Fantasy Cardigan har en gratis silhuettdesign och en m\u00e5ngsidighet som passar alla, lyfter din look med en<a href=\"https:\/\/en.wikipedia.org\/wiki\/Sweden\"> touch<\/a> av fantasi och stil.  <\/p>\n<p data-start=\"465\" data-end=\"510\"><strong data-start=\"465\" data-end=\"474\">Not:<\/strong> Modellen \u00e4r 167 cm och b\u00e4r en storlek.<\/p>\n<p data-start=\"512\" data-end=\"622\">Vi ber dig v\u00e4nligen att kontrollera l\u00e4ngden och bredden p\u00e5 detta \u00f6verdimensionerade plagg:<br data-start=\"586\" data-end=\"589\"><strong data-start=\"589\" data-end=\"600\">L\u00e4ngd:<\/strong> 65cm; <strong data-start=\"607\" data-end=\"617\">Bredd:<\/strong> 60cm<\/p>\n<p data-start=\"624\" data-end=\"653\">Designad och tillverkad i Ukraina.<\/p>\n<p data-start=\"655\" data-end=\"743\">Om du beh\u00f6ver f\u00f6rtydligande om storlek \u00e4r du v\u00e4lkommen att kontakta oss \u2013 vi hj\u00e4lper dig g\u00e4rna.<\/p>\n","protected":false},"excerpt":{"rendered":"<p>Vi presenterar v\u00e5r Fantasy Cardigan, en blandning av mysig komfort och livfull stil. Den h\u00e4r koftan har en h\u00e4rlig vaniljnyans och f\u00e4rgglada r\u00e4nder som ger en lekfull touch till vilken ensemble som helst. Fantasy Cardigan har en gratis silhuettdesign och en m\u00e5ngsidighet som passar alla, lyfter din look med en touch av fantasi och stil. [&#8230;]\n","protected":false},"featured_media":2564,"comment_status":"open","ping_status":"closed","template":"","meta":{"_acf_changed":false},"product_brand":[],"product_cat":[102,90,101],"product_tag":[],"class_list":{"0":"post-2562","1":"product","2":"type-product","3":"status-publish","4":"has-post-thumbnail","6":"product_cat-koftor","7":"product_cat-kvinnor","8":"product_cat-nyanlanda","10":"first","11":"instock","12":"taxable","13":"shipping-taxable","14":"purchasable","15":"product-type-variable"},"acf":[],"yoast_head":"<!-- This site is optimized with the Yoast SEO plugin v26.6 - https:\/\/yoast.com\/wordpress\/plugins\/seo\/ -->\n<title>- fantasy-kofta<\/title>\n<meta name=\"description\" content=\"L\u00e4gg till en lekfull touch till din look med v\u00e5r vanilj Fantasy Cardigan - f\u00e4rgglad, mysig och one-size-fits-all. Designad och tillverkad i Ukraina.\" \/>\n<meta name=\"robots\" content=\"index, follow, max-snippet:-1, max-image-preview:large, max-video-preview:-1\" \/>\n<link rel=\"canonical\" href=\"https:\/\/ethnica.style\/sv\/product\/fantasy-kofta\/\" \/>\n<meta property=\"og:locale\" content=\"sv_SE\" \/>\n<meta property=\"og:type\" content=\"article\" \/>\n<meta property=\"og:title\" content=\"- fantasy-kofta\" \/>\n<meta property=\"og:description\" content=\"L\u00e4gg till en lekfull touch till din look med v\u00e5r vanilj Fantasy Cardigan - f\u00e4rgglad, mysig och one-size-fits-all. Designad och tillverkad i Ukraina.\" \/>\n<meta property=\"og:url\" content=\"https:\/\/ethnica.style\/sv\/product\/fantasy-kofta\/\" \/>\n<meta property=\"og:site_name\" content=\"Ethnica Style\" \/>\n<meta property=\"article:modified_time\" content=\"2025-09-03T09:17:52+00:00\" \/>\n<meta property=\"og:image\" content=\"https:\/\/ethnica.style\/wp-content\/uploads\/2025\/08\/image-2024-05-10-141502.jpg\" \/>\n\t<meta property=\"og:image:width\" content=\"852\" \/>\n\t<meta property=\"og:image:height\" content=\"958\" \/>\n\t<meta property=\"og:image:type\" content=\"image\/jpeg\" \/>\n<meta name=\"twitter:card\" content=\"summary_large_image\" \/>\n<meta name=\"twitter:label1\" content=\"Ber\u00e4knad l\u00e4stid\" \/>\n\t<meta name=\"twitter:data1\" content=\"1 minut\" \/>\n<script type=\"application\/ld+json\" class=\"yoast-schema-graph\">{\"@context\":\"https:\/\/schema.org\",\"@graph\":[{\"@type\":\"WebPage\",\"@id\":\"https:\/\/ethnica.style\/sv\/product\/fantasy-kofta\/\",\"url\":\"https:\/\/ethnica.style\/sv\/product\/fantasy-kofta\/\",\"name\":\"- fantasy-kofta\",\"isPartOf\":{\"@id\":\"https:\/\/ethnica.style\/sv\/#website\"},\"primaryImageOfPage\":{\"@id\":\"https:\/\/ethnica.style\/sv\/product\/fantasy-kofta\/#primaryimage\"},\"image\":{\"@id\":\"https:\/\/ethnica.style\/sv\/product\/fantasy-kofta\/#primaryimage\"},\"thumbnailUrl\":\"https:\/\/ethnica.style\/wp-content\/uploads\/2025\/08\/image-2024-05-10-141502.jpg\",\"datePublished\":\"2025-08-10T08:43:30+00:00\",\"dateModified\":\"2025-09-03T09:17:52+00:00\",\"description\":\"L\u00e4gg till en lekfull touch till din look med v\u00e5r vanilj Fantasy Cardigan - f\u00e4rgglad, mysig och one-size-fits-all. Designad och tillverkad i Ukraina.\",\"breadcrumb\":{\"@id\":\"https:\/\/ethnica.style\/sv\/product\/fantasy-kofta\/#breadcrumb\"},\"inLanguage\":\"sv-SE\",\"potentialAction\":[{\"@type\":\"ReadAction\",\"target\":[\"https:\/\/ethnica.style\/sv\/product\/fantasy-kofta\/\"]}]},{\"@type\":\"ImageObject\",\"inLanguage\":\"sv-SE\",\"@id\":\"https:\/\/ethnica.style\/sv\/product\/fantasy-kofta\/#primaryimage\",\"url\":\"https:\/\/ethnica.style\/wp-content\/uploads\/2025\/08\/image-2024-05-10-141502.jpg\",\"contentUrl\":\"https:\/\/ethnica.style\/wp-content\/uploads\/2025\/08\/image-2024-05-10-141502.jpg\",\"width\":852,\"height\":958,\"caption\":\"Fantasy Cardigan\"},{\"@type\":\"BreadcrumbList\",\"@id\":\"https:\/\/ethnica.style\/sv\/product\/fantasy-kofta\/#breadcrumb\",\"itemListElement\":[{\"@type\":\"ListItem\",\"position\":1,\"name\":\"Home\",\"item\":\"https:\/\/ethnica.style\/sv\/\"},{\"@type\":\"ListItem\",\"position\":2,\"name\":\"Butik\",\"item\":\"https:\/\/ethnica.style\/sv\/butik\/\"},{\"@type\":\"ListItem\",\"position\":3,\"name\":\"Fantasy kofta\"}]},{\"@type\":\"WebSite\",\"@id\":\"https:\/\/ethnica.style\/sv\/#website\",\"url\":\"https:\/\/ethnica.style\/sv\/\",\"name\":\"Ethnica Style\",\"description\":\"\",\"publisher\":{\"@id\":\"https:\/\/ethnica.style\/sv\/#organization\"},\"potentialAction\":[{\"@type\":\"SearchAction\",\"target\":{\"@type\":\"EntryPoint\",\"urlTemplate\":\"https:\/\/ethnica.style\/sv\/?s={search_term_string}\"},\"query-input\":{\"@type\":\"PropertyValueSpecification\",\"valueRequired\":true,\"valueName\":\"search_term_string\"}}],\"inLanguage\":\"sv-SE\"},{\"@type\":\"Organization\",\"@id\":\"https:\/\/ethnica.style\/sv\/#organization\",\"name\":\"Ethnica Style\",\"url\":\"https:\/\/ethnica.style\/sv\/\",\"logo\":{\"@type\":\"ImageObject\",\"inLanguage\":\"sv-SE\",\"@id\":\"https:\/\/ethnica.style\/sv\/#\/schema\/logo\/image\/\",\"url\":\"https:\/\/ethnica.style\/wp-content\/uploads\/2024\/10\/group-5-1.svg\",\"contentUrl\":\"https:\/\/ethnica.style\/wp-content\/uploads\/2024\/10\/group-5-1.svg\",\"width\":1,\"height\":1,\"caption\":\"Ethnica Style\"},\"image\":{\"@id\":\"https:\/\/ethnica.style\/sv\/#\/schema\/logo\/image\/\"}}]}<\/script>\n<!-- \/ Yoast SEO plugin. -->","yoast_head_json":{"title":"- fantasy-kofta","description":"L\u00e4gg till en lekfull touch till din look med v\u00e5r vanilj Fantasy Cardigan - f\u00e4rgglad, mysig och one-size-fits-all. Designad och tillverkad i Ukraina.","robots":{"index":"index","follow":"follow","max-snippet":"max-snippet:-1","max-image-preview":"max-image-preview:large","max-video-preview":"max-video-preview:-1"},"canonical":"https:\/\/ethnica.style\/sv\/product\/fantasy-kofta\/","og_locale":"sv_SE","og_type":"article","og_title":"- fantasy-kofta","og_description":"L\u00e4gg till en lekfull touch till din look med v\u00e5r vanilj Fantasy Cardigan - f\u00e4rgglad, mysig och one-size-fits-all. Designad och tillverkad i Ukraina.","og_url":"https:\/\/ethnica.style\/sv\/product\/fantasy-kofta\/","og_site_name":"Ethnica Style","article_modified_time":"2025-09-03T09:17:52+00:00","og_image":[{"width":852,"height":958,"url":"https:\/\/ethnica.style\/wp-content\/uploads\/2025\/08\/image-2024-05-10-141502.jpg","type":"image\/jpeg"}],"twitter_card":"summary_large_image","twitter_misc":{"Ber\u00e4knad l\u00e4stid":"1 minut"},"schema":{"@context":"https:\/\/schema.org","@graph":[{"@type":"WebPage","@id":"https:\/\/ethnica.style\/sv\/product\/fantasy-kofta\/","url":"https:\/\/ethnica.style\/sv\/product\/fantasy-kofta\/","name":"- fantasy-kofta","isPartOf":{"@id":"https:\/\/ethnica.style\/sv\/#website"},"primaryImageOfPage":{"@id":"https:\/\/ethnica.style\/sv\/product\/fantasy-kofta\/#primaryimage"},"image":{"@id":"https:\/\/ethnica.style\/sv\/product\/fantasy-kofta\/#primaryimage"},"thumbnailUrl":"https:\/\/ethnica.style\/wp-content\/uploads\/2025\/08\/image-2024-05-10-141502.jpg","datePublished":"2025-08-10T08:43:30+00:00","dateModified":"2025-09-03T09:17:52+00:00","description":"L\u00e4gg till en lekfull touch till din look med v\u00e5r vanilj Fantasy Cardigan - f\u00e4rgglad, mysig och one-size-fits-all. Designad och tillverkad i Ukraina.","breadcrumb":{"@id":"https:\/\/ethnica.style\/sv\/product\/fantasy-kofta\/#breadcrumb"},"inLanguage":"sv-SE","potentialAction":[{"@type":"ReadAction","target":["https:\/\/ethnica.style\/sv\/product\/fantasy-kofta\/"]}]},{"@type":"ImageObject","inLanguage":"sv-SE","@id":"https:\/\/ethnica.style\/sv\/product\/fantasy-kofta\/#primaryimage","url":"https:\/\/ethnica.style\/wp-content\/uploads\/2025\/08\/image-2024-05-10-141502.jpg","contentUrl":"https:\/\/ethnica.style\/wp-content\/uploads\/2025\/08\/image-2024-05-10-141502.jpg","width":852,"height":958,"caption":"Fantasy Cardigan"},{"@type":"BreadcrumbList","@id":"https:\/\/ethnica.style\/sv\/product\/fantasy-kofta\/#breadcrumb","itemListElement":[{"@type":"ListItem","position":1,"name":"Home","item":"https:\/\/ethnica.style\/sv\/"},{"@type":"ListItem","position":2,"name":"Butik","item":"https:\/\/ethnica.style\/sv\/butik\/"},{"@type":"ListItem","position":3,"name":"Fantasy kofta"}]},{"@type":"WebSite","@id":"https:\/\/ethnica.style\/sv\/#website","url":"https:\/\/ethnica.style\/sv\/","name":"Ethnica Style","description":"","publisher":{"@id":"https:\/\/ethnica.style\/sv\/#organization"},"potentialAction":[{"@type":"SearchAction","target":{"@type":"EntryPoint","urlTemplate":"https:\/\/ethnica.style\/sv\/?s={search_term_string}"},"query-input":{"@type":"PropertyValueSpecification","valueRequired":true,"valueName":"search_term_string"}}],"inLanguage":"sv-SE"},{"@type":"Organization","@id":"https:\/\/ethnica.style\/sv\/#organization","name":"Ethnica Style","url":"https:\/\/ethnica.style\/sv\/","logo":{"@type":"ImageObject","inLanguage":"sv-SE","@id":"https:\/\/ethnica.style\/sv\/#\/schema\/logo\/image\/","url":"https:\/\/ethnica.style\/wp-content\/uploads\/2024\/10\/group-5-1.svg","contentUrl":"https:\/\/ethnica.style\/wp-content\/uploads\/2024\/10\/group-5-1.svg","width":1,"height":1,"caption":"Ethnica Style"},"image":{"@id":"https:\/\/ethnica.style\/sv\/#\/schema\/logo\/image\/"}}]}},"_links":{"self":[{"href":"https:\/\/ethnica.style\/sv\/wp-json\/wp\/v2\/product\/2562","targetHints":{"allow":["GET"]}}],"collection":[{"href":"https:\/\/ethnica.style\/sv\/wp-json\/wp\/v2\/product"}],"about":[{"href":"https:\/\/ethnica.style\/sv\/wp-json\/wp\/v2\/types\/product"}],"replies":[{"embeddable":true,"href":"https:\/\/ethnica.style\/sv\/wp-json\/wp\/v2\/comments?post=2562"}],"wp:featuredmedia":[{"embeddable":true,"href":"https:\/\/ethnica.style\/sv\/wp-json\/wp\/v2\/media\/2564"}],"wp:attachment":[{"href":"https:\/\/ethnica.style\/sv\/wp-json\/wp\/v2\/media?parent=2562"}],"wp:term":[{"taxonomy":"product_brand","embeddable":true,"href":"https:\/\/ethnica.style\/sv\/wp-json\/wp\/v2\/product_brand?post=2562"},{"taxonomy":"product_cat","embeddable":true,"href":"https:\/\/ethnica.style\/sv\/wp-json\/wp\/v2\/product_cat?post=2562"},{"taxonomy":"product_tag","embeddable":true,"href":"https:\/\/ethnica.style\/sv\/wp-json\/wp\/v2\/product_tag?post=2562"}],"curies":[{"name":"wp","href":"https:\/\/api.w.org\/{rel}","templated":true}]}}