{"id":2563,"date":"2025-08-10T08:43:31","date_gmt":"2025-08-10T08:43:31","guid":{"rendered":"https:\/\/ethnica.style\/product\/solig-runisk-blus\/"},"modified":"2025-08-10T11:08:40","modified_gmt":"2025-08-10T11:08:40","slug":"solig-runisk-blus","status":"publish","type":"product","link":"https:\/\/ethnica.style\/sv\/product\/solig-runisk-blus\/","title":{"rendered":"Solig runisk blus"},"content":{"rendered":"<div class=\"flex flex-grow flex-col max-w-full\">\n<div class=\"min-h-[20px] text-message flex flex-col items-start whitespace-pre-wrap break-words [.text-message+&amp;]:mt-5 juice:w-full juice:items-end overflow-x-auto gap-2\" dir=\"auto\" data-message-author-role=\"assistant\" data-message-id=\"4e82f274-0468-4cf4-a2da-885296f3bf3a\">\n<div class=\"flex w-full flex-col gap-1 juice:empty:hidden juice:first:pt-[3px]\">\n<div class=\"markdown prose w-full break-words dark:prose-invert light\">\n<p data-start=\"286\" data-end=\"705\">Lyft din vardagsgarderob med <strong data-start=\"351\" data-end=\"373\">Sunny Runic Blouse<\/strong>, ett enast\u00e5ende plagg tillverkat av f\u00f6rstklassigt naturligt linne. Den h\u00e4r blusen \u00e4r designad f\u00f6r den moderna kvinnan som v\u00e4rdes\u00e4tter b\u00e5de komfort och individualitet och kombinerar konstn\u00e4rliga detaljer med en tidl\u00f6s silhuett. Det i\u00f6gonfallande runinspirerade broderiet \u00f6ver framsidan och \u00e4rmarna ger en mystisk charm och f\u00e5ngar b\u00e5de uppm\u00e4rksamhet <a href=\"https:\/\/ethnica.style\/sv\/\">och<\/a> fantasi.<\/p>\n<p data-start=\"707\" data-end=\"1050\">Dess eleganta puffiga \u00e4rmar ger volym utan att \u00f6verv\u00e4ldiga formen, vilket ger en smickrande, moderiktig passform. Oavsett om du matchar den med skr\u00e4ddarsydda byxor f\u00f6r en polerad look eller stylar den avslappnat med denim, anpassar sig den h\u00e4r blusen enkelt till din dag. Den <a href=\"https:\/\/en.wikipedia.org\/wiki\/Sweden\">fria<\/a> silhuettdesignen s\u00e4kerst\u00e4ller enkel r\u00f6relse samtidigt som den bibeh\u00e5ller ett graci\u00f6st fall.<\/p>\n<p data-start=\"1052\" data-end=\"1317\">Det som verkligen skiljer <strong data-start=\"1072\" data-end=\"1094\">Sunny Runic Blouse<\/strong> \u00e5t \u00e4r dess uts\u00f6kta hantverk. Den \u00e4r tillverkad av linne som andas och \u00e4r perfekt f\u00f6r varma dagar och \u00f6verg\u00e5ngss\u00e4songer. Broderiet frammanar ur\u00e5ldriga symboler och ber\u00e4ttelser och f\u00f6rvandlar en basvara i garderoben till en b\u00e4rbar ber\u00e4ttelse.<\/p>\n<p data-start=\"1319\" data-end=\"1491\">Modellen \u00e4r 167 cm l\u00e5ng och b\u00e4r storlek S.<br data-start=\"1356\" data-end=\"1359\" \/>Gratis silhuettmodell f\u00f6r en avslappnad passform.<br data-start=\"1399\" data-end=\"1402\" \/>Sammans\u00e4ttning: 100% naturligt linne<br data-start=\"1433\" data-end=\"1436\" \/>Broderiteknik: broderi med satins\u00f6m<\/p>\n<p data-start=\"1493\" data-end=\"1613\">Om du beh\u00f6ver f\u00f6rtydligande om storlek \u00e4r du v\u00e4lkommen att kontakta oss. Vi hj\u00e4lper dig g\u00e4rna att hitta den perfekta passformen.<\/p>\n<p data-start=\"1615\" data-end=\"1729\">Kliv sj\u00e4lvs\u00e4kert in i s\u00e4songen med den h\u00e4r statement-blusen som hyllar arv, konstn\u00e4rskap och modern design.<\/p>\n<\/div>\n<\/div>\n<\/div>\n<\/div>\n","protected":false},"excerpt":{"rendered":"<p>Lyft din vardagsgarderob med Sunny Runic Blouse, ett enast\u00e5ende plagg tillverkat av f\u00f6rstklassigt naturligt linne. Den h\u00e4r blusen \u00e4r designad f\u00f6r den moderna kvinnan som v\u00e4rdes\u00e4tter b\u00e5de komfort och individualitet och kombinerar konstn\u00e4rliga detaljer med en tidl\u00f6s silhuett. Det i\u00f6gonfallande runinspirerade broderiet \u00f6ver framsidan och \u00e4rmarna ger en mystisk charm och f\u00e5ngar b\u00e5de uppm\u00e4rksamhet och [&#8230;]\n","protected":false},"featured_media":2567,"comment_status":"open","ping_status":"closed","template":"","meta":{"_acf_changed":false},"product_brand":[],"product_cat":[106,90],"product_tag":[],"class_list":{"0":"post-2563","1":"product","2":"type-product","3":"status-publish","4":"has-post-thumbnail","6":"product_cat-blusar","7":"product_cat-kvinnor","9":"first","10":"instock","11":"taxable","12":"shipping-taxable","13":"purchasable","14":"product-type-variable"},"acf":[],"yoast_head":"<!-- This site is optimized with the Yoast SEO plugin v26.6 - https:\/\/yoast.com\/wordpress\/plugins\/seo\/ -->\n<title>Solig runisk blus<\/title>\n<meta name=\"description\" content=\"Kliv in i stilen med Sunny Runic Blouse \u2013 en f\u00f6rstklassig linneskjorta med chica puff\u00e4rmar och dj\u00e4rva runinspirerade broderier. Ett m\u00e5ste f\u00f6r lyx.\" \/>\n<meta name=\"robots\" content=\"index, follow, max-snippet:-1, max-image-preview:large, max-video-preview:-1\" \/>\n<link rel=\"canonical\" href=\"https:\/\/ethnica.style\/sv\/product\/solig-runisk-blus\/\" \/>\n<meta property=\"og:locale\" content=\"sv_SE\" \/>\n<meta property=\"og:type\" content=\"article\" \/>\n<meta property=\"og:title\" content=\"Solig runisk blus\" \/>\n<meta property=\"og:description\" content=\"Kliv in i stilen med Sunny Runic Blouse \u2013 en f\u00f6rstklassig linneskjorta med chica puff\u00e4rmar och dj\u00e4rva runinspirerade broderier. Ett m\u00e5ste f\u00f6r lyx.\" \/>\n<meta property=\"og:url\" content=\"https:\/\/ethnica.style\/sv\/product\/solig-runisk-blus\/\" \/>\n<meta property=\"og:site_name\" content=\"Ethnica Style\" \/>\n<meta property=\"article:modified_time\" content=\"2025-08-10T11:08:40+00:00\" \/>\n<meta property=\"og:image\" content=\"https:\/\/ethnica.style\/wp-content\/uploads\/2025\/08\/iris-blouse-01-1.jpg\" \/>\n\t<meta property=\"og:image:width\" content=\"800\" \/>\n\t<meta property=\"og:image:height\" content=\"1200\" \/>\n\t<meta property=\"og:image:type\" content=\"image\/jpeg\" \/>\n<meta name=\"twitter:card\" content=\"summary_large_image\" \/>\n<meta name=\"twitter:label1\" content=\"Ber\u00e4knad l\u00e4stid\" \/>\n\t<meta name=\"twitter:data1\" content=\"2 minuter\" \/>\n<script type=\"application\/ld+json\" class=\"yoast-schema-graph\">{\"@context\":\"https:\/\/schema.org\",\"@graph\":[{\"@type\":\"WebPage\",\"@id\":\"https:\/\/ethnica.style\/sv\/product\/solig-runisk-blus\/\",\"url\":\"https:\/\/ethnica.style\/sv\/product\/solig-runisk-blus\/\",\"name\":\"Solig runisk blus\",\"isPartOf\":{\"@id\":\"https:\/\/ethnica.style\/sv\/#website\"},\"primaryImageOfPage\":{\"@id\":\"https:\/\/ethnica.style\/sv\/product\/solig-runisk-blus\/#primaryimage\"},\"image\":{\"@id\":\"https:\/\/ethnica.style\/sv\/product\/solig-runisk-blus\/#primaryimage\"},\"thumbnailUrl\":\"https:\/\/ethnica.style\/wp-content\/uploads\/2025\/08\/iris-blouse-01.jpg\",\"datePublished\":\"2025-08-10T08:43:31+00:00\",\"dateModified\":\"2025-08-10T11:08:40+00:00\",\"description\":\"Kliv in i stilen med Sunny Runic Blouse \u2013 en f\u00f6rstklassig linneskjorta med chica puff\u00e4rmar och dj\u00e4rva runinspirerade broderier. Ett m\u00e5ste f\u00f6r lyx.\",\"breadcrumb\":{\"@id\":\"https:\/\/ethnica.style\/sv\/product\/solig-runisk-blus\/#breadcrumb\"},\"inLanguage\":\"sv-SE\",\"potentialAction\":[{\"@type\":\"ReadAction\",\"target\":[\"https:\/\/ethnica.style\/sv\/product\/solig-runisk-blus\/\"]}]},{\"@type\":\"ImageObject\",\"inLanguage\":\"sv-SE\",\"@id\":\"https:\/\/ethnica.style\/sv\/product\/solig-runisk-blus\/#primaryimage\",\"url\":\"https:\/\/ethnica.style\/wp-content\/uploads\/2025\/08\/iris-blouse-01.jpg\",\"contentUrl\":\"https:\/\/ethnica.style\/wp-content\/uploads\/2025\/08\/iris-blouse-01.jpg\",\"width\":800,\"height\":1200,\"caption\":\"Sunny Runic Blouse\"},{\"@type\":\"BreadcrumbList\",\"@id\":\"https:\/\/ethnica.style\/sv\/product\/solig-runisk-blus\/#breadcrumb\",\"itemListElement\":[{\"@type\":\"ListItem\",\"position\":1,\"name\":\"Home\",\"item\":\"https:\/\/ethnica.style\/sv\/\"},{\"@type\":\"ListItem\",\"position\":2,\"name\":\"Butik\",\"item\":\"https:\/\/ethnica.style\/sv\/butik\/\"},{\"@type\":\"ListItem\",\"position\":3,\"name\":\"Solig runisk blus\"}]},{\"@type\":\"WebSite\",\"@id\":\"https:\/\/ethnica.style\/sv\/#website\",\"url\":\"https:\/\/ethnica.style\/sv\/\",\"name\":\"Ethnica Style\",\"description\":\"\",\"publisher\":{\"@id\":\"https:\/\/ethnica.style\/sv\/#organization\"},\"potentialAction\":[{\"@type\":\"SearchAction\",\"target\":{\"@type\":\"EntryPoint\",\"urlTemplate\":\"https:\/\/ethnica.style\/sv\/?s={search_term_string}\"},\"query-input\":{\"@type\":\"PropertyValueSpecification\",\"valueRequired\":true,\"valueName\":\"search_term_string\"}}],\"inLanguage\":\"sv-SE\"},{\"@type\":\"Organization\",\"@id\":\"https:\/\/ethnica.style\/sv\/#organization\",\"name\":\"Ethnica Style\",\"url\":\"https:\/\/ethnica.style\/sv\/\",\"logo\":{\"@type\":\"ImageObject\",\"inLanguage\":\"sv-SE\",\"@id\":\"https:\/\/ethnica.style\/sv\/#\/schema\/logo\/image\/\",\"url\":\"https:\/\/ethnica.style\/wp-content\/uploads\/2024\/10\/group-5-1.svg\",\"contentUrl\":\"https:\/\/ethnica.style\/wp-content\/uploads\/2024\/10\/group-5-1.svg\",\"width\":1,\"height\":1,\"caption\":\"Ethnica Style\"},\"image\":{\"@id\":\"https:\/\/ethnica.style\/sv\/#\/schema\/logo\/image\/\"}}]}<\/script>\n<!-- \/ Yoast SEO plugin. -->","yoast_head_json":{"title":"Solig runisk blus","description":"Kliv in i stilen med Sunny Runic Blouse \u2013 en f\u00f6rstklassig linneskjorta med chica puff\u00e4rmar och dj\u00e4rva runinspirerade broderier. Ett m\u00e5ste f\u00f6r lyx.","robots":{"index":"index","follow":"follow","max-snippet":"max-snippet:-1","max-image-preview":"max-image-preview:large","max-video-preview":"max-video-preview:-1"},"canonical":"https:\/\/ethnica.style\/sv\/product\/solig-runisk-blus\/","og_locale":"sv_SE","og_type":"article","og_title":"Solig runisk blus","og_description":"Kliv in i stilen med Sunny Runic Blouse \u2013 en f\u00f6rstklassig linneskjorta med chica puff\u00e4rmar och dj\u00e4rva runinspirerade broderier. Ett m\u00e5ste f\u00f6r lyx.","og_url":"https:\/\/ethnica.style\/sv\/product\/solig-runisk-blus\/","og_site_name":"Ethnica Style","article_modified_time":"2025-08-10T11:08:40+00:00","og_image":[{"width":800,"height":1200,"url":"https:\/\/ethnica.style\/wp-content\/uploads\/2025\/08\/iris-blouse-01-1.jpg","type":"image\/jpeg"}],"twitter_card":"summary_large_image","twitter_misc":{"Ber\u00e4knad l\u00e4stid":"2 minuter"},"schema":{"@context":"https:\/\/schema.org","@graph":[{"@type":"WebPage","@id":"https:\/\/ethnica.style\/sv\/product\/solig-runisk-blus\/","url":"https:\/\/ethnica.style\/sv\/product\/solig-runisk-blus\/","name":"Solig runisk blus","isPartOf":{"@id":"https:\/\/ethnica.style\/sv\/#website"},"primaryImageOfPage":{"@id":"https:\/\/ethnica.style\/sv\/product\/solig-runisk-blus\/#primaryimage"},"image":{"@id":"https:\/\/ethnica.style\/sv\/product\/solig-runisk-blus\/#primaryimage"},"thumbnailUrl":"https:\/\/ethnica.style\/wp-content\/uploads\/2025\/08\/iris-blouse-01.jpg","datePublished":"2025-08-10T08:43:31+00:00","dateModified":"2025-08-10T11:08:40+00:00","description":"Kliv in i stilen med Sunny Runic Blouse \u2013 en f\u00f6rstklassig linneskjorta med chica puff\u00e4rmar och dj\u00e4rva runinspirerade broderier. Ett m\u00e5ste f\u00f6r lyx.","breadcrumb":{"@id":"https:\/\/ethnica.style\/sv\/product\/solig-runisk-blus\/#breadcrumb"},"inLanguage":"sv-SE","potentialAction":[{"@type":"ReadAction","target":["https:\/\/ethnica.style\/sv\/product\/solig-runisk-blus\/"]}]},{"@type":"ImageObject","inLanguage":"sv-SE","@id":"https:\/\/ethnica.style\/sv\/product\/solig-runisk-blus\/#primaryimage","url":"https:\/\/ethnica.style\/wp-content\/uploads\/2025\/08\/iris-blouse-01.jpg","contentUrl":"https:\/\/ethnica.style\/wp-content\/uploads\/2025\/08\/iris-blouse-01.jpg","width":800,"height":1200,"caption":"Sunny Runic Blouse"},{"@type":"BreadcrumbList","@id":"https:\/\/ethnica.style\/sv\/product\/solig-runisk-blus\/#breadcrumb","itemListElement":[{"@type":"ListItem","position":1,"name":"Home","item":"https:\/\/ethnica.style\/sv\/"},{"@type":"ListItem","position":2,"name":"Butik","item":"https:\/\/ethnica.style\/sv\/butik\/"},{"@type":"ListItem","position":3,"name":"Solig runisk blus"}]},{"@type":"WebSite","@id":"https:\/\/ethnica.style\/sv\/#website","url":"https:\/\/ethnica.style\/sv\/","name":"Ethnica Style","description":"","publisher":{"@id":"https:\/\/ethnica.style\/sv\/#organization"},"potentialAction":[{"@type":"SearchAction","target":{"@type":"EntryPoint","urlTemplate":"https:\/\/ethnica.style\/sv\/?s={search_term_string}"},"query-input":{"@type":"PropertyValueSpecification","valueRequired":true,"valueName":"search_term_string"}}],"inLanguage":"sv-SE"},{"@type":"Organization","@id":"https:\/\/ethnica.style\/sv\/#organization","name":"Ethnica Style","url":"https:\/\/ethnica.style\/sv\/","logo":{"@type":"ImageObject","inLanguage":"sv-SE","@id":"https:\/\/ethnica.style\/sv\/#\/schema\/logo\/image\/","url":"https:\/\/ethnica.style\/wp-content\/uploads\/2024\/10\/group-5-1.svg","contentUrl":"https:\/\/ethnica.style\/wp-content\/uploads\/2024\/10\/group-5-1.svg","width":1,"height":1,"caption":"Ethnica Style"},"image":{"@id":"https:\/\/ethnica.style\/sv\/#\/schema\/logo\/image\/"}}]}},"_links":{"self":[{"href":"https:\/\/ethnica.style\/sv\/wp-json\/wp\/v2\/product\/2563","targetHints":{"allow":["GET"]}}],"collection":[{"href":"https:\/\/ethnica.style\/sv\/wp-json\/wp\/v2\/product"}],"about":[{"href":"https:\/\/ethnica.style\/sv\/wp-json\/wp\/v2\/types\/product"}],"replies":[{"embeddable":true,"href":"https:\/\/ethnica.style\/sv\/wp-json\/wp\/v2\/comments?post=2563"}],"wp:featuredmedia":[{"embeddable":true,"href":"https:\/\/ethnica.style\/sv\/wp-json\/wp\/v2\/media\/2567"}],"wp:attachment":[{"href":"https:\/\/ethnica.style\/sv\/wp-json\/wp\/v2\/media?parent=2563"}],"wp:term":[{"taxonomy":"product_brand","embeddable":true,"href":"https:\/\/ethnica.style\/sv\/wp-json\/wp\/v2\/product_brand?post=2563"},{"taxonomy":"product_cat","embeddable":true,"href":"https:\/\/ethnica.style\/sv\/wp-json\/wp\/v2\/product_cat?post=2563"},{"taxonomy":"product_tag","embeddable":true,"href":"https:\/\/ethnica.style\/sv\/wp-json\/wp\/v2\/product_tag?post=2563"}],"curies":[{"name":"wp","href":"https:\/\/api.w.org\/{rel}","templated":true}]}}