{"id":2583,"date":"2025-08-10T08:43:26","date_gmt":"2025-08-10T08:43:26","guid":{"rendered":"https:\/\/ethnica.style\/product\/kunglig-naturlig-halsduk\/"},"modified":"2025-09-03T09:33:17","modified_gmt":"2025-09-03T09:33:17","slug":"kunglig-naturlig-halsduk","status":"publish","type":"product","link":"https:\/\/ethnica.style\/sv\/product\/kunglig-naturlig-halsduk\/","title":{"rendered":"Kunglig naturlig halsduk"},"content":{"rendered":"<p data-start=\"374\" data-end=\"616\">Svep in dig i elegans i kallt v\u00e4der med <strong data-start=\"422\" data-end=\"445\">Royal Natural Scarf<\/strong>, handgjord av en lyxig blandning av alpacka och merinoull. Dess mjuka, plyschiga konsistens <a href=\"https:\/\/ethnica.style\/sv\/\">ger<\/a> o\u00f6vertr\u00e4ffad v\u00e4rme, vilket g\u00f6r den till din perfekta f\u00f6ljeslagare f\u00f6r kyliga vinterdagar. <\/p>\n<p data-start=\"618\" data-end=\"849\">Den gener\u00f6sa storleken \u2013 182 cm p\u00e5 l\u00e4ngden och 58 cm p\u00e5 bredden \u2013 <a href=\"https:\/\/en.wikipedia.org\/wiki\/Sweden\">m\u00f6jligg\u00f6r<\/a> m\u00e5ngsidig styling samtidigt som den ger en fyllig, mysig t\u00e4ckning. Oavsett om den \u00e4r l\u00f6st draperad eller t\u00e4tt insvept, ger <strong data-start=\"783\" data-end=\"806\">Royal Natural Scarf<\/strong> raffinerad sofistikering till varje outfit. <\/p>\n<p data-start=\"851\" data-end=\"985\">Den \u00e4r designad och handgjord i Ukraina och \u00e4r ett stycke b\u00e4rbar lyx som ger b\u00e5de komfort och tidl\u00f6s stil till din vintergarderob.<\/p>\n","protected":false},"excerpt":{"rendered":"<p>Svep in dig i elegans i kallt v\u00e4der med Royal Natural Scarf, handgjord av en lyxig blandning av alpacka och merinoull. Dess mjuka, plyschiga konsistens ger o\u00f6vertr\u00e4ffad v\u00e4rme, vilket g\u00f6r den till din perfekta f\u00f6ljeslagare f\u00f6r kyliga vinterdagar. Den gener\u00f6sa storleken \u2013 182 cm p\u00e5 l\u00e4ngden och 58 cm p\u00e5 bredden \u2013 m\u00f6jligg\u00f6r m\u00e5ngsidig styling [&#8230;]\n","protected":false},"featured_media":2584,"comment_status":"open","ping_status":"closed","template":"","meta":{"_acf_changed":false},"product_brand":[],"product_cat":[90,101,110],"product_tag":[],"class_list":{"0":"post-2583","1":"product","2":"type-product","3":"status-publish","4":"has-post-thumbnail","6":"product_cat-kvinnor","7":"product_cat-nyanlanda","8":"product_cat-scarfs-sv","10":"first","11":"instock","12":"featured","13":"taxable","14":"shipping-taxable","15":"purchasable","16":"product-type-variable"},"acf":[],"yoast_head":"<!-- This site is optimized with the Yoast SEO plugin v26.6 - https:\/\/yoast.com\/wordpress\/plugins\/seo\/ -->\n<title>Kunglig naturlig halsduk<\/title>\n<meta name=\"description\" content=\"H\u00e5ll dig varm med stil med Royal Natural Scarf \u2013 handgjord av alpacka och merinoull. En lyxig, mysig accessoar f\u00f6r eleganta vinterlooks.\" \/>\n<meta name=\"robots\" content=\"index, follow, max-snippet:-1, max-image-preview:large, max-video-preview:-1\" \/>\n<link rel=\"canonical\" href=\"https:\/\/ethnica.style\/sv\/product\/kunglig-naturlig-halsduk\/\" \/>\n<meta property=\"og:locale\" content=\"sv_SE\" \/>\n<meta property=\"og:type\" content=\"article\" \/>\n<meta property=\"og:title\" content=\"Kunglig naturlig halsduk\" \/>\n<meta property=\"og:description\" content=\"H\u00e5ll dig varm med stil med Royal Natural Scarf \u2013 handgjord av alpacka och merinoull. En lyxig, mysig accessoar f\u00f6r eleganta vinterlooks.\" \/>\n<meta property=\"og:url\" content=\"https:\/\/ethnica.style\/sv\/product\/kunglig-naturlig-halsduk\/\" \/>\n<meta property=\"og:site_name\" content=\"Ethnica Style\" \/>\n<meta property=\"article:modified_time\" content=\"2025-09-03T09:33:17+00:00\" \/>\n<meta property=\"og:image\" content=\"https:\/\/ethnica.style\/wp-content\/uploads\/2025\/08\/image-2024-05-27-164411.jpg\" \/>\n\t<meta property=\"og:image:width\" content=\"717\" \/>\n\t<meta property=\"og:image:height\" content=\"1058\" \/>\n\t<meta property=\"og:image:type\" content=\"image\/jpeg\" \/>\n<meta name=\"twitter:card\" content=\"summary_large_image\" \/>\n<meta name=\"twitter:label1\" content=\"Ber\u00e4knad l\u00e4stid\" \/>\n\t<meta name=\"twitter:data1\" content=\"1 minut\" \/>\n<script type=\"application\/ld+json\" class=\"yoast-schema-graph\">{\"@context\":\"https:\/\/schema.org\",\"@graph\":[{\"@type\":\"WebPage\",\"@id\":\"https:\/\/ethnica.style\/sv\/product\/kunglig-naturlig-halsduk\/\",\"url\":\"https:\/\/ethnica.style\/sv\/product\/kunglig-naturlig-halsduk\/\",\"name\":\"Kunglig naturlig halsduk\",\"isPartOf\":{\"@id\":\"https:\/\/ethnica.style\/sv\/#website\"},\"primaryImageOfPage\":{\"@id\":\"https:\/\/ethnica.style\/sv\/product\/kunglig-naturlig-halsduk\/#primaryimage\"},\"image\":{\"@id\":\"https:\/\/ethnica.style\/sv\/product\/kunglig-naturlig-halsduk\/#primaryimage\"},\"thumbnailUrl\":\"https:\/\/ethnica.style\/wp-content\/uploads\/2025\/08\/image-2024-05-27-164411.jpg\",\"datePublished\":\"2025-08-10T08:43:26+00:00\",\"dateModified\":\"2025-09-03T09:33:17+00:00\",\"description\":\"H\u00e5ll dig varm med stil med Royal Natural Scarf \u2013 handgjord av alpacka och merinoull. En lyxig, mysig accessoar f\u00f6r eleganta vinterlooks.\",\"breadcrumb\":{\"@id\":\"https:\/\/ethnica.style\/sv\/product\/kunglig-naturlig-halsduk\/#breadcrumb\"},\"inLanguage\":\"sv-SE\",\"potentialAction\":[{\"@type\":\"ReadAction\",\"target\":[\"https:\/\/ethnica.style\/sv\/product\/kunglig-naturlig-halsduk\/\"]}]},{\"@type\":\"ImageObject\",\"inLanguage\":\"sv-SE\",\"@id\":\"https:\/\/ethnica.style\/sv\/product\/kunglig-naturlig-halsduk\/#primaryimage\",\"url\":\"https:\/\/ethnica.style\/wp-content\/uploads\/2025\/08\/image-2024-05-27-164411.jpg\",\"contentUrl\":\"https:\/\/ethnica.style\/wp-content\/uploads\/2025\/08\/image-2024-05-27-164411.jpg\",\"width\":717,\"height\":1058,\"caption\":\"Royal Natural Scarf\"},{\"@type\":\"BreadcrumbList\",\"@id\":\"https:\/\/ethnica.style\/sv\/product\/kunglig-naturlig-halsduk\/#breadcrumb\",\"itemListElement\":[{\"@type\":\"ListItem\",\"position\":1,\"name\":\"Home\",\"item\":\"https:\/\/ethnica.style\/sv\/\"},{\"@type\":\"ListItem\",\"position\":2,\"name\":\"Butik\",\"item\":\"https:\/\/ethnica.style\/sv\/butik\/\"},{\"@type\":\"ListItem\",\"position\":3,\"name\":\"Kunglig naturlig halsduk\"}]},{\"@type\":\"WebSite\",\"@id\":\"https:\/\/ethnica.style\/sv\/#website\",\"url\":\"https:\/\/ethnica.style\/sv\/\",\"name\":\"Ethnica Style\",\"description\":\"\",\"publisher\":{\"@id\":\"https:\/\/ethnica.style\/sv\/#organization\"},\"potentialAction\":[{\"@type\":\"SearchAction\",\"target\":{\"@type\":\"EntryPoint\",\"urlTemplate\":\"https:\/\/ethnica.style\/sv\/?s={search_term_string}\"},\"query-input\":{\"@type\":\"PropertyValueSpecification\",\"valueRequired\":true,\"valueName\":\"search_term_string\"}}],\"inLanguage\":\"sv-SE\"},{\"@type\":\"Organization\",\"@id\":\"https:\/\/ethnica.style\/sv\/#organization\",\"name\":\"Ethnica Style\",\"url\":\"https:\/\/ethnica.style\/sv\/\",\"logo\":{\"@type\":\"ImageObject\",\"inLanguage\":\"sv-SE\",\"@id\":\"https:\/\/ethnica.style\/sv\/#\/schema\/logo\/image\/\",\"url\":\"https:\/\/ethnica.style\/wp-content\/uploads\/2024\/10\/group-5-1.svg\",\"contentUrl\":\"https:\/\/ethnica.style\/wp-content\/uploads\/2024\/10\/group-5-1.svg\",\"width\":1,\"height\":1,\"caption\":\"Ethnica Style\"},\"image\":{\"@id\":\"https:\/\/ethnica.style\/sv\/#\/schema\/logo\/image\/\"}}]}<\/script>\n<!-- \/ Yoast SEO plugin. -->","yoast_head_json":{"title":"Kunglig naturlig halsduk","description":"H\u00e5ll dig varm med stil med Royal Natural Scarf \u2013 handgjord av alpacka och merinoull. En lyxig, mysig accessoar f\u00f6r eleganta vinterlooks.","robots":{"index":"index","follow":"follow","max-snippet":"max-snippet:-1","max-image-preview":"max-image-preview:large","max-video-preview":"max-video-preview:-1"},"canonical":"https:\/\/ethnica.style\/sv\/product\/kunglig-naturlig-halsduk\/","og_locale":"sv_SE","og_type":"article","og_title":"Kunglig naturlig halsduk","og_description":"H\u00e5ll dig varm med stil med Royal Natural Scarf \u2013 handgjord av alpacka och merinoull. En lyxig, mysig accessoar f\u00f6r eleganta vinterlooks.","og_url":"https:\/\/ethnica.style\/sv\/product\/kunglig-naturlig-halsduk\/","og_site_name":"Ethnica Style","article_modified_time":"2025-09-03T09:33:17+00:00","og_image":[{"width":717,"height":1058,"url":"https:\/\/ethnica.style\/wp-content\/uploads\/2025\/08\/image-2024-05-27-164411.jpg","type":"image\/jpeg"}],"twitter_card":"summary_large_image","twitter_misc":{"Ber\u00e4knad l\u00e4stid":"1 minut"},"schema":{"@context":"https:\/\/schema.org","@graph":[{"@type":"WebPage","@id":"https:\/\/ethnica.style\/sv\/product\/kunglig-naturlig-halsduk\/","url":"https:\/\/ethnica.style\/sv\/product\/kunglig-naturlig-halsduk\/","name":"Kunglig naturlig halsduk","isPartOf":{"@id":"https:\/\/ethnica.style\/sv\/#website"},"primaryImageOfPage":{"@id":"https:\/\/ethnica.style\/sv\/product\/kunglig-naturlig-halsduk\/#primaryimage"},"image":{"@id":"https:\/\/ethnica.style\/sv\/product\/kunglig-naturlig-halsduk\/#primaryimage"},"thumbnailUrl":"https:\/\/ethnica.style\/wp-content\/uploads\/2025\/08\/image-2024-05-27-164411.jpg","datePublished":"2025-08-10T08:43:26+00:00","dateModified":"2025-09-03T09:33:17+00:00","description":"H\u00e5ll dig varm med stil med Royal Natural Scarf \u2013 handgjord av alpacka och merinoull. En lyxig, mysig accessoar f\u00f6r eleganta vinterlooks.","breadcrumb":{"@id":"https:\/\/ethnica.style\/sv\/product\/kunglig-naturlig-halsduk\/#breadcrumb"},"inLanguage":"sv-SE","potentialAction":[{"@type":"ReadAction","target":["https:\/\/ethnica.style\/sv\/product\/kunglig-naturlig-halsduk\/"]}]},{"@type":"ImageObject","inLanguage":"sv-SE","@id":"https:\/\/ethnica.style\/sv\/product\/kunglig-naturlig-halsduk\/#primaryimage","url":"https:\/\/ethnica.style\/wp-content\/uploads\/2025\/08\/image-2024-05-27-164411.jpg","contentUrl":"https:\/\/ethnica.style\/wp-content\/uploads\/2025\/08\/image-2024-05-27-164411.jpg","width":717,"height":1058,"caption":"Royal Natural Scarf"},{"@type":"BreadcrumbList","@id":"https:\/\/ethnica.style\/sv\/product\/kunglig-naturlig-halsduk\/#breadcrumb","itemListElement":[{"@type":"ListItem","position":1,"name":"Home","item":"https:\/\/ethnica.style\/sv\/"},{"@type":"ListItem","position":2,"name":"Butik","item":"https:\/\/ethnica.style\/sv\/butik\/"},{"@type":"ListItem","position":3,"name":"Kunglig naturlig halsduk"}]},{"@type":"WebSite","@id":"https:\/\/ethnica.style\/sv\/#website","url":"https:\/\/ethnica.style\/sv\/","name":"Ethnica Style","description":"","publisher":{"@id":"https:\/\/ethnica.style\/sv\/#organization"},"potentialAction":[{"@type":"SearchAction","target":{"@type":"EntryPoint","urlTemplate":"https:\/\/ethnica.style\/sv\/?s={search_term_string}"},"query-input":{"@type":"PropertyValueSpecification","valueRequired":true,"valueName":"search_term_string"}}],"inLanguage":"sv-SE"},{"@type":"Organization","@id":"https:\/\/ethnica.style\/sv\/#organization","name":"Ethnica Style","url":"https:\/\/ethnica.style\/sv\/","logo":{"@type":"ImageObject","inLanguage":"sv-SE","@id":"https:\/\/ethnica.style\/sv\/#\/schema\/logo\/image\/","url":"https:\/\/ethnica.style\/wp-content\/uploads\/2024\/10\/group-5-1.svg","contentUrl":"https:\/\/ethnica.style\/wp-content\/uploads\/2024\/10\/group-5-1.svg","width":1,"height":1,"caption":"Ethnica Style"},"image":{"@id":"https:\/\/ethnica.style\/sv\/#\/schema\/logo\/image\/"}}]}},"_links":{"self":[{"href":"https:\/\/ethnica.style\/sv\/wp-json\/wp\/v2\/product\/2583","targetHints":{"allow":["GET"]}}],"collection":[{"href":"https:\/\/ethnica.style\/sv\/wp-json\/wp\/v2\/product"}],"about":[{"href":"https:\/\/ethnica.style\/sv\/wp-json\/wp\/v2\/types\/product"}],"replies":[{"embeddable":true,"href":"https:\/\/ethnica.style\/sv\/wp-json\/wp\/v2\/comments?post=2583"}],"wp:featuredmedia":[{"embeddable":true,"href":"https:\/\/ethnica.style\/sv\/wp-json\/wp\/v2\/media\/2584"}],"wp:attachment":[{"href":"https:\/\/ethnica.style\/sv\/wp-json\/wp\/v2\/media?parent=2583"}],"wp:term":[{"taxonomy":"product_brand","embeddable":true,"href":"https:\/\/ethnica.style\/sv\/wp-json\/wp\/v2\/product_brand?post=2583"},{"taxonomy":"product_cat","embeddable":true,"href":"https:\/\/ethnica.style\/sv\/wp-json\/wp\/v2\/product_cat?post=2583"},{"taxonomy":"product_tag","embeddable":true,"href":"https:\/\/ethnica.style\/sv\/wp-json\/wp\/v2\/product_tag?post=2583"}],"curies":[{"name":"wp","href":"https:\/\/api.w.org\/{rel}","templated":true}]}}