{"id":2589,"date":"2025-08-10T08:43:26","date_gmt":"2025-08-10T08:43:26","guid":{"rendered":"https:\/\/ethnica.style\/product\/smaragd-troja\/"},"modified":"2025-09-03T09:32:25","modified_gmt":"2025-09-03T09:32:25","slug":"smaragd-troja","status":"publish","type":"product","link":"https:\/\/ethnica.style\/sv\/product\/smaragd-troja\/","title":{"rendered":"Smaragd Tr\u00f6ja"},"content":{"rendered":"<p data-start=\"356\" data-end=\"574\">Vi presenterar v\u00e5r magnifika <strong data-start=\"383\" data-end=\"402\">Emerald Sweater<\/strong>, skickligt v\u00e4vd av en premiumblandning av kid mohair, silke och merinoull. Denna one-size-design ger en mild touch mot huden och s\u00e4kerst\u00e4ller mysig komfort hela dagen. <\/p>\n<p data-start=\"576\" data-end=\"863\"><strong data-start=\"580\" data-end=\"599\">Emerald Sweater<\/strong> har en \u00f6verdimensionerad siluett som kombinerar enkel stil med lyxig mjukhet. Med en l\u00e4ngd <a href=\"https:\/\/ethnica.style\/sv\/\">och<\/a> bredd p\u00e5 65 cm ger den en avslappnad passform som smickrar en<a href=\"https:\/\/en.wikipedia.org\/wiki\/Sweden\"> m\u00e4ngd olika<\/a> kroppstyper. Oavsett om den b\u00e4rs ensam eller i flera lager, ger den en rik, elegant touch till vilken outfit som helst.  <\/p>\n<p data-start=\"865\" data-end=\"994\">Modellen \u00e4r 167 cm l\u00e5ng och b\u00e4r one size. Om du beh\u00f6ver hj\u00e4lp med dimensionering kan du kontakta v\u00e5ra chefer \u2013 vi hj\u00e4lper dig g\u00e4rna. <\/p>\n<p data-start=\"996\" data-end=\"1058\">Designad och handgjord i Ukraina med omsorg och hantverk.<\/p>\n","protected":false},"excerpt":{"rendered":"<p>Vi presenterar v\u00e5r magnifika Emerald Sweater, skickligt v\u00e4vd av en premiumblandning av kid mohair, silke och merinoull. Denna one-size-design ger en mild touch mot huden och s\u00e4kerst\u00e4ller mysig komfort hela dagen. Emerald Sweater har en \u00f6verdimensionerad siluett som kombinerar enkel stil med lyxig mjukhet. Med en l\u00e4ngd och bredd p\u00e5 65 cm ger den en [&#8230;]\n","protected":false},"featured_media":2590,"comment_status":"open","ping_status":"closed","template":"","meta":{"_acf_changed":false},"product_brand":[],"product_cat":[90,101,108],"product_tag":[],"class_list":{"0":"post-2589","1":"product","2":"type-product","3":"status-publish","4":"has-post-thumbnail","6":"product_cat-kvinnor","7":"product_cat-nyanlanda","8":"product_cat-trojor","10":"first","11":"instock","12":"taxable","13":"shipping-taxable","14":"purchasable","15":"product-type-variable"},"acf":[],"yoast_head":"<!-- This site is optimized with the Yoast SEO plugin v26.6 - https:\/\/yoast.com\/wordpress\/plugins\/seo\/ -->\n<title>Smaragd Tr\u00f6ja<\/title>\n<meta name=\"description\" content=\"Svep in dig i elegans med Emerald Sweater - en \u00f6verdimensionerad blandning av mohair, siden och merinoull. Mjuk, snygg och handgjord i Ukraina.\" \/>\n<meta name=\"robots\" content=\"index, follow, max-snippet:-1, max-image-preview:large, max-video-preview:-1\" \/>\n<link rel=\"canonical\" href=\"https:\/\/ethnica.style\/sv\/product\/smaragd-troja\/\" \/>\n<meta property=\"og:locale\" content=\"sv_SE\" \/>\n<meta property=\"og:type\" content=\"article\" \/>\n<meta property=\"og:title\" content=\"Smaragd Tr\u00f6ja\" \/>\n<meta property=\"og:description\" content=\"Svep in dig i elegans med Emerald Sweater - en \u00f6verdimensionerad blandning av mohair, siden och merinoull. Mjuk, snygg och handgjord i Ukraina.\" \/>\n<meta property=\"og:url\" content=\"https:\/\/ethnica.style\/sv\/product\/smaragd-troja\/\" \/>\n<meta property=\"og:site_name\" content=\"Ethnica Style\" \/>\n<meta property=\"article:modified_time\" content=\"2025-09-03T09:32:25+00:00\" \/>\n<meta property=\"og:image\" content=\"https:\/\/ethnica.style\/wp-content\/uploads\/2025\/08\/166-1.jpg\" \/>\n\t<meta property=\"og:image:width\" content=\"1024\" \/>\n\t<meta property=\"og:image:height\" content=\"1537\" \/>\n\t<meta property=\"og:image:type\" content=\"image\/jpeg\" \/>\n<meta name=\"twitter:card\" content=\"summary_large_image\" \/>\n<meta name=\"twitter:label1\" content=\"Ber\u00e4knad l\u00e4stid\" \/>\n\t<meta name=\"twitter:data1\" content=\"1 minut\" \/>\n<script type=\"application\/ld+json\" class=\"yoast-schema-graph\">{\"@context\":\"https:\/\/schema.org\",\"@graph\":[{\"@type\":\"WebPage\",\"@id\":\"https:\/\/ethnica.style\/sv\/product\/smaragd-troja\/\",\"url\":\"https:\/\/ethnica.style\/sv\/product\/smaragd-troja\/\",\"name\":\"Smaragd Tr\u00f6ja\",\"isPartOf\":{\"@id\":\"https:\/\/ethnica.style\/sv\/#website\"},\"primaryImageOfPage\":{\"@id\":\"https:\/\/ethnica.style\/sv\/product\/smaragd-troja\/#primaryimage\"},\"image\":{\"@id\":\"https:\/\/ethnica.style\/sv\/product\/smaragd-troja\/#primaryimage\"},\"thumbnailUrl\":\"https:\/\/ethnica.style\/wp-content\/uploads\/2025\/08\/166-1.jpg\",\"datePublished\":\"2025-08-10T08:43:26+00:00\",\"dateModified\":\"2025-09-03T09:32:25+00:00\",\"description\":\"Svep in dig i elegans med Emerald Sweater - en \u00f6verdimensionerad blandning av mohair, siden och merinoull. Mjuk, snygg och handgjord i Ukraina.\",\"breadcrumb\":{\"@id\":\"https:\/\/ethnica.style\/sv\/product\/smaragd-troja\/#breadcrumb\"},\"inLanguage\":\"sv-SE\",\"potentialAction\":[{\"@type\":\"ReadAction\",\"target\":[\"https:\/\/ethnica.style\/sv\/product\/smaragd-troja\/\"]}]},{\"@type\":\"ImageObject\",\"inLanguage\":\"sv-SE\",\"@id\":\"https:\/\/ethnica.style\/sv\/product\/smaragd-troja\/#primaryimage\",\"url\":\"https:\/\/ethnica.style\/wp-content\/uploads\/2025\/08\/166-1.jpg\",\"contentUrl\":\"https:\/\/ethnica.style\/wp-content\/uploads\/2025\/08\/166-1.jpg\",\"width\":1024,\"height\":1537,\"caption\":\"Emerald Sweater\"},{\"@type\":\"BreadcrumbList\",\"@id\":\"https:\/\/ethnica.style\/sv\/product\/smaragd-troja\/#breadcrumb\",\"itemListElement\":[{\"@type\":\"ListItem\",\"position\":1,\"name\":\"Home\",\"item\":\"https:\/\/ethnica.style\/sv\/\"},{\"@type\":\"ListItem\",\"position\":2,\"name\":\"Butik\",\"item\":\"https:\/\/ethnica.style\/sv\/butik\/\"},{\"@type\":\"ListItem\",\"position\":3,\"name\":\"Smaragd Tr\u00f6ja\"}]},{\"@type\":\"WebSite\",\"@id\":\"https:\/\/ethnica.style\/sv\/#website\",\"url\":\"https:\/\/ethnica.style\/sv\/\",\"name\":\"Ethnica Style\",\"description\":\"\",\"publisher\":{\"@id\":\"https:\/\/ethnica.style\/sv\/#organization\"},\"potentialAction\":[{\"@type\":\"SearchAction\",\"target\":{\"@type\":\"EntryPoint\",\"urlTemplate\":\"https:\/\/ethnica.style\/sv\/?s={search_term_string}\"},\"query-input\":{\"@type\":\"PropertyValueSpecification\",\"valueRequired\":true,\"valueName\":\"search_term_string\"}}],\"inLanguage\":\"sv-SE\"},{\"@type\":\"Organization\",\"@id\":\"https:\/\/ethnica.style\/sv\/#organization\",\"name\":\"Ethnica Style\",\"url\":\"https:\/\/ethnica.style\/sv\/\",\"logo\":{\"@type\":\"ImageObject\",\"inLanguage\":\"sv-SE\",\"@id\":\"https:\/\/ethnica.style\/sv\/#\/schema\/logo\/image\/\",\"url\":\"https:\/\/ethnica.style\/wp-content\/uploads\/2024\/10\/group-5-1.svg\",\"contentUrl\":\"https:\/\/ethnica.style\/wp-content\/uploads\/2024\/10\/group-5-1.svg\",\"width\":1,\"height\":1,\"caption\":\"Ethnica Style\"},\"image\":{\"@id\":\"https:\/\/ethnica.style\/sv\/#\/schema\/logo\/image\/\"}}]}<\/script>\n<!-- \/ Yoast SEO plugin. -->","yoast_head_json":{"title":"Smaragd Tr\u00f6ja","description":"Svep in dig i elegans med Emerald Sweater - en \u00f6verdimensionerad blandning av mohair, siden och merinoull. Mjuk, snygg och handgjord i Ukraina.","robots":{"index":"index","follow":"follow","max-snippet":"max-snippet:-1","max-image-preview":"max-image-preview:large","max-video-preview":"max-video-preview:-1"},"canonical":"https:\/\/ethnica.style\/sv\/product\/smaragd-troja\/","og_locale":"sv_SE","og_type":"article","og_title":"Smaragd Tr\u00f6ja","og_description":"Svep in dig i elegans med Emerald Sweater - en \u00f6verdimensionerad blandning av mohair, siden och merinoull. Mjuk, snygg och handgjord i Ukraina.","og_url":"https:\/\/ethnica.style\/sv\/product\/smaragd-troja\/","og_site_name":"Ethnica Style","article_modified_time":"2025-09-03T09:32:25+00:00","og_image":[{"width":1024,"height":1537,"url":"https:\/\/ethnica.style\/wp-content\/uploads\/2025\/08\/166-1.jpg","type":"image\/jpeg"}],"twitter_card":"summary_large_image","twitter_misc":{"Ber\u00e4knad l\u00e4stid":"1 minut"},"schema":{"@context":"https:\/\/schema.org","@graph":[{"@type":"WebPage","@id":"https:\/\/ethnica.style\/sv\/product\/smaragd-troja\/","url":"https:\/\/ethnica.style\/sv\/product\/smaragd-troja\/","name":"Smaragd Tr\u00f6ja","isPartOf":{"@id":"https:\/\/ethnica.style\/sv\/#website"},"primaryImageOfPage":{"@id":"https:\/\/ethnica.style\/sv\/product\/smaragd-troja\/#primaryimage"},"image":{"@id":"https:\/\/ethnica.style\/sv\/product\/smaragd-troja\/#primaryimage"},"thumbnailUrl":"https:\/\/ethnica.style\/wp-content\/uploads\/2025\/08\/166-1.jpg","datePublished":"2025-08-10T08:43:26+00:00","dateModified":"2025-09-03T09:32:25+00:00","description":"Svep in dig i elegans med Emerald Sweater - en \u00f6verdimensionerad blandning av mohair, siden och merinoull. Mjuk, snygg och handgjord i Ukraina.","breadcrumb":{"@id":"https:\/\/ethnica.style\/sv\/product\/smaragd-troja\/#breadcrumb"},"inLanguage":"sv-SE","potentialAction":[{"@type":"ReadAction","target":["https:\/\/ethnica.style\/sv\/product\/smaragd-troja\/"]}]},{"@type":"ImageObject","inLanguage":"sv-SE","@id":"https:\/\/ethnica.style\/sv\/product\/smaragd-troja\/#primaryimage","url":"https:\/\/ethnica.style\/wp-content\/uploads\/2025\/08\/166-1.jpg","contentUrl":"https:\/\/ethnica.style\/wp-content\/uploads\/2025\/08\/166-1.jpg","width":1024,"height":1537,"caption":"Emerald Sweater"},{"@type":"BreadcrumbList","@id":"https:\/\/ethnica.style\/sv\/product\/smaragd-troja\/#breadcrumb","itemListElement":[{"@type":"ListItem","position":1,"name":"Home","item":"https:\/\/ethnica.style\/sv\/"},{"@type":"ListItem","position":2,"name":"Butik","item":"https:\/\/ethnica.style\/sv\/butik\/"},{"@type":"ListItem","position":3,"name":"Smaragd Tr\u00f6ja"}]},{"@type":"WebSite","@id":"https:\/\/ethnica.style\/sv\/#website","url":"https:\/\/ethnica.style\/sv\/","name":"Ethnica Style","description":"","publisher":{"@id":"https:\/\/ethnica.style\/sv\/#organization"},"potentialAction":[{"@type":"SearchAction","target":{"@type":"EntryPoint","urlTemplate":"https:\/\/ethnica.style\/sv\/?s={search_term_string}"},"query-input":{"@type":"PropertyValueSpecification","valueRequired":true,"valueName":"search_term_string"}}],"inLanguage":"sv-SE"},{"@type":"Organization","@id":"https:\/\/ethnica.style\/sv\/#organization","name":"Ethnica Style","url":"https:\/\/ethnica.style\/sv\/","logo":{"@type":"ImageObject","inLanguage":"sv-SE","@id":"https:\/\/ethnica.style\/sv\/#\/schema\/logo\/image\/","url":"https:\/\/ethnica.style\/wp-content\/uploads\/2024\/10\/group-5-1.svg","contentUrl":"https:\/\/ethnica.style\/wp-content\/uploads\/2024\/10\/group-5-1.svg","width":1,"height":1,"caption":"Ethnica Style"},"image":{"@id":"https:\/\/ethnica.style\/sv\/#\/schema\/logo\/image\/"}}]}},"_links":{"self":[{"href":"https:\/\/ethnica.style\/sv\/wp-json\/wp\/v2\/product\/2589","targetHints":{"allow":["GET"]}}],"collection":[{"href":"https:\/\/ethnica.style\/sv\/wp-json\/wp\/v2\/product"}],"about":[{"href":"https:\/\/ethnica.style\/sv\/wp-json\/wp\/v2\/types\/product"}],"replies":[{"embeddable":true,"href":"https:\/\/ethnica.style\/sv\/wp-json\/wp\/v2\/comments?post=2589"}],"wp:featuredmedia":[{"embeddable":true,"href":"https:\/\/ethnica.style\/sv\/wp-json\/wp\/v2\/media\/2590"}],"wp:attachment":[{"href":"https:\/\/ethnica.style\/sv\/wp-json\/wp\/v2\/media?parent=2589"}],"wp:term":[{"taxonomy":"product_brand","embeddable":true,"href":"https:\/\/ethnica.style\/sv\/wp-json\/wp\/v2\/product_brand?post=2589"},{"taxonomy":"product_cat","embeddable":true,"href":"https:\/\/ethnica.style\/sv\/wp-json\/wp\/v2\/product_cat?post=2589"},{"taxonomy":"product_tag","embeddable":true,"href":"https:\/\/ethnica.style\/sv\/wp-json\/wp\/v2\/product_tag?post=2589"}],"curies":[{"name":"wp","href":"https:\/\/api.w.org\/{rel}","templated":true}]}}