{"id":2596,"date":"2025-08-10T08:43:25","date_gmt":"2025-08-10T08:43:25","guid":{"rendered":"https:\/\/ethnica.style\/product\/klassisk-gra-halsduk\/"},"modified":"2025-09-03T09:40:30","modified_gmt":"2025-09-03T09:40:30","slug":"klassisk-gra-halsduk","status":"publish","type":"product","link":"https:\/\/ethnica.style\/sv\/product\/klassisk-gra-halsduk\/","title":{"rendered":"Klassisk gr\u00e5 halsduk"},"content":{"rendered":"<p data-start=\"218\" data-end=\"450\">Svep in dig i tidl\u00f6s sofistikering med v\u00e5r <strong data-start=\"268\" data-end=\"290\">klassiska gr\u00e5 halsduk<\/strong>, tillverkad av f\u00f6rstklassig merinoull. Merinoull \u00e4r k\u00e4nd f\u00f6r sina mjuka, fina fibrer och andningsf\u00f6rm\u00e5ga <a href=\"https:\/\/ethnica.style\/sv\/\">och garanterar<\/a> exceptionell komfort samtidigt som den \u00e4r skonsam mot huden. <\/p>\n<p data-start=\"452\" data-end=\"813\">Denna <strong data-start=\"457\" data-end=\"479\">klassiska gr\u00e5 halsduk<\/strong> har en m\u00e5ngsidig l\u00e4ngd och en ren, minimal design som kompletterar b\u00e5de avslappnad och formell kl\u00e4dsel. Oavsett om du \u00e4r p\u00e5 v\u00e4g till ett m\u00f6te eller promenerar <a href=\"https:\/\/en.wikipedia.org\/wiki\/Sweden\">genom<\/a> staden \u00e4r det den perfekta pricken \u00f6ver i:et. Dess l\u00e4tta v\u00e4rme g\u00f6r den idealisk f\u00f6r \u00f6verg\u00e5ngsv\u00e4der, och dess neutrala nyans passar vackert med alla f\u00e4rgpaletter.  <\/p>\n<p data-start=\"815\" data-end=\"881\">L\u00e4ngd: 212 cm<br data-start=\"829\" data-end=\"832\">Bredd: 38 cm<br data-start=\"844\" data-end=\"847\">Designad och handgjord i Ukraina.<\/p>\n","protected":false},"excerpt":{"rendered":"<p><br data-mce-bogus=\"1\"><\/p>\n","protected":false},"featured_media":2692,"comment_status":"open","ping_status":"closed","template":"","meta":{"_acf_changed":false},"product_brand":[],"product_cat":[90,101,110],"product_tag":[],"class_list":{"0":"post-2596","1":"product","2":"type-product","3":"status-publish","4":"has-post-thumbnail","6":"product_cat-kvinnor","7":"product_cat-nyanlanda","8":"product_cat-scarfs-sv","10":"first","11":"instock","12":"taxable","13":"shipping-taxable","14":"purchasable","15":"product-type-variable"},"acf":[],"yoast_head":"<!-- This site is optimized with the Yoast SEO plugin v26.6 - https:\/\/yoast.com\/wordpress\/plugins\/seo\/ -->\n<title>Klassisk gr\u00e5 halsduk<\/title>\n<meta name=\"description\" content=\"Svep in dig i lyx med v\u00e5r Classic Grey Scarf, tillverkad av mjuk merinoull. Ett tidl\u00f6st plagg som andas och passar b\u00e5de till vardags och till vardags.\" \/>\n<meta name=\"robots\" content=\"index, follow, max-snippet:-1, max-image-preview:large, max-video-preview:-1\" \/>\n<link rel=\"canonical\" href=\"https:\/\/ethnica.style\/sv\/product\/klassisk-gra-halsduk\/\" \/>\n<meta property=\"og:locale\" content=\"sv_SE\" \/>\n<meta property=\"og:type\" content=\"article\" \/>\n<meta property=\"og:title\" content=\"Klassisk gr\u00e5 halsduk\" \/>\n<meta property=\"og:description\" content=\"Svep in dig i lyx med v\u00e5r Classic Grey Scarf, tillverkad av mjuk merinoull. Ett tidl\u00f6st plagg som andas och passar b\u00e5de till vardags och till vardags.\" \/>\n<meta property=\"og:url\" content=\"https:\/\/ethnica.style\/sv\/product\/klassisk-gra-halsduk\/\" \/>\n<meta property=\"og:site_name\" content=\"Ethnica Style\" \/>\n<meta property=\"article:modified_time\" content=\"2025-09-03T09:40:30+00:00\" \/>\n<meta property=\"og:image\" content=\"https:\/\/ethnica.style\/wp-content\/uploads\/2025\/08\/248.jpg\" \/>\n\t<meta property=\"og:image:width\" content=\"1024\" \/>\n\t<meta property=\"og:image:height\" content=\"1537\" \/>\n\t<meta property=\"og:image:type\" content=\"image\/jpeg\" \/>\n<meta name=\"twitter:card\" content=\"summary_large_image\" \/>\n<meta name=\"twitter:label1\" content=\"Ber\u00e4knad l\u00e4stid\" \/>\n\t<meta name=\"twitter:data1\" content=\"1 minut\" \/>\n<script type=\"application\/ld+json\" class=\"yoast-schema-graph\">{\"@context\":\"https:\/\/schema.org\",\"@graph\":[{\"@type\":\"WebPage\",\"@id\":\"https:\/\/ethnica.style\/sv\/product\/klassisk-gra-halsduk\/\",\"url\":\"https:\/\/ethnica.style\/sv\/product\/klassisk-gra-halsduk\/\",\"name\":\"Klassisk gr\u00e5 halsduk\",\"isPartOf\":{\"@id\":\"https:\/\/ethnica.style\/sv\/#website\"},\"primaryImageOfPage\":{\"@id\":\"https:\/\/ethnica.style\/sv\/product\/klassisk-gra-halsduk\/#primaryimage\"},\"image\":{\"@id\":\"https:\/\/ethnica.style\/sv\/product\/klassisk-gra-halsduk\/#primaryimage\"},\"thumbnailUrl\":\"https:\/\/ethnica.style\/wp-content\/uploads\/2025\/08\/248.jpg\",\"datePublished\":\"2025-08-10T08:43:25+00:00\",\"dateModified\":\"2025-09-03T09:40:30+00:00\",\"description\":\"Svep in dig i lyx med v\u00e5r Classic Grey Scarf, tillverkad av mjuk merinoull. Ett tidl\u00f6st plagg som andas och passar b\u00e5de till vardags och till vardags.\",\"breadcrumb\":{\"@id\":\"https:\/\/ethnica.style\/sv\/product\/klassisk-gra-halsduk\/#breadcrumb\"},\"inLanguage\":\"sv-SE\",\"potentialAction\":[{\"@type\":\"ReadAction\",\"target\":[\"https:\/\/ethnica.style\/sv\/product\/klassisk-gra-halsduk\/\"]}]},{\"@type\":\"ImageObject\",\"inLanguage\":\"sv-SE\",\"@id\":\"https:\/\/ethnica.style\/sv\/product\/klassisk-gra-halsduk\/#primaryimage\",\"url\":\"https:\/\/ethnica.style\/wp-content\/uploads\/2025\/08\/248.jpg\",\"contentUrl\":\"https:\/\/ethnica.style\/wp-content\/uploads\/2025\/08\/248.jpg\",\"width\":1024,\"height\":1537,\"caption\":\"Classic Grey Scarf\"},{\"@type\":\"BreadcrumbList\",\"@id\":\"https:\/\/ethnica.style\/sv\/product\/klassisk-gra-halsduk\/#breadcrumb\",\"itemListElement\":[{\"@type\":\"ListItem\",\"position\":1,\"name\":\"Home\",\"item\":\"https:\/\/ethnica.style\/sv\/\"},{\"@type\":\"ListItem\",\"position\":2,\"name\":\"Butik\",\"item\":\"https:\/\/ethnica.style\/sv\/butik\/\"},{\"@type\":\"ListItem\",\"position\":3,\"name\":\"Klassisk gr\u00e5 halsduk\"}]},{\"@type\":\"WebSite\",\"@id\":\"https:\/\/ethnica.style\/sv\/#website\",\"url\":\"https:\/\/ethnica.style\/sv\/\",\"name\":\"Ethnica Style\",\"description\":\"\",\"publisher\":{\"@id\":\"https:\/\/ethnica.style\/sv\/#organization\"},\"potentialAction\":[{\"@type\":\"SearchAction\",\"target\":{\"@type\":\"EntryPoint\",\"urlTemplate\":\"https:\/\/ethnica.style\/sv\/?s={search_term_string}\"},\"query-input\":{\"@type\":\"PropertyValueSpecification\",\"valueRequired\":true,\"valueName\":\"search_term_string\"}}],\"inLanguage\":\"sv-SE\"},{\"@type\":\"Organization\",\"@id\":\"https:\/\/ethnica.style\/sv\/#organization\",\"name\":\"Ethnica Style\",\"url\":\"https:\/\/ethnica.style\/sv\/\",\"logo\":{\"@type\":\"ImageObject\",\"inLanguage\":\"sv-SE\",\"@id\":\"https:\/\/ethnica.style\/sv\/#\/schema\/logo\/image\/\",\"url\":\"https:\/\/ethnica.style\/wp-content\/uploads\/2024\/10\/group-5-1.svg\",\"contentUrl\":\"https:\/\/ethnica.style\/wp-content\/uploads\/2024\/10\/group-5-1.svg\",\"width\":1,\"height\":1,\"caption\":\"Ethnica Style\"},\"image\":{\"@id\":\"https:\/\/ethnica.style\/sv\/#\/schema\/logo\/image\/\"}}]}<\/script>\n<!-- \/ Yoast SEO plugin. -->","yoast_head_json":{"title":"Klassisk gr\u00e5 halsduk","description":"Svep in dig i lyx med v\u00e5r Classic Grey Scarf, tillverkad av mjuk merinoull. Ett tidl\u00f6st plagg som andas och passar b\u00e5de till vardags och till vardags.","robots":{"index":"index","follow":"follow","max-snippet":"max-snippet:-1","max-image-preview":"max-image-preview:large","max-video-preview":"max-video-preview:-1"},"canonical":"https:\/\/ethnica.style\/sv\/product\/klassisk-gra-halsduk\/","og_locale":"sv_SE","og_type":"article","og_title":"Klassisk gr\u00e5 halsduk","og_description":"Svep in dig i lyx med v\u00e5r Classic Grey Scarf, tillverkad av mjuk merinoull. Ett tidl\u00f6st plagg som andas och passar b\u00e5de till vardags och till vardags.","og_url":"https:\/\/ethnica.style\/sv\/product\/klassisk-gra-halsduk\/","og_site_name":"Ethnica Style","article_modified_time":"2025-09-03T09:40:30+00:00","og_image":[{"width":1024,"height":1537,"url":"https:\/\/ethnica.style\/wp-content\/uploads\/2025\/08\/248.jpg","type":"image\/jpeg"}],"twitter_card":"summary_large_image","twitter_misc":{"Ber\u00e4knad l\u00e4stid":"1 minut"},"schema":{"@context":"https:\/\/schema.org","@graph":[{"@type":"WebPage","@id":"https:\/\/ethnica.style\/sv\/product\/klassisk-gra-halsduk\/","url":"https:\/\/ethnica.style\/sv\/product\/klassisk-gra-halsduk\/","name":"Klassisk gr\u00e5 halsduk","isPartOf":{"@id":"https:\/\/ethnica.style\/sv\/#website"},"primaryImageOfPage":{"@id":"https:\/\/ethnica.style\/sv\/product\/klassisk-gra-halsduk\/#primaryimage"},"image":{"@id":"https:\/\/ethnica.style\/sv\/product\/klassisk-gra-halsduk\/#primaryimage"},"thumbnailUrl":"https:\/\/ethnica.style\/wp-content\/uploads\/2025\/08\/248.jpg","datePublished":"2025-08-10T08:43:25+00:00","dateModified":"2025-09-03T09:40:30+00:00","description":"Svep in dig i lyx med v\u00e5r Classic Grey Scarf, tillverkad av mjuk merinoull. Ett tidl\u00f6st plagg som andas och passar b\u00e5de till vardags och till vardags.","breadcrumb":{"@id":"https:\/\/ethnica.style\/sv\/product\/klassisk-gra-halsduk\/#breadcrumb"},"inLanguage":"sv-SE","potentialAction":[{"@type":"ReadAction","target":["https:\/\/ethnica.style\/sv\/product\/klassisk-gra-halsduk\/"]}]},{"@type":"ImageObject","inLanguage":"sv-SE","@id":"https:\/\/ethnica.style\/sv\/product\/klassisk-gra-halsduk\/#primaryimage","url":"https:\/\/ethnica.style\/wp-content\/uploads\/2025\/08\/248.jpg","contentUrl":"https:\/\/ethnica.style\/wp-content\/uploads\/2025\/08\/248.jpg","width":1024,"height":1537,"caption":"Classic Grey Scarf"},{"@type":"BreadcrumbList","@id":"https:\/\/ethnica.style\/sv\/product\/klassisk-gra-halsduk\/#breadcrumb","itemListElement":[{"@type":"ListItem","position":1,"name":"Home","item":"https:\/\/ethnica.style\/sv\/"},{"@type":"ListItem","position":2,"name":"Butik","item":"https:\/\/ethnica.style\/sv\/butik\/"},{"@type":"ListItem","position":3,"name":"Klassisk gr\u00e5 halsduk"}]},{"@type":"WebSite","@id":"https:\/\/ethnica.style\/sv\/#website","url":"https:\/\/ethnica.style\/sv\/","name":"Ethnica Style","description":"","publisher":{"@id":"https:\/\/ethnica.style\/sv\/#organization"},"potentialAction":[{"@type":"SearchAction","target":{"@type":"EntryPoint","urlTemplate":"https:\/\/ethnica.style\/sv\/?s={search_term_string}"},"query-input":{"@type":"PropertyValueSpecification","valueRequired":true,"valueName":"search_term_string"}}],"inLanguage":"sv-SE"},{"@type":"Organization","@id":"https:\/\/ethnica.style\/sv\/#organization","name":"Ethnica Style","url":"https:\/\/ethnica.style\/sv\/","logo":{"@type":"ImageObject","inLanguage":"sv-SE","@id":"https:\/\/ethnica.style\/sv\/#\/schema\/logo\/image\/","url":"https:\/\/ethnica.style\/wp-content\/uploads\/2024\/10\/group-5-1.svg","contentUrl":"https:\/\/ethnica.style\/wp-content\/uploads\/2024\/10\/group-5-1.svg","width":1,"height":1,"caption":"Ethnica Style"},"image":{"@id":"https:\/\/ethnica.style\/sv\/#\/schema\/logo\/image\/"}}]}},"_links":{"self":[{"href":"https:\/\/ethnica.style\/sv\/wp-json\/wp\/v2\/product\/2596","targetHints":{"allow":["GET"]}}],"collection":[{"href":"https:\/\/ethnica.style\/sv\/wp-json\/wp\/v2\/product"}],"about":[{"href":"https:\/\/ethnica.style\/sv\/wp-json\/wp\/v2\/types\/product"}],"replies":[{"embeddable":true,"href":"https:\/\/ethnica.style\/sv\/wp-json\/wp\/v2\/comments?post=2596"}],"wp:featuredmedia":[{"embeddable":true,"href":"https:\/\/ethnica.style\/sv\/wp-json\/wp\/v2\/media\/2692"}],"wp:attachment":[{"href":"https:\/\/ethnica.style\/sv\/wp-json\/wp\/v2\/media?parent=2596"}],"wp:term":[{"taxonomy":"product_brand","embeddable":true,"href":"https:\/\/ethnica.style\/sv\/wp-json\/wp\/v2\/product_brand?post=2596"},{"taxonomy":"product_cat","embeddable":true,"href":"https:\/\/ethnica.style\/sv\/wp-json\/wp\/v2\/product_cat?post=2596"},{"taxonomy":"product_tag","embeddable":true,"href":"https:\/\/ethnica.style\/sv\/wp-json\/wp\/v2\/product_tag?post=2596"}],"curies":[{"name":"wp","href":"https:\/\/api.w.org\/{rel}","templated":true}]}}