{"id":2597,"date":"2025-08-10T08:43:27","date_gmt":"2025-08-10T08:43:27","guid":{"rendered":"https:\/\/ethnica.style\/product\/black-dream-halsduk\/"},"modified":"2025-09-03T09:32:25","modified_gmt":"2025-09-03T09:32:25","slug":"black-dream-halsduk","status":"publish","type":"product","link":"https:\/\/ethnica.style\/sv\/product\/black-dream-halsduk\/","title":{"rendered":"Black Dream Halsduk"},"content":{"rendered":"<p data-start=\"123\" data-end=\"547\"><strong data-start=\"123\" data-end=\"144\">Black Dream Halsduk<\/strong><br data-start=\"144\" data-end=\"147\">Svep in dig i den lyxiga mjukheten i v\u00e5r <strong data-start=\"194\" data-end=\"215\">Black Dream Scarf<\/strong>, tillverkad av en premiumblandning av babyalpacka och merinoull. Det h\u00e4r vackert stickade<a href=\"https:\/\/ethnica.style\/sv\/\"> plagget<\/a> \u00e4r den perfekta f\u00f6ljeslagaren f\u00f6r dagar i kallt v\u00e4der och erbjuder b\u00e5de v\u00e4rme och tidl\u00f6s stil. Oavsett om den \u00e4r draperad <a href=\"https:\/\/en.wikipedia.org\/wiki\/Sweden\">\u00f6ver<\/a> dina axlar eller slingrad runt halsen, lyfter <strong data-start=\"465\" data-end=\"486\">Black Dream Scarf<\/strong> vilken outfit som helst med sin raffinerade textur och mysiga k\u00e4nsla.  <\/p>\n<p data-start=\"549\" data-end=\"627\"><strong data-start=\"549\" data-end=\"560\">L\u00e4ngd:<\/strong> 200 cm<br data-start=\"567\" data-end=\"570\"><strong data-start=\"570\" data-end=\"580\">Bredd:<\/strong> 53 cm<br data-start=\"586\" data-end=\"589\"><strong data-start=\"589\" data-end=\"627\">Designad och handgjord i Ukraina.<\/strong><\/p>\n","protected":false},"excerpt":{"rendered":"<p>Black Dream HalsdukSvep in dig i den lyxiga mjukheten i v\u00e5r Black Dream Scarf, tillverkad av en premiumblandning av babyalpacka och merinoull. Det h\u00e4r vackert stickade plagget \u00e4r den perfekta f\u00f6ljeslagaren f\u00f6r dagar i kallt v\u00e4der och erbjuder b\u00e5de v\u00e4rme och tidl\u00f6s stil. Oavsett om den \u00e4r draperad \u00f6ver dina axlar eller slingrad runt halsen, [&#8230;]\n","protected":false},"featured_media":2598,"comment_status":"open","ping_status":"closed","template":"","meta":{"_acf_changed":false},"product_brand":[],"product_cat":[90,101,110],"product_tag":[],"class_list":{"0":"post-2597","1":"product","2":"type-product","3":"status-publish","4":"has-post-thumbnail","6":"product_cat-kvinnor","7":"product_cat-nyanlanda","8":"product_cat-scarfs-sv","10":"first","11":"instock","12":"taxable","13":"shipping-taxable","14":"purchasable","15":"product-type-variable"},"acf":[],"yoast_head":"<!-- This site is optimized with the Yoast SEO plugin v26.6 - https:\/\/yoast.com\/wordpress\/plugins\/seo\/ -->\n<title>Black Dream Halsduk - Black Dream Halsduk<\/title>\n<meta name=\"description\" content=\"Svep in dig i lyx med Black Dream Scarf \u2013 en mysig blandning av babyalpacka och merinoull. Den \u00e4r handgjord i Ukraina och \u00e4r den perfekta vinteraccessoaren\" \/>\n<meta name=\"robots\" content=\"index, follow, max-snippet:-1, max-image-preview:large, max-video-preview:-1\" \/>\n<link rel=\"canonical\" href=\"https:\/\/ethnica.style\/sv\/product\/black-dream-halsduk\/\" \/>\n<meta property=\"og:locale\" content=\"sv_SE\" \/>\n<meta property=\"og:type\" content=\"article\" \/>\n<meta property=\"og:title\" content=\"Black Dream Halsduk - Black Dream Halsduk\" \/>\n<meta property=\"og:description\" content=\"Svep in dig i lyx med Black Dream Scarf \u2013 en mysig blandning av babyalpacka och merinoull. Den \u00e4r handgjord i Ukraina och \u00e4r den perfekta vinteraccessoaren\" \/>\n<meta property=\"og:url\" content=\"https:\/\/ethnica.style\/sv\/product\/black-dream-halsduk\/\" \/>\n<meta property=\"og:site_name\" content=\"Ethnica Style\" \/>\n<meta property=\"article:modified_time\" content=\"2025-09-03T09:32:25+00:00\" \/>\n<meta property=\"og:image\" content=\"https:\/\/ethnica.style\/wp-content\/uploads\/2025\/08\/image-2024-05-27-170047.jpg\" \/>\n\t<meta property=\"og:image:width\" content=\"839\" \/>\n\t<meta property=\"og:image:height\" content=\"1280\" \/>\n\t<meta property=\"og:image:type\" content=\"image\/jpeg\" \/>\n<meta name=\"twitter:card\" content=\"summary_large_image\" \/>\n<meta name=\"twitter:label1\" content=\"Ber\u00e4knad l\u00e4stid\" \/>\n\t<meta name=\"twitter:data1\" content=\"1 minut\" \/>\n<script type=\"application\/ld+json\" class=\"yoast-schema-graph\">{\"@context\":\"https:\/\/schema.org\",\"@graph\":[{\"@type\":\"WebPage\",\"@id\":\"https:\/\/ethnica.style\/sv\/product\/black-dream-halsduk\/\",\"url\":\"https:\/\/ethnica.style\/sv\/product\/black-dream-halsduk\/\",\"name\":\"Black Dream Halsduk - Black Dream Halsduk\",\"isPartOf\":{\"@id\":\"https:\/\/ethnica.style\/sv\/#website\"},\"primaryImageOfPage\":{\"@id\":\"https:\/\/ethnica.style\/sv\/product\/black-dream-halsduk\/#primaryimage\"},\"image\":{\"@id\":\"https:\/\/ethnica.style\/sv\/product\/black-dream-halsduk\/#primaryimage\"},\"thumbnailUrl\":\"https:\/\/ethnica.style\/wp-content\/uploads\/2025\/08\/image-2024-05-27-170047.jpg\",\"datePublished\":\"2025-08-10T08:43:27+00:00\",\"dateModified\":\"2025-09-03T09:32:25+00:00\",\"description\":\"Svep in dig i lyx med Black Dream Scarf \u2013 en mysig blandning av babyalpacka och merinoull. Den \u00e4r handgjord i Ukraina och \u00e4r den perfekta vinteraccessoaren\",\"breadcrumb\":{\"@id\":\"https:\/\/ethnica.style\/sv\/product\/black-dream-halsduk\/#breadcrumb\"},\"inLanguage\":\"sv-SE\",\"potentialAction\":[{\"@type\":\"ReadAction\",\"target\":[\"https:\/\/ethnica.style\/sv\/product\/black-dream-halsduk\/\"]}]},{\"@type\":\"ImageObject\",\"inLanguage\":\"sv-SE\",\"@id\":\"https:\/\/ethnica.style\/sv\/product\/black-dream-halsduk\/#primaryimage\",\"url\":\"https:\/\/ethnica.style\/wp-content\/uploads\/2025\/08\/image-2024-05-27-170047.jpg\",\"contentUrl\":\"https:\/\/ethnica.style\/wp-content\/uploads\/2025\/08\/image-2024-05-27-170047.jpg\",\"width\":839,\"height\":1280,\"caption\":\"Black Dream Scarf\"},{\"@type\":\"BreadcrumbList\",\"@id\":\"https:\/\/ethnica.style\/sv\/product\/black-dream-halsduk\/#breadcrumb\",\"itemListElement\":[{\"@type\":\"ListItem\",\"position\":1,\"name\":\"Home\",\"item\":\"https:\/\/ethnica.style\/sv\/\"},{\"@type\":\"ListItem\",\"position\":2,\"name\":\"Butik\",\"item\":\"https:\/\/ethnica.style\/sv\/butik\/\"},{\"@type\":\"ListItem\",\"position\":3,\"name\":\"Black Dream Halsduk\"}]},{\"@type\":\"WebSite\",\"@id\":\"https:\/\/ethnica.style\/sv\/#website\",\"url\":\"https:\/\/ethnica.style\/sv\/\",\"name\":\"Ethnica Style\",\"description\":\"\",\"publisher\":{\"@id\":\"https:\/\/ethnica.style\/sv\/#organization\"},\"potentialAction\":[{\"@type\":\"SearchAction\",\"target\":{\"@type\":\"EntryPoint\",\"urlTemplate\":\"https:\/\/ethnica.style\/sv\/?s={search_term_string}\"},\"query-input\":{\"@type\":\"PropertyValueSpecification\",\"valueRequired\":true,\"valueName\":\"search_term_string\"}}],\"inLanguage\":\"sv-SE\"},{\"@type\":\"Organization\",\"@id\":\"https:\/\/ethnica.style\/sv\/#organization\",\"name\":\"Ethnica Style\",\"url\":\"https:\/\/ethnica.style\/sv\/\",\"logo\":{\"@type\":\"ImageObject\",\"inLanguage\":\"sv-SE\",\"@id\":\"https:\/\/ethnica.style\/sv\/#\/schema\/logo\/image\/\",\"url\":\"https:\/\/ethnica.style\/wp-content\/uploads\/2024\/10\/group-5-1.svg\",\"contentUrl\":\"https:\/\/ethnica.style\/wp-content\/uploads\/2024\/10\/group-5-1.svg\",\"width\":1,\"height\":1,\"caption\":\"Ethnica Style\"},\"image\":{\"@id\":\"https:\/\/ethnica.style\/sv\/#\/schema\/logo\/image\/\"}}]}<\/script>\n<!-- \/ Yoast SEO plugin. -->","yoast_head_json":{"title":"Black Dream Halsduk - Black Dream Halsduk","description":"Svep in dig i lyx med Black Dream Scarf \u2013 en mysig blandning av babyalpacka och merinoull. Den \u00e4r handgjord i Ukraina och \u00e4r den perfekta vinteraccessoaren","robots":{"index":"index","follow":"follow","max-snippet":"max-snippet:-1","max-image-preview":"max-image-preview:large","max-video-preview":"max-video-preview:-1"},"canonical":"https:\/\/ethnica.style\/sv\/product\/black-dream-halsduk\/","og_locale":"sv_SE","og_type":"article","og_title":"Black Dream Halsduk - Black Dream Halsduk","og_description":"Svep in dig i lyx med Black Dream Scarf \u2013 en mysig blandning av babyalpacka och merinoull. Den \u00e4r handgjord i Ukraina och \u00e4r den perfekta vinteraccessoaren","og_url":"https:\/\/ethnica.style\/sv\/product\/black-dream-halsduk\/","og_site_name":"Ethnica Style","article_modified_time":"2025-09-03T09:32:25+00:00","og_image":[{"width":839,"height":1280,"url":"https:\/\/ethnica.style\/wp-content\/uploads\/2025\/08\/image-2024-05-27-170047.jpg","type":"image\/jpeg"}],"twitter_card":"summary_large_image","twitter_misc":{"Ber\u00e4knad l\u00e4stid":"1 minut"},"schema":{"@context":"https:\/\/schema.org","@graph":[{"@type":"WebPage","@id":"https:\/\/ethnica.style\/sv\/product\/black-dream-halsduk\/","url":"https:\/\/ethnica.style\/sv\/product\/black-dream-halsduk\/","name":"Black Dream Halsduk - Black Dream Halsduk","isPartOf":{"@id":"https:\/\/ethnica.style\/sv\/#website"},"primaryImageOfPage":{"@id":"https:\/\/ethnica.style\/sv\/product\/black-dream-halsduk\/#primaryimage"},"image":{"@id":"https:\/\/ethnica.style\/sv\/product\/black-dream-halsduk\/#primaryimage"},"thumbnailUrl":"https:\/\/ethnica.style\/wp-content\/uploads\/2025\/08\/image-2024-05-27-170047.jpg","datePublished":"2025-08-10T08:43:27+00:00","dateModified":"2025-09-03T09:32:25+00:00","description":"Svep in dig i lyx med Black Dream Scarf \u2013 en mysig blandning av babyalpacka och merinoull. Den \u00e4r handgjord i Ukraina och \u00e4r den perfekta vinteraccessoaren","breadcrumb":{"@id":"https:\/\/ethnica.style\/sv\/product\/black-dream-halsduk\/#breadcrumb"},"inLanguage":"sv-SE","potentialAction":[{"@type":"ReadAction","target":["https:\/\/ethnica.style\/sv\/product\/black-dream-halsduk\/"]}]},{"@type":"ImageObject","inLanguage":"sv-SE","@id":"https:\/\/ethnica.style\/sv\/product\/black-dream-halsduk\/#primaryimage","url":"https:\/\/ethnica.style\/wp-content\/uploads\/2025\/08\/image-2024-05-27-170047.jpg","contentUrl":"https:\/\/ethnica.style\/wp-content\/uploads\/2025\/08\/image-2024-05-27-170047.jpg","width":839,"height":1280,"caption":"Black Dream Scarf"},{"@type":"BreadcrumbList","@id":"https:\/\/ethnica.style\/sv\/product\/black-dream-halsduk\/#breadcrumb","itemListElement":[{"@type":"ListItem","position":1,"name":"Home","item":"https:\/\/ethnica.style\/sv\/"},{"@type":"ListItem","position":2,"name":"Butik","item":"https:\/\/ethnica.style\/sv\/butik\/"},{"@type":"ListItem","position":3,"name":"Black Dream Halsduk"}]},{"@type":"WebSite","@id":"https:\/\/ethnica.style\/sv\/#website","url":"https:\/\/ethnica.style\/sv\/","name":"Ethnica Style","description":"","publisher":{"@id":"https:\/\/ethnica.style\/sv\/#organization"},"potentialAction":[{"@type":"SearchAction","target":{"@type":"EntryPoint","urlTemplate":"https:\/\/ethnica.style\/sv\/?s={search_term_string}"},"query-input":{"@type":"PropertyValueSpecification","valueRequired":true,"valueName":"search_term_string"}}],"inLanguage":"sv-SE"},{"@type":"Organization","@id":"https:\/\/ethnica.style\/sv\/#organization","name":"Ethnica Style","url":"https:\/\/ethnica.style\/sv\/","logo":{"@type":"ImageObject","inLanguage":"sv-SE","@id":"https:\/\/ethnica.style\/sv\/#\/schema\/logo\/image\/","url":"https:\/\/ethnica.style\/wp-content\/uploads\/2024\/10\/group-5-1.svg","contentUrl":"https:\/\/ethnica.style\/wp-content\/uploads\/2024\/10\/group-5-1.svg","width":1,"height":1,"caption":"Ethnica Style"},"image":{"@id":"https:\/\/ethnica.style\/sv\/#\/schema\/logo\/image\/"}}]}},"_links":{"self":[{"href":"https:\/\/ethnica.style\/sv\/wp-json\/wp\/v2\/product\/2597","targetHints":{"allow":["GET"]}}],"collection":[{"href":"https:\/\/ethnica.style\/sv\/wp-json\/wp\/v2\/product"}],"about":[{"href":"https:\/\/ethnica.style\/sv\/wp-json\/wp\/v2\/types\/product"}],"replies":[{"embeddable":true,"href":"https:\/\/ethnica.style\/sv\/wp-json\/wp\/v2\/comments?post=2597"}],"wp:featuredmedia":[{"embeddable":true,"href":"https:\/\/ethnica.style\/sv\/wp-json\/wp\/v2\/media\/2598"}],"wp:attachment":[{"href":"https:\/\/ethnica.style\/sv\/wp-json\/wp\/v2\/media?parent=2597"}],"wp:term":[{"taxonomy":"product_brand","embeddable":true,"href":"https:\/\/ethnica.style\/sv\/wp-json\/wp\/v2\/product_brand?post=2597"},{"taxonomy":"product_cat","embeddable":true,"href":"https:\/\/ethnica.style\/sv\/wp-json\/wp\/v2\/product_cat?post=2597"},{"taxonomy":"product_tag","embeddable":true,"href":"https:\/\/ethnica.style\/sv\/wp-json\/wp\/v2\/product_tag?post=2597"}],"curies":[{"name":"wp","href":"https:\/\/api.w.org\/{rel}","templated":true}]}}