{"id":2603,"date":"2025-08-10T08:43:26","date_gmt":"2025-08-10T08:43:26","guid":{"rendered":"https:\/\/ethnica.style\/product\/fantasy-kofta-2\/"},"modified":"2025-09-03T09:32:27","modified_gmt":"2025-09-03T09:32:27","slug":"fantasy-kofta-2","status":"publish","type":"product","link":"https:\/\/ethnica.style\/sv\/product\/fantasy-kofta-2\/","title":{"rendered":"Fantasy kofta"},"content":{"rendered":"<p class=\"p1\">Vi presenterar v\u00e5r Fantasy Cardigan, en blandning av mysig komfort och livfull stil. I en h\u00e4rlig vaniljnyans \u00e4r den h\u00e4r koftan prydd med f\u00e4rgglada r\u00e4nder, vilket ger en <a href=\"https:\/\/ethnica.style\/sv\/\">lekfull touch<\/a> till vilken ensemble som helst. Med sin fria silhuettdesign och m\u00e5ngsidighet i en storlek som passar alla, lyfter den h\u00e4r koftan din <a href=\"https:\/\/en.wikipedia.org\/wiki\/Sweden\">look<\/a> med en touch av fantasi och stil.  <\/p>\n<p>Obs: Modellen \u00e4r 167 cm och b\u00e4r en storlek.<\/p>\n<p><strong><span data-sheets-root=\"1\" data-sheets-value=\"{\"1\":2,\"2\":\"60*65\"}\" data-sheets-userformat=\"{\"2\":31613,\"3\":{\"1\":0},\"5\":{\"1\":[{\"1\":2,\"2\":0,\"5\":{\"1\":2,\"2\":0}},{\"1\":0,\"2\":0,\"3\":3},{\"1\":1,\"2\":0,\"4\":1}]},\"6\":{\"1\":[{\"1\":2,\"2\":0,\"5\":{\"1\":2,\"2\":0}},{\"1\":0,\"2\":0,\"3\":3},{\"1\":1,\"2\":0,\"4\":1}]},\"7\":{\"1\":[{\"1\":2,\"2\":0,\"5\":{\"1\":2,\"2\":0}},{\"1\":0,\"2\":0,\"3\":3},{\"1\":1,\"2\":0,\"4\":1}]},\"8\":{\"1\":[{\"1\":2,\"2\":0,\"5\":{\"1\":2,\"2\":0}},{\"1\":0,\"2\":0,\"3\":3},{\"1\":1,\"2\":0,\"4\":1}]},\"9\":1,\"11\":4,\"12\":0,\"14\":{\"1\":3,\"3\":1},\"15\":\"Tahoma\",\"16\":21,\"17\":1}\">Vi ber dig v\u00e4nligen att vara uppm\u00e4rksam p\u00e5 l\u00e4ngden och bredden p\u00e5 detta \u00f6verdimensionerade plagg.  <\/span>N\u00e4r du best\u00e4ller, v\u00e4nligen ange vilken som passar dig b\u00e4st:<\/strong><\/p>\n<p><strong>S storlek l\u00e4ngd: 66cm bredd: 60cm<\/strong><\/p>\n<p><strong>M storlek l\u00e4ngd: 68cm bredd: 65cm  <\/strong><\/p>\n<p class=\"p1\">Designad och tillverkad i Ukraina.<\/p>\n<p>Om du beh\u00f6ver f\u00f6rtydligande om storlek \u00e4r du v\u00e4lkommen att kontakta oss.<\/p>\n","protected":false},"excerpt":{"rendered":"<p>Vi presenterar v\u00e5r Fantasy Cardigan, en blandning av mysig komfort och livfull stil. I en h\u00e4rlig vaniljnyans \u00e4r den h\u00e4r koftan prydd med f\u00e4rgglada r\u00e4nder, vilket ger en lekfull touch till vilken ensemble som helst. Med sin fria silhuettdesign och m\u00e5ngsidighet i en storlek som passar alla, lyfter den h\u00e4r koftan din look med en [&#8230;]\n","protected":false},"featured_media":2696,"comment_status":"open","ping_status":"closed","template":"","meta":{"_acf_changed":false},"product_brand":[],"product_cat":[102,90,101],"product_tag":[],"class_list":{"0":"post-2603","1":"product","2":"type-product","3":"status-publish","4":"has-post-thumbnail","6":"product_cat-koftor","7":"product_cat-kvinnor","8":"product_cat-nyanlanda","10":"first","11":"instock","12":"taxable","13":"shipping-taxable","14":"purchasable","15":"product-type-variable"},"acf":[],"yoast_head":"<!-- This site is optimized with the Yoast SEO plugin v26.6 - https:\/\/yoast.com\/wordpress\/plugins\/seo\/ -->\n<title>Fantasy kofta - Ethnica Style Fantasy Cardigan<\/title>\n<meta name=\"description\" content=\"L\u00e4gg till charm i din garderob med Fantasy Cardigan - med f\u00e4rgglada r\u00e4nder, mjuka vaniljtoner och en mysig silhuett med fri passform i tv\u00e5 storlekar.\" \/>\n<meta name=\"robots\" content=\"index, follow, max-snippet:-1, max-image-preview:large, max-video-preview:-1\" \/>\n<link rel=\"canonical\" href=\"https:\/\/ethnica.style\/sv\/product\/fantasy-kofta-2\/\" \/>\n<meta property=\"og:locale\" content=\"sv_SE\" \/>\n<meta property=\"og:type\" content=\"article\" \/>\n<meta property=\"og:title\" content=\"Fantasy kofta - Ethnica Style Fantasy Cardigan\" \/>\n<meta property=\"og:description\" content=\"L\u00e4gg till charm i din garderob med Fantasy Cardigan - med f\u00e4rgglada r\u00e4nder, mjuka vaniljtoner och en mysig silhuett med fri passform i tv\u00e5 storlekar.\" \/>\n<meta property=\"og:url\" content=\"https:\/\/ethnica.style\/sv\/product\/fantasy-kofta-2\/\" \/>\n<meta property=\"og:site_name\" content=\"Ethnica Style\" \/>\n<meta property=\"article:modified_time\" content=\"2025-09-03T09:32:27+00:00\" \/>\n<meta property=\"og:image\" content=\"https:\/\/ethnica.style\/wp-content\/uploads\/2025\/08\/097.jpg\" \/>\n\t<meta property=\"og:image:width\" content=\"1024\" \/>\n\t<meta property=\"og:image:height\" content=\"1539\" \/>\n\t<meta property=\"og:image:type\" content=\"image\/jpeg\" \/>\n<meta name=\"twitter:card\" content=\"summary_large_image\" \/>\n<meta name=\"twitter:label1\" content=\"Ber\u00e4knad l\u00e4stid\" \/>\n\t<meta name=\"twitter:data1\" content=\"1 minut\" \/>\n<script type=\"application\/ld+json\" class=\"yoast-schema-graph\">{\"@context\":\"https:\/\/schema.org\",\"@graph\":[{\"@type\":\"WebPage\",\"@id\":\"https:\/\/ethnica.style\/sv\/product\/fantasy-kofta-2\/\",\"url\":\"https:\/\/ethnica.style\/sv\/product\/fantasy-kofta-2\/\",\"name\":\"Fantasy kofta - Ethnica Style Fantasy Cardigan\",\"isPartOf\":{\"@id\":\"https:\/\/ethnica.style\/sv\/#website\"},\"primaryImageOfPage\":{\"@id\":\"https:\/\/ethnica.style\/sv\/product\/fantasy-kofta-2\/#primaryimage\"},\"image\":{\"@id\":\"https:\/\/ethnica.style\/sv\/product\/fantasy-kofta-2\/#primaryimage\"},\"thumbnailUrl\":\"https:\/\/ethnica.style\/wp-content\/uploads\/2025\/08\/097.jpg\",\"datePublished\":\"2025-08-10T08:43:26+00:00\",\"dateModified\":\"2025-09-03T09:32:27+00:00\",\"description\":\"L\u00e4gg till charm i din garderob med Fantasy Cardigan - med f\u00e4rgglada r\u00e4nder, mjuka vaniljtoner och en mysig silhuett med fri passform i tv\u00e5 storlekar.\",\"breadcrumb\":{\"@id\":\"https:\/\/ethnica.style\/sv\/product\/fantasy-kofta-2\/#breadcrumb\"},\"inLanguage\":\"sv-SE\",\"potentialAction\":[{\"@type\":\"ReadAction\",\"target\":[\"https:\/\/ethnica.style\/sv\/product\/fantasy-kofta-2\/\"]}]},{\"@type\":\"ImageObject\",\"inLanguage\":\"sv-SE\",\"@id\":\"https:\/\/ethnica.style\/sv\/product\/fantasy-kofta-2\/#primaryimage\",\"url\":\"https:\/\/ethnica.style\/wp-content\/uploads\/2025\/08\/097.jpg\",\"contentUrl\":\"https:\/\/ethnica.style\/wp-content\/uploads\/2025\/08\/097.jpg\",\"width\":1024,\"height\":1539,\"caption\":\"Fantasy Cardigan\"},{\"@type\":\"BreadcrumbList\",\"@id\":\"https:\/\/ethnica.style\/sv\/product\/fantasy-kofta-2\/#breadcrumb\",\"itemListElement\":[{\"@type\":\"ListItem\",\"position\":1,\"name\":\"Home\",\"item\":\"https:\/\/ethnica.style\/sv\/\"},{\"@type\":\"ListItem\",\"position\":2,\"name\":\"Butik\",\"item\":\"https:\/\/ethnica.style\/sv\/butik\/\"},{\"@type\":\"ListItem\",\"position\":3,\"name\":\"Fantasy kofta\"}]},{\"@type\":\"WebSite\",\"@id\":\"https:\/\/ethnica.style\/sv\/#website\",\"url\":\"https:\/\/ethnica.style\/sv\/\",\"name\":\"Ethnica Style\",\"description\":\"\",\"publisher\":{\"@id\":\"https:\/\/ethnica.style\/sv\/#organization\"},\"potentialAction\":[{\"@type\":\"SearchAction\",\"target\":{\"@type\":\"EntryPoint\",\"urlTemplate\":\"https:\/\/ethnica.style\/sv\/?s={search_term_string}\"},\"query-input\":{\"@type\":\"PropertyValueSpecification\",\"valueRequired\":true,\"valueName\":\"search_term_string\"}}],\"inLanguage\":\"sv-SE\"},{\"@type\":\"Organization\",\"@id\":\"https:\/\/ethnica.style\/sv\/#organization\",\"name\":\"Ethnica Style\",\"url\":\"https:\/\/ethnica.style\/sv\/\",\"logo\":{\"@type\":\"ImageObject\",\"inLanguage\":\"sv-SE\",\"@id\":\"https:\/\/ethnica.style\/sv\/#\/schema\/logo\/image\/\",\"url\":\"https:\/\/ethnica.style\/wp-content\/uploads\/2024\/10\/group-5-1.svg\",\"contentUrl\":\"https:\/\/ethnica.style\/wp-content\/uploads\/2024\/10\/group-5-1.svg\",\"width\":1,\"height\":1,\"caption\":\"Ethnica Style\"},\"image\":{\"@id\":\"https:\/\/ethnica.style\/sv\/#\/schema\/logo\/image\/\"}}]}<\/script>\n<!-- \/ Yoast SEO plugin. -->","yoast_head_json":{"title":"Fantasy kofta - Ethnica Style Fantasy Cardigan","description":"L\u00e4gg till charm i din garderob med Fantasy Cardigan - med f\u00e4rgglada r\u00e4nder, mjuka vaniljtoner och en mysig silhuett med fri passform i tv\u00e5 storlekar.","robots":{"index":"index","follow":"follow","max-snippet":"max-snippet:-1","max-image-preview":"max-image-preview:large","max-video-preview":"max-video-preview:-1"},"canonical":"https:\/\/ethnica.style\/sv\/product\/fantasy-kofta-2\/","og_locale":"sv_SE","og_type":"article","og_title":"Fantasy kofta - Ethnica Style Fantasy Cardigan","og_description":"L\u00e4gg till charm i din garderob med Fantasy Cardigan - med f\u00e4rgglada r\u00e4nder, mjuka vaniljtoner och en mysig silhuett med fri passform i tv\u00e5 storlekar.","og_url":"https:\/\/ethnica.style\/sv\/product\/fantasy-kofta-2\/","og_site_name":"Ethnica Style","article_modified_time":"2025-09-03T09:32:27+00:00","og_image":[{"width":1024,"height":1539,"url":"https:\/\/ethnica.style\/wp-content\/uploads\/2025\/08\/097.jpg","type":"image\/jpeg"}],"twitter_card":"summary_large_image","twitter_misc":{"Ber\u00e4knad l\u00e4stid":"1 minut"},"schema":{"@context":"https:\/\/schema.org","@graph":[{"@type":"WebPage","@id":"https:\/\/ethnica.style\/sv\/product\/fantasy-kofta-2\/","url":"https:\/\/ethnica.style\/sv\/product\/fantasy-kofta-2\/","name":"Fantasy kofta - Ethnica Style Fantasy Cardigan","isPartOf":{"@id":"https:\/\/ethnica.style\/sv\/#website"},"primaryImageOfPage":{"@id":"https:\/\/ethnica.style\/sv\/product\/fantasy-kofta-2\/#primaryimage"},"image":{"@id":"https:\/\/ethnica.style\/sv\/product\/fantasy-kofta-2\/#primaryimage"},"thumbnailUrl":"https:\/\/ethnica.style\/wp-content\/uploads\/2025\/08\/097.jpg","datePublished":"2025-08-10T08:43:26+00:00","dateModified":"2025-09-03T09:32:27+00:00","description":"L\u00e4gg till charm i din garderob med Fantasy Cardigan - med f\u00e4rgglada r\u00e4nder, mjuka vaniljtoner och en mysig silhuett med fri passform i tv\u00e5 storlekar.","breadcrumb":{"@id":"https:\/\/ethnica.style\/sv\/product\/fantasy-kofta-2\/#breadcrumb"},"inLanguage":"sv-SE","potentialAction":[{"@type":"ReadAction","target":["https:\/\/ethnica.style\/sv\/product\/fantasy-kofta-2\/"]}]},{"@type":"ImageObject","inLanguage":"sv-SE","@id":"https:\/\/ethnica.style\/sv\/product\/fantasy-kofta-2\/#primaryimage","url":"https:\/\/ethnica.style\/wp-content\/uploads\/2025\/08\/097.jpg","contentUrl":"https:\/\/ethnica.style\/wp-content\/uploads\/2025\/08\/097.jpg","width":1024,"height":1539,"caption":"Fantasy Cardigan"},{"@type":"BreadcrumbList","@id":"https:\/\/ethnica.style\/sv\/product\/fantasy-kofta-2\/#breadcrumb","itemListElement":[{"@type":"ListItem","position":1,"name":"Home","item":"https:\/\/ethnica.style\/sv\/"},{"@type":"ListItem","position":2,"name":"Butik","item":"https:\/\/ethnica.style\/sv\/butik\/"},{"@type":"ListItem","position":3,"name":"Fantasy kofta"}]},{"@type":"WebSite","@id":"https:\/\/ethnica.style\/sv\/#website","url":"https:\/\/ethnica.style\/sv\/","name":"Ethnica Style","description":"","publisher":{"@id":"https:\/\/ethnica.style\/sv\/#organization"},"potentialAction":[{"@type":"SearchAction","target":{"@type":"EntryPoint","urlTemplate":"https:\/\/ethnica.style\/sv\/?s={search_term_string}"},"query-input":{"@type":"PropertyValueSpecification","valueRequired":true,"valueName":"search_term_string"}}],"inLanguage":"sv-SE"},{"@type":"Organization","@id":"https:\/\/ethnica.style\/sv\/#organization","name":"Ethnica Style","url":"https:\/\/ethnica.style\/sv\/","logo":{"@type":"ImageObject","inLanguage":"sv-SE","@id":"https:\/\/ethnica.style\/sv\/#\/schema\/logo\/image\/","url":"https:\/\/ethnica.style\/wp-content\/uploads\/2024\/10\/group-5-1.svg","contentUrl":"https:\/\/ethnica.style\/wp-content\/uploads\/2024\/10\/group-5-1.svg","width":1,"height":1,"caption":"Ethnica Style"},"image":{"@id":"https:\/\/ethnica.style\/sv\/#\/schema\/logo\/image\/"}}]}},"_links":{"self":[{"href":"https:\/\/ethnica.style\/sv\/wp-json\/wp\/v2\/product\/2603","targetHints":{"allow":["GET"]}}],"collection":[{"href":"https:\/\/ethnica.style\/sv\/wp-json\/wp\/v2\/product"}],"about":[{"href":"https:\/\/ethnica.style\/sv\/wp-json\/wp\/v2\/types\/product"}],"replies":[{"embeddable":true,"href":"https:\/\/ethnica.style\/sv\/wp-json\/wp\/v2\/comments?post=2603"}],"wp:featuredmedia":[{"embeddable":true,"href":"https:\/\/ethnica.style\/sv\/wp-json\/wp\/v2\/media\/2696"}],"wp:attachment":[{"href":"https:\/\/ethnica.style\/sv\/wp-json\/wp\/v2\/media?parent=2603"}],"wp:term":[{"taxonomy":"product_brand","embeddable":true,"href":"https:\/\/ethnica.style\/sv\/wp-json\/wp\/v2\/product_brand?post=2603"},{"taxonomy":"product_cat","embeddable":true,"href":"https:\/\/ethnica.style\/sv\/wp-json\/wp\/v2\/product_cat?post=2603"},{"taxonomy":"product_tag","embeddable":true,"href":"https:\/\/ethnica.style\/sv\/wp-json\/wp\/v2\/product_tag?post=2603"}],"curies":[{"name":"wp","href":"https:\/\/api.w.org\/{rel}","templated":true}]}}