{"id":2604,"date":"2025-08-10T08:43:28","date_gmt":"2025-08-10T08:43:28","guid":{"rendered":"https:\/\/ethnica.style\/product\/pion-troja\/"},"modified":"2025-09-03T09:26:29","modified_gmt":"2025-09-03T09:26:29","slug":"pion-troja","status":"publish","type":"product","link":"https:\/\/ethnica.style\/sv\/product\/pion-troja\/","title":{"rendered":"Pion Tr\u00f6ja"},"content":{"rendered":"<p data-start=\"154\" data-end=\"504\"><strong data-start=\"154\" data-end=\"171\">Peony Sweater<\/strong> avsl\u00f6jar \u00e4kta hantverk &#8211; skickligt stickat av en lyxig blandning av kid mohair, silke och merinoull. Detta one-size-plagg kombinerar komfort med tidl\u00f6s elegans, vilket g\u00f6r <strong data-start=\"349\" data-end=\"366\">Peony Sweater<\/strong> till ett raffinerat <a href=\"https:\/\/en.wikipedia.org\/wiki\/Sweden\">val<\/a> f\u00f6r dem med kr\u00e4sen <a href=\"https:\/\/ethnica.style\/sv\/\">smak<\/a>. Dess mjuka konsistens och luftiga siluett ger ett graci\u00f6st fall som smickrar varje figur.  <\/p>\n<p data-start=\"506\" data-end=\"549\">Obs: Modellen \u00e4r 167 cm och b\u00e4r en storlek.<\/p>\n<p data-start=\"551\" data-end=\"596\">65 % mohair fr\u00e5n barn<br data-start=\"565\" data-end=\"568\">25% silke<br data-start=\"576\" data-end=\"579\">10% merinoull<\/p>\n<p data-start=\"598\" data-end=\"674\">Var uppm\u00e4rksam p\u00e5 plaggets m\u00e5tt:<br data-start=\"643\" data-end=\"646\">L\u00e4ngd: 60cm; Bredd: 60cm.<\/p>\n<p data-start=\"676\" data-end=\"776\">Designad och handgjord i Ukraina.<br data-start=\"710\" data-end=\"713\">Beh\u00f6ver du hj\u00e4lp med att v\u00e4lja storlek? V\u00e5ra chefer hj\u00e4lper dig g\u00e4rna. <\/p>\n<p>&nbsp;<\/p>\n","protected":false},"excerpt":{"rendered":"<p>Peony Sweater avsl\u00f6jar \u00e4kta hantverk &#8211; skickligt stickat av en lyxig blandning av kid mohair, silke och merinoull. Detta one-size-plagg kombinerar komfort med tidl\u00f6s elegans, vilket g\u00f6r Peony Sweater till ett raffinerat val f\u00f6r dem med kr\u00e4sen smak. Dess mjuka konsistens och luftiga siluett ger ett graci\u00f6st fall som smickrar varje figur. Obs: Modellen \u00e4r [&#8230;]\n","protected":false},"featured_media":2605,"comment_status":"open","ping_status":"closed","template":"","meta":{"_acf_changed":false},"product_brand":[],"product_cat":[90,101,108],"product_tag":[],"class_list":{"0":"post-2604","1":"product","2":"type-product","3":"status-publish","4":"has-post-thumbnail","6":"product_cat-kvinnor","7":"product_cat-nyanlanda","8":"product_cat-trojor","10":"first","11":"instock","12":"taxable","13":"shipping-taxable","14":"purchasable","15":"product-type-variable"},"acf":[],"yoast_head":"<!-- This site is optimized with the Yoast SEO plugin v26.6 - https:\/\/yoast.com\/wordpress\/plugins\/seo\/ -->\n<title>Pion Tr\u00f6ja<\/title>\n<meta name=\"description\" content=\"Peony Sweater blandar kid mohair, silke och merinoull f\u00f6r en tidl\u00f6s, elegant look. Den \u00e4r designad i Ukraina och \u00e4r perfekt f\u00f6r raffinerad, mysig stil.\" \/>\n<meta name=\"robots\" content=\"index, follow, max-snippet:-1, max-image-preview:large, max-video-preview:-1\" \/>\n<link rel=\"canonical\" href=\"https:\/\/ethnica.style\/sv\/product\/pion-troja\/\" \/>\n<meta property=\"og:locale\" content=\"sv_SE\" \/>\n<meta property=\"og:type\" content=\"article\" \/>\n<meta property=\"og:title\" content=\"Pion Tr\u00f6ja\" \/>\n<meta property=\"og:description\" content=\"Peony Sweater blandar kid mohair, silke och merinoull f\u00f6r en tidl\u00f6s, elegant look. Den \u00e4r designad i Ukraina och \u00e4r perfekt f\u00f6r raffinerad, mysig stil.\" \/>\n<meta property=\"og:url\" content=\"https:\/\/ethnica.style\/sv\/product\/pion-troja\/\" \/>\n<meta property=\"og:site_name\" content=\"Ethnica Style\" \/>\n<meta property=\"article:modified_time\" content=\"2025-09-03T09:26:29+00:00\" \/>\n<meta property=\"og:image\" content=\"https:\/\/ethnica.style\/wp-content\/uploads\/2025\/08\/image-2024-05-10-235044.jpg\" \/>\n\t<meta property=\"og:image:width\" content=\"853\" \/>\n\t<meta property=\"og:image:height\" content=\"1280\" \/>\n\t<meta property=\"og:image:type\" content=\"image\/jpeg\" \/>\n<meta name=\"twitter:card\" content=\"summary_large_image\" \/>\n<meta name=\"twitter:label1\" content=\"Ber\u00e4knad l\u00e4stid\" \/>\n\t<meta name=\"twitter:data1\" content=\"1 minut\" \/>\n<script type=\"application\/ld+json\" class=\"yoast-schema-graph\">{\"@context\":\"https:\/\/schema.org\",\"@graph\":[{\"@type\":\"WebPage\",\"@id\":\"https:\/\/ethnica.style\/sv\/product\/pion-troja\/\",\"url\":\"https:\/\/ethnica.style\/sv\/product\/pion-troja\/\",\"name\":\"Pion Tr\u00f6ja\",\"isPartOf\":{\"@id\":\"https:\/\/ethnica.style\/sv\/#website\"},\"primaryImageOfPage\":{\"@id\":\"https:\/\/ethnica.style\/sv\/product\/pion-troja\/#primaryimage\"},\"image\":{\"@id\":\"https:\/\/ethnica.style\/sv\/product\/pion-troja\/#primaryimage\"},\"thumbnailUrl\":\"https:\/\/ethnica.style\/wp-content\/uploads\/2025\/08\/image-2024-05-10-235044.jpg\",\"datePublished\":\"2025-08-10T08:43:28+00:00\",\"dateModified\":\"2025-09-03T09:26:29+00:00\",\"description\":\"Peony Sweater blandar kid mohair, silke och merinoull f\u00f6r en tidl\u00f6s, elegant look. Den \u00e4r designad i Ukraina och \u00e4r perfekt f\u00f6r raffinerad, mysig stil.\",\"breadcrumb\":{\"@id\":\"https:\/\/ethnica.style\/sv\/product\/pion-troja\/#breadcrumb\"},\"inLanguage\":\"sv-SE\",\"potentialAction\":[{\"@type\":\"ReadAction\",\"target\":[\"https:\/\/ethnica.style\/sv\/product\/pion-troja\/\"]}]},{\"@type\":\"ImageObject\",\"inLanguage\":\"sv-SE\",\"@id\":\"https:\/\/ethnica.style\/sv\/product\/pion-troja\/#primaryimage\",\"url\":\"https:\/\/ethnica.style\/wp-content\/uploads\/2025\/08\/image-2024-05-10-235044.jpg\",\"contentUrl\":\"https:\/\/ethnica.style\/wp-content\/uploads\/2025\/08\/image-2024-05-10-235044.jpg\",\"width\":853,\"height\":1280,\"caption\":\"Peony Sweater\"},{\"@type\":\"BreadcrumbList\",\"@id\":\"https:\/\/ethnica.style\/sv\/product\/pion-troja\/#breadcrumb\",\"itemListElement\":[{\"@type\":\"ListItem\",\"position\":1,\"name\":\"Home\",\"item\":\"https:\/\/ethnica.style\/sv\/\"},{\"@type\":\"ListItem\",\"position\":2,\"name\":\"Butik\",\"item\":\"https:\/\/ethnica.style\/sv\/butik\/\"},{\"@type\":\"ListItem\",\"position\":3,\"name\":\"Pion Tr\u00f6ja\"}]},{\"@type\":\"WebSite\",\"@id\":\"https:\/\/ethnica.style\/sv\/#website\",\"url\":\"https:\/\/ethnica.style\/sv\/\",\"name\":\"Ethnica Style\",\"description\":\"\",\"publisher\":{\"@id\":\"https:\/\/ethnica.style\/sv\/#organization\"},\"potentialAction\":[{\"@type\":\"SearchAction\",\"target\":{\"@type\":\"EntryPoint\",\"urlTemplate\":\"https:\/\/ethnica.style\/sv\/?s={search_term_string}\"},\"query-input\":{\"@type\":\"PropertyValueSpecification\",\"valueRequired\":true,\"valueName\":\"search_term_string\"}}],\"inLanguage\":\"sv-SE\"},{\"@type\":\"Organization\",\"@id\":\"https:\/\/ethnica.style\/sv\/#organization\",\"name\":\"Ethnica Style\",\"url\":\"https:\/\/ethnica.style\/sv\/\",\"logo\":{\"@type\":\"ImageObject\",\"inLanguage\":\"sv-SE\",\"@id\":\"https:\/\/ethnica.style\/sv\/#\/schema\/logo\/image\/\",\"url\":\"https:\/\/ethnica.style\/wp-content\/uploads\/2024\/10\/group-5-1.svg\",\"contentUrl\":\"https:\/\/ethnica.style\/wp-content\/uploads\/2024\/10\/group-5-1.svg\",\"width\":1,\"height\":1,\"caption\":\"Ethnica Style\"},\"image\":{\"@id\":\"https:\/\/ethnica.style\/sv\/#\/schema\/logo\/image\/\"}}]}<\/script>\n<!-- \/ Yoast SEO plugin. -->","yoast_head_json":{"title":"Pion Tr\u00f6ja","description":"Peony Sweater blandar kid mohair, silke och merinoull f\u00f6r en tidl\u00f6s, elegant look. Den \u00e4r designad i Ukraina och \u00e4r perfekt f\u00f6r raffinerad, mysig stil.","robots":{"index":"index","follow":"follow","max-snippet":"max-snippet:-1","max-image-preview":"max-image-preview:large","max-video-preview":"max-video-preview:-1"},"canonical":"https:\/\/ethnica.style\/sv\/product\/pion-troja\/","og_locale":"sv_SE","og_type":"article","og_title":"Pion Tr\u00f6ja","og_description":"Peony Sweater blandar kid mohair, silke och merinoull f\u00f6r en tidl\u00f6s, elegant look. Den \u00e4r designad i Ukraina och \u00e4r perfekt f\u00f6r raffinerad, mysig stil.","og_url":"https:\/\/ethnica.style\/sv\/product\/pion-troja\/","og_site_name":"Ethnica Style","article_modified_time":"2025-09-03T09:26:29+00:00","og_image":[{"width":853,"height":1280,"url":"https:\/\/ethnica.style\/wp-content\/uploads\/2025\/08\/image-2024-05-10-235044.jpg","type":"image\/jpeg"}],"twitter_card":"summary_large_image","twitter_misc":{"Ber\u00e4knad l\u00e4stid":"1 minut"},"schema":{"@context":"https:\/\/schema.org","@graph":[{"@type":"WebPage","@id":"https:\/\/ethnica.style\/sv\/product\/pion-troja\/","url":"https:\/\/ethnica.style\/sv\/product\/pion-troja\/","name":"Pion Tr\u00f6ja","isPartOf":{"@id":"https:\/\/ethnica.style\/sv\/#website"},"primaryImageOfPage":{"@id":"https:\/\/ethnica.style\/sv\/product\/pion-troja\/#primaryimage"},"image":{"@id":"https:\/\/ethnica.style\/sv\/product\/pion-troja\/#primaryimage"},"thumbnailUrl":"https:\/\/ethnica.style\/wp-content\/uploads\/2025\/08\/image-2024-05-10-235044.jpg","datePublished":"2025-08-10T08:43:28+00:00","dateModified":"2025-09-03T09:26:29+00:00","description":"Peony Sweater blandar kid mohair, silke och merinoull f\u00f6r en tidl\u00f6s, elegant look. Den \u00e4r designad i Ukraina och \u00e4r perfekt f\u00f6r raffinerad, mysig stil.","breadcrumb":{"@id":"https:\/\/ethnica.style\/sv\/product\/pion-troja\/#breadcrumb"},"inLanguage":"sv-SE","potentialAction":[{"@type":"ReadAction","target":["https:\/\/ethnica.style\/sv\/product\/pion-troja\/"]}]},{"@type":"ImageObject","inLanguage":"sv-SE","@id":"https:\/\/ethnica.style\/sv\/product\/pion-troja\/#primaryimage","url":"https:\/\/ethnica.style\/wp-content\/uploads\/2025\/08\/image-2024-05-10-235044.jpg","contentUrl":"https:\/\/ethnica.style\/wp-content\/uploads\/2025\/08\/image-2024-05-10-235044.jpg","width":853,"height":1280,"caption":"Peony Sweater"},{"@type":"BreadcrumbList","@id":"https:\/\/ethnica.style\/sv\/product\/pion-troja\/#breadcrumb","itemListElement":[{"@type":"ListItem","position":1,"name":"Home","item":"https:\/\/ethnica.style\/sv\/"},{"@type":"ListItem","position":2,"name":"Butik","item":"https:\/\/ethnica.style\/sv\/butik\/"},{"@type":"ListItem","position":3,"name":"Pion Tr\u00f6ja"}]},{"@type":"WebSite","@id":"https:\/\/ethnica.style\/sv\/#website","url":"https:\/\/ethnica.style\/sv\/","name":"Ethnica Style","description":"","publisher":{"@id":"https:\/\/ethnica.style\/sv\/#organization"},"potentialAction":[{"@type":"SearchAction","target":{"@type":"EntryPoint","urlTemplate":"https:\/\/ethnica.style\/sv\/?s={search_term_string}"},"query-input":{"@type":"PropertyValueSpecification","valueRequired":true,"valueName":"search_term_string"}}],"inLanguage":"sv-SE"},{"@type":"Organization","@id":"https:\/\/ethnica.style\/sv\/#organization","name":"Ethnica Style","url":"https:\/\/ethnica.style\/sv\/","logo":{"@type":"ImageObject","inLanguage":"sv-SE","@id":"https:\/\/ethnica.style\/sv\/#\/schema\/logo\/image\/","url":"https:\/\/ethnica.style\/wp-content\/uploads\/2024\/10\/group-5-1.svg","contentUrl":"https:\/\/ethnica.style\/wp-content\/uploads\/2024\/10\/group-5-1.svg","width":1,"height":1,"caption":"Ethnica Style"},"image":{"@id":"https:\/\/ethnica.style\/sv\/#\/schema\/logo\/image\/"}}]}},"_links":{"self":[{"href":"https:\/\/ethnica.style\/sv\/wp-json\/wp\/v2\/product\/2604","targetHints":{"allow":["GET"]}}],"collection":[{"href":"https:\/\/ethnica.style\/sv\/wp-json\/wp\/v2\/product"}],"about":[{"href":"https:\/\/ethnica.style\/sv\/wp-json\/wp\/v2\/types\/product"}],"replies":[{"embeddable":true,"href":"https:\/\/ethnica.style\/sv\/wp-json\/wp\/v2\/comments?post=2604"}],"wp:featuredmedia":[{"embeddable":true,"href":"https:\/\/ethnica.style\/sv\/wp-json\/wp\/v2\/media\/2605"}],"wp:attachment":[{"href":"https:\/\/ethnica.style\/sv\/wp-json\/wp\/v2\/media?parent=2604"}],"wp:term":[{"taxonomy":"product_brand","embeddable":true,"href":"https:\/\/ethnica.style\/sv\/wp-json\/wp\/v2\/product_brand?post=2604"},{"taxonomy":"product_cat","embeddable":true,"href":"https:\/\/ethnica.style\/sv\/wp-json\/wp\/v2\/product_cat?post=2604"},{"taxonomy":"product_tag","embeddable":true,"href":"https:\/\/ethnica.style\/sv\/wp-json\/wp\/v2\/product_tag?post=2604"}],"curies":[{"name":"wp","href":"https:\/\/api.w.org\/{rel}","templated":true}]}}