{"id":2611,"date":"2025-08-10T08:43:27","date_gmt":"2025-08-10T08:43:27","guid":{"rendered":"https:\/\/ethnica.style\/product\/grumlig-halsduk\/"},"modified":"2025-09-03T09:32:26","modified_gmt":"2025-09-03T09:32:26","slug":"grumlig-halsduk","status":"publish","type":"product","link":"https:\/\/ethnica.style\/sv\/product\/grumlig-halsduk\/","title":{"rendered":"Grumlig halsduk"},"content":{"rendered":"<p data-start=\"264\" data-end=\"517\"><strong data-start=\"268\" data-end=\"284\">Cloudy Scarf<\/strong> \u00e4r ett uts\u00f6kt accessoar, handgjort av h\u00f6gkvalitativ merinoull i en ren vit nyans. Dess lyxigt mjuka textur och sofistikerade <a href=\"https:\/\/ethnica.style\/sv\/\">detaljer<\/a> skapar en underbart feminin look, perfekt f\u00f6r att framh\u00e4va vilken outfit som helst med sofistikering och charm.<\/p>\n<p data-start=\"519\" data-end=\"767\">Oavsett om du kl\u00e4r dig f\u00f6r en krispig morgon eller tar p\u00e5 dig lager p\u00e5 lager <a href=\"https:\/\/en.wikipedia.org\/wiki\/Sweden\">f\u00f6r<\/a> en kv\u00e4ll ute, kommer <strong data-start=\"602\" data-end=\"618\">Cloudy Scarf<\/strong> att ge tidl\u00f6s elegans till b\u00e5de avslappnade och formella stilar. Dess l\u00e4tthet, v\u00e4rme och sofistikerade utseende g\u00f6r den till ett m\u00e5ngsidigt tillskott till vilken garderob som helst.<\/p>\n<p data-start=\"769\" data-end=\"956\">Denna halsduk \u00e4r 212 cm l\u00e5ng och 38 cm bred, den t\u00e4cker bra utan att vara klumpig. Designad och handgjord i Ukraina, \u00e5terspeglar den \u00e4kta hantverk och noggrannhet i detaljer.<\/p>\n","protected":false},"excerpt":{"rendered":"<p>Cloudy Scarf \u00e4r ett uts\u00f6kt accessoar, handgjort av h\u00f6gkvalitativ merinoull i en ren vit nyans. Dess lyxigt mjuka textur och sofistikerade detaljer skapar en underbart feminin look, perfekt f\u00f6r att framh\u00e4va vilken outfit som helst med sofistikering och charm. Oavsett om du kl\u00e4r dig f\u00f6r en krispig morgon eller tar p\u00e5 dig lager p\u00e5 lager [&#8230;]\n","protected":false},"featured_media":2700,"comment_status":"open","ping_status":"closed","template":"","meta":{"_acf_changed":false},"product_brand":[],"product_cat":[90,101,110],"product_tag":[],"class_list":{"0":"post-2611","1":"product","2":"type-product","3":"status-publish","4":"has-post-thumbnail","6":"product_cat-kvinnor","7":"product_cat-nyanlanda","8":"product_cat-scarfs-sv","10":"first","11":"instock","12":"taxable","13":"shipping-taxable","14":"purchasable","15":"product-type-variable"},"acf":[],"yoast_head":"<!-- This site is optimized with the Yoast SEO plugin v26.6 - https:\/\/yoast.com\/wordpress\/plugins\/seo\/ -->\n<title>Grumlig halsduk<\/title>\n<meta name=\"description\" content=\"Ge din outfit elegans med Cloudy-halsduken \u2013 handgjord av mjuk merinoull i en ren vit nyans. L\u00e4tt, lyxig och tidl\u00f6s.\" \/>\n<meta name=\"robots\" content=\"index, follow, max-snippet:-1, max-image-preview:large, max-video-preview:-1\" \/>\n<link rel=\"canonical\" href=\"https:\/\/ethnica.style\/sv\/product\/grumlig-halsduk\/\" \/>\n<meta property=\"og:locale\" content=\"sv_SE\" \/>\n<meta property=\"og:type\" content=\"article\" \/>\n<meta property=\"og:title\" content=\"Grumlig halsduk\" \/>\n<meta property=\"og:description\" content=\"Ge din outfit elegans med Cloudy-halsduken \u2013 handgjord av mjuk merinoull i en ren vit nyans. L\u00e4tt, lyxig och tidl\u00f6s.\" \/>\n<meta property=\"og:url\" content=\"https:\/\/ethnica.style\/sv\/product\/grumlig-halsduk\/\" \/>\n<meta property=\"og:site_name\" content=\"Ethnica Style\" \/>\n<meta property=\"article:modified_time\" content=\"2025-09-03T09:32:26+00:00\" \/>\n<meta property=\"og:image\" content=\"https:\/\/ethnica.style\/wp-content\/uploads\/2025\/08\/194.jpg\" \/>\n\t<meta property=\"og:image:width\" content=\"1024\" \/>\n\t<meta property=\"og:image:height\" content=\"1537\" \/>\n\t<meta property=\"og:image:type\" content=\"image\/jpeg\" \/>\n<meta name=\"twitter:card\" content=\"summary_large_image\" \/>\n<meta name=\"twitter:label1\" content=\"Ber\u00e4knad l\u00e4stid\" \/>\n\t<meta name=\"twitter:data1\" content=\"1 minut\" \/>\n<script type=\"application\/ld+json\" class=\"yoast-schema-graph\">{\"@context\":\"https:\/\/schema.org\",\"@graph\":[{\"@type\":\"WebPage\",\"@id\":\"https:\/\/ethnica.style\/sv\/product\/grumlig-halsduk\/\",\"url\":\"https:\/\/ethnica.style\/sv\/product\/grumlig-halsduk\/\",\"name\":\"Grumlig halsduk\",\"isPartOf\":{\"@id\":\"https:\/\/ethnica.style\/sv\/#website\"},\"primaryImageOfPage\":{\"@id\":\"https:\/\/ethnica.style\/sv\/product\/grumlig-halsduk\/#primaryimage\"},\"image\":{\"@id\":\"https:\/\/ethnica.style\/sv\/product\/grumlig-halsduk\/#primaryimage\"},\"thumbnailUrl\":\"https:\/\/ethnica.style\/wp-content\/uploads\/2025\/08\/194.jpg\",\"datePublished\":\"2025-08-10T08:43:27+00:00\",\"dateModified\":\"2025-09-03T09:32:26+00:00\",\"description\":\"Ge din outfit elegans med Cloudy-halsduken \u2013 handgjord av mjuk merinoull i en ren vit nyans. L\u00e4tt, lyxig och tidl\u00f6s.\",\"breadcrumb\":{\"@id\":\"https:\/\/ethnica.style\/sv\/product\/grumlig-halsduk\/#breadcrumb\"},\"inLanguage\":\"sv-SE\",\"potentialAction\":[{\"@type\":\"ReadAction\",\"target\":[\"https:\/\/ethnica.style\/sv\/product\/grumlig-halsduk\/\"]}]},{\"@type\":\"ImageObject\",\"inLanguage\":\"sv-SE\",\"@id\":\"https:\/\/ethnica.style\/sv\/product\/grumlig-halsduk\/#primaryimage\",\"url\":\"https:\/\/ethnica.style\/wp-content\/uploads\/2025\/08\/194.jpg\",\"contentUrl\":\"https:\/\/ethnica.style\/wp-content\/uploads\/2025\/08\/194.jpg\",\"width\":1024,\"height\":1537,\"caption\":\"Cloudy Scarf\"},{\"@type\":\"BreadcrumbList\",\"@id\":\"https:\/\/ethnica.style\/sv\/product\/grumlig-halsduk\/#breadcrumb\",\"itemListElement\":[{\"@type\":\"ListItem\",\"position\":1,\"name\":\"Home\",\"item\":\"https:\/\/ethnica.style\/sv\/\"},{\"@type\":\"ListItem\",\"position\":2,\"name\":\"Butik\",\"item\":\"https:\/\/ethnica.style\/sv\/butik\/\"},{\"@type\":\"ListItem\",\"position\":3,\"name\":\"Grumlig halsduk\"}]},{\"@type\":\"WebSite\",\"@id\":\"https:\/\/ethnica.style\/sv\/#website\",\"url\":\"https:\/\/ethnica.style\/sv\/\",\"name\":\"Ethnica Style\",\"description\":\"\",\"publisher\":{\"@id\":\"https:\/\/ethnica.style\/sv\/#organization\"},\"potentialAction\":[{\"@type\":\"SearchAction\",\"target\":{\"@type\":\"EntryPoint\",\"urlTemplate\":\"https:\/\/ethnica.style\/sv\/?s={search_term_string}\"},\"query-input\":{\"@type\":\"PropertyValueSpecification\",\"valueRequired\":true,\"valueName\":\"search_term_string\"}}],\"inLanguage\":\"sv-SE\"},{\"@type\":\"Organization\",\"@id\":\"https:\/\/ethnica.style\/sv\/#organization\",\"name\":\"Ethnica Style\",\"url\":\"https:\/\/ethnica.style\/sv\/\",\"logo\":{\"@type\":\"ImageObject\",\"inLanguage\":\"sv-SE\",\"@id\":\"https:\/\/ethnica.style\/sv\/#\/schema\/logo\/image\/\",\"url\":\"https:\/\/ethnica.style\/wp-content\/uploads\/2024\/10\/group-5-1.svg\",\"contentUrl\":\"https:\/\/ethnica.style\/wp-content\/uploads\/2024\/10\/group-5-1.svg\",\"width\":1,\"height\":1,\"caption\":\"Ethnica Style\"},\"image\":{\"@id\":\"https:\/\/ethnica.style\/sv\/#\/schema\/logo\/image\/\"}}]}<\/script>\n<!-- \/ Yoast SEO plugin. -->","yoast_head_json":{"title":"Grumlig halsduk","description":"Ge din outfit elegans med Cloudy-halsduken \u2013 handgjord av mjuk merinoull i en ren vit nyans. L\u00e4tt, lyxig och tidl\u00f6s.","robots":{"index":"index","follow":"follow","max-snippet":"max-snippet:-1","max-image-preview":"max-image-preview:large","max-video-preview":"max-video-preview:-1"},"canonical":"https:\/\/ethnica.style\/sv\/product\/grumlig-halsduk\/","og_locale":"sv_SE","og_type":"article","og_title":"Grumlig halsduk","og_description":"Ge din outfit elegans med Cloudy-halsduken \u2013 handgjord av mjuk merinoull i en ren vit nyans. L\u00e4tt, lyxig och tidl\u00f6s.","og_url":"https:\/\/ethnica.style\/sv\/product\/grumlig-halsduk\/","og_site_name":"Ethnica Style","article_modified_time":"2025-09-03T09:32:26+00:00","og_image":[{"width":1024,"height":1537,"url":"https:\/\/ethnica.style\/wp-content\/uploads\/2025\/08\/194.jpg","type":"image\/jpeg"}],"twitter_card":"summary_large_image","twitter_misc":{"Ber\u00e4knad l\u00e4stid":"1 minut"},"schema":{"@context":"https:\/\/schema.org","@graph":[{"@type":"WebPage","@id":"https:\/\/ethnica.style\/sv\/product\/grumlig-halsduk\/","url":"https:\/\/ethnica.style\/sv\/product\/grumlig-halsduk\/","name":"Grumlig halsduk","isPartOf":{"@id":"https:\/\/ethnica.style\/sv\/#website"},"primaryImageOfPage":{"@id":"https:\/\/ethnica.style\/sv\/product\/grumlig-halsduk\/#primaryimage"},"image":{"@id":"https:\/\/ethnica.style\/sv\/product\/grumlig-halsduk\/#primaryimage"},"thumbnailUrl":"https:\/\/ethnica.style\/wp-content\/uploads\/2025\/08\/194.jpg","datePublished":"2025-08-10T08:43:27+00:00","dateModified":"2025-09-03T09:32:26+00:00","description":"Ge din outfit elegans med Cloudy-halsduken \u2013 handgjord av mjuk merinoull i en ren vit nyans. L\u00e4tt, lyxig och tidl\u00f6s.","breadcrumb":{"@id":"https:\/\/ethnica.style\/sv\/product\/grumlig-halsduk\/#breadcrumb"},"inLanguage":"sv-SE","potentialAction":[{"@type":"ReadAction","target":["https:\/\/ethnica.style\/sv\/product\/grumlig-halsduk\/"]}]},{"@type":"ImageObject","inLanguage":"sv-SE","@id":"https:\/\/ethnica.style\/sv\/product\/grumlig-halsduk\/#primaryimage","url":"https:\/\/ethnica.style\/wp-content\/uploads\/2025\/08\/194.jpg","contentUrl":"https:\/\/ethnica.style\/wp-content\/uploads\/2025\/08\/194.jpg","width":1024,"height":1537,"caption":"Cloudy Scarf"},{"@type":"BreadcrumbList","@id":"https:\/\/ethnica.style\/sv\/product\/grumlig-halsduk\/#breadcrumb","itemListElement":[{"@type":"ListItem","position":1,"name":"Home","item":"https:\/\/ethnica.style\/sv\/"},{"@type":"ListItem","position":2,"name":"Butik","item":"https:\/\/ethnica.style\/sv\/butik\/"},{"@type":"ListItem","position":3,"name":"Grumlig halsduk"}]},{"@type":"WebSite","@id":"https:\/\/ethnica.style\/sv\/#website","url":"https:\/\/ethnica.style\/sv\/","name":"Ethnica Style","description":"","publisher":{"@id":"https:\/\/ethnica.style\/sv\/#organization"},"potentialAction":[{"@type":"SearchAction","target":{"@type":"EntryPoint","urlTemplate":"https:\/\/ethnica.style\/sv\/?s={search_term_string}"},"query-input":{"@type":"PropertyValueSpecification","valueRequired":true,"valueName":"search_term_string"}}],"inLanguage":"sv-SE"},{"@type":"Organization","@id":"https:\/\/ethnica.style\/sv\/#organization","name":"Ethnica Style","url":"https:\/\/ethnica.style\/sv\/","logo":{"@type":"ImageObject","inLanguage":"sv-SE","@id":"https:\/\/ethnica.style\/sv\/#\/schema\/logo\/image\/","url":"https:\/\/ethnica.style\/wp-content\/uploads\/2024\/10\/group-5-1.svg","contentUrl":"https:\/\/ethnica.style\/wp-content\/uploads\/2024\/10\/group-5-1.svg","width":1,"height":1,"caption":"Ethnica Style"},"image":{"@id":"https:\/\/ethnica.style\/sv\/#\/schema\/logo\/image\/"}}]}},"_links":{"self":[{"href":"https:\/\/ethnica.style\/sv\/wp-json\/wp\/v2\/product\/2611","targetHints":{"allow":["GET"]}}],"collection":[{"href":"https:\/\/ethnica.style\/sv\/wp-json\/wp\/v2\/product"}],"about":[{"href":"https:\/\/ethnica.style\/sv\/wp-json\/wp\/v2\/types\/product"}],"replies":[{"embeddable":true,"href":"https:\/\/ethnica.style\/sv\/wp-json\/wp\/v2\/comments?post=2611"}],"wp:featuredmedia":[{"embeddable":true,"href":"https:\/\/ethnica.style\/sv\/wp-json\/wp\/v2\/media\/2700"}],"wp:attachment":[{"href":"https:\/\/ethnica.style\/sv\/wp-json\/wp\/v2\/media?parent=2611"}],"wp:term":[{"taxonomy":"product_brand","embeddable":true,"href":"https:\/\/ethnica.style\/sv\/wp-json\/wp\/v2\/product_brand?post=2611"},{"taxonomy":"product_cat","embeddable":true,"href":"https:\/\/ethnica.style\/sv\/wp-json\/wp\/v2\/product_cat?post=2611"},{"taxonomy":"product_tag","embeddable":true,"href":"https:\/\/ethnica.style\/sv\/wp-json\/wp\/v2\/product_tag?post=2611"}],"curies":[{"name":"wp","href":"https:\/\/api.w.org\/{rel}","templated":true}]}}