{"id":2612,"date":"2025-08-10T08:43:28","date_gmt":"2025-08-10T08:43:28","guid":{"rendered":"https:\/\/ethnica.style\/product\/dahlia-troja\/"},"modified":"2025-09-03T09:32:28","modified_gmt":"2025-09-03T09:32:28","slug":"dahlia-troja","status":"publish","type":"product","link":"https:\/\/ethnica.style\/sv\/product\/dahlia-troja\/","title":{"rendered":"Dahlia Tr\u00f6ja"},"content":{"rendered":"<p data-start=\"195\" data-end=\"472\">G\u00f6r ett dj\u00e4rvt uttalande med <strong data-start=\"226\" data-end=\"244\">Dahlia Sweater<\/strong>, ett sl\u00e5ende orange plagg tillverkat av en lyxig blandning av kid mohair, silke och merinoull. Denna one-size-fits-all-design <a href=\"https:\/\/ethnica.style\/sv\/\">erbjuder<\/a> en mjuk, mild touch mot huden, vilket garanterar b\u00e5de <a href=\"https:\/\/en.wikipedia.org\/wiki\/Sweden\">komfort<\/a> och sofistikering vid varje anv\u00e4ndning. <\/p>\n<p data-start=\"474\" data-end=\"659\"><strong data-start=\"478\" data-end=\"496\">Dahlia Sweater<\/strong> \u00e4r perfekt f\u00f6r dig som v\u00e4rdes\u00e4tter h\u00f6gkvalitativt, handgjort mode. Den \u00e4r designad och handgjord i Ukraina och har en avslappnad silhuett med genomt\u00e4nkta proportioner. <\/p>\n<p data-start=\"661\" data-end=\"708\"><strong data-start=\"661\" data-end=\"670\">Not:<\/strong> Modellen \u00e4r 167 cm l\u00e5ng och har p\u00e5 sig en storlek.<\/p>\n<p data-start=\"710\" data-end=\"733\"><strong data-start=\"710\" data-end=\"733\">Tygets sammans\u00e4ttning:<\/strong><\/p>\n<ul data-start=\"734\" data-end=\"783\">\n<li data-start=\"734\" data-end=\"752\">\n<p data-start=\"736\" data-end=\"752\">65% Mohair f\u00f6r barn<\/p>\n<\/li>\n<li data-start=\"753\" data-end=\"765\">\n<p data-start=\"755\" data-end=\"765\">25% Silke<\/p>\n<\/li>\n<li data-start=\"766\" data-end=\"783\">\n<p data-start=\"768\" data-end=\"783\">10% merinoull<\/p>\n<\/li>\n<\/ul>\n<p data-start=\"785\" data-end=\"808\"><strong data-start=\"785\" data-end=\"808\">Plaggets m\u00e5tt:<\/strong><\/p>\n<ul data-start=\"809\" data-end=\"843\">\n<li data-start=\"809\" data-end=\"826\">\n<p data-start=\"811\" data-end=\"826\">L\u00e4ngd: 71 cm<\/p>\n<\/li>\n<li data-start=\"827\" data-end=\"843\">\n<p data-start=\"829\" data-end=\"843\">Bredd: 60 cm<\/p>\n<\/li>\n<\/ul>\n<p data-start=\"845\" data-end=\"935\">Om du beh\u00f6ver f\u00f6rtydligande om storlek \u2013 kontakta v\u00e5ra chefer. Vi hj\u00e4lper dig g\u00e4rna. <\/p>\n<p>.<\/p>\n","protected":false},"excerpt":{"rendered":"<p>G\u00f6r ett dj\u00e4rvt uttalande med Dahlia Sweater, ett sl\u00e5ende orange plagg tillverkat av en lyxig blandning av kid mohair, silke och merinoull. Denna one-size-fits-all-design erbjuder en mjuk, mild touch mot huden, vilket garanterar b\u00e5de komfort och sofistikering vid varje anv\u00e4ndning. Dahlia Sweater \u00e4r perfekt f\u00f6r dig som v\u00e4rdes\u00e4tter h\u00f6gkvalitativt, handgjort mode. Den \u00e4r designad och [&#8230;]\n","protected":false},"featured_media":2613,"comment_status":"open","ping_status":"closed","template":"","meta":{"_acf_changed":false},"product_brand":[],"product_cat":[90,101,108],"product_tag":[],"class_list":{"0":"post-2612","1":"product","2":"type-product","3":"status-publish","4":"has-post-thumbnail","6":"product_cat-kvinnor","7":"product_cat-nyanlanda","8":"product_cat-trojor","10":"first","11":"instock","12":"taxable","13":"shipping-taxable","14":"purchasable","15":"product-type-variable"},"acf":[],"yoast_head":"<!-- This site is optimized with the Yoast SEO plugin v26.6 - https:\/\/yoast.com\/wordpress\/plugins\/seo\/ -->\n<title>Dahlia Tr\u00f6ja<\/title>\n<meta name=\"description\" content=\"Uppt\u00e4ck Dahlia Sweater \u2013 en dj\u00e4rv stickad tr\u00f6ja i orange mohairblandning som kombinerar lyx och komfort. Den h\u00e4r tr\u00f6jan \u00e4r handgjord i Ukraina och \u00e4r mjuk.\" \/>\n<meta name=\"robots\" content=\"index, follow, max-snippet:-1, max-image-preview:large, max-video-preview:-1\" \/>\n<link rel=\"canonical\" href=\"https:\/\/ethnica.style\/sv\/product\/dahlia-troja\/\" \/>\n<meta property=\"og:locale\" content=\"sv_SE\" \/>\n<meta property=\"og:type\" content=\"article\" \/>\n<meta property=\"og:title\" content=\"Dahlia Tr\u00f6ja\" \/>\n<meta property=\"og:description\" content=\"Uppt\u00e4ck Dahlia Sweater \u2013 en dj\u00e4rv stickad tr\u00f6ja i orange mohairblandning som kombinerar lyx och komfort. Den h\u00e4r tr\u00f6jan \u00e4r handgjord i Ukraina och \u00e4r mjuk.\" \/>\n<meta property=\"og:url\" content=\"https:\/\/ethnica.style\/sv\/product\/dahlia-troja\/\" \/>\n<meta property=\"og:site_name\" content=\"Ethnica Style\" \/>\n<meta property=\"article:modified_time\" content=\"2025-09-03T09:32:28+00:00\" \/>\n<meta property=\"og:image\" content=\"https:\/\/ethnica.style\/wp-content\/uploads\/2025\/08\/063-1.jpg\" \/>\n\t<meta property=\"og:image:width\" content=\"1024\" \/>\n\t<meta property=\"og:image:height\" content=\"1536\" \/>\n\t<meta property=\"og:image:type\" content=\"image\/jpeg\" \/>\n<meta name=\"twitter:card\" content=\"summary_large_image\" \/>\n<meta name=\"twitter:label1\" content=\"Ber\u00e4knad l\u00e4stid\" \/>\n\t<meta name=\"twitter:data1\" content=\"1 minut\" \/>\n<script type=\"application\/ld+json\" class=\"yoast-schema-graph\">{\"@context\":\"https:\/\/schema.org\",\"@graph\":[{\"@type\":\"WebPage\",\"@id\":\"https:\/\/ethnica.style\/sv\/product\/dahlia-troja\/\",\"url\":\"https:\/\/ethnica.style\/sv\/product\/dahlia-troja\/\",\"name\":\"Dahlia Tr\u00f6ja\",\"isPartOf\":{\"@id\":\"https:\/\/ethnica.style\/sv\/#website\"},\"primaryImageOfPage\":{\"@id\":\"https:\/\/ethnica.style\/sv\/product\/dahlia-troja\/#primaryimage\"},\"image\":{\"@id\":\"https:\/\/ethnica.style\/sv\/product\/dahlia-troja\/#primaryimage\"},\"thumbnailUrl\":\"https:\/\/ethnica.style\/wp-content\/uploads\/2025\/08\/063-1.jpg\",\"datePublished\":\"2025-08-10T08:43:28+00:00\",\"dateModified\":\"2025-09-03T09:32:28+00:00\",\"description\":\"Uppt\u00e4ck Dahlia Sweater \u2013 en dj\u00e4rv stickad tr\u00f6ja i orange mohairblandning som kombinerar lyx och komfort. Den h\u00e4r tr\u00f6jan \u00e4r handgjord i Ukraina och \u00e4r mjuk.\",\"breadcrumb\":{\"@id\":\"https:\/\/ethnica.style\/sv\/product\/dahlia-troja\/#breadcrumb\"},\"inLanguage\":\"sv-SE\",\"potentialAction\":[{\"@type\":\"ReadAction\",\"target\":[\"https:\/\/ethnica.style\/sv\/product\/dahlia-troja\/\"]}]},{\"@type\":\"ImageObject\",\"inLanguage\":\"sv-SE\",\"@id\":\"https:\/\/ethnica.style\/sv\/product\/dahlia-troja\/#primaryimage\",\"url\":\"https:\/\/ethnica.style\/wp-content\/uploads\/2025\/08\/063-1.jpg\",\"contentUrl\":\"https:\/\/ethnica.style\/wp-content\/uploads\/2025\/08\/063-1.jpg\",\"width\":1024,\"height\":1536,\"caption\":\"Dahlia Sweater\"},{\"@type\":\"BreadcrumbList\",\"@id\":\"https:\/\/ethnica.style\/sv\/product\/dahlia-troja\/#breadcrumb\",\"itemListElement\":[{\"@type\":\"ListItem\",\"position\":1,\"name\":\"Home\",\"item\":\"https:\/\/ethnica.style\/sv\/\"},{\"@type\":\"ListItem\",\"position\":2,\"name\":\"Butik\",\"item\":\"https:\/\/ethnica.style\/sv\/butik\/\"},{\"@type\":\"ListItem\",\"position\":3,\"name\":\"Dahlia Tr\u00f6ja\"}]},{\"@type\":\"WebSite\",\"@id\":\"https:\/\/ethnica.style\/sv\/#website\",\"url\":\"https:\/\/ethnica.style\/sv\/\",\"name\":\"Ethnica Style\",\"description\":\"\",\"publisher\":{\"@id\":\"https:\/\/ethnica.style\/sv\/#organization\"},\"potentialAction\":[{\"@type\":\"SearchAction\",\"target\":{\"@type\":\"EntryPoint\",\"urlTemplate\":\"https:\/\/ethnica.style\/sv\/?s={search_term_string}\"},\"query-input\":{\"@type\":\"PropertyValueSpecification\",\"valueRequired\":true,\"valueName\":\"search_term_string\"}}],\"inLanguage\":\"sv-SE\"},{\"@type\":\"Organization\",\"@id\":\"https:\/\/ethnica.style\/sv\/#organization\",\"name\":\"Ethnica Style\",\"url\":\"https:\/\/ethnica.style\/sv\/\",\"logo\":{\"@type\":\"ImageObject\",\"inLanguage\":\"sv-SE\",\"@id\":\"https:\/\/ethnica.style\/sv\/#\/schema\/logo\/image\/\",\"url\":\"https:\/\/ethnica.style\/wp-content\/uploads\/2024\/10\/group-5-1.svg\",\"contentUrl\":\"https:\/\/ethnica.style\/wp-content\/uploads\/2024\/10\/group-5-1.svg\",\"width\":1,\"height\":1,\"caption\":\"Ethnica Style\"},\"image\":{\"@id\":\"https:\/\/ethnica.style\/sv\/#\/schema\/logo\/image\/\"}}]}<\/script>\n<!-- \/ Yoast SEO plugin. -->","yoast_head_json":{"title":"Dahlia Tr\u00f6ja","description":"Uppt\u00e4ck Dahlia Sweater \u2013 en dj\u00e4rv stickad tr\u00f6ja i orange mohairblandning som kombinerar lyx och komfort. Den h\u00e4r tr\u00f6jan \u00e4r handgjord i Ukraina och \u00e4r mjuk.","robots":{"index":"index","follow":"follow","max-snippet":"max-snippet:-1","max-image-preview":"max-image-preview:large","max-video-preview":"max-video-preview:-1"},"canonical":"https:\/\/ethnica.style\/sv\/product\/dahlia-troja\/","og_locale":"sv_SE","og_type":"article","og_title":"Dahlia Tr\u00f6ja","og_description":"Uppt\u00e4ck Dahlia Sweater \u2013 en dj\u00e4rv stickad tr\u00f6ja i orange mohairblandning som kombinerar lyx och komfort. Den h\u00e4r tr\u00f6jan \u00e4r handgjord i Ukraina och \u00e4r mjuk.","og_url":"https:\/\/ethnica.style\/sv\/product\/dahlia-troja\/","og_site_name":"Ethnica Style","article_modified_time":"2025-09-03T09:32:28+00:00","og_image":[{"width":1024,"height":1536,"url":"https:\/\/ethnica.style\/wp-content\/uploads\/2025\/08\/063-1.jpg","type":"image\/jpeg"}],"twitter_card":"summary_large_image","twitter_misc":{"Ber\u00e4knad l\u00e4stid":"1 minut"},"schema":{"@context":"https:\/\/schema.org","@graph":[{"@type":"WebPage","@id":"https:\/\/ethnica.style\/sv\/product\/dahlia-troja\/","url":"https:\/\/ethnica.style\/sv\/product\/dahlia-troja\/","name":"Dahlia Tr\u00f6ja","isPartOf":{"@id":"https:\/\/ethnica.style\/sv\/#website"},"primaryImageOfPage":{"@id":"https:\/\/ethnica.style\/sv\/product\/dahlia-troja\/#primaryimage"},"image":{"@id":"https:\/\/ethnica.style\/sv\/product\/dahlia-troja\/#primaryimage"},"thumbnailUrl":"https:\/\/ethnica.style\/wp-content\/uploads\/2025\/08\/063-1.jpg","datePublished":"2025-08-10T08:43:28+00:00","dateModified":"2025-09-03T09:32:28+00:00","description":"Uppt\u00e4ck Dahlia Sweater \u2013 en dj\u00e4rv stickad tr\u00f6ja i orange mohairblandning som kombinerar lyx och komfort. Den h\u00e4r tr\u00f6jan \u00e4r handgjord i Ukraina och \u00e4r mjuk.","breadcrumb":{"@id":"https:\/\/ethnica.style\/sv\/product\/dahlia-troja\/#breadcrumb"},"inLanguage":"sv-SE","potentialAction":[{"@type":"ReadAction","target":["https:\/\/ethnica.style\/sv\/product\/dahlia-troja\/"]}]},{"@type":"ImageObject","inLanguage":"sv-SE","@id":"https:\/\/ethnica.style\/sv\/product\/dahlia-troja\/#primaryimage","url":"https:\/\/ethnica.style\/wp-content\/uploads\/2025\/08\/063-1.jpg","contentUrl":"https:\/\/ethnica.style\/wp-content\/uploads\/2025\/08\/063-1.jpg","width":1024,"height":1536,"caption":"Dahlia Sweater"},{"@type":"BreadcrumbList","@id":"https:\/\/ethnica.style\/sv\/product\/dahlia-troja\/#breadcrumb","itemListElement":[{"@type":"ListItem","position":1,"name":"Home","item":"https:\/\/ethnica.style\/sv\/"},{"@type":"ListItem","position":2,"name":"Butik","item":"https:\/\/ethnica.style\/sv\/butik\/"},{"@type":"ListItem","position":3,"name":"Dahlia Tr\u00f6ja"}]},{"@type":"WebSite","@id":"https:\/\/ethnica.style\/sv\/#website","url":"https:\/\/ethnica.style\/sv\/","name":"Ethnica Style","description":"","publisher":{"@id":"https:\/\/ethnica.style\/sv\/#organization"},"potentialAction":[{"@type":"SearchAction","target":{"@type":"EntryPoint","urlTemplate":"https:\/\/ethnica.style\/sv\/?s={search_term_string}"},"query-input":{"@type":"PropertyValueSpecification","valueRequired":true,"valueName":"search_term_string"}}],"inLanguage":"sv-SE"},{"@type":"Organization","@id":"https:\/\/ethnica.style\/sv\/#organization","name":"Ethnica Style","url":"https:\/\/ethnica.style\/sv\/","logo":{"@type":"ImageObject","inLanguage":"sv-SE","@id":"https:\/\/ethnica.style\/sv\/#\/schema\/logo\/image\/","url":"https:\/\/ethnica.style\/wp-content\/uploads\/2024\/10\/group-5-1.svg","contentUrl":"https:\/\/ethnica.style\/wp-content\/uploads\/2024\/10\/group-5-1.svg","width":1,"height":1,"caption":"Ethnica Style"},"image":{"@id":"https:\/\/ethnica.style\/sv\/#\/schema\/logo\/image\/"}}]}},"_links":{"self":[{"href":"https:\/\/ethnica.style\/sv\/wp-json\/wp\/v2\/product\/2612","targetHints":{"allow":["GET"]}}],"collection":[{"href":"https:\/\/ethnica.style\/sv\/wp-json\/wp\/v2\/product"}],"about":[{"href":"https:\/\/ethnica.style\/sv\/wp-json\/wp\/v2\/types\/product"}],"replies":[{"embeddable":true,"href":"https:\/\/ethnica.style\/sv\/wp-json\/wp\/v2\/comments?post=2612"}],"wp:featuredmedia":[{"embeddable":true,"href":"https:\/\/ethnica.style\/sv\/wp-json\/wp\/v2\/media\/2613"}],"wp:attachment":[{"href":"https:\/\/ethnica.style\/sv\/wp-json\/wp\/v2\/media?parent=2612"}],"wp:term":[{"taxonomy":"product_brand","embeddable":true,"href":"https:\/\/ethnica.style\/sv\/wp-json\/wp\/v2\/product_brand?post=2612"},{"taxonomy":"product_cat","embeddable":true,"href":"https:\/\/ethnica.style\/sv\/wp-json\/wp\/v2\/product_cat?post=2612"},{"taxonomy":"product_tag","embeddable":true,"href":"https:\/\/ethnica.style\/sv\/wp-json\/wp\/v2\/product_tag?post=2612"}],"curies":[{"name":"wp","href":"https:\/\/api.w.org\/{rel}","templated":true}]}}