{"id":2637,"date":"2025-08-06T08:55:14","date_gmt":"2025-08-06T08:55:14","guid":{"rendered":"https:\/\/ethnica.style\/product\/ptaha-konst-kimono\/"},"modified":"2025-09-03T10:36:00","modified_gmt":"2025-09-03T10:36:00","slug":"ptaha-konst-kimono","status":"publish","type":"product","link":"https:\/\/ethnica.style\/sv\/product\/ptaha-konst-kimono\/","title":{"rendered":"Ptaha Konst Kimono"},"content":{"rendered":"<p data-start=\"198\" data-end=\"367\">Ptaha Art Kimono \u00e4r ett b\u00e4rbart konstverk som visar upp det finaste <a href=\"https:\/\/ethnica.style\/sv\/\">italienska linnet<\/a>, valt f\u00f6r sin naturliga sk\u00f6nhet, rika struktur och premiumkvalitet.<\/p>\n<p data-start=\"369\" data-end=\"533\">Dess silhuett har en genomt\u00e4nkt utformad, fritt fl\u00f6dande sk\u00e4rning som faller med enkel elegans. Ett mjukt linneband knyts framtill som erbjuder l\u00e4tthet och elegans. <\/p>\n<p data-start=\"535\" data-end=\"759\">Det som skiljer det h\u00e4r verket \u00e5t \u00e4r det hisnande handm\u00e5lade konstverket &#8211; en symbolisk slavisk f\u00e5gel, delikat penslad p\u00e5 tyget med h\u00f6gkvalitativa textilf\u00e4rger. Varje kimono \u00e4r unik och blandar arv med modern kreativitet. <\/p>\n<p data-start=\"761\" data-end=\"977\">Det h\u00e4r \u00e4r inte bara ett plagg \u2013 det \u00e4r en m\u00e5lning i r\u00f6relse, ett sj\u00e4lfullt <a href=\"https:\/\/en.wikipedia.org\/wiki\/Sweden\">uttryck f\u00f6r<\/a> tradition och konstn\u00e4rskap. Med sitt djup, sin form och sin anda erbjuder Ptaha Art Kimono ett meningsfullt och m\u00e5ngsidigt tillskott till alla garderober. <\/p>\n","protected":false},"excerpt":{"rendered":"<p>Ptaha Art Kimono \u00e4r ett b\u00e4rbart konstverk som visar upp det finaste italienska linnet, valt f\u00f6r sin naturliga sk\u00f6nhet, rika struktur och premiumkvalitet. Dess silhuett har en genomt\u00e4nkt utformad, fritt fl\u00f6dande sk\u00e4rning som faller med enkel elegans. Ett mjukt linneband knyts framtill som erbjuder l\u00e4tthet och elegans. Det som skiljer det h\u00e4r verket \u00e5t \u00e4r [&#8230;]\n","protected":false},"featured_media":2761,"comment_status":"open","ping_status":"closed","template":"","meta":{"_acf_changed":false},"product_brand":[],"product_cat":[91,90],"product_tag":[],"class_list":{"0":"post-2637","1":"product","2":"type-product","3":"status-publish","4":"has-post-thumbnail","6":"product_cat-konst-kimono","7":"product_cat-kvinnor","9":"first","10":"instock","11":"featured","12":"taxable","13":"shipping-taxable","14":"purchasable","15":"product-type-variable"},"acf":[],"yoast_head":"<!-- This site is optimized with the Yoast SEO plugin v26.6 - https:\/\/yoast.com\/wordpress\/plugins\/seo\/ -->\n<title>Ptaha Konst Kimono - Ethnica Style Ptaha Art Kimono<\/title>\n<meta name=\"description\" content=\"Uppt\u00e4ck Ptaha Art Kimono \u2013 ett handm\u00e5lat m\u00e4sterverk i linne som blandar slavisk symbolik med modern design. Ett sant uttalande om b\u00e4rbar konst.\" \/>\n<meta name=\"robots\" content=\"index, follow, max-snippet:-1, max-image-preview:large, max-video-preview:-1\" \/>\n<link rel=\"canonical\" href=\"https:\/\/ethnica.style\/sv\/product\/ptaha-konst-kimono\/\" \/>\n<meta property=\"og:locale\" content=\"sv_SE\" \/>\n<meta property=\"og:type\" content=\"article\" \/>\n<meta property=\"og:title\" content=\"Ptaha Konst Kimono - Ethnica Style Ptaha Art Kimono\" \/>\n<meta property=\"og:description\" content=\"Uppt\u00e4ck Ptaha Art Kimono \u2013 ett handm\u00e5lat m\u00e4sterverk i linne som blandar slavisk symbolik med modern design. Ett sant uttalande om b\u00e4rbar konst.\" \/>\n<meta property=\"og:url\" content=\"https:\/\/ethnica.style\/sv\/product\/ptaha-konst-kimono\/\" \/>\n<meta property=\"og:site_name\" content=\"Ethnica Style\" \/>\n<meta property=\"article:modified_time\" content=\"2025-09-03T10:36:00+00:00\" \/>\n<meta property=\"og:image\" content=\"https:\/\/ethnica.style\/wp-content\/uploads\/2025\/08\/Ptaha-terracotta-048-scaled-1.jpg\" \/>\n\t<meta property=\"og:image:width\" content=\"1600\" \/>\n\t<meta property=\"og:image:height\" content=\"2402\" \/>\n\t<meta property=\"og:image:type\" content=\"image\/jpeg\" \/>\n<meta name=\"twitter:card\" content=\"summary_large_image\" \/>\n<meta name=\"twitter:label1\" content=\"Ber\u00e4knad l\u00e4stid\" \/>\n\t<meta name=\"twitter:data1\" content=\"1 minut\" \/>\n<script type=\"application\/ld+json\" class=\"yoast-schema-graph\">{\"@context\":\"https:\/\/schema.org\",\"@graph\":[{\"@type\":\"WebPage\",\"@id\":\"https:\/\/ethnica.style\/sv\/product\/ptaha-konst-kimono\/\",\"url\":\"https:\/\/ethnica.style\/sv\/product\/ptaha-konst-kimono\/\",\"name\":\"Ptaha Konst Kimono - Ethnica Style Ptaha Art Kimono\",\"isPartOf\":{\"@id\":\"https:\/\/ethnica.style\/sv\/#website\"},\"primaryImageOfPage\":{\"@id\":\"https:\/\/ethnica.style\/sv\/product\/ptaha-konst-kimono\/#primaryimage\"},\"image\":{\"@id\":\"https:\/\/ethnica.style\/sv\/product\/ptaha-konst-kimono\/#primaryimage\"},\"thumbnailUrl\":\"https:\/\/ethnica.style\/wp-content\/uploads\/2025\/08\/Ptaha-terracotta-048-scaled-1.jpg\",\"datePublished\":\"2025-08-06T08:55:14+00:00\",\"dateModified\":\"2025-09-03T10:36:00+00:00\",\"description\":\"Uppt\u00e4ck Ptaha Art Kimono \u2013 ett handm\u00e5lat m\u00e4sterverk i linne som blandar slavisk symbolik med modern design. Ett sant uttalande om b\u00e4rbar konst.\",\"breadcrumb\":{\"@id\":\"https:\/\/ethnica.style\/sv\/product\/ptaha-konst-kimono\/#breadcrumb\"},\"inLanguage\":\"sv-SE\",\"potentialAction\":[{\"@type\":\"ReadAction\",\"target\":[\"https:\/\/ethnica.style\/sv\/product\/ptaha-konst-kimono\/\"]}]},{\"@type\":\"ImageObject\",\"inLanguage\":\"sv-SE\",\"@id\":\"https:\/\/ethnica.style\/sv\/product\/ptaha-konst-kimono\/#primaryimage\",\"url\":\"https:\/\/ethnica.style\/wp-content\/uploads\/2025\/08\/Ptaha-terracotta-048-scaled-1.jpg\",\"contentUrl\":\"https:\/\/ethnica.style\/wp-content\/uploads\/2025\/08\/Ptaha-terracotta-048-scaled-1.jpg\",\"width\":1600,\"height\":2402,\"caption\":\"Ptaha-terracotta-048-scaled-1.jpg\"},{\"@type\":\"BreadcrumbList\",\"@id\":\"https:\/\/ethnica.style\/sv\/product\/ptaha-konst-kimono\/#breadcrumb\",\"itemListElement\":[{\"@type\":\"ListItem\",\"position\":1,\"name\":\"Home\",\"item\":\"https:\/\/ethnica.style\/sv\/\"},{\"@type\":\"ListItem\",\"position\":2,\"name\":\"Butik\",\"item\":\"https:\/\/ethnica.style\/sv\/butik\/\"},{\"@type\":\"ListItem\",\"position\":3,\"name\":\"Ptaha Konst Kimono\"}]},{\"@type\":\"WebSite\",\"@id\":\"https:\/\/ethnica.style\/sv\/#website\",\"url\":\"https:\/\/ethnica.style\/sv\/\",\"name\":\"Ethnica Style\",\"description\":\"\",\"publisher\":{\"@id\":\"https:\/\/ethnica.style\/sv\/#organization\"},\"potentialAction\":[{\"@type\":\"SearchAction\",\"target\":{\"@type\":\"EntryPoint\",\"urlTemplate\":\"https:\/\/ethnica.style\/sv\/?s={search_term_string}\"},\"query-input\":{\"@type\":\"PropertyValueSpecification\",\"valueRequired\":true,\"valueName\":\"search_term_string\"}}],\"inLanguage\":\"sv-SE\"},{\"@type\":\"Organization\",\"@id\":\"https:\/\/ethnica.style\/sv\/#organization\",\"name\":\"Ethnica Style\",\"url\":\"https:\/\/ethnica.style\/sv\/\",\"logo\":{\"@type\":\"ImageObject\",\"inLanguage\":\"sv-SE\",\"@id\":\"https:\/\/ethnica.style\/sv\/#\/schema\/logo\/image\/\",\"url\":\"https:\/\/ethnica.style\/wp-content\/uploads\/2024\/10\/group-5-1.svg\",\"contentUrl\":\"https:\/\/ethnica.style\/wp-content\/uploads\/2024\/10\/group-5-1.svg\",\"width\":1,\"height\":1,\"caption\":\"Ethnica Style\"},\"image\":{\"@id\":\"https:\/\/ethnica.style\/sv\/#\/schema\/logo\/image\/\"}}]}<\/script>\n<!-- \/ Yoast SEO plugin. -->","yoast_head_json":{"title":"Ptaha Konst Kimono - Ethnica Style Ptaha Art Kimono","description":"Uppt\u00e4ck Ptaha Art Kimono \u2013 ett handm\u00e5lat m\u00e4sterverk i linne som blandar slavisk symbolik med modern design. Ett sant uttalande om b\u00e4rbar konst.","robots":{"index":"index","follow":"follow","max-snippet":"max-snippet:-1","max-image-preview":"max-image-preview:large","max-video-preview":"max-video-preview:-1"},"canonical":"https:\/\/ethnica.style\/sv\/product\/ptaha-konst-kimono\/","og_locale":"sv_SE","og_type":"article","og_title":"Ptaha Konst Kimono - Ethnica Style Ptaha Art Kimono","og_description":"Uppt\u00e4ck Ptaha Art Kimono \u2013 ett handm\u00e5lat m\u00e4sterverk i linne som blandar slavisk symbolik med modern design. Ett sant uttalande om b\u00e4rbar konst.","og_url":"https:\/\/ethnica.style\/sv\/product\/ptaha-konst-kimono\/","og_site_name":"Ethnica Style","article_modified_time":"2025-09-03T10:36:00+00:00","og_image":[{"width":1600,"height":2402,"url":"https:\/\/ethnica.style\/wp-content\/uploads\/2025\/08\/Ptaha-terracotta-048-scaled-1.jpg","type":"image\/jpeg"}],"twitter_card":"summary_large_image","twitter_misc":{"Ber\u00e4knad l\u00e4stid":"1 minut"},"schema":{"@context":"https:\/\/schema.org","@graph":[{"@type":"WebPage","@id":"https:\/\/ethnica.style\/sv\/product\/ptaha-konst-kimono\/","url":"https:\/\/ethnica.style\/sv\/product\/ptaha-konst-kimono\/","name":"Ptaha Konst Kimono - Ethnica Style Ptaha Art Kimono","isPartOf":{"@id":"https:\/\/ethnica.style\/sv\/#website"},"primaryImageOfPage":{"@id":"https:\/\/ethnica.style\/sv\/product\/ptaha-konst-kimono\/#primaryimage"},"image":{"@id":"https:\/\/ethnica.style\/sv\/product\/ptaha-konst-kimono\/#primaryimage"},"thumbnailUrl":"https:\/\/ethnica.style\/wp-content\/uploads\/2025\/08\/Ptaha-terracotta-048-scaled-1.jpg","datePublished":"2025-08-06T08:55:14+00:00","dateModified":"2025-09-03T10:36:00+00:00","description":"Uppt\u00e4ck Ptaha Art Kimono \u2013 ett handm\u00e5lat m\u00e4sterverk i linne som blandar slavisk symbolik med modern design. Ett sant uttalande om b\u00e4rbar konst.","breadcrumb":{"@id":"https:\/\/ethnica.style\/sv\/product\/ptaha-konst-kimono\/#breadcrumb"},"inLanguage":"sv-SE","potentialAction":[{"@type":"ReadAction","target":["https:\/\/ethnica.style\/sv\/product\/ptaha-konst-kimono\/"]}]},{"@type":"ImageObject","inLanguage":"sv-SE","@id":"https:\/\/ethnica.style\/sv\/product\/ptaha-konst-kimono\/#primaryimage","url":"https:\/\/ethnica.style\/wp-content\/uploads\/2025\/08\/Ptaha-terracotta-048-scaled-1.jpg","contentUrl":"https:\/\/ethnica.style\/wp-content\/uploads\/2025\/08\/Ptaha-terracotta-048-scaled-1.jpg","width":1600,"height":2402,"caption":"Ptaha-terracotta-048-scaled-1.jpg"},{"@type":"BreadcrumbList","@id":"https:\/\/ethnica.style\/sv\/product\/ptaha-konst-kimono\/#breadcrumb","itemListElement":[{"@type":"ListItem","position":1,"name":"Home","item":"https:\/\/ethnica.style\/sv\/"},{"@type":"ListItem","position":2,"name":"Butik","item":"https:\/\/ethnica.style\/sv\/butik\/"},{"@type":"ListItem","position":3,"name":"Ptaha Konst Kimono"}]},{"@type":"WebSite","@id":"https:\/\/ethnica.style\/sv\/#website","url":"https:\/\/ethnica.style\/sv\/","name":"Ethnica Style","description":"","publisher":{"@id":"https:\/\/ethnica.style\/sv\/#organization"},"potentialAction":[{"@type":"SearchAction","target":{"@type":"EntryPoint","urlTemplate":"https:\/\/ethnica.style\/sv\/?s={search_term_string}"},"query-input":{"@type":"PropertyValueSpecification","valueRequired":true,"valueName":"search_term_string"}}],"inLanguage":"sv-SE"},{"@type":"Organization","@id":"https:\/\/ethnica.style\/sv\/#organization","name":"Ethnica Style","url":"https:\/\/ethnica.style\/sv\/","logo":{"@type":"ImageObject","inLanguage":"sv-SE","@id":"https:\/\/ethnica.style\/sv\/#\/schema\/logo\/image\/","url":"https:\/\/ethnica.style\/wp-content\/uploads\/2024\/10\/group-5-1.svg","contentUrl":"https:\/\/ethnica.style\/wp-content\/uploads\/2024\/10\/group-5-1.svg","width":1,"height":1,"caption":"Ethnica Style"},"image":{"@id":"https:\/\/ethnica.style\/sv\/#\/schema\/logo\/image\/"}}]}},"_links":{"self":[{"href":"https:\/\/ethnica.style\/sv\/wp-json\/wp\/v2\/product\/2637","targetHints":{"allow":["GET"]}}],"collection":[{"href":"https:\/\/ethnica.style\/sv\/wp-json\/wp\/v2\/product"}],"about":[{"href":"https:\/\/ethnica.style\/sv\/wp-json\/wp\/v2\/types\/product"}],"replies":[{"embeddable":true,"href":"https:\/\/ethnica.style\/sv\/wp-json\/wp\/v2\/comments?post=2637"}],"wp:featuredmedia":[{"embeddable":true,"href":"https:\/\/ethnica.style\/sv\/wp-json\/wp\/v2\/media\/2761"}],"wp:attachment":[{"href":"https:\/\/ethnica.style\/sv\/wp-json\/wp\/v2\/media?parent=2637"}],"wp:term":[{"taxonomy":"product_brand","embeddable":true,"href":"https:\/\/ethnica.style\/sv\/wp-json\/wp\/v2\/product_brand?post=2637"},{"taxonomy":"product_cat","embeddable":true,"href":"https:\/\/ethnica.style\/sv\/wp-json\/wp\/v2\/product_cat?post=2637"},{"taxonomy":"product_tag","embeddable":true,"href":"https:\/\/ethnica.style\/sv\/wp-json\/wp\/v2\/product_tag?post=2637"}],"curies":[{"name":"wp","href":"https:\/\/api.w.org\/{rel}","templated":true}]}}