{"id":2638,"date":"2025-08-06T08:55:14","date_gmt":"2025-08-06T08:55:14","guid":{"rendered":"https:\/\/ethnica.style\/product\/synikin-kimono\/"},"modified":"2025-09-03T10:25:10","modified_gmt":"2025-09-03T10:25:10","slug":"synikin-kimono","status":"publish","type":"product","link":"https:\/\/ethnica.style\/sv\/product\/synikin-kimono\/","title":{"rendered":"Synikisk kimono"},"content":{"rendered":"<p data-start=\"211\" data-end=\"458\">Synikin Kimono sticker ut med varje detalj. Den \u00e4r tillverkad av exklusivt <a href=\"https:\/\/ethnica.style\/sv\/\">italienskt linne<\/a> i en mjuk kr\u00e4mf\u00e4rg och ger en l\u00e4tt k\u00e4nsla och andningsbar komfort. Den raffinerade silhuetten och de distinkta broderierna f\u00f6rst\u00e4rker b\u00e5de en avslappnad och formell look.  <\/p>\n<p data-start=\"460\" data-end=\"659\">Den konstn\u00e4rliga \u00e4rmsk\u00e4rningen ger smidighet, medan ett matchande tygband g\u00f6r att du kan justera passformen f\u00f6r en mjuk, feminin form. Det h\u00e4r plagget \u00e4r l\u00e4tt att l\u00e4gga p\u00e5 lager under varma dagar, vilket g\u00f6r det till ett m\u00e5ngsidigt m\u00e5ste i garderoben. <\/p>\n<p data-start=\"661\" data-end=\"905\">Intrikata broderier definierar kimonons charm. Graci\u00f6sa h\u00e4star, sydda i denimbl\u00e5 halvsilkestr\u00e5dar, speglar styrka och lugn. Denna blandning av hantverk, <a href=\"https:\/\/en.wikipedia.org\/wiki\/Sweden\">naturlig<\/a> lyx och symbolisk design g\u00f6r den till ett tidl\u00f6st och b\u00e4rbart uttalande.  <\/p>\n<p data-start=\"907\" data-end=\"957\"><strong data-start=\"907\" data-end=\"916\">Not:<\/strong> Modellen \u00e4r 165 cm l\u00e5ng och b\u00e4r storlek S-M.<\/p>\n","protected":false},"excerpt":{"rendered":"<p>Synikin Kimono sticker ut med varje detalj. Den \u00e4r tillverkad av exklusivt italienskt linne i en mjuk kr\u00e4mf\u00e4rg och ger en l\u00e4tt k\u00e4nsla och andningsbar komfort. Den raffinerade silhuetten och de distinkta broderierna f\u00f6rst\u00e4rker b\u00e5de en avslappnad och formell look. Den konstn\u00e4rliga \u00e4rmsk\u00e4rningen ger smidighet, medan ett matchande tygband g\u00f6r att du kan justera passformen [&#8230;]\n","protected":false},"featured_media":2779,"comment_status":"open","ping_status":"closed","template":"","meta":{"_acf_changed":false},"product_brand":[],"product_cat":[114,90],"product_tag":[],"class_list":{"0":"post-2638","1":"product","2":"type-product","3":"status-publish","4":"has-post-thumbnail","6":"product_cat-kimonos-sv","7":"product_cat-kvinnor","9":"first","10":"instock","11":"taxable","12":"shipping-taxable","13":"purchasable","14":"product-type-variable"},"acf":[],"yoast_head":"<!-- This site is optimized with the Yoast SEO plugin v26.6 - https:\/\/yoast.com\/wordpress\/plugins\/seo\/ -->\n<title>Synikisk kimono - Ethnica Style<\/title>\n<meta name=\"description\" content=\"Upplev tidl\u00f6s elegans med Synikin Kimono \u2013 tillverkad i mjukt italienskt linne och prydd med broderade h\u00e4star i denimbl\u00e5 tr\u00e5dar.\" \/>\n<meta name=\"robots\" content=\"index, follow, max-snippet:-1, max-image-preview:large, max-video-preview:-1\" \/>\n<link rel=\"canonical\" href=\"https:\/\/ethnica.style\/sv\/product\/synikin-kimono\/\" \/>\n<meta property=\"og:locale\" content=\"sv_SE\" \/>\n<meta property=\"og:type\" content=\"article\" \/>\n<meta property=\"og:title\" content=\"Synikisk kimono - Ethnica Style\" \/>\n<meta property=\"og:description\" content=\"Upplev tidl\u00f6s elegans med Synikin Kimono \u2013 tillverkad i mjukt italienskt linne och prydd med broderade h\u00e4star i denimbl\u00e5 tr\u00e5dar.\" \/>\n<meta property=\"og:url\" content=\"https:\/\/ethnica.style\/sv\/product\/synikin-kimono\/\" \/>\n<meta property=\"og:site_name\" content=\"Ethnica Style\" \/>\n<meta property=\"article:modified_time\" content=\"2025-09-03T10:25:10+00:00\" \/>\n<meta property=\"og:image\" content=\"https:\/\/ethnica.style\/wp-content\/uploads\/2025\/08\/Synikin-129-scaled-1.jpg\" \/>\n\t<meta property=\"og:image:width\" content=\"1600\" \/>\n\t<meta property=\"og:image:height\" content=\"2402\" \/>\n\t<meta property=\"og:image:type\" content=\"image\/jpeg\" \/>\n<meta name=\"twitter:card\" content=\"summary_large_image\" \/>\n<meta name=\"twitter:label1\" content=\"Ber\u00e4knad l\u00e4stid\" \/>\n\t<meta name=\"twitter:data1\" content=\"1 minut\" \/>\n<script type=\"application\/ld+json\" class=\"yoast-schema-graph\">{\"@context\":\"https:\/\/schema.org\",\"@graph\":[{\"@type\":\"WebPage\",\"@id\":\"https:\/\/ethnica.style\/sv\/product\/synikin-kimono\/\",\"url\":\"https:\/\/ethnica.style\/sv\/product\/synikin-kimono\/\",\"name\":\"Synikisk kimono - Ethnica Style\",\"isPartOf\":{\"@id\":\"https:\/\/ethnica.style\/sv\/#website\"},\"primaryImageOfPage\":{\"@id\":\"https:\/\/ethnica.style\/sv\/product\/synikin-kimono\/#primaryimage\"},\"image\":{\"@id\":\"https:\/\/ethnica.style\/sv\/product\/synikin-kimono\/#primaryimage\"},\"thumbnailUrl\":\"https:\/\/ethnica.style\/wp-content\/uploads\/2025\/08\/Synikin-129-scaled-1.jpg\",\"datePublished\":\"2025-08-06T08:55:14+00:00\",\"dateModified\":\"2025-09-03T10:25:10+00:00\",\"description\":\"Upplev tidl\u00f6s elegans med Synikin Kimono \u2013 tillverkad i mjukt italienskt linne och prydd med broderade h\u00e4star i denimbl\u00e5 tr\u00e5dar.\",\"breadcrumb\":{\"@id\":\"https:\/\/ethnica.style\/sv\/product\/synikin-kimono\/#breadcrumb\"},\"inLanguage\":\"sv-SE\",\"potentialAction\":[{\"@type\":\"ReadAction\",\"target\":[\"https:\/\/ethnica.style\/sv\/product\/synikin-kimono\/\"]}]},{\"@type\":\"ImageObject\",\"inLanguage\":\"sv-SE\",\"@id\":\"https:\/\/ethnica.style\/sv\/product\/synikin-kimono\/#primaryimage\",\"url\":\"https:\/\/ethnica.style\/wp-content\/uploads\/2025\/08\/Synikin-129-scaled-1.jpg\",\"contentUrl\":\"https:\/\/ethnica.style\/wp-content\/uploads\/2025\/08\/Synikin-129-scaled-1.jpg\",\"width\":1600,\"height\":2402,\"caption\":\"Synikin-129-scaled-1.jpg\"},{\"@type\":\"BreadcrumbList\",\"@id\":\"https:\/\/ethnica.style\/sv\/product\/synikin-kimono\/#breadcrumb\",\"itemListElement\":[{\"@type\":\"ListItem\",\"position\":1,\"name\":\"Home\",\"item\":\"https:\/\/ethnica.style\/sv\/\"},{\"@type\":\"ListItem\",\"position\":2,\"name\":\"Butik\",\"item\":\"https:\/\/ethnica.style\/sv\/butik\/\"},{\"@type\":\"ListItem\",\"position\":3,\"name\":\"Synikisk kimono\"}]},{\"@type\":\"WebSite\",\"@id\":\"https:\/\/ethnica.style\/sv\/#website\",\"url\":\"https:\/\/ethnica.style\/sv\/\",\"name\":\"Ethnica Style\",\"description\":\"\",\"publisher\":{\"@id\":\"https:\/\/ethnica.style\/sv\/#organization\"},\"potentialAction\":[{\"@type\":\"SearchAction\",\"target\":{\"@type\":\"EntryPoint\",\"urlTemplate\":\"https:\/\/ethnica.style\/sv\/?s={search_term_string}\"},\"query-input\":{\"@type\":\"PropertyValueSpecification\",\"valueRequired\":true,\"valueName\":\"search_term_string\"}}],\"inLanguage\":\"sv-SE\"},{\"@type\":\"Organization\",\"@id\":\"https:\/\/ethnica.style\/sv\/#organization\",\"name\":\"Ethnica Style\",\"url\":\"https:\/\/ethnica.style\/sv\/\",\"logo\":{\"@type\":\"ImageObject\",\"inLanguage\":\"sv-SE\",\"@id\":\"https:\/\/ethnica.style\/sv\/#\/schema\/logo\/image\/\",\"url\":\"https:\/\/ethnica.style\/wp-content\/uploads\/2024\/10\/group-5-1.svg\",\"contentUrl\":\"https:\/\/ethnica.style\/wp-content\/uploads\/2024\/10\/group-5-1.svg\",\"width\":1,\"height\":1,\"caption\":\"Ethnica Style\"},\"image\":{\"@id\":\"https:\/\/ethnica.style\/sv\/#\/schema\/logo\/image\/\"}}]}<\/script>\n<!-- \/ Yoast SEO plugin. -->","yoast_head_json":{"title":"Synikisk kimono - Ethnica Style","description":"Upplev tidl\u00f6s elegans med Synikin Kimono \u2013 tillverkad i mjukt italienskt linne och prydd med broderade h\u00e4star i denimbl\u00e5 tr\u00e5dar.","robots":{"index":"index","follow":"follow","max-snippet":"max-snippet:-1","max-image-preview":"max-image-preview:large","max-video-preview":"max-video-preview:-1"},"canonical":"https:\/\/ethnica.style\/sv\/product\/synikin-kimono\/","og_locale":"sv_SE","og_type":"article","og_title":"Synikisk kimono - Ethnica Style","og_description":"Upplev tidl\u00f6s elegans med Synikin Kimono \u2013 tillverkad i mjukt italienskt linne och prydd med broderade h\u00e4star i denimbl\u00e5 tr\u00e5dar.","og_url":"https:\/\/ethnica.style\/sv\/product\/synikin-kimono\/","og_site_name":"Ethnica Style","article_modified_time":"2025-09-03T10:25:10+00:00","og_image":[{"width":1600,"height":2402,"url":"https:\/\/ethnica.style\/wp-content\/uploads\/2025\/08\/Synikin-129-scaled-1.jpg","type":"image\/jpeg"}],"twitter_card":"summary_large_image","twitter_misc":{"Ber\u00e4knad l\u00e4stid":"1 minut"},"schema":{"@context":"https:\/\/schema.org","@graph":[{"@type":"WebPage","@id":"https:\/\/ethnica.style\/sv\/product\/synikin-kimono\/","url":"https:\/\/ethnica.style\/sv\/product\/synikin-kimono\/","name":"Synikisk kimono - Ethnica Style","isPartOf":{"@id":"https:\/\/ethnica.style\/sv\/#website"},"primaryImageOfPage":{"@id":"https:\/\/ethnica.style\/sv\/product\/synikin-kimono\/#primaryimage"},"image":{"@id":"https:\/\/ethnica.style\/sv\/product\/synikin-kimono\/#primaryimage"},"thumbnailUrl":"https:\/\/ethnica.style\/wp-content\/uploads\/2025\/08\/Synikin-129-scaled-1.jpg","datePublished":"2025-08-06T08:55:14+00:00","dateModified":"2025-09-03T10:25:10+00:00","description":"Upplev tidl\u00f6s elegans med Synikin Kimono \u2013 tillverkad i mjukt italienskt linne och prydd med broderade h\u00e4star i denimbl\u00e5 tr\u00e5dar.","breadcrumb":{"@id":"https:\/\/ethnica.style\/sv\/product\/synikin-kimono\/#breadcrumb"},"inLanguage":"sv-SE","potentialAction":[{"@type":"ReadAction","target":["https:\/\/ethnica.style\/sv\/product\/synikin-kimono\/"]}]},{"@type":"ImageObject","inLanguage":"sv-SE","@id":"https:\/\/ethnica.style\/sv\/product\/synikin-kimono\/#primaryimage","url":"https:\/\/ethnica.style\/wp-content\/uploads\/2025\/08\/Synikin-129-scaled-1.jpg","contentUrl":"https:\/\/ethnica.style\/wp-content\/uploads\/2025\/08\/Synikin-129-scaled-1.jpg","width":1600,"height":2402,"caption":"Synikin-129-scaled-1.jpg"},{"@type":"BreadcrumbList","@id":"https:\/\/ethnica.style\/sv\/product\/synikin-kimono\/#breadcrumb","itemListElement":[{"@type":"ListItem","position":1,"name":"Home","item":"https:\/\/ethnica.style\/sv\/"},{"@type":"ListItem","position":2,"name":"Butik","item":"https:\/\/ethnica.style\/sv\/butik\/"},{"@type":"ListItem","position":3,"name":"Synikisk kimono"}]},{"@type":"WebSite","@id":"https:\/\/ethnica.style\/sv\/#website","url":"https:\/\/ethnica.style\/sv\/","name":"Ethnica Style","description":"","publisher":{"@id":"https:\/\/ethnica.style\/sv\/#organization"},"potentialAction":[{"@type":"SearchAction","target":{"@type":"EntryPoint","urlTemplate":"https:\/\/ethnica.style\/sv\/?s={search_term_string}"},"query-input":{"@type":"PropertyValueSpecification","valueRequired":true,"valueName":"search_term_string"}}],"inLanguage":"sv-SE"},{"@type":"Organization","@id":"https:\/\/ethnica.style\/sv\/#organization","name":"Ethnica Style","url":"https:\/\/ethnica.style\/sv\/","logo":{"@type":"ImageObject","inLanguage":"sv-SE","@id":"https:\/\/ethnica.style\/sv\/#\/schema\/logo\/image\/","url":"https:\/\/ethnica.style\/wp-content\/uploads\/2024\/10\/group-5-1.svg","contentUrl":"https:\/\/ethnica.style\/wp-content\/uploads\/2024\/10\/group-5-1.svg","width":1,"height":1,"caption":"Ethnica Style"},"image":{"@id":"https:\/\/ethnica.style\/sv\/#\/schema\/logo\/image\/"}}]}},"_links":{"self":[{"href":"https:\/\/ethnica.style\/sv\/wp-json\/wp\/v2\/product\/2638","targetHints":{"allow":["GET"]}}],"collection":[{"href":"https:\/\/ethnica.style\/sv\/wp-json\/wp\/v2\/product"}],"about":[{"href":"https:\/\/ethnica.style\/sv\/wp-json\/wp\/v2\/types\/product"}],"replies":[{"embeddable":true,"href":"https:\/\/ethnica.style\/sv\/wp-json\/wp\/v2\/comments?post=2638"}],"wp:featuredmedia":[{"embeddable":true,"href":"https:\/\/ethnica.style\/sv\/wp-json\/wp\/v2\/media\/2779"}],"wp:attachment":[{"href":"https:\/\/ethnica.style\/sv\/wp-json\/wp\/v2\/media?parent=2638"}],"wp:term":[{"taxonomy":"product_brand","embeddable":true,"href":"https:\/\/ethnica.style\/sv\/wp-json\/wp\/v2\/product_brand?post=2638"},{"taxonomy":"product_cat","embeddable":true,"href":"https:\/\/ethnica.style\/sv\/wp-json\/wp\/v2\/product_cat?post=2638"},{"taxonomy":"product_tag","embeddable":true,"href":"https:\/\/ethnica.style\/sv\/wp-json\/wp\/v2\/product_tag?post=2638"}],"curies":[{"name":"wp","href":"https:\/\/api.w.org\/{rel}","templated":true}]}}