{"id":2639,"date":"2025-08-06T08:55:15","date_gmt":"2025-08-06T08:55:15","guid":{"rendered":"https:\/\/ethnica.style\/product\/voronenko-art-kimono\/"},"modified":"2025-09-03T10:17:58","modified_gmt":"2025-09-03T10:17:58","slug":"voronenko-art-kimono","status":"publish","type":"product","link":"https:\/\/ethnica.style\/sv\/product\/voronenko-art-kimono\/","title":{"rendered":"Voronenko Art Kimono"},"content":{"rendered":"<p>Voronenko Art Kimono, ett extraordin\u00e4rt uttalande, denna linnekimono f\u00f6rvandlar traditionellt hantverk till b\u00e4rbar konst. Den \u00e4r tillverkad av naturligt linne av h\u00f6gsta kvalitet och har en sl\u00e5ende, handm\u00e5lad <a href=\"https:\/\/ethnica.style\/sv\/\">ryttardesign<\/a> \u2013 med noggrant detaljerade element som h\u00e4stskor, tyglar och den \u00e4dla bilden av en h\u00e4st \u2013 m\u00e5lad med specialiserade textilf\u00e4rger. <\/p>\n<p>Varje drag av Voronenko Art Kimono \u00e5terspeglar konstn\u00e4rens passion och precision, vilket g\u00f6r varje kimono till en unik skapelse. Med sin fl\u00f6dande siluett och konstfulla komposition \u00f6verskrider detta smycke modet f\u00f6r att bli ett samlarobjekt &#8211; en symbol f\u00f6r styrka, elegans och individualitet. Att \u00e4ga ett s\u00e5dant plagg handlar inte bara om stil; Det handlar om att b\u00e4ra en ber\u00e4ttelse, en sj\u00e4l, en vision. Det \u00e4r ett anm\u00e4rkningsv\u00e4rt <a href=\"https:\/\/en.wikipedia.org\/wiki\/Sweden\">tillskott<\/a> till en kvinnas garderob och ger djup, konversation och tidl\u00f6s sk\u00f6nhet till varje utseende.   <\/p>\n<p>Anm\u00e4rkningar : Modeller i svart Voronenko 164\/165 cm l\u00e5ng och b\u00e5da b\u00e4r storlek S-M. Modell i vit Voronenko, 165 cm l\u00e5ng och har p\u00e5 sig storlek S-M. <\/p>\n","protected":false},"excerpt":{"rendered":"<p>Voronenko Art Kimono, ett extraordin\u00e4rt uttalande, denna linnekimono f\u00f6rvandlar traditionellt hantverk till b\u00e4rbar konst. Den \u00e4r tillverkad av naturligt linne av h\u00f6gsta kvalitet och har en sl\u00e5ende, handm\u00e5lad ryttardesign \u2013 med noggrant detaljerade element som h\u00e4stskor, tyglar och den \u00e4dla bilden av en h\u00e4st \u2013 m\u00e5lad med specialiserade textilf\u00e4rger. Varje drag av Voronenko Art Kimono [&#8230;]\n","protected":false},"featured_media":2640,"comment_status":"open","ping_status":"closed","template":"","meta":{"_acf_changed":false},"product_brand":[],"product_cat":[91,90],"product_tag":[],"class_list":{"0":"post-2639","1":"product","2":"type-product","3":"status-publish","4":"has-post-thumbnail","6":"product_cat-konst-kimono","7":"product_cat-kvinnor","9":"first","10":"instock","11":"taxable","12":"shipping-taxable","13":"purchasable","14":"product-type-variable"},"acf":[],"yoast_head":"<!-- This site is optimized with the Yoast SEO plugin v26.6 - https:\/\/yoast.com\/wordpress\/plugins\/seo\/ -->\n<title>Voronenko Art Kimono - Ethnica Style Voronenko Art Kimono<\/title>\n<meta name=\"description\" content=\"Den h\u00e4r handm\u00e5lade kimono i h\u00e4stlinne blandar konst och mode \u2013 tillverkad av fint naturligt linne f\u00f6r ett dj\u00e4rvt, elegant och unikt statement-plagg.\" \/>\n<meta name=\"robots\" content=\"index, follow, max-snippet:-1, max-image-preview:large, max-video-preview:-1\" \/>\n<link rel=\"canonical\" href=\"https:\/\/ethnica.style\/sv\/product\/voronenko-art-kimono\/\" \/>\n<meta property=\"og:locale\" content=\"sv_SE\" \/>\n<meta property=\"og:type\" content=\"article\" \/>\n<meta property=\"og:title\" content=\"Voronenko Art Kimono - Ethnica Style Voronenko Art Kimono\" \/>\n<meta property=\"og:description\" content=\"Den h\u00e4r handm\u00e5lade kimono i h\u00e4stlinne blandar konst och mode \u2013 tillverkad av fint naturligt linne f\u00f6r ett dj\u00e4rvt, elegant och unikt statement-plagg.\" \/>\n<meta property=\"og:url\" content=\"https:\/\/ethnica.style\/sv\/product\/voronenko-art-kimono\/\" \/>\n<meta property=\"og:site_name\" content=\"Ethnica Style\" \/>\n<meta property=\"article:modified_time\" content=\"2025-09-03T10:17:58+00:00\" \/>\n<meta property=\"og:image\" content=\"https:\/\/ethnica.style\/wp-content\/uploads\/2025\/08\/Kimono-voronenko-white-02-scaled-1.jpg\" \/>\n\t<meta property=\"og:image:width\" content=\"1600\" \/>\n\t<meta property=\"og:image:height\" content=\"2402\" \/>\n\t<meta property=\"og:image:type\" content=\"image\/jpeg\" \/>\n<meta name=\"twitter:card\" content=\"summary_large_image\" \/>\n<meta name=\"twitter:label1\" content=\"Ber\u00e4knad l\u00e4stid\" \/>\n\t<meta name=\"twitter:data1\" content=\"1 minut\" \/>\n<script type=\"application\/ld+json\" class=\"yoast-schema-graph\">{\"@context\":\"https:\/\/schema.org\",\"@graph\":[{\"@type\":\"WebPage\",\"@id\":\"https:\/\/ethnica.style\/sv\/product\/voronenko-art-kimono\/\",\"url\":\"https:\/\/ethnica.style\/sv\/product\/voronenko-art-kimono\/\",\"name\":\"Voronenko Art Kimono - Ethnica Style Voronenko Art Kimono\",\"isPartOf\":{\"@id\":\"https:\/\/ethnica.style\/sv\/#website\"},\"primaryImageOfPage\":{\"@id\":\"https:\/\/ethnica.style\/sv\/product\/voronenko-art-kimono\/#primaryimage\"},\"image\":{\"@id\":\"https:\/\/ethnica.style\/sv\/product\/voronenko-art-kimono\/#primaryimage\"},\"thumbnailUrl\":\"https:\/\/ethnica.style\/wp-content\/uploads\/2025\/08\/Kimono-voronenko-white-02-scaled-1.jpg\",\"datePublished\":\"2025-08-06T08:55:15+00:00\",\"dateModified\":\"2025-09-03T10:17:58+00:00\",\"description\":\"Den h\u00e4r handm\u00e5lade kimono i h\u00e4stlinne blandar konst och mode \u2013 tillverkad av fint naturligt linne f\u00f6r ett dj\u00e4rvt, elegant och unikt statement-plagg.\",\"breadcrumb\":{\"@id\":\"https:\/\/ethnica.style\/sv\/product\/voronenko-art-kimono\/#breadcrumb\"},\"inLanguage\":\"sv-SE\",\"potentialAction\":[{\"@type\":\"ReadAction\",\"target\":[\"https:\/\/ethnica.style\/sv\/product\/voronenko-art-kimono\/\"]}]},{\"@type\":\"ImageObject\",\"inLanguage\":\"sv-SE\",\"@id\":\"https:\/\/ethnica.style\/sv\/product\/voronenko-art-kimono\/#primaryimage\",\"url\":\"https:\/\/ethnica.style\/wp-content\/uploads\/2025\/08\/Kimono-voronenko-white-02-scaled-1.jpg\",\"contentUrl\":\"https:\/\/ethnica.style\/wp-content\/uploads\/2025\/08\/Kimono-voronenko-white-02-scaled-1.jpg\",\"width\":1600,\"height\":2402,\"caption\":\"Kimono-voronenko-white-02\"},{\"@type\":\"BreadcrumbList\",\"@id\":\"https:\/\/ethnica.style\/sv\/product\/voronenko-art-kimono\/#breadcrumb\",\"itemListElement\":[{\"@type\":\"ListItem\",\"position\":1,\"name\":\"Home\",\"item\":\"https:\/\/ethnica.style\/sv\/\"},{\"@type\":\"ListItem\",\"position\":2,\"name\":\"Butik\",\"item\":\"https:\/\/ethnica.style\/sv\/butik\/\"},{\"@type\":\"ListItem\",\"position\":3,\"name\":\"Voronenko Art Kimono\"}]},{\"@type\":\"WebSite\",\"@id\":\"https:\/\/ethnica.style\/sv\/#website\",\"url\":\"https:\/\/ethnica.style\/sv\/\",\"name\":\"Ethnica Style\",\"description\":\"\",\"publisher\":{\"@id\":\"https:\/\/ethnica.style\/sv\/#organization\"},\"potentialAction\":[{\"@type\":\"SearchAction\",\"target\":{\"@type\":\"EntryPoint\",\"urlTemplate\":\"https:\/\/ethnica.style\/sv\/?s={search_term_string}\"},\"query-input\":{\"@type\":\"PropertyValueSpecification\",\"valueRequired\":true,\"valueName\":\"search_term_string\"}}],\"inLanguage\":\"sv-SE\"},{\"@type\":\"Organization\",\"@id\":\"https:\/\/ethnica.style\/sv\/#organization\",\"name\":\"Ethnica Style\",\"url\":\"https:\/\/ethnica.style\/sv\/\",\"logo\":{\"@type\":\"ImageObject\",\"inLanguage\":\"sv-SE\",\"@id\":\"https:\/\/ethnica.style\/sv\/#\/schema\/logo\/image\/\",\"url\":\"https:\/\/ethnica.style\/wp-content\/uploads\/2024\/10\/group-5-1.svg\",\"contentUrl\":\"https:\/\/ethnica.style\/wp-content\/uploads\/2024\/10\/group-5-1.svg\",\"width\":1,\"height\":1,\"caption\":\"Ethnica Style\"},\"image\":{\"@id\":\"https:\/\/ethnica.style\/sv\/#\/schema\/logo\/image\/\"}}]}<\/script>\n<!-- \/ Yoast SEO plugin. -->","yoast_head_json":{"title":"Voronenko Art Kimono - Ethnica Style Voronenko Art Kimono","description":"Den h\u00e4r handm\u00e5lade kimono i h\u00e4stlinne blandar konst och mode \u2013 tillverkad av fint naturligt linne f\u00f6r ett dj\u00e4rvt, elegant och unikt statement-plagg.","robots":{"index":"index","follow":"follow","max-snippet":"max-snippet:-1","max-image-preview":"max-image-preview:large","max-video-preview":"max-video-preview:-1"},"canonical":"https:\/\/ethnica.style\/sv\/product\/voronenko-art-kimono\/","og_locale":"sv_SE","og_type":"article","og_title":"Voronenko Art Kimono - Ethnica Style Voronenko Art Kimono","og_description":"Den h\u00e4r handm\u00e5lade kimono i h\u00e4stlinne blandar konst och mode \u2013 tillverkad av fint naturligt linne f\u00f6r ett dj\u00e4rvt, elegant och unikt statement-plagg.","og_url":"https:\/\/ethnica.style\/sv\/product\/voronenko-art-kimono\/","og_site_name":"Ethnica Style","article_modified_time":"2025-09-03T10:17:58+00:00","og_image":[{"width":1600,"height":2402,"url":"https:\/\/ethnica.style\/wp-content\/uploads\/2025\/08\/Kimono-voronenko-white-02-scaled-1.jpg","type":"image\/jpeg"}],"twitter_card":"summary_large_image","twitter_misc":{"Ber\u00e4knad l\u00e4stid":"1 minut"},"schema":{"@context":"https:\/\/schema.org","@graph":[{"@type":"WebPage","@id":"https:\/\/ethnica.style\/sv\/product\/voronenko-art-kimono\/","url":"https:\/\/ethnica.style\/sv\/product\/voronenko-art-kimono\/","name":"Voronenko Art Kimono - Ethnica Style Voronenko Art Kimono","isPartOf":{"@id":"https:\/\/ethnica.style\/sv\/#website"},"primaryImageOfPage":{"@id":"https:\/\/ethnica.style\/sv\/product\/voronenko-art-kimono\/#primaryimage"},"image":{"@id":"https:\/\/ethnica.style\/sv\/product\/voronenko-art-kimono\/#primaryimage"},"thumbnailUrl":"https:\/\/ethnica.style\/wp-content\/uploads\/2025\/08\/Kimono-voronenko-white-02-scaled-1.jpg","datePublished":"2025-08-06T08:55:15+00:00","dateModified":"2025-09-03T10:17:58+00:00","description":"Den h\u00e4r handm\u00e5lade kimono i h\u00e4stlinne blandar konst och mode \u2013 tillverkad av fint naturligt linne f\u00f6r ett dj\u00e4rvt, elegant och unikt statement-plagg.","breadcrumb":{"@id":"https:\/\/ethnica.style\/sv\/product\/voronenko-art-kimono\/#breadcrumb"},"inLanguage":"sv-SE","potentialAction":[{"@type":"ReadAction","target":["https:\/\/ethnica.style\/sv\/product\/voronenko-art-kimono\/"]}]},{"@type":"ImageObject","inLanguage":"sv-SE","@id":"https:\/\/ethnica.style\/sv\/product\/voronenko-art-kimono\/#primaryimage","url":"https:\/\/ethnica.style\/wp-content\/uploads\/2025\/08\/Kimono-voronenko-white-02-scaled-1.jpg","contentUrl":"https:\/\/ethnica.style\/wp-content\/uploads\/2025\/08\/Kimono-voronenko-white-02-scaled-1.jpg","width":1600,"height":2402,"caption":"Kimono-voronenko-white-02"},{"@type":"BreadcrumbList","@id":"https:\/\/ethnica.style\/sv\/product\/voronenko-art-kimono\/#breadcrumb","itemListElement":[{"@type":"ListItem","position":1,"name":"Home","item":"https:\/\/ethnica.style\/sv\/"},{"@type":"ListItem","position":2,"name":"Butik","item":"https:\/\/ethnica.style\/sv\/butik\/"},{"@type":"ListItem","position":3,"name":"Voronenko Art Kimono"}]},{"@type":"WebSite","@id":"https:\/\/ethnica.style\/sv\/#website","url":"https:\/\/ethnica.style\/sv\/","name":"Ethnica Style","description":"","publisher":{"@id":"https:\/\/ethnica.style\/sv\/#organization"},"potentialAction":[{"@type":"SearchAction","target":{"@type":"EntryPoint","urlTemplate":"https:\/\/ethnica.style\/sv\/?s={search_term_string}"},"query-input":{"@type":"PropertyValueSpecification","valueRequired":true,"valueName":"search_term_string"}}],"inLanguage":"sv-SE"},{"@type":"Organization","@id":"https:\/\/ethnica.style\/sv\/#organization","name":"Ethnica Style","url":"https:\/\/ethnica.style\/sv\/","logo":{"@type":"ImageObject","inLanguage":"sv-SE","@id":"https:\/\/ethnica.style\/sv\/#\/schema\/logo\/image\/","url":"https:\/\/ethnica.style\/wp-content\/uploads\/2024\/10\/group-5-1.svg","contentUrl":"https:\/\/ethnica.style\/wp-content\/uploads\/2024\/10\/group-5-1.svg","width":1,"height":1,"caption":"Ethnica Style"},"image":{"@id":"https:\/\/ethnica.style\/sv\/#\/schema\/logo\/image\/"}}]}},"_links":{"self":[{"href":"https:\/\/ethnica.style\/sv\/wp-json\/wp\/v2\/product\/2639","targetHints":{"allow":["GET"]}}],"collection":[{"href":"https:\/\/ethnica.style\/sv\/wp-json\/wp\/v2\/product"}],"about":[{"href":"https:\/\/ethnica.style\/sv\/wp-json\/wp\/v2\/types\/product"}],"replies":[{"embeddable":true,"href":"https:\/\/ethnica.style\/sv\/wp-json\/wp\/v2\/comments?post=2639"}],"wp:featuredmedia":[{"embeddable":true,"href":"https:\/\/ethnica.style\/sv\/wp-json\/wp\/v2\/media\/2640"}],"wp:attachment":[{"href":"https:\/\/ethnica.style\/sv\/wp-json\/wp\/v2\/media?parent=2639"}],"wp:term":[{"taxonomy":"product_brand","embeddable":true,"href":"https:\/\/ethnica.style\/sv\/wp-json\/wp\/v2\/product_brand?post=2639"},{"taxonomy":"product_cat","embeddable":true,"href":"https:\/\/ethnica.style\/sv\/wp-json\/wp\/v2\/product_cat?post=2639"},{"taxonomy":"product_tag","embeddable":true,"href":"https:\/\/ethnica.style\/sv\/wp-json\/wp\/v2\/product_tag?post=2639"}],"curies":[{"name":"wp","href":"https:\/\/api.w.org\/{rel}","templated":true}]}}