{"id":2654,"date":"2025-08-06T08:55:46","date_gmt":"2025-08-06T08:55:46","guid":{"rendered":"https:\/\/ethnica.style\/product\/skir-stickad-topp-i-mesh\/"},"modified":"2025-09-03T09:56:12","modified_gmt":"2025-09-03T09:56:12","slug":"skir-stickad-topp-i-mesh","status":"publish","type":"product","link":"https:\/\/ethnica.style\/sv\/product\/skir-stickad-topp-i-mesh\/","title":{"rendered":"Skir stickad topp i mesh"},"content":{"rendered":"<p data-start=\"176\" data-end=\"434\"><strong data-start=\"176\" data-end=\"199\">Skir stickad topp i mesh<\/strong><br data-start=\"199\" data-end=\"202\">Den h\u00e4r l\u00e4tta <a href=\"https:\/\/ethnica.style\/sv\/\">handstickade toppen<\/a> \u00e4r tillverkad av ett silkeslent garn i bomullsblandning och balanserar mjukhet, stil och komfort. Det luftiga meshspetsm\u00f6nstret k\u00e4nns skonsamt mot huden och andas vackert. Det hj\u00e4lper dig att h\u00e5lla dig sval \u00e4ven under varma dagar.  <\/p>\n<p data-start=\"436\" data-end=\"575\">Dess m\u00e5ngsidiga design och neutrala toner g\u00f6r parningen enkel. Styla den med jeans eller b\u00f6ljande kjolar \u2013 det finns gott om utrymme f\u00f6r din kreativitet. <\/p>\n<p data-start=\"577\" data-end=\"650\">Den h\u00e4r toppen inbjuder till enkel styling och ger <a href=\"https:\/\/en.wikipedia.org\/wiki\/Sweden\">frihet<\/a> i varje r\u00f6relse.<\/p>\n<p data-start=\"652\" data-end=\"775\"><strong data-start=\"652\" data-end=\"688\">Finns i tv\u00e5 eleganta nyanser:<\/strong><br data-start=\"688\" data-end=\"691\">\u2022 <strong data-start=\"693\" data-end=\"714\">Gyllene cappuccino<\/strong> \u2013 varm och raffinerad<br data-start=\"733\" data-end=\"736\">\u2022 <strong data-start=\"738\" data-end=\"751\">Pistachio<\/strong> \u2013 en fr\u00e4sch, modern twist<\/p>\n","protected":false},"excerpt":{"rendered":"<p>Skir stickad topp i meshDen h\u00e4r l\u00e4tta handstickade toppen \u00e4r tillverkad av ett silkeslent garn i bomullsblandning och balanserar mjukhet, stil och komfort. Det luftiga meshspetsm\u00f6nstret k\u00e4nns skonsamt mot huden och andas vackert. Det hj\u00e4lper dig att h\u00e5lla dig sval \u00e4ven under varma dagar. Dess m\u00e5ngsidiga design och neutrala toner g\u00f6r parningen enkel. Styla den [&#8230;]\n","protected":false},"featured_media":2655,"comment_status":"open","ping_status":"closed","template":"","meta":{"_acf_changed":false},"product_brand":[],"product_cat":[90,117],"product_tag":[],"class_list":{"0":"post-2654","1":"product","2":"type-product","3":"status-publish","4":"has-post-thumbnail","6":"product_cat-kvinnor","7":"product_cat-stickade-toppar","9":"first","10":"instock","11":"featured","12":"taxable","13":"shipping-taxable","14":"purchasable","15":"product-type-variable"},"acf":[],"yoast_head":"<!-- This site is optimized with the Yoast SEO plugin v26.6 - https:\/\/yoast.com\/wordpress\/plugins\/seo\/ -->\n<title>Skir stickad topp i mesh - Skir stickad meshtopp<\/title>\n<meta name=\"description\" content=\"H\u00e5ll dig sval och snygg med v\u00e5r Sheer Knit Mesh Top, tillverkad i en mjuk bomullsblandning med ett luftigt spetsm\u00f6nster. Perfekt f\u00f6r enkel sommar-lager-p\u00e5-lager-anv\u00e4ndning.\" \/>\n<meta name=\"robots\" content=\"index, follow, max-snippet:-1, max-image-preview:large, max-video-preview:-1\" \/>\n<link rel=\"canonical\" href=\"https:\/\/ethnica.style\/sv\/product\/skir-stickad-topp-i-mesh\/\" \/>\n<meta property=\"og:locale\" content=\"sv_SE\" \/>\n<meta property=\"og:type\" content=\"article\" \/>\n<meta property=\"og:title\" content=\"Skir stickad topp i mesh - Skir stickad meshtopp\" \/>\n<meta property=\"og:description\" content=\"H\u00e5ll dig sval och snygg med v\u00e5r Sheer Knit Mesh Top, tillverkad i en mjuk bomullsblandning med ett luftigt spetsm\u00f6nster. Perfekt f\u00f6r enkel sommar-lager-p\u00e5-lager-anv\u00e4ndning.\" \/>\n<meta property=\"og:url\" content=\"https:\/\/ethnica.style\/sv\/product\/skir-stickad-topp-i-mesh\/\" \/>\n<meta property=\"og:site_name\" content=\"Ethnica Style\" \/>\n<meta property=\"article:modified_time\" content=\"2025-09-03T09:56:12+00:00\" \/>\n<meta property=\"og:image\" content=\"https:\/\/ethnica.style\/wp-content\/uploads\/2025\/08\/sheer-knit-mest-top-capp-161-scaled-1.jpg\" \/>\n\t<meta property=\"og:image:width\" content=\"1600\" \/>\n\t<meta property=\"og:image:height\" content=\"2402\" \/>\n\t<meta property=\"og:image:type\" content=\"image\/jpeg\" \/>\n<meta name=\"twitter:card\" content=\"summary_large_image\" \/>\n<meta name=\"twitter:label1\" content=\"Ber\u00e4knad l\u00e4stid\" \/>\n\t<meta name=\"twitter:data1\" content=\"1 minut\" \/>\n<script type=\"application\/ld+json\" class=\"yoast-schema-graph\">{\"@context\":\"https:\/\/schema.org\",\"@graph\":[{\"@type\":\"WebPage\",\"@id\":\"https:\/\/ethnica.style\/sv\/product\/skir-stickad-topp-i-mesh\/\",\"url\":\"https:\/\/ethnica.style\/sv\/product\/skir-stickad-topp-i-mesh\/\",\"name\":\"Skir stickad topp i mesh - Skir stickad meshtopp\",\"isPartOf\":{\"@id\":\"https:\/\/ethnica.style\/sv\/#website\"},\"primaryImageOfPage\":{\"@id\":\"https:\/\/ethnica.style\/sv\/product\/skir-stickad-topp-i-mesh\/#primaryimage\"},\"image\":{\"@id\":\"https:\/\/ethnica.style\/sv\/product\/skir-stickad-topp-i-mesh\/#primaryimage\"},\"thumbnailUrl\":\"https:\/\/ethnica.style\/wp-content\/uploads\/2025\/08\/sheer-knit-mest-top-capp-161-scaled-1.jpg\",\"datePublished\":\"2025-08-06T08:55:46+00:00\",\"dateModified\":\"2025-09-03T09:56:12+00:00\",\"description\":\"H\u00e5ll dig sval och snygg med v\u00e5r Sheer Knit Mesh Top, tillverkad i en mjuk bomullsblandning med ett luftigt spetsm\u00f6nster. Perfekt f\u00f6r enkel sommar-lager-p\u00e5-lager-anv\u00e4ndning.\",\"breadcrumb\":{\"@id\":\"https:\/\/ethnica.style\/sv\/product\/skir-stickad-topp-i-mesh\/#breadcrumb\"},\"inLanguage\":\"sv-SE\",\"potentialAction\":[{\"@type\":\"ReadAction\",\"target\":[\"https:\/\/ethnica.style\/sv\/product\/skir-stickad-topp-i-mesh\/\"]}]},{\"@type\":\"ImageObject\",\"inLanguage\":\"sv-SE\",\"@id\":\"https:\/\/ethnica.style\/sv\/product\/skir-stickad-topp-i-mesh\/#primaryimage\",\"url\":\"https:\/\/ethnica.style\/wp-content\/uploads\/2025\/08\/sheer-knit-mest-top-capp-161-scaled-1.jpg\",\"contentUrl\":\"https:\/\/ethnica.style\/wp-content\/uploads\/2025\/08\/sheer-knit-mest-top-capp-161-scaled-1.jpg\",\"width\":1600,\"height\":2402,\"caption\":\"sheer-knit-mest-top-capp-161\"},{\"@type\":\"BreadcrumbList\",\"@id\":\"https:\/\/ethnica.style\/sv\/product\/skir-stickad-topp-i-mesh\/#breadcrumb\",\"itemListElement\":[{\"@type\":\"ListItem\",\"position\":1,\"name\":\"Home\",\"item\":\"https:\/\/ethnica.style\/sv\/\"},{\"@type\":\"ListItem\",\"position\":2,\"name\":\"Butik\",\"item\":\"https:\/\/ethnica.style\/sv\/butik\/\"},{\"@type\":\"ListItem\",\"position\":3,\"name\":\"Skir stickad topp i mesh\"}]},{\"@type\":\"WebSite\",\"@id\":\"https:\/\/ethnica.style\/sv\/#website\",\"url\":\"https:\/\/ethnica.style\/sv\/\",\"name\":\"Ethnica Style\",\"description\":\"\",\"publisher\":{\"@id\":\"https:\/\/ethnica.style\/sv\/#organization\"},\"potentialAction\":[{\"@type\":\"SearchAction\",\"target\":{\"@type\":\"EntryPoint\",\"urlTemplate\":\"https:\/\/ethnica.style\/sv\/?s={search_term_string}\"},\"query-input\":{\"@type\":\"PropertyValueSpecification\",\"valueRequired\":true,\"valueName\":\"search_term_string\"}}],\"inLanguage\":\"sv-SE\"},{\"@type\":\"Organization\",\"@id\":\"https:\/\/ethnica.style\/sv\/#organization\",\"name\":\"Ethnica Style\",\"url\":\"https:\/\/ethnica.style\/sv\/\",\"logo\":{\"@type\":\"ImageObject\",\"inLanguage\":\"sv-SE\",\"@id\":\"https:\/\/ethnica.style\/sv\/#\/schema\/logo\/image\/\",\"url\":\"https:\/\/ethnica.style\/wp-content\/uploads\/2024\/10\/group-5-1.svg\",\"contentUrl\":\"https:\/\/ethnica.style\/wp-content\/uploads\/2024\/10\/group-5-1.svg\",\"width\":1,\"height\":1,\"caption\":\"Ethnica Style\"},\"image\":{\"@id\":\"https:\/\/ethnica.style\/sv\/#\/schema\/logo\/image\/\"}}]}<\/script>\n<!-- \/ Yoast SEO plugin. -->","yoast_head_json":{"title":"Skir stickad topp i mesh - Skir stickad meshtopp","description":"H\u00e5ll dig sval och snygg med v\u00e5r Sheer Knit Mesh Top, tillverkad i en mjuk bomullsblandning med ett luftigt spetsm\u00f6nster. Perfekt f\u00f6r enkel sommar-lager-p\u00e5-lager-anv\u00e4ndning.","robots":{"index":"index","follow":"follow","max-snippet":"max-snippet:-1","max-image-preview":"max-image-preview:large","max-video-preview":"max-video-preview:-1"},"canonical":"https:\/\/ethnica.style\/sv\/product\/skir-stickad-topp-i-mesh\/","og_locale":"sv_SE","og_type":"article","og_title":"Skir stickad topp i mesh - Skir stickad meshtopp","og_description":"H\u00e5ll dig sval och snygg med v\u00e5r Sheer Knit Mesh Top, tillverkad i en mjuk bomullsblandning med ett luftigt spetsm\u00f6nster. Perfekt f\u00f6r enkel sommar-lager-p\u00e5-lager-anv\u00e4ndning.","og_url":"https:\/\/ethnica.style\/sv\/product\/skir-stickad-topp-i-mesh\/","og_site_name":"Ethnica Style","article_modified_time":"2025-09-03T09:56:12+00:00","og_image":[{"width":1600,"height":2402,"url":"https:\/\/ethnica.style\/wp-content\/uploads\/2025\/08\/sheer-knit-mest-top-capp-161-scaled-1.jpg","type":"image\/jpeg"}],"twitter_card":"summary_large_image","twitter_misc":{"Ber\u00e4knad l\u00e4stid":"1 minut"},"schema":{"@context":"https:\/\/schema.org","@graph":[{"@type":"WebPage","@id":"https:\/\/ethnica.style\/sv\/product\/skir-stickad-topp-i-mesh\/","url":"https:\/\/ethnica.style\/sv\/product\/skir-stickad-topp-i-mesh\/","name":"Skir stickad topp i mesh - Skir stickad meshtopp","isPartOf":{"@id":"https:\/\/ethnica.style\/sv\/#website"},"primaryImageOfPage":{"@id":"https:\/\/ethnica.style\/sv\/product\/skir-stickad-topp-i-mesh\/#primaryimage"},"image":{"@id":"https:\/\/ethnica.style\/sv\/product\/skir-stickad-topp-i-mesh\/#primaryimage"},"thumbnailUrl":"https:\/\/ethnica.style\/wp-content\/uploads\/2025\/08\/sheer-knit-mest-top-capp-161-scaled-1.jpg","datePublished":"2025-08-06T08:55:46+00:00","dateModified":"2025-09-03T09:56:12+00:00","description":"H\u00e5ll dig sval och snygg med v\u00e5r Sheer Knit Mesh Top, tillverkad i en mjuk bomullsblandning med ett luftigt spetsm\u00f6nster. Perfekt f\u00f6r enkel sommar-lager-p\u00e5-lager-anv\u00e4ndning.","breadcrumb":{"@id":"https:\/\/ethnica.style\/sv\/product\/skir-stickad-topp-i-mesh\/#breadcrumb"},"inLanguage":"sv-SE","potentialAction":[{"@type":"ReadAction","target":["https:\/\/ethnica.style\/sv\/product\/skir-stickad-topp-i-mesh\/"]}]},{"@type":"ImageObject","inLanguage":"sv-SE","@id":"https:\/\/ethnica.style\/sv\/product\/skir-stickad-topp-i-mesh\/#primaryimage","url":"https:\/\/ethnica.style\/wp-content\/uploads\/2025\/08\/sheer-knit-mest-top-capp-161-scaled-1.jpg","contentUrl":"https:\/\/ethnica.style\/wp-content\/uploads\/2025\/08\/sheer-knit-mest-top-capp-161-scaled-1.jpg","width":1600,"height":2402,"caption":"sheer-knit-mest-top-capp-161"},{"@type":"BreadcrumbList","@id":"https:\/\/ethnica.style\/sv\/product\/skir-stickad-topp-i-mesh\/#breadcrumb","itemListElement":[{"@type":"ListItem","position":1,"name":"Home","item":"https:\/\/ethnica.style\/sv\/"},{"@type":"ListItem","position":2,"name":"Butik","item":"https:\/\/ethnica.style\/sv\/butik\/"},{"@type":"ListItem","position":3,"name":"Skir stickad topp i mesh"}]},{"@type":"WebSite","@id":"https:\/\/ethnica.style\/sv\/#website","url":"https:\/\/ethnica.style\/sv\/","name":"Ethnica Style","description":"","publisher":{"@id":"https:\/\/ethnica.style\/sv\/#organization"},"potentialAction":[{"@type":"SearchAction","target":{"@type":"EntryPoint","urlTemplate":"https:\/\/ethnica.style\/sv\/?s={search_term_string}"},"query-input":{"@type":"PropertyValueSpecification","valueRequired":true,"valueName":"search_term_string"}}],"inLanguage":"sv-SE"},{"@type":"Organization","@id":"https:\/\/ethnica.style\/sv\/#organization","name":"Ethnica Style","url":"https:\/\/ethnica.style\/sv\/","logo":{"@type":"ImageObject","inLanguage":"sv-SE","@id":"https:\/\/ethnica.style\/sv\/#\/schema\/logo\/image\/","url":"https:\/\/ethnica.style\/wp-content\/uploads\/2024\/10\/group-5-1.svg","contentUrl":"https:\/\/ethnica.style\/wp-content\/uploads\/2024\/10\/group-5-1.svg","width":1,"height":1,"caption":"Ethnica Style"},"image":{"@id":"https:\/\/ethnica.style\/sv\/#\/schema\/logo\/image\/"}}]}},"_links":{"self":[{"href":"https:\/\/ethnica.style\/sv\/wp-json\/wp\/v2\/product\/2654","targetHints":{"allow":["GET"]}}],"collection":[{"href":"https:\/\/ethnica.style\/sv\/wp-json\/wp\/v2\/product"}],"about":[{"href":"https:\/\/ethnica.style\/sv\/wp-json\/wp\/v2\/types\/product"}],"replies":[{"embeddable":true,"href":"https:\/\/ethnica.style\/sv\/wp-json\/wp\/v2\/comments?post=2654"}],"wp:featuredmedia":[{"embeddable":true,"href":"https:\/\/ethnica.style\/sv\/wp-json\/wp\/v2\/media\/2655"}],"wp:attachment":[{"href":"https:\/\/ethnica.style\/sv\/wp-json\/wp\/v2\/media?parent=2654"}],"wp:term":[{"taxonomy":"product_brand","embeddable":true,"href":"https:\/\/ethnica.style\/sv\/wp-json\/wp\/v2\/product_brand?post=2654"},{"taxonomy":"product_cat","embeddable":true,"href":"https:\/\/ethnica.style\/sv\/wp-json\/wp\/v2\/product_cat?post=2654"},{"taxonomy":"product_tag","embeddable":true,"href":"https:\/\/ethnica.style\/sv\/wp-json\/wp\/v2\/product_tag?post=2654"}],"curies":[{"name":"wp","href":"https:\/\/api.w.org\/{rel}","templated":true}]}}