{"id":2662,"date":"2025-08-06T08:55:16","date_gmt":"2025-08-06T08:55:16","guid":{"rendered":"https:\/\/ethnica.style\/product\/rozlitayka-kavaj\/"},"modified":"2025-09-03T10:00:52","modified_gmt":"2025-09-03T10:00:52","slug":"rozlitayka-kavaj","status":"publish","type":"product","link":"https:\/\/ethnica.style\/sv\/product\/rozlitayka-kavaj\/","title":{"rendered":"Rozlitayka Kavaj"},"content":{"rendered":"<p data-start=\"198\" data-end=\"812\">Denna 100 % italienska linne <a href=\"https:\/\/ethnica.style\/sv\/\">Rozlitayka Blazer<\/a> f\u00e4ngslar med intrikata m\u00f6nster och felfri skr\u00e4dderi. En sidoslits till\u00e5ter enkel r\u00f6relse och ger ett graci\u00f6st fl\u00f6de till silhuetten. Dekorativa spetss\u00f6mmar l\u00e4ngs frontpanelerna ger en hantverksm\u00e4ssig touch av sofistikering. Det avslappnade Rozlitayka Blazer-snittet blandar komfort med feminin elegans, vilket g\u00f6r den otroligt m\u00e5ngsidig. B\u00e4r den \u00f6ver en kostym, kombinera den med avslappnade byxor eller l\u00e4gg den ovanp\u00e5 en kl\u00e4nning f\u00f6r kv\u00e4llsevenemang. Det naturliga linnet garanterar komfort och andningsf\u00f6rm\u00e5ga under hela \u00e5ret. Denna genomt\u00e4nkta design \u00f6ppnar upp f\u00f6r o\u00e4ndliga stilfulla <a href=\"https:\/\/en.wikipedia.org\/wiki\/Sweden\">kombinationer<\/a> f\u00f6r alla tillf\u00e4llen.      <\/p>\n<p data-start=\"814\" data-end=\"866\">Notera: Modellerna \u00e4r 164\/165 cm l\u00e5nga och b\u00e4r storlek S.<\/p>\n","protected":false},"excerpt":{"rendered":"<p>Denna 100 % italienska linne Rozlitayka Blazer f\u00e4ngslar med intrikata m\u00f6nster och felfri skr\u00e4dderi. En sidoslits till\u00e5ter enkel r\u00f6relse och ger ett graci\u00f6st fl\u00f6de till silhuetten. Dekorativa spetss\u00f6mmar l\u00e4ngs frontpanelerna ger en hantverksm\u00e4ssig touch av sofistikering. Det avslappnade Rozlitayka Blazer-snittet blandar komfort med feminin elegans, vilket g\u00f6r den otroligt m\u00e5ngsidig. B\u00e4r den \u00f6ver en kostym, [&#8230;]\n","protected":false},"featured_media":2663,"comment_status":"open","ping_status":"closed","template":"","meta":{"_acf_changed":false},"product_brand":[],"product_cat":[120,90],"product_tag":[],"class_list":{"0":"post-2662","1":"product","2":"type-product","3":"status-publish","4":"has-post-thumbnail","6":"product_cat-jackor","7":"product_cat-kvinnor","9":"first","10":"instock","11":"taxable","12":"shipping-taxable","13":"purchasable","14":"product-type-variable"},"acf":[],"yoast_head":"<!-- This site is optimized with the Yoast SEO plugin v26.6 - https:\/\/yoast.com\/wordpress\/plugins\/seo\/ -->\n<title>Rozlitayka Kavaj - Ethnica Style rozlitayka kavaj<\/title>\n<meta name=\"description\" content=\"Rozlitayka Blazer i 100 % italienskt linne erbjuder komfort, elegans och stil. Felfritt skr\u00e4dderi och hantverksm\u00e4ssiga detaljer g\u00f6r den till en tidl\u00f6s basvara.\" \/>\n<meta name=\"robots\" content=\"index, follow, max-snippet:-1, max-image-preview:large, max-video-preview:-1\" \/>\n<link rel=\"canonical\" href=\"https:\/\/ethnica.style\/sv\/product\/rozlitayka-kavaj\/\" \/>\n<meta property=\"og:locale\" content=\"sv_SE\" \/>\n<meta property=\"og:type\" content=\"article\" \/>\n<meta property=\"og:title\" content=\"Rozlitayka Kavaj - Ethnica Style rozlitayka kavaj\" \/>\n<meta property=\"og:description\" content=\"Rozlitayka Blazer i 100 % italienskt linne erbjuder komfort, elegans och stil. Felfritt skr\u00e4dderi och hantverksm\u00e4ssiga detaljer g\u00f6r den till en tidl\u00f6s basvara.\" \/>\n<meta property=\"og:url\" content=\"https:\/\/ethnica.style\/sv\/product\/rozlitayka-kavaj\/\" \/>\n<meta property=\"og:site_name\" content=\"Ethnica Style\" \/>\n<meta property=\"article:modified_time\" content=\"2025-09-03T10:00:52+00:00\" \/>\n<meta property=\"og:image\" content=\"https:\/\/ethnica.style\/wp-content\/uploads\/2025\/08\/Rozlitayka-black-220-scaled-1.jpg\" \/>\n\t<meta property=\"og:image:width\" content=\"1600\" \/>\n\t<meta property=\"og:image:height\" content=\"2402\" \/>\n\t<meta property=\"og:image:type\" content=\"image\/jpeg\" \/>\n<meta name=\"twitter:card\" content=\"summary_large_image\" \/>\n<meta name=\"twitter:label1\" content=\"Ber\u00e4knad l\u00e4stid\" \/>\n\t<meta name=\"twitter:data1\" content=\"1 minut\" \/>\n<script type=\"application\/ld+json\" class=\"yoast-schema-graph\">{\"@context\":\"https:\/\/schema.org\",\"@graph\":[{\"@type\":\"WebPage\",\"@id\":\"https:\/\/ethnica.style\/sv\/product\/rozlitayka-kavaj\/\",\"url\":\"https:\/\/ethnica.style\/sv\/product\/rozlitayka-kavaj\/\",\"name\":\"Rozlitayka Kavaj - Ethnica Style rozlitayka kavaj\",\"isPartOf\":{\"@id\":\"https:\/\/ethnica.style\/sv\/#website\"},\"primaryImageOfPage\":{\"@id\":\"https:\/\/ethnica.style\/sv\/product\/rozlitayka-kavaj\/#primaryimage\"},\"image\":{\"@id\":\"https:\/\/ethnica.style\/sv\/product\/rozlitayka-kavaj\/#primaryimage\"},\"thumbnailUrl\":\"https:\/\/ethnica.style\/wp-content\/uploads\/2025\/08\/Rozlitayka-black-220-scaled-1.jpg\",\"datePublished\":\"2025-08-06T08:55:16+00:00\",\"dateModified\":\"2025-09-03T10:00:52+00:00\",\"description\":\"Rozlitayka Blazer i 100 % italienskt linne erbjuder komfort, elegans och stil. Felfritt skr\u00e4dderi och hantverksm\u00e4ssiga detaljer g\u00f6r den till en tidl\u00f6s basvara.\",\"breadcrumb\":{\"@id\":\"https:\/\/ethnica.style\/sv\/product\/rozlitayka-kavaj\/#breadcrumb\"},\"inLanguage\":\"sv-SE\",\"potentialAction\":[{\"@type\":\"ReadAction\",\"target\":[\"https:\/\/ethnica.style\/sv\/product\/rozlitayka-kavaj\/\"]}]},{\"@type\":\"ImageObject\",\"inLanguage\":\"sv-SE\",\"@id\":\"https:\/\/ethnica.style\/sv\/product\/rozlitayka-kavaj\/#primaryimage\",\"url\":\"https:\/\/ethnica.style\/wp-content\/uploads\/2025\/08\/Rozlitayka-black-220-scaled-1.jpg\",\"contentUrl\":\"https:\/\/ethnica.style\/wp-content\/uploads\/2025\/08\/Rozlitayka-black-220-scaled-1.jpg\",\"width\":1600,\"height\":2402,\"caption\":\"Rozlitayka-black-220\"},{\"@type\":\"BreadcrumbList\",\"@id\":\"https:\/\/ethnica.style\/sv\/product\/rozlitayka-kavaj\/#breadcrumb\",\"itemListElement\":[{\"@type\":\"ListItem\",\"position\":1,\"name\":\"Home\",\"item\":\"https:\/\/ethnica.style\/sv\/\"},{\"@type\":\"ListItem\",\"position\":2,\"name\":\"Butik\",\"item\":\"https:\/\/ethnica.style\/sv\/butik\/\"},{\"@type\":\"ListItem\",\"position\":3,\"name\":\"Rozlitayka Kavaj\"}]},{\"@type\":\"WebSite\",\"@id\":\"https:\/\/ethnica.style\/sv\/#website\",\"url\":\"https:\/\/ethnica.style\/sv\/\",\"name\":\"Ethnica Style\",\"description\":\"\",\"publisher\":{\"@id\":\"https:\/\/ethnica.style\/sv\/#organization\"},\"potentialAction\":[{\"@type\":\"SearchAction\",\"target\":{\"@type\":\"EntryPoint\",\"urlTemplate\":\"https:\/\/ethnica.style\/sv\/?s={search_term_string}\"},\"query-input\":{\"@type\":\"PropertyValueSpecification\",\"valueRequired\":true,\"valueName\":\"search_term_string\"}}],\"inLanguage\":\"sv-SE\"},{\"@type\":\"Organization\",\"@id\":\"https:\/\/ethnica.style\/sv\/#organization\",\"name\":\"Ethnica Style\",\"url\":\"https:\/\/ethnica.style\/sv\/\",\"logo\":{\"@type\":\"ImageObject\",\"inLanguage\":\"sv-SE\",\"@id\":\"https:\/\/ethnica.style\/sv\/#\/schema\/logo\/image\/\",\"url\":\"https:\/\/ethnica.style\/wp-content\/uploads\/2024\/10\/group-5-1.svg\",\"contentUrl\":\"https:\/\/ethnica.style\/wp-content\/uploads\/2024\/10\/group-5-1.svg\",\"width\":1,\"height\":1,\"caption\":\"Ethnica Style\"},\"image\":{\"@id\":\"https:\/\/ethnica.style\/sv\/#\/schema\/logo\/image\/\"}}]}<\/script>\n<!-- \/ Yoast SEO plugin. -->","yoast_head_json":{"title":"Rozlitayka Kavaj - Ethnica Style rozlitayka kavaj","description":"Rozlitayka Blazer i 100 % italienskt linne erbjuder komfort, elegans och stil. Felfritt skr\u00e4dderi och hantverksm\u00e4ssiga detaljer g\u00f6r den till en tidl\u00f6s basvara.","robots":{"index":"index","follow":"follow","max-snippet":"max-snippet:-1","max-image-preview":"max-image-preview:large","max-video-preview":"max-video-preview:-1"},"canonical":"https:\/\/ethnica.style\/sv\/product\/rozlitayka-kavaj\/","og_locale":"sv_SE","og_type":"article","og_title":"Rozlitayka Kavaj - Ethnica Style rozlitayka kavaj","og_description":"Rozlitayka Blazer i 100 % italienskt linne erbjuder komfort, elegans och stil. Felfritt skr\u00e4dderi och hantverksm\u00e4ssiga detaljer g\u00f6r den till en tidl\u00f6s basvara.","og_url":"https:\/\/ethnica.style\/sv\/product\/rozlitayka-kavaj\/","og_site_name":"Ethnica Style","article_modified_time":"2025-09-03T10:00:52+00:00","og_image":[{"width":1600,"height":2402,"url":"https:\/\/ethnica.style\/wp-content\/uploads\/2025\/08\/Rozlitayka-black-220-scaled-1.jpg","type":"image\/jpeg"}],"twitter_card":"summary_large_image","twitter_misc":{"Ber\u00e4knad l\u00e4stid":"1 minut"},"schema":{"@context":"https:\/\/schema.org","@graph":[{"@type":"WebPage","@id":"https:\/\/ethnica.style\/sv\/product\/rozlitayka-kavaj\/","url":"https:\/\/ethnica.style\/sv\/product\/rozlitayka-kavaj\/","name":"Rozlitayka Kavaj - Ethnica Style rozlitayka kavaj","isPartOf":{"@id":"https:\/\/ethnica.style\/sv\/#website"},"primaryImageOfPage":{"@id":"https:\/\/ethnica.style\/sv\/product\/rozlitayka-kavaj\/#primaryimage"},"image":{"@id":"https:\/\/ethnica.style\/sv\/product\/rozlitayka-kavaj\/#primaryimage"},"thumbnailUrl":"https:\/\/ethnica.style\/wp-content\/uploads\/2025\/08\/Rozlitayka-black-220-scaled-1.jpg","datePublished":"2025-08-06T08:55:16+00:00","dateModified":"2025-09-03T10:00:52+00:00","description":"Rozlitayka Blazer i 100 % italienskt linne erbjuder komfort, elegans och stil. Felfritt skr\u00e4dderi och hantverksm\u00e4ssiga detaljer g\u00f6r den till en tidl\u00f6s basvara.","breadcrumb":{"@id":"https:\/\/ethnica.style\/sv\/product\/rozlitayka-kavaj\/#breadcrumb"},"inLanguage":"sv-SE","potentialAction":[{"@type":"ReadAction","target":["https:\/\/ethnica.style\/sv\/product\/rozlitayka-kavaj\/"]}]},{"@type":"ImageObject","inLanguage":"sv-SE","@id":"https:\/\/ethnica.style\/sv\/product\/rozlitayka-kavaj\/#primaryimage","url":"https:\/\/ethnica.style\/wp-content\/uploads\/2025\/08\/Rozlitayka-black-220-scaled-1.jpg","contentUrl":"https:\/\/ethnica.style\/wp-content\/uploads\/2025\/08\/Rozlitayka-black-220-scaled-1.jpg","width":1600,"height":2402,"caption":"Rozlitayka-black-220"},{"@type":"BreadcrumbList","@id":"https:\/\/ethnica.style\/sv\/product\/rozlitayka-kavaj\/#breadcrumb","itemListElement":[{"@type":"ListItem","position":1,"name":"Home","item":"https:\/\/ethnica.style\/sv\/"},{"@type":"ListItem","position":2,"name":"Butik","item":"https:\/\/ethnica.style\/sv\/butik\/"},{"@type":"ListItem","position":3,"name":"Rozlitayka Kavaj"}]},{"@type":"WebSite","@id":"https:\/\/ethnica.style\/sv\/#website","url":"https:\/\/ethnica.style\/sv\/","name":"Ethnica Style","description":"","publisher":{"@id":"https:\/\/ethnica.style\/sv\/#organization"},"potentialAction":[{"@type":"SearchAction","target":{"@type":"EntryPoint","urlTemplate":"https:\/\/ethnica.style\/sv\/?s={search_term_string}"},"query-input":{"@type":"PropertyValueSpecification","valueRequired":true,"valueName":"search_term_string"}}],"inLanguage":"sv-SE"},{"@type":"Organization","@id":"https:\/\/ethnica.style\/sv\/#organization","name":"Ethnica Style","url":"https:\/\/ethnica.style\/sv\/","logo":{"@type":"ImageObject","inLanguage":"sv-SE","@id":"https:\/\/ethnica.style\/sv\/#\/schema\/logo\/image\/","url":"https:\/\/ethnica.style\/wp-content\/uploads\/2024\/10\/group-5-1.svg","contentUrl":"https:\/\/ethnica.style\/wp-content\/uploads\/2024\/10\/group-5-1.svg","width":1,"height":1,"caption":"Ethnica Style"},"image":{"@id":"https:\/\/ethnica.style\/sv\/#\/schema\/logo\/image\/"}}]}},"_links":{"self":[{"href":"https:\/\/ethnica.style\/sv\/wp-json\/wp\/v2\/product\/2662","targetHints":{"allow":["GET"]}}],"collection":[{"href":"https:\/\/ethnica.style\/sv\/wp-json\/wp\/v2\/product"}],"about":[{"href":"https:\/\/ethnica.style\/sv\/wp-json\/wp\/v2\/types\/product"}],"replies":[{"embeddable":true,"href":"https:\/\/ethnica.style\/sv\/wp-json\/wp\/v2\/comments?post=2662"}],"wp:featuredmedia":[{"embeddable":true,"href":"https:\/\/ethnica.style\/sv\/wp-json\/wp\/v2\/media\/2663"}],"wp:attachment":[{"href":"https:\/\/ethnica.style\/sv\/wp-json\/wp\/v2\/media?parent=2662"}],"wp:term":[{"taxonomy":"product_brand","embeddable":true,"href":"https:\/\/ethnica.style\/sv\/wp-json\/wp\/v2\/product_brand?post=2662"},{"taxonomy":"product_cat","embeddable":true,"href":"https:\/\/ethnica.style\/sv\/wp-json\/wp\/v2\/product_cat?post=2662"},{"taxonomy":"product_tag","embeddable":true,"href":"https:\/\/ethnica.style\/sv\/wp-json\/wp\/v2\/product_tag?post=2662"}],"curies":[{"name":"wp","href":"https:\/\/api.w.org\/{rel}","templated":true}]}}