{"id":2674,"date":"2025-08-10T08:43:24","date_gmt":"2025-08-10T08:43:24","guid":{"rendered":"https:\/\/ethnica.style\/product\/tiffany-baktus-halsduk\/"},"modified":"2025-09-03T09:45:09","modified_gmt":"2025-09-03T09:45:09","slug":"tiffany-baktus-halsduk","status":"publish","type":"product","link":"https:\/\/ethnica.style\/sv\/product\/tiffany-baktus-halsduk\/","title":{"rendered":"Tiffany Baktus Halsduk"},"content":{"rendered":"<p class=\"p1\">B\u00f6rja ditt tillbeh\u00f6rsspel med v\u00e5r Tiffany Baktus Scarf, skickligt v\u00e4vd av en lyxig blandning av kid mohair, merinoull <a href=\"https:\/\/en.wikipedia.org\/wiki\/Sweden\">och<\/a> silke. Den h\u00e4r halsduken \u00e4r delikat utformad till <a href=\"https:\/\/ethnica.style\/sv\/\">perfektion<\/a> och erbjuder en himmelsk mjukhet och l\u00e4tt v\u00e4rme. <\/p>\n<p>L\u00e4ngd: 200cm Bredd: 140cm<\/p>\n<p>Designad och handgjord i Ukraina.<\/p>\n","protected":false},"excerpt":{"rendered":"<p>B\u00f6rja ditt tillbeh\u00f6rsspel med v\u00e5r Tiffany Baktus Scarf, skickligt v\u00e4vd av en lyxig blandning av kid mohair, merinoull och silke. Den h\u00e4r halsduken \u00e4r delikat utformad till perfektion och erbjuder en himmelsk mjukhet och l\u00e4tt v\u00e4rme. L\u00e4ngd: 200cm Bredd: 140cm Designad och handgjord i Ukraina.<\/p>\n","protected":false},"featured_media":2675,"comment_status":"open","ping_status":"closed","template":"","meta":{"_acf_changed":false},"product_brand":[],"product_cat":[90,101,110],"product_tag":[],"class_list":{"0":"post-2674","1":"product","2":"type-product","3":"status-publish","4":"has-post-thumbnail","6":"product_cat-kvinnor","7":"product_cat-nyanlanda","8":"product_cat-scarfs-sv","10":"first","11":"instock","12":"taxable","13":"shipping-taxable","14":"purchasable","15":"product-type-variable"},"acf":[],"yoast_head":"<!-- This site is optimized with the Yoast SEO plugin v26.6 - https:\/\/yoast.com\/wordpress\/plugins\/seo\/ -->\n<title>Tiffany Baktus Halsduk - Ethnica Style Tiffany Baktus Halsduk<\/title>\n<meta name=\"description\" content=\"Lyft din stil med Tiffany Baktus Scarf - tillverkad av kid mohair, merinoull och silke f\u00f6r o\u00f6vertr\u00e4ffad mjukhet och v\u00e4rme. Handgjord i Ukraina.\" \/>\n<meta name=\"robots\" content=\"index, follow, max-snippet:-1, max-image-preview:large, max-video-preview:-1\" \/>\n<link rel=\"canonical\" href=\"https:\/\/ethnica.style\/sv\/product\/tiffany-baktus-halsduk\/\" \/>\n<meta property=\"og:locale\" content=\"sv_SE\" \/>\n<meta property=\"og:type\" content=\"article\" \/>\n<meta property=\"og:title\" content=\"Tiffany Baktus Halsduk - Ethnica Style Tiffany Baktus Halsduk\" \/>\n<meta property=\"og:description\" content=\"Lyft din stil med Tiffany Baktus Scarf - tillverkad av kid mohair, merinoull och silke f\u00f6r o\u00f6vertr\u00e4ffad mjukhet och v\u00e4rme. Handgjord i Ukraina.\" \/>\n<meta property=\"og:url\" content=\"https:\/\/ethnica.style\/sv\/product\/tiffany-baktus-halsduk\/\" \/>\n<meta property=\"og:site_name\" content=\"Ethnica Style\" \/>\n<meta property=\"article:modified_time\" content=\"2025-09-03T09:45:09+00:00\" \/>\n<meta property=\"og:image\" content=\"https:\/\/ethnica.style\/wp-content\/uploads\/2025\/08\/188-1.jpg\" \/>\n\t<meta property=\"og:image:width\" content=\"1024\" \/>\n\t<meta property=\"og:image:height\" content=\"1537\" \/>\n\t<meta property=\"og:image:type\" content=\"image\/jpeg\" \/>\n<meta name=\"twitter:card\" content=\"summary_large_image\" \/>\n<meta name=\"twitter:label1\" content=\"Ber\u00e4knad l\u00e4stid\" \/>\n\t<meta name=\"twitter:data1\" content=\"1 minut\" \/>\n<script type=\"application\/ld+json\" class=\"yoast-schema-graph\">{\"@context\":\"https:\/\/schema.org\",\"@graph\":[{\"@type\":\"WebPage\",\"@id\":\"https:\/\/ethnica.style\/sv\/product\/tiffany-baktus-halsduk\/\",\"url\":\"https:\/\/ethnica.style\/sv\/product\/tiffany-baktus-halsduk\/\",\"name\":\"Tiffany Baktus Halsduk - Ethnica Style Tiffany Baktus Halsduk\",\"isPartOf\":{\"@id\":\"https:\/\/ethnica.style\/sv\/#website\"},\"primaryImageOfPage\":{\"@id\":\"https:\/\/ethnica.style\/sv\/product\/tiffany-baktus-halsduk\/#primaryimage\"},\"image\":{\"@id\":\"https:\/\/ethnica.style\/sv\/product\/tiffany-baktus-halsduk\/#primaryimage\"},\"thumbnailUrl\":\"https:\/\/ethnica.style\/wp-content\/uploads\/2025\/08\/188-1.jpg\",\"datePublished\":\"2025-08-10T08:43:24+00:00\",\"dateModified\":\"2025-09-03T09:45:09+00:00\",\"description\":\"Lyft din stil med Tiffany Baktus Scarf - tillverkad av kid mohair, merinoull och silke f\u00f6r o\u00f6vertr\u00e4ffad mjukhet och v\u00e4rme. Handgjord i Ukraina.\",\"breadcrumb\":{\"@id\":\"https:\/\/ethnica.style\/sv\/product\/tiffany-baktus-halsduk\/#breadcrumb\"},\"inLanguage\":\"sv-SE\",\"potentialAction\":[{\"@type\":\"ReadAction\",\"target\":[\"https:\/\/ethnica.style\/sv\/product\/tiffany-baktus-halsduk\/\"]}]},{\"@type\":\"ImageObject\",\"inLanguage\":\"sv-SE\",\"@id\":\"https:\/\/ethnica.style\/sv\/product\/tiffany-baktus-halsduk\/#primaryimage\",\"url\":\"https:\/\/ethnica.style\/wp-content\/uploads\/2025\/08\/188-1.jpg\",\"contentUrl\":\"https:\/\/ethnica.style\/wp-content\/uploads\/2025\/08\/188-1.jpg\",\"width\":1024,\"height\":1537,\"caption\":\"Tiffany Baktus Scarf\"},{\"@type\":\"BreadcrumbList\",\"@id\":\"https:\/\/ethnica.style\/sv\/product\/tiffany-baktus-halsduk\/#breadcrumb\",\"itemListElement\":[{\"@type\":\"ListItem\",\"position\":1,\"name\":\"Home\",\"item\":\"https:\/\/ethnica.style\/sv\/\"},{\"@type\":\"ListItem\",\"position\":2,\"name\":\"Butik\",\"item\":\"https:\/\/ethnica.style\/sv\/butik\/\"},{\"@type\":\"ListItem\",\"position\":3,\"name\":\"Tiffany Baktus Halsduk\"}]},{\"@type\":\"WebSite\",\"@id\":\"https:\/\/ethnica.style\/sv\/#website\",\"url\":\"https:\/\/ethnica.style\/sv\/\",\"name\":\"Ethnica Style\",\"description\":\"\",\"publisher\":{\"@id\":\"https:\/\/ethnica.style\/sv\/#organization\"},\"potentialAction\":[{\"@type\":\"SearchAction\",\"target\":{\"@type\":\"EntryPoint\",\"urlTemplate\":\"https:\/\/ethnica.style\/sv\/?s={search_term_string}\"},\"query-input\":{\"@type\":\"PropertyValueSpecification\",\"valueRequired\":true,\"valueName\":\"search_term_string\"}}],\"inLanguage\":\"sv-SE\"},{\"@type\":\"Organization\",\"@id\":\"https:\/\/ethnica.style\/sv\/#organization\",\"name\":\"Ethnica Style\",\"url\":\"https:\/\/ethnica.style\/sv\/\",\"logo\":{\"@type\":\"ImageObject\",\"inLanguage\":\"sv-SE\",\"@id\":\"https:\/\/ethnica.style\/sv\/#\/schema\/logo\/image\/\",\"url\":\"https:\/\/ethnica.style\/wp-content\/uploads\/2024\/10\/group-5-1.svg\",\"contentUrl\":\"https:\/\/ethnica.style\/wp-content\/uploads\/2024\/10\/group-5-1.svg\",\"width\":1,\"height\":1,\"caption\":\"Ethnica Style\"},\"image\":{\"@id\":\"https:\/\/ethnica.style\/sv\/#\/schema\/logo\/image\/\"}}]}<\/script>\n<!-- \/ Yoast SEO plugin. -->","yoast_head_json":{"title":"Tiffany Baktus Halsduk - Ethnica Style Tiffany Baktus Halsduk","description":"Lyft din stil med Tiffany Baktus Scarf - tillverkad av kid mohair, merinoull och silke f\u00f6r o\u00f6vertr\u00e4ffad mjukhet och v\u00e4rme. Handgjord i Ukraina.","robots":{"index":"index","follow":"follow","max-snippet":"max-snippet:-1","max-image-preview":"max-image-preview:large","max-video-preview":"max-video-preview:-1"},"canonical":"https:\/\/ethnica.style\/sv\/product\/tiffany-baktus-halsduk\/","og_locale":"sv_SE","og_type":"article","og_title":"Tiffany Baktus Halsduk - Ethnica Style Tiffany Baktus Halsduk","og_description":"Lyft din stil med Tiffany Baktus Scarf - tillverkad av kid mohair, merinoull och silke f\u00f6r o\u00f6vertr\u00e4ffad mjukhet och v\u00e4rme. Handgjord i Ukraina.","og_url":"https:\/\/ethnica.style\/sv\/product\/tiffany-baktus-halsduk\/","og_site_name":"Ethnica Style","article_modified_time":"2025-09-03T09:45:09+00:00","og_image":[{"width":1024,"height":1537,"url":"https:\/\/ethnica.style\/wp-content\/uploads\/2025\/08\/188-1.jpg","type":"image\/jpeg"}],"twitter_card":"summary_large_image","twitter_misc":{"Ber\u00e4knad l\u00e4stid":"1 minut"},"schema":{"@context":"https:\/\/schema.org","@graph":[{"@type":"WebPage","@id":"https:\/\/ethnica.style\/sv\/product\/tiffany-baktus-halsduk\/","url":"https:\/\/ethnica.style\/sv\/product\/tiffany-baktus-halsduk\/","name":"Tiffany Baktus Halsduk - Ethnica Style Tiffany Baktus Halsduk","isPartOf":{"@id":"https:\/\/ethnica.style\/sv\/#website"},"primaryImageOfPage":{"@id":"https:\/\/ethnica.style\/sv\/product\/tiffany-baktus-halsduk\/#primaryimage"},"image":{"@id":"https:\/\/ethnica.style\/sv\/product\/tiffany-baktus-halsduk\/#primaryimage"},"thumbnailUrl":"https:\/\/ethnica.style\/wp-content\/uploads\/2025\/08\/188-1.jpg","datePublished":"2025-08-10T08:43:24+00:00","dateModified":"2025-09-03T09:45:09+00:00","description":"Lyft din stil med Tiffany Baktus Scarf - tillverkad av kid mohair, merinoull och silke f\u00f6r o\u00f6vertr\u00e4ffad mjukhet och v\u00e4rme. Handgjord i Ukraina.","breadcrumb":{"@id":"https:\/\/ethnica.style\/sv\/product\/tiffany-baktus-halsduk\/#breadcrumb"},"inLanguage":"sv-SE","potentialAction":[{"@type":"ReadAction","target":["https:\/\/ethnica.style\/sv\/product\/tiffany-baktus-halsduk\/"]}]},{"@type":"ImageObject","inLanguage":"sv-SE","@id":"https:\/\/ethnica.style\/sv\/product\/tiffany-baktus-halsduk\/#primaryimage","url":"https:\/\/ethnica.style\/wp-content\/uploads\/2025\/08\/188-1.jpg","contentUrl":"https:\/\/ethnica.style\/wp-content\/uploads\/2025\/08\/188-1.jpg","width":1024,"height":1537,"caption":"Tiffany Baktus Scarf"},{"@type":"BreadcrumbList","@id":"https:\/\/ethnica.style\/sv\/product\/tiffany-baktus-halsduk\/#breadcrumb","itemListElement":[{"@type":"ListItem","position":1,"name":"Home","item":"https:\/\/ethnica.style\/sv\/"},{"@type":"ListItem","position":2,"name":"Butik","item":"https:\/\/ethnica.style\/sv\/butik\/"},{"@type":"ListItem","position":3,"name":"Tiffany Baktus Halsduk"}]},{"@type":"WebSite","@id":"https:\/\/ethnica.style\/sv\/#website","url":"https:\/\/ethnica.style\/sv\/","name":"Ethnica Style","description":"","publisher":{"@id":"https:\/\/ethnica.style\/sv\/#organization"},"potentialAction":[{"@type":"SearchAction","target":{"@type":"EntryPoint","urlTemplate":"https:\/\/ethnica.style\/sv\/?s={search_term_string}"},"query-input":{"@type":"PropertyValueSpecification","valueRequired":true,"valueName":"search_term_string"}}],"inLanguage":"sv-SE"},{"@type":"Organization","@id":"https:\/\/ethnica.style\/sv\/#organization","name":"Ethnica Style","url":"https:\/\/ethnica.style\/sv\/","logo":{"@type":"ImageObject","inLanguage":"sv-SE","@id":"https:\/\/ethnica.style\/sv\/#\/schema\/logo\/image\/","url":"https:\/\/ethnica.style\/wp-content\/uploads\/2024\/10\/group-5-1.svg","contentUrl":"https:\/\/ethnica.style\/wp-content\/uploads\/2024\/10\/group-5-1.svg","width":1,"height":1,"caption":"Ethnica Style"},"image":{"@id":"https:\/\/ethnica.style\/sv\/#\/schema\/logo\/image\/"}}]}},"_links":{"self":[{"href":"https:\/\/ethnica.style\/sv\/wp-json\/wp\/v2\/product\/2674","targetHints":{"allow":["GET"]}}],"collection":[{"href":"https:\/\/ethnica.style\/sv\/wp-json\/wp\/v2\/product"}],"about":[{"href":"https:\/\/ethnica.style\/sv\/wp-json\/wp\/v2\/types\/product"}],"replies":[{"embeddable":true,"href":"https:\/\/ethnica.style\/sv\/wp-json\/wp\/v2\/comments?post=2674"}],"wp:featuredmedia":[{"embeddable":true,"href":"https:\/\/ethnica.style\/sv\/wp-json\/wp\/v2\/media\/2675"}],"wp:attachment":[{"href":"https:\/\/ethnica.style\/sv\/wp-json\/wp\/v2\/media?parent=2674"}],"wp:term":[{"taxonomy":"product_brand","embeddable":true,"href":"https:\/\/ethnica.style\/sv\/wp-json\/wp\/v2\/product_brand?post=2674"},{"taxonomy":"product_cat","embeddable":true,"href":"https:\/\/ethnica.style\/sv\/wp-json\/wp\/v2\/product_cat?post=2674"},{"taxonomy":"product_tag","embeddable":true,"href":"https:\/\/ethnica.style\/sv\/wp-json\/wp\/v2\/product_tag?post=2674"}],"curies":[{"name":"wp","href":"https:\/\/api.w.org\/{rel}","templated":true}]}}