{"id":2679,"date":"2025-08-10T08:43:25","date_gmt":"2025-08-10T08:43:25","guid":{"rendered":"https:\/\/ethnica.style\/product\/halsduk-av-malakit\/"},"modified":"2025-09-03T09:37:50","modified_gmt":"2025-09-03T09:37:50","slug":"halsduk-av-malakit","status":"publish","type":"product","link":"https:\/\/ethnica.style\/sv\/product\/halsduk-av-malakit\/","title":{"rendered":"Halsduk av malakit"},"content":{"rendered":"<p data-start=\"259\" data-end=\"467\">Upplev vardagslyx med <strong data-start=\"295\" data-end=\"314\">Malachite Scarf<\/strong>, stickad av premium merinoull f\u00f6r \u00f6verl\u00e4gsen mjukhet och andningsf\u00f6rm\u00e5ga. Dess fina fibrer <a href=\"https:\/\/ethnica.style\/sv\/\">s\u00e4kerst\u00e4ller<\/a> exceptionell komfort samtidigt som de \u00e4r skonsamma mot din hud. <\/p>\n<p data-start=\"469\" data-end=\"757\">Denna tidl\u00f6sa halsduk har en ren, minimalistisk design och en m\u00e5ngsidig l\u00e4ngd, vilket g\u00f6r den till en favoritaccessoar f\u00f6r b\u00e5de avslappnade och formella outfits. Oavsett om du ska ge dig ut <a href=\"https:\/\/en.wikipedia.org\/wiki\/Sweden\">en<\/a> kylig morgon eller kl\u00e4 upp dig f\u00f6r en kv\u00e4ll ute, ger <strong data-start=\"699\" data-end=\"718\">malakithalsduken<\/strong> en enkel elegans till din look. <\/p>\n<p data-start=\"759\" data-end=\"968\">Med en l\u00e4ngd p\u00e5 212 cm och en bredd p\u00e5 38 cm ger den den perfekta m\u00e4ngden t\u00e4ckning utan att k\u00e4nnas skrymmande. Hantverkare i Ukraina designar och tillverkar varje halsduk f\u00f6r hand och levererar kvalitet som du kan k\u00e4nna i varje detalj. <\/p>\n","protected":false},"excerpt":{"rendered":"<p>Upplev vardagslyx med Malachite Scarf, stickad av premium merinoull f\u00f6r \u00f6verl\u00e4gsen mjukhet och andningsf\u00f6rm\u00e5ga. Dess fina fibrer s\u00e4kerst\u00e4ller exceptionell komfort samtidigt som de \u00e4r skonsamma mot din hud. Denna tidl\u00f6sa halsduk har en ren, minimalistisk design och en m\u00e5ngsidig l\u00e4ngd, vilket g\u00f6r den till en favoritaccessoar f\u00f6r b\u00e5de avslappnade och formella outfits. Oavsett om du [&#8230;]\n","protected":false},"featured_media":2680,"comment_status":"open","ping_status":"closed","template":"","meta":{"_acf_changed":false},"product_brand":[],"product_cat":[90,101,110],"product_tag":[],"class_list":{"0":"post-2679","1":"product","2":"type-product","3":"status-publish","4":"has-post-thumbnail","6":"product_cat-kvinnor","7":"product_cat-nyanlanda","8":"product_cat-scarfs-sv","10":"first","11":"instock","12":"taxable","13":"shipping-taxable","14":"purchasable","15":"product-type-variable"},"acf":[],"yoast_head":"<!-- This site is optimized with the Yoast SEO plugin v26.6 - https:\/\/yoast.com\/wordpress\/plugins\/seo\/ -->\n<title>Halsduk av malakit<\/title>\n<meta name=\"description\" content=\"H\u00e5ll dig snygg och varm med malakithalsduken, tillverkad av mjuk merinoull. En tidl\u00f6s, handgjord accessoar som tillf\u00f6r elegans till vilken outfit som helst.\" \/>\n<meta name=\"robots\" content=\"index, follow, max-snippet:-1, max-image-preview:large, max-video-preview:-1\" \/>\n<link rel=\"canonical\" href=\"https:\/\/ethnica.style\/sv\/product\/halsduk-av-malakit\/\" \/>\n<meta property=\"og:locale\" content=\"sv_SE\" \/>\n<meta property=\"og:type\" content=\"article\" \/>\n<meta property=\"og:title\" content=\"Halsduk av malakit\" \/>\n<meta property=\"og:description\" content=\"H\u00e5ll dig snygg och varm med malakithalsduken, tillverkad av mjuk merinoull. En tidl\u00f6s, handgjord accessoar som tillf\u00f6r elegans till vilken outfit som helst.\" \/>\n<meta property=\"og:url\" content=\"https:\/\/ethnica.style\/sv\/product\/halsduk-av-malakit\/\" \/>\n<meta property=\"og:site_name\" content=\"Ethnica Style\" \/>\n<meta property=\"article:modified_time\" content=\"2025-09-03T09:37:50+00:00\" \/>\n<meta property=\"og:image\" content=\"https:\/\/ethnica.style\/wp-content\/uploads\/2025\/08\/174.jpg\" \/>\n\t<meta property=\"og:image:width\" content=\"1024\" \/>\n\t<meta property=\"og:image:height\" content=\"1537\" \/>\n\t<meta property=\"og:image:type\" content=\"image\/jpeg\" \/>\n<meta name=\"twitter:card\" content=\"summary_large_image\" \/>\n<meta name=\"twitter:label1\" content=\"Ber\u00e4knad l\u00e4stid\" \/>\n\t<meta name=\"twitter:data1\" content=\"1 minut\" \/>\n<script type=\"application\/ld+json\" class=\"yoast-schema-graph\">{\"@context\":\"https:\/\/schema.org\",\"@graph\":[{\"@type\":\"WebPage\",\"@id\":\"https:\/\/ethnica.style\/sv\/product\/halsduk-av-malakit\/\",\"url\":\"https:\/\/ethnica.style\/sv\/product\/halsduk-av-malakit\/\",\"name\":\"Halsduk av malakit\",\"isPartOf\":{\"@id\":\"https:\/\/ethnica.style\/sv\/#website\"},\"primaryImageOfPage\":{\"@id\":\"https:\/\/ethnica.style\/sv\/product\/halsduk-av-malakit\/#primaryimage\"},\"image\":{\"@id\":\"https:\/\/ethnica.style\/sv\/product\/halsduk-av-malakit\/#primaryimage\"},\"thumbnailUrl\":\"https:\/\/ethnica.style\/wp-content\/uploads\/2025\/08\/174.jpg\",\"datePublished\":\"2025-08-10T08:43:25+00:00\",\"dateModified\":\"2025-09-03T09:37:50+00:00\",\"description\":\"H\u00e5ll dig snygg och varm med malakithalsduken, tillverkad av mjuk merinoull. En tidl\u00f6s, handgjord accessoar som tillf\u00f6r elegans till vilken outfit som helst.\",\"breadcrumb\":{\"@id\":\"https:\/\/ethnica.style\/sv\/product\/halsduk-av-malakit\/#breadcrumb\"},\"inLanguage\":\"sv-SE\",\"potentialAction\":[{\"@type\":\"ReadAction\",\"target\":[\"https:\/\/ethnica.style\/sv\/product\/halsduk-av-malakit\/\"]}]},{\"@type\":\"ImageObject\",\"inLanguage\":\"sv-SE\",\"@id\":\"https:\/\/ethnica.style\/sv\/product\/halsduk-av-malakit\/#primaryimage\",\"url\":\"https:\/\/ethnica.style\/wp-content\/uploads\/2025\/08\/174.jpg\",\"contentUrl\":\"https:\/\/ethnica.style\/wp-content\/uploads\/2025\/08\/174.jpg\",\"width\":1024,\"height\":1537,\"caption\":\"Malachite Scarf\"},{\"@type\":\"BreadcrumbList\",\"@id\":\"https:\/\/ethnica.style\/sv\/product\/halsduk-av-malakit\/#breadcrumb\",\"itemListElement\":[{\"@type\":\"ListItem\",\"position\":1,\"name\":\"Home\",\"item\":\"https:\/\/ethnica.style\/sv\/\"},{\"@type\":\"ListItem\",\"position\":2,\"name\":\"Butik\",\"item\":\"https:\/\/ethnica.style\/sv\/butik\/\"},{\"@type\":\"ListItem\",\"position\":3,\"name\":\"Halsduk av malakit\"}]},{\"@type\":\"WebSite\",\"@id\":\"https:\/\/ethnica.style\/sv\/#website\",\"url\":\"https:\/\/ethnica.style\/sv\/\",\"name\":\"Ethnica Style\",\"description\":\"\",\"publisher\":{\"@id\":\"https:\/\/ethnica.style\/sv\/#organization\"},\"potentialAction\":[{\"@type\":\"SearchAction\",\"target\":{\"@type\":\"EntryPoint\",\"urlTemplate\":\"https:\/\/ethnica.style\/sv\/?s={search_term_string}\"},\"query-input\":{\"@type\":\"PropertyValueSpecification\",\"valueRequired\":true,\"valueName\":\"search_term_string\"}}],\"inLanguage\":\"sv-SE\"},{\"@type\":\"Organization\",\"@id\":\"https:\/\/ethnica.style\/sv\/#organization\",\"name\":\"Ethnica Style\",\"url\":\"https:\/\/ethnica.style\/sv\/\",\"logo\":{\"@type\":\"ImageObject\",\"inLanguage\":\"sv-SE\",\"@id\":\"https:\/\/ethnica.style\/sv\/#\/schema\/logo\/image\/\",\"url\":\"https:\/\/ethnica.style\/wp-content\/uploads\/2024\/10\/group-5-1.svg\",\"contentUrl\":\"https:\/\/ethnica.style\/wp-content\/uploads\/2024\/10\/group-5-1.svg\",\"width\":1,\"height\":1,\"caption\":\"Ethnica Style\"},\"image\":{\"@id\":\"https:\/\/ethnica.style\/sv\/#\/schema\/logo\/image\/\"}}]}<\/script>\n<!-- \/ Yoast SEO plugin. -->","yoast_head_json":{"title":"Halsduk av malakit","description":"H\u00e5ll dig snygg och varm med malakithalsduken, tillverkad av mjuk merinoull. En tidl\u00f6s, handgjord accessoar som tillf\u00f6r elegans till vilken outfit som helst.","robots":{"index":"index","follow":"follow","max-snippet":"max-snippet:-1","max-image-preview":"max-image-preview:large","max-video-preview":"max-video-preview:-1"},"canonical":"https:\/\/ethnica.style\/sv\/product\/halsduk-av-malakit\/","og_locale":"sv_SE","og_type":"article","og_title":"Halsduk av malakit","og_description":"H\u00e5ll dig snygg och varm med malakithalsduken, tillverkad av mjuk merinoull. En tidl\u00f6s, handgjord accessoar som tillf\u00f6r elegans till vilken outfit som helst.","og_url":"https:\/\/ethnica.style\/sv\/product\/halsduk-av-malakit\/","og_site_name":"Ethnica Style","article_modified_time":"2025-09-03T09:37:50+00:00","og_image":[{"width":1024,"height":1537,"url":"https:\/\/ethnica.style\/wp-content\/uploads\/2025\/08\/174.jpg","type":"image\/jpeg"}],"twitter_card":"summary_large_image","twitter_misc":{"Ber\u00e4knad l\u00e4stid":"1 minut"},"schema":{"@context":"https:\/\/schema.org","@graph":[{"@type":"WebPage","@id":"https:\/\/ethnica.style\/sv\/product\/halsduk-av-malakit\/","url":"https:\/\/ethnica.style\/sv\/product\/halsduk-av-malakit\/","name":"Halsduk av malakit","isPartOf":{"@id":"https:\/\/ethnica.style\/sv\/#website"},"primaryImageOfPage":{"@id":"https:\/\/ethnica.style\/sv\/product\/halsduk-av-malakit\/#primaryimage"},"image":{"@id":"https:\/\/ethnica.style\/sv\/product\/halsduk-av-malakit\/#primaryimage"},"thumbnailUrl":"https:\/\/ethnica.style\/wp-content\/uploads\/2025\/08\/174.jpg","datePublished":"2025-08-10T08:43:25+00:00","dateModified":"2025-09-03T09:37:50+00:00","description":"H\u00e5ll dig snygg och varm med malakithalsduken, tillverkad av mjuk merinoull. En tidl\u00f6s, handgjord accessoar som tillf\u00f6r elegans till vilken outfit som helst.","breadcrumb":{"@id":"https:\/\/ethnica.style\/sv\/product\/halsduk-av-malakit\/#breadcrumb"},"inLanguage":"sv-SE","potentialAction":[{"@type":"ReadAction","target":["https:\/\/ethnica.style\/sv\/product\/halsduk-av-malakit\/"]}]},{"@type":"ImageObject","inLanguage":"sv-SE","@id":"https:\/\/ethnica.style\/sv\/product\/halsduk-av-malakit\/#primaryimage","url":"https:\/\/ethnica.style\/wp-content\/uploads\/2025\/08\/174.jpg","contentUrl":"https:\/\/ethnica.style\/wp-content\/uploads\/2025\/08\/174.jpg","width":1024,"height":1537,"caption":"Malachite Scarf"},{"@type":"BreadcrumbList","@id":"https:\/\/ethnica.style\/sv\/product\/halsduk-av-malakit\/#breadcrumb","itemListElement":[{"@type":"ListItem","position":1,"name":"Home","item":"https:\/\/ethnica.style\/sv\/"},{"@type":"ListItem","position":2,"name":"Butik","item":"https:\/\/ethnica.style\/sv\/butik\/"},{"@type":"ListItem","position":3,"name":"Halsduk av malakit"}]},{"@type":"WebSite","@id":"https:\/\/ethnica.style\/sv\/#website","url":"https:\/\/ethnica.style\/sv\/","name":"Ethnica Style","description":"","publisher":{"@id":"https:\/\/ethnica.style\/sv\/#organization"},"potentialAction":[{"@type":"SearchAction","target":{"@type":"EntryPoint","urlTemplate":"https:\/\/ethnica.style\/sv\/?s={search_term_string}"},"query-input":{"@type":"PropertyValueSpecification","valueRequired":true,"valueName":"search_term_string"}}],"inLanguage":"sv-SE"},{"@type":"Organization","@id":"https:\/\/ethnica.style\/sv\/#organization","name":"Ethnica Style","url":"https:\/\/ethnica.style\/sv\/","logo":{"@type":"ImageObject","inLanguage":"sv-SE","@id":"https:\/\/ethnica.style\/sv\/#\/schema\/logo\/image\/","url":"https:\/\/ethnica.style\/wp-content\/uploads\/2024\/10\/group-5-1.svg","contentUrl":"https:\/\/ethnica.style\/wp-content\/uploads\/2024\/10\/group-5-1.svg","width":1,"height":1,"caption":"Ethnica Style"},"image":{"@id":"https:\/\/ethnica.style\/sv\/#\/schema\/logo\/image\/"}}]}},"_links":{"self":[{"href":"https:\/\/ethnica.style\/sv\/wp-json\/wp\/v2\/product\/2679","targetHints":{"allow":["GET"]}}],"collection":[{"href":"https:\/\/ethnica.style\/sv\/wp-json\/wp\/v2\/product"}],"about":[{"href":"https:\/\/ethnica.style\/sv\/wp-json\/wp\/v2\/types\/product"}],"replies":[{"embeddable":true,"href":"https:\/\/ethnica.style\/sv\/wp-json\/wp\/v2\/comments?post=2679"}],"wp:featuredmedia":[{"embeddable":true,"href":"https:\/\/ethnica.style\/sv\/wp-json\/wp\/v2\/media\/2680"}],"wp:attachment":[{"href":"https:\/\/ethnica.style\/sv\/wp-json\/wp\/v2\/media?parent=2679"}],"wp:term":[{"taxonomy":"product_brand","embeddable":true,"href":"https:\/\/ethnica.style\/sv\/wp-json\/wp\/v2\/product_brand?post=2679"},{"taxonomy":"product_cat","embeddable":true,"href":"https:\/\/ethnica.style\/sv\/wp-json\/wp\/v2\/product_cat?post=2679"},{"taxonomy":"product_tag","embeddable":true,"href":"https:\/\/ethnica.style\/sv\/wp-json\/wp\/v2\/product_tag?post=2679"}],"curies":[{"name":"wp","href":"https:\/\/api.w.org\/{rel}","templated":true}]}}