{"id":2685,"date":"2025-08-10T08:43:25","date_gmt":"2025-08-10T08:43:25","guid":{"rendered":"https:\/\/ethnica.style\/product\/cherry-blossom-troja\/"},"modified":"2025-09-03T09:34:36","modified_gmt":"2025-09-03T09:34:36","slug":"cherry-blossom-troja","status":"publish","type":"product","link":"https:\/\/ethnica.style\/sv\/product\/cherry-blossom-troja\/","title":{"rendered":"Cherry Blossom Tr\u00f6ja"},"content":{"rendered":"<p data-start=\"373\" data-end=\"599\">Kliv in i f\u00f6rtrollningen med <strong data-start=\"404\" data-end=\"430\">Cherry Blossom Sweater<\/strong>, tillverkad av en lyxig blandning av kid mohair, silke och merinoull. Detta \u00f6verdimensionerade smycke omfamnar f\u00f6rsiktigt din hud och erbjuder o\u00f6vertr\u00e4ffad mjukhet, v\u00e4rme och elegans. <\/p>\n<p data-start=\"601\" data-end=\"827\">Med sin dr\u00f6mmande textur och avslappnade siluett ger <strong data-start=\"653\" data-end=\"679\">Cherry Blossom Sweater<\/strong> enkel charm till vilken outfit som helst. Oavsett om du kl\u00e4r <a href=\"https:\/\/en.wikipedia.org\/wiki\/Sweden\">upp dig<\/a> eller slappnar av bekv\u00e4mt, ser det till att du h\u00e5ller dig snygg och bekv\u00e4m i alla milj\u00f6er. <\/p>\n<p data-start=\"829\" data-end=\"1060\">Observera m\u00e5tten p\u00e5 denna \u00f6verdimensionerade design: 65 cm i l\u00e4ngd och 65 cm i bredd. Modellen \u00e4r 167 cm l\u00e5ng och b\u00e4r one size. Om du beh\u00f6ver <a href=\"https:\/\/ethnica.style\/sv\/\">hj\u00e4lp<\/a> med dimensionering \u00e4r du v\u00e4lkommen att kontakta v\u00e5ra chefer \u2013 vi hj\u00e4lper dig g\u00e4rna.  <\/p>\n<p data-start=\"1062\" data-end=\"1164\">Den h\u00e4r tr\u00f6jan \u00e4r designad och handgjord i Ukraina och \u00e5terspeglar b\u00e5de komfort och hantverk n\u00e4r den \u00e4r som b\u00e4st.<\/p>\n","protected":false},"excerpt":{"rendered":"<p>Kliv in i f\u00f6rtrollningen med Cherry Blossom Sweater, tillverkad av en lyxig blandning av kid mohair, silke och merinoull. Detta \u00f6verdimensionerade smycke omfamnar f\u00f6rsiktigt din hud och erbjuder o\u00f6vertr\u00e4ffad mjukhet, v\u00e4rme och elegans. Med sin dr\u00f6mmande textur och avslappnade siluett ger Cherry Blossom Sweater enkel charm till vilken outfit som helst. Oavsett om du kl\u00e4r [&#8230;]\n","protected":false},"featured_media":2686,"comment_status":"open","ping_status":"closed","template":"","meta":{"_acf_changed":false},"product_brand":[],"product_cat":[90,101,108],"product_tag":[],"class_list":{"0":"post-2685","1":"product","2":"type-product","3":"status-publish","4":"has-post-thumbnail","6":"product_cat-kvinnor","7":"product_cat-nyanlanda","8":"product_cat-trojor","10":"first","11":"instock","12":"featured","13":"taxable","14":"shipping-taxable","15":"purchasable","16":"product-type-variable"},"acf":[],"yoast_head":"<!-- This site is optimized with the Yoast SEO plugin v26.6 - https:\/\/yoast.com\/wordpress\/plugins\/seo\/ -->\n<title>Cherry Blossom Tr\u00f6ja<\/title>\n<meta name=\"description\" content=\"Svep in dig i mjukhet med Cherry Blossom Sweater - en \u00f6verdimensionerad blandning av mohair, silke och ull. Handgjord i Ukraina f\u00f6r komfort och stil.\" \/>\n<meta name=\"robots\" content=\"index, follow, max-snippet:-1, max-image-preview:large, max-video-preview:-1\" \/>\n<link rel=\"canonical\" href=\"https:\/\/ethnica.style\/sv\/product\/cherry-blossom-troja\/\" \/>\n<meta property=\"og:locale\" content=\"sv_SE\" \/>\n<meta property=\"og:type\" content=\"article\" \/>\n<meta property=\"og:title\" content=\"Cherry Blossom Tr\u00f6ja\" \/>\n<meta property=\"og:description\" content=\"Svep in dig i mjukhet med Cherry Blossom Sweater - en \u00f6verdimensionerad blandning av mohair, silke och ull. Handgjord i Ukraina f\u00f6r komfort och stil.\" \/>\n<meta property=\"og:url\" content=\"https:\/\/ethnica.style\/sv\/product\/cherry-blossom-troja\/\" \/>\n<meta property=\"og:site_name\" content=\"Ethnica Style\" \/>\n<meta property=\"article:modified_time\" content=\"2025-09-03T09:34:36+00:00\" \/>\n<meta property=\"og:image\" content=\"https:\/\/ethnica.style\/wp-content\/uploads\/2025\/08\/159.jpg\" \/>\n\t<meta property=\"og:image:width\" content=\"1024\" \/>\n\t<meta property=\"og:image:height\" content=\"1537\" \/>\n\t<meta property=\"og:image:type\" content=\"image\/jpeg\" \/>\n<meta name=\"twitter:card\" content=\"summary_large_image\" \/>\n<meta name=\"twitter:label1\" content=\"Ber\u00e4knad l\u00e4stid\" \/>\n\t<meta name=\"twitter:data1\" content=\"1 minut\" \/>\n<script type=\"application\/ld+json\" class=\"yoast-schema-graph\">{\"@context\":\"https:\/\/schema.org\",\"@graph\":[{\"@type\":\"WebPage\",\"@id\":\"https:\/\/ethnica.style\/sv\/product\/cherry-blossom-troja\/\",\"url\":\"https:\/\/ethnica.style\/sv\/product\/cherry-blossom-troja\/\",\"name\":\"Cherry Blossom Tr\u00f6ja\",\"isPartOf\":{\"@id\":\"https:\/\/ethnica.style\/sv\/#website\"},\"primaryImageOfPage\":{\"@id\":\"https:\/\/ethnica.style\/sv\/product\/cherry-blossom-troja\/#primaryimage\"},\"image\":{\"@id\":\"https:\/\/ethnica.style\/sv\/product\/cherry-blossom-troja\/#primaryimage\"},\"thumbnailUrl\":\"https:\/\/ethnica.style\/wp-content\/uploads\/2025\/08\/159.jpg\",\"datePublished\":\"2025-08-10T08:43:25+00:00\",\"dateModified\":\"2025-09-03T09:34:36+00:00\",\"description\":\"Svep in dig i mjukhet med Cherry Blossom Sweater - en \u00f6verdimensionerad blandning av mohair, silke och ull. Handgjord i Ukraina f\u00f6r komfort och stil.\",\"breadcrumb\":{\"@id\":\"https:\/\/ethnica.style\/sv\/product\/cherry-blossom-troja\/#breadcrumb\"},\"inLanguage\":\"sv-SE\",\"potentialAction\":[{\"@type\":\"ReadAction\",\"target\":[\"https:\/\/ethnica.style\/sv\/product\/cherry-blossom-troja\/\"]}]},{\"@type\":\"ImageObject\",\"inLanguage\":\"sv-SE\",\"@id\":\"https:\/\/ethnica.style\/sv\/product\/cherry-blossom-troja\/#primaryimage\",\"url\":\"https:\/\/ethnica.style\/wp-content\/uploads\/2025\/08\/159.jpg\",\"contentUrl\":\"https:\/\/ethnica.style\/wp-content\/uploads\/2025\/08\/159.jpg\",\"width\":1024,\"height\":1537,\"caption\":\"Cherry Blossom Sweater\"},{\"@type\":\"BreadcrumbList\",\"@id\":\"https:\/\/ethnica.style\/sv\/product\/cherry-blossom-troja\/#breadcrumb\",\"itemListElement\":[{\"@type\":\"ListItem\",\"position\":1,\"name\":\"Home\",\"item\":\"https:\/\/ethnica.style\/sv\/\"},{\"@type\":\"ListItem\",\"position\":2,\"name\":\"Butik\",\"item\":\"https:\/\/ethnica.style\/sv\/butik\/\"},{\"@type\":\"ListItem\",\"position\":3,\"name\":\"Cherry Blossom Tr\u00f6ja\"}]},{\"@type\":\"WebSite\",\"@id\":\"https:\/\/ethnica.style\/sv\/#website\",\"url\":\"https:\/\/ethnica.style\/sv\/\",\"name\":\"Ethnica Style\",\"description\":\"\",\"publisher\":{\"@id\":\"https:\/\/ethnica.style\/sv\/#organization\"},\"potentialAction\":[{\"@type\":\"SearchAction\",\"target\":{\"@type\":\"EntryPoint\",\"urlTemplate\":\"https:\/\/ethnica.style\/sv\/?s={search_term_string}\"},\"query-input\":{\"@type\":\"PropertyValueSpecification\",\"valueRequired\":true,\"valueName\":\"search_term_string\"}}],\"inLanguage\":\"sv-SE\"},{\"@type\":\"Organization\",\"@id\":\"https:\/\/ethnica.style\/sv\/#organization\",\"name\":\"Ethnica Style\",\"url\":\"https:\/\/ethnica.style\/sv\/\",\"logo\":{\"@type\":\"ImageObject\",\"inLanguage\":\"sv-SE\",\"@id\":\"https:\/\/ethnica.style\/sv\/#\/schema\/logo\/image\/\",\"url\":\"https:\/\/ethnica.style\/wp-content\/uploads\/2024\/10\/group-5-1.svg\",\"contentUrl\":\"https:\/\/ethnica.style\/wp-content\/uploads\/2024\/10\/group-5-1.svg\",\"width\":1,\"height\":1,\"caption\":\"Ethnica Style\"},\"image\":{\"@id\":\"https:\/\/ethnica.style\/sv\/#\/schema\/logo\/image\/\"}}]}<\/script>\n<!-- \/ Yoast SEO plugin. -->","yoast_head_json":{"title":"Cherry Blossom Tr\u00f6ja","description":"Svep in dig i mjukhet med Cherry Blossom Sweater - en \u00f6verdimensionerad blandning av mohair, silke och ull. Handgjord i Ukraina f\u00f6r komfort och stil.","robots":{"index":"index","follow":"follow","max-snippet":"max-snippet:-1","max-image-preview":"max-image-preview:large","max-video-preview":"max-video-preview:-1"},"canonical":"https:\/\/ethnica.style\/sv\/product\/cherry-blossom-troja\/","og_locale":"sv_SE","og_type":"article","og_title":"Cherry Blossom Tr\u00f6ja","og_description":"Svep in dig i mjukhet med Cherry Blossom Sweater - en \u00f6verdimensionerad blandning av mohair, silke och ull. Handgjord i Ukraina f\u00f6r komfort och stil.","og_url":"https:\/\/ethnica.style\/sv\/product\/cherry-blossom-troja\/","og_site_name":"Ethnica Style","article_modified_time":"2025-09-03T09:34:36+00:00","og_image":[{"width":1024,"height":1537,"url":"https:\/\/ethnica.style\/wp-content\/uploads\/2025\/08\/159.jpg","type":"image\/jpeg"}],"twitter_card":"summary_large_image","twitter_misc":{"Ber\u00e4knad l\u00e4stid":"1 minut"},"schema":{"@context":"https:\/\/schema.org","@graph":[{"@type":"WebPage","@id":"https:\/\/ethnica.style\/sv\/product\/cherry-blossom-troja\/","url":"https:\/\/ethnica.style\/sv\/product\/cherry-blossom-troja\/","name":"Cherry Blossom Tr\u00f6ja","isPartOf":{"@id":"https:\/\/ethnica.style\/sv\/#website"},"primaryImageOfPage":{"@id":"https:\/\/ethnica.style\/sv\/product\/cherry-blossom-troja\/#primaryimage"},"image":{"@id":"https:\/\/ethnica.style\/sv\/product\/cherry-blossom-troja\/#primaryimage"},"thumbnailUrl":"https:\/\/ethnica.style\/wp-content\/uploads\/2025\/08\/159.jpg","datePublished":"2025-08-10T08:43:25+00:00","dateModified":"2025-09-03T09:34:36+00:00","description":"Svep in dig i mjukhet med Cherry Blossom Sweater - en \u00f6verdimensionerad blandning av mohair, silke och ull. Handgjord i Ukraina f\u00f6r komfort och stil.","breadcrumb":{"@id":"https:\/\/ethnica.style\/sv\/product\/cherry-blossom-troja\/#breadcrumb"},"inLanguage":"sv-SE","potentialAction":[{"@type":"ReadAction","target":["https:\/\/ethnica.style\/sv\/product\/cherry-blossom-troja\/"]}]},{"@type":"ImageObject","inLanguage":"sv-SE","@id":"https:\/\/ethnica.style\/sv\/product\/cherry-blossom-troja\/#primaryimage","url":"https:\/\/ethnica.style\/wp-content\/uploads\/2025\/08\/159.jpg","contentUrl":"https:\/\/ethnica.style\/wp-content\/uploads\/2025\/08\/159.jpg","width":1024,"height":1537,"caption":"Cherry Blossom Sweater"},{"@type":"BreadcrumbList","@id":"https:\/\/ethnica.style\/sv\/product\/cherry-blossom-troja\/#breadcrumb","itemListElement":[{"@type":"ListItem","position":1,"name":"Home","item":"https:\/\/ethnica.style\/sv\/"},{"@type":"ListItem","position":2,"name":"Butik","item":"https:\/\/ethnica.style\/sv\/butik\/"},{"@type":"ListItem","position":3,"name":"Cherry Blossom Tr\u00f6ja"}]},{"@type":"WebSite","@id":"https:\/\/ethnica.style\/sv\/#website","url":"https:\/\/ethnica.style\/sv\/","name":"Ethnica Style","description":"","publisher":{"@id":"https:\/\/ethnica.style\/sv\/#organization"},"potentialAction":[{"@type":"SearchAction","target":{"@type":"EntryPoint","urlTemplate":"https:\/\/ethnica.style\/sv\/?s={search_term_string}"},"query-input":{"@type":"PropertyValueSpecification","valueRequired":true,"valueName":"search_term_string"}}],"inLanguage":"sv-SE"},{"@type":"Organization","@id":"https:\/\/ethnica.style\/sv\/#organization","name":"Ethnica Style","url":"https:\/\/ethnica.style\/sv\/","logo":{"@type":"ImageObject","inLanguage":"sv-SE","@id":"https:\/\/ethnica.style\/sv\/#\/schema\/logo\/image\/","url":"https:\/\/ethnica.style\/wp-content\/uploads\/2024\/10\/group-5-1.svg","contentUrl":"https:\/\/ethnica.style\/wp-content\/uploads\/2024\/10\/group-5-1.svg","width":1,"height":1,"caption":"Ethnica Style"},"image":{"@id":"https:\/\/ethnica.style\/sv\/#\/schema\/logo\/image\/"}}]}},"_links":{"self":[{"href":"https:\/\/ethnica.style\/sv\/wp-json\/wp\/v2\/product\/2685","targetHints":{"allow":["GET"]}}],"collection":[{"href":"https:\/\/ethnica.style\/sv\/wp-json\/wp\/v2\/product"}],"about":[{"href":"https:\/\/ethnica.style\/sv\/wp-json\/wp\/v2\/types\/product"}],"replies":[{"embeddable":true,"href":"https:\/\/ethnica.style\/sv\/wp-json\/wp\/v2\/comments?post=2685"}],"wp:featuredmedia":[{"embeddable":true,"href":"https:\/\/ethnica.style\/sv\/wp-json\/wp\/v2\/media\/2686"}],"wp:attachment":[{"href":"https:\/\/ethnica.style\/sv\/wp-json\/wp\/v2\/media?parent=2685"}],"wp:term":[{"taxonomy":"product_brand","embeddable":true,"href":"https:\/\/ethnica.style\/sv\/wp-json\/wp\/v2\/product_brand?post=2685"},{"taxonomy":"product_cat","embeddable":true,"href":"https:\/\/ethnica.style\/sv\/wp-json\/wp\/v2\/product_cat?post=2685"},{"taxonomy":"product_tag","embeddable":true,"href":"https:\/\/ethnica.style\/sv\/wp-json\/wp\/v2\/product_tag?post=2685"}],"curies":[{"name":"wp","href":"https:\/\/api.w.org\/{rel}","templated":true}]}}