{"id":2707,"date":"2025-08-06T08:50:56","date_gmt":"2025-08-06T08:50:56","guid":{"rendered":"https:\/\/ethnica.style\/product\/golden-spirit-skjorta\/"},"modified":"2025-09-03T11:55:56","modified_gmt":"2025-09-03T11:55:56","slug":"golden-spirit-skjorta","status":"publish","type":"product","link":"https:\/\/ethnica.style\/sv\/product\/golden-spirit-skjorta\/","title":{"rendered":"Golden Spirit Skjorta"},"content":{"rendered":"<p data-start=\"222\" data-end=\"685\">Golden Spirit Shirt \u2013 ett raffinerat linneplagg tillverkat av ukrainska designers med tyg av h\u00f6gsta kvalitet. Den h\u00e4r eleganta skjortan utstr\u00e5lar tidl\u00f6s sofistikering samtidigt som den garanterar <a href=\"https:\/\/ethnica.style\/sv\/\">komfort i vardagen<\/a> . Professionellt broderi med satins\u00f6mmar och delikat appliceringstekniker g\u00f6r den verkligen unik. Oavsett om du kl\u00e4r upp dig f\u00f6r ett speciellt tillf\u00e4lle eller f\u00f6rh\u00f6jer din <a href=\"https:\/\/en.wikipedia.org\/wiki\/Sweden\">dagliga<\/a> look, \u00e4r Golden Spirit-skjortan det perfekta valet f\u00f6r stil och distinktion.   <\/p>\n<p data-start=\"687\" data-end=\"880\"><strong data-start=\"687\" data-end=\"696\">Not:<\/strong> Modellerna \u00e4r 164 cm och 165 cm l\u00e5nga, b\u00e5da b\u00e4r storlek S.<br data-start=\"747\" data-end=\"750\"><strong data-start=\"750\" data-end=\"774\">Teknik f\u00f6r utf\u00f6rande:<\/strong> Satins\u00f6m broderi, applikation.<br data-start=\"812\" data-end=\"815\">Om du beh\u00f6ver f\u00f6rtydligande om storlek \u00e4r du v\u00e4lkommen att kontakta oss.<\/p>\n","protected":false},"excerpt":{"rendered":"<p>Golden Spirit Shirt \u2013 ett raffinerat linneplagg tillverkat av ukrainska designers med tyg av h\u00f6gsta kvalitet. Den h\u00e4r eleganta skjortan utstr\u00e5lar tidl\u00f6s sofistikering samtidigt som den garanterar komfort i vardagen . Professionellt broderi med satins\u00f6mmar och delikat appliceringstekniker g\u00f6r den verkligen unik. Oavsett om du kl\u00e4r upp dig f\u00f6r ett speciellt tillf\u00e4lle eller f\u00f6rh\u00f6jer din [&#8230;]\n","protected":false},"featured_media":2818,"comment_status":"open","ping_status":"closed","template":"","meta":{"_acf_changed":false},"product_brand":[],"product_cat":[90,96],"product_tag":[],"class_list":{"0":"post-2707","1":"product","2":"type-product","3":"status-publish","4":"has-post-thumbnail","6":"product_cat-kvinnor","7":"product_cat-skjortor","9":"first","10":"instock","11":"taxable","12":"shipping-taxable","13":"purchasable","14":"product-type-variable"},"acf":[],"yoast_head":"<!-- This site is optimized with the Yoast SEO plugin v26.6 - https:\/\/yoast.com\/wordpress\/plugins\/seo\/ -->\n<title>Golden Spirit Skjorta - Ethnica Style Golden Spirit Skjorta<\/title>\n<meta name=\"description\" content=\"Uppt\u00e4ck tidl\u00f6s elegans med Golden Spirit-skjortan \u2013 f\u00f6rstklassigt linne, expertbroderier och ukrainskt hantverk i ett enda plagg som sticker ut.\" \/>\n<meta name=\"robots\" content=\"index, follow, max-snippet:-1, max-image-preview:large, max-video-preview:-1\" \/>\n<link rel=\"canonical\" href=\"https:\/\/ethnica.style\/sv\/product\/golden-spirit-skjorta\/\" \/>\n<meta property=\"og:locale\" content=\"sv_SE\" \/>\n<meta property=\"og:type\" content=\"article\" \/>\n<meta property=\"og:title\" content=\"Golden Spirit Skjorta - Ethnica Style Golden Spirit Skjorta\" \/>\n<meta property=\"og:description\" content=\"Uppt\u00e4ck tidl\u00f6s elegans med Golden Spirit-skjortan \u2013 f\u00f6rstklassigt linne, expertbroderier och ukrainskt hantverk i ett enda plagg som sticker ut.\" \/>\n<meta property=\"og:url\" content=\"https:\/\/ethnica.style\/sv\/product\/golden-spirit-skjorta\/\" \/>\n<meta property=\"og:site_name\" content=\"Ethnica Style\" \/>\n<meta property=\"article:modified_time\" content=\"2025-09-03T11:55:56+00:00\" \/>\n<meta property=\"og:image\" content=\"https:\/\/ethnica.style\/wp-content\/uploads\/2025\/08\/golden_spirit_045-scaled-1.jpg\" \/>\n\t<meta property=\"og:image:width\" content=\"1600\" \/>\n\t<meta property=\"og:image:height\" content=\"2400\" \/>\n\t<meta property=\"og:image:type\" content=\"image\/jpeg\" \/>\n<meta name=\"twitter:card\" content=\"summary_large_image\" \/>\n<meta name=\"twitter:label1\" content=\"Ber\u00e4knad l\u00e4stid\" \/>\n\t<meta name=\"twitter:data1\" content=\"1 minut\" \/>\n<script type=\"application\/ld+json\" class=\"yoast-schema-graph\">{\"@context\":\"https:\/\/schema.org\",\"@graph\":[{\"@type\":\"WebPage\",\"@id\":\"https:\/\/ethnica.style\/sv\/product\/golden-spirit-skjorta\/\",\"url\":\"https:\/\/ethnica.style\/sv\/product\/golden-spirit-skjorta\/\",\"name\":\"Golden Spirit Skjorta - Ethnica Style Golden Spirit Skjorta\",\"isPartOf\":{\"@id\":\"https:\/\/ethnica.style\/sv\/#website\"},\"primaryImageOfPage\":{\"@id\":\"https:\/\/ethnica.style\/sv\/product\/golden-spirit-skjorta\/#primaryimage\"},\"image\":{\"@id\":\"https:\/\/ethnica.style\/sv\/product\/golden-spirit-skjorta\/#primaryimage\"},\"thumbnailUrl\":\"https:\/\/ethnica.style\/wp-content\/uploads\/2025\/08\/golden_spirit_045-scaled-1.jpg\",\"datePublished\":\"2025-08-06T08:50:56+00:00\",\"dateModified\":\"2025-09-03T11:55:56+00:00\",\"description\":\"Uppt\u00e4ck tidl\u00f6s elegans med Golden Spirit-skjortan \u2013 f\u00f6rstklassigt linne, expertbroderier och ukrainskt hantverk i ett enda plagg som sticker ut.\",\"breadcrumb\":{\"@id\":\"https:\/\/ethnica.style\/sv\/product\/golden-spirit-skjorta\/#breadcrumb\"},\"inLanguage\":\"sv-SE\",\"potentialAction\":[{\"@type\":\"ReadAction\",\"target\":[\"https:\/\/ethnica.style\/sv\/product\/golden-spirit-skjorta\/\"]}]},{\"@type\":\"ImageObject\",\"inLanguage\":\"sv-SE\",\"@id\":\"https:\/\/ethnica.style\/sv\/product\/golden-spirit-skjorta\/#primaryimage\",\"url\":\"https:\/\/ethnica.style\/wp-content\/uploads\/2025\/08\/golden_spirit_045-scaled-1.jpg\",\"contentUrl\":\"https:\/\/ethnica.style\/wp-content\/uploads\/2025\/08\/golden_spirit_045-scaled-1.jpg\",\"width\":1600,\"height\":2400,\"caption\":\"Golden Spirit Shirt\"},{\"@type\":\"BreadcrumbList\",\"@id\":\"https:\/\/ethnica.style\/sv\/product\/golden-spirit-skjorta\/#breadcrumb\",\"itemListElement\":[{\"@type\":\"ListItem\",\"position\":1,\"name\":\"Home\",\"item\":\"https:\/\/ethnica.style\/sv\/\"},{\"@type\":\"ListItem\",\"position\":2,\"name\":\"Butik\",\"item\":\"https:\/\/ethnica.style\/sv\/butik\/\"},{\"@type\":\"ListItem\",\"position\":3,\"name\":\"Golden Spirit Skjorta\"}]},{\"@type\":\"WebSite\",\"@id\":\"https:\/\/ethnica.style\/sv\/#website\",\"url\":\"https:\/\/ethnica.style\/sv\/\",\"name\":\"Ethnica Style\",\"description\":\"\",\"publisher\":{\"@id\":\"https:\/\/ethnica.style\/sv\/#organization\"},\"potentialAction\":[{\"@type\":\"SearchAction\",\"target\":{\"@type\":\"EntryPoint\",\"urlTemplate\":\"https:\/\/ethnica.style\/sv\/?s={search_term_string}\"},\"query-input\":{\"@type\":\"PropertyValueSpecification\",\"valueRequired\":true,\"valueName\":\"search_term_string\"}}],\"inLanguage\":\"sv-SE\"},{\"@type\":\"Organization\",\"@id\":\"https:\/\/ethnica.style\/sv\/#organization\",\"name\":\"Ethnica Style\",\"url\":\"https:\/\/ethnica.style\/sv\/\",\"logo\":{\"@type\":\"ImageObject\",\"inLanguage\":\"sv-SE\",\"@id\":\"https:\/\/ethnica.style\/sv\/#\/schema\/logo\/image\/\",\"url\":\"https:\/\/ethnica.style\/wp-content\/uploads\/2024\/10\/group-5-1.svg\",\"contentUrl\":\"https:\/\/ethnica.style\/wp-content\/uploads\/2024\/10\/group-5-1.svg\",\"width\":1,\"height\":1,\"caption\":\"Ethnica Style\"},\"image\":{\"@id\":\"https:\/\/ethnica.style\/sv\/#\/schema\/logo\/image\/\"}}]}<\/script>\n<!-- \/ Yoast SEO plugin. -->","yoast_head_json":{"title":"Golden Spirit Skjorta - Ethnica Style Golden Spirit Skjorta","description":"Uppt\u00e4ck tidl\u00f6s elegans med Golden Spirit-skjortan \u2013 f\u00f6rstklassigt linne, expertbroderier och ukrainskt hantverk i ett enda plagg som sticker ut.","robots":{"index":"index","follow":"follow","max-snippet":"max-snippet:-1","max-image-preview":"max-image-preview:large","max-video-preview":"max-video-preview:-1"},"canonical":"https:\/\/ethnica.style\/sv\/product\/golden-spirit-skjorta\/","og_locale":"sv_SE","og_type":"article","og_title":"Golden Spirit Skjorta - Ethnica Style Golden Spirit Skjorta","og_description":"Uppt\u00e4ck tidl\u00f6s elegans med Golden Spirit-skjortan \u2013 f\u00f6rstklassigt linne, expertbroderier och ukrainskt hantverk i ett enda plagg som sticker ut.","og_url":"https:\/\/ethnica.style\/sv\/product\/golden-spirit-skjorta\/","og_site_name":"Ethnica Style","article_modified_time":"2025-09-03T11:55:56+00:00","og_image":[{"width":1600,"height":2400,"url":"https:\/\/ethnica.style\/wp-content\/uploads\/2025\/08\/golden_spirit_045-scaled-1.jpg","type":"image\/jpeg"}],"twitter_card":"summary_large_image","twitter_misc":{"Ber\u00e4knad l\u00e4stid":"1 minut"},"schema":{"@context":"https:\/\/schema.org","@graph":[{"@type":"WebPage","@id":"https:\/\/ethnica.style\/sv\/product\/golden-spirit-skjorta\/","url":"https:\/\/ethnica.style\/sv\/product\/golden-spirit-skjorta\/","name":"Golden Spirit Skjorta - Ethnica Style Golden Spirit Skjorta","isPartOf":{"@id":"https:\/\/ethnica.style\/sv\/#website"},"primaryImageOfPage":{"@id":"https:\/\/ethnica.style\/sv\/product\/golden-spirit-skjorta\/#primaryimage"},"image":{"@id":"https:\/\/ethnica.style\/sv\/product\/golden-spirit-skjorta\/#primaryimage"},"thumbnailUrl":"https:\/\/ethnica.style\/wp-content\/uploads\/2025\/08\/golden_spirit_045-scaled-1.jpg","datePublished":"2025-08-06T08:50:56+00:00","dateModified":"2025-09-03T11:55:56+00:00","description":"Uppt\u00e4ck tidl\u00f6s elegans med Golden Spirit-skjortan \u2013 f\u00f6rstklassigt linne, expertbroderier och ukrainskt hantverk i ett enda plagg som sticker ut.","breadcrumb":{"@id":"https:\/\/ethnica.style\/sv\/product\/golden-spirit-skjorta\/#breadcrumb"},"inLanguage":"sv-SE","potentialAction":[{"@type":"ReadAction","target":["https:\/\/ethnica.style\/sv\/product\/golden-spirit-skjorta\/"]}]},{"@type":"ImageObject","inLanguage":"sv-SE","@id":"https:\/\/ethnica.style\/sv\/product\/golden-spirit-skjorta\/#primaryimage","url":"https:\/\/ethnica.style\/wp-content\/uploads\/2025\/08\/golden_spirit_045-scaled-1.jpg","contentUrl":"https:\/\/ethnica.style\/wp-content\/uploads\/2025\/08\/golden_spirit_045-scaled-1.jpg","width":1600,"height":2400,"caption":"Golden Spirit Shirt"},{"@type":"BreadcrumbList","@id":"https:\/\/ethnica.style\/sv\/product\/golden-spirit-skjorta\/#breadcrumb","itemListElement":[{"@type":"ListItem","position":1,"name":"Home","item":"https:\/\/ethnica.style\/sv\/"},{"@type":"ListItem","position":2,"name":"Butik","item":"https:\/\/ethnica.style\/sv\/butik\/"},{"@type":"ListItem","position":3,"name":"Golden Spirit Skjorta"}]},{"@type":"WebSite","@id":"https:\/\/ethnica.style\/sv\/#website","url":"https:\/\/ethnica.style\/sv\/","name":"Ethnica Style","description":"","publisher":{"@id":"https:\/\/ethnica.style\/sv\/#organization"},"potentialAction":[{"@type":"SearchAction","target":{"@type":"EntryPoint","urlTemplate":"https:\/\/ethnica.style\/sv\/?s={search_term_string}"},"query-input":{"@type":"PropertyValueSpecification","valueRequired":true,"valueName":"search_term_string"}}],"inLanguage":"sv-SE"},{"@type":"Organization","@id":"https:\/\/ethnica.style\/sv\/#organization","name":"Ethnica Style","url":"https:\/\/ethnica.style\/sv\/","logo":{"@type":"ImageObject","inLanguage":"sv-SE","@id":"https:\/\/ethnica.style\/sv\/#\/schema\/logo\/image\/","url":"https:\/\/ethnica.style\/wp-content\/uploads\/2024\/10\/group-5-1.svg","contentUrl":"https:\/\/ethnica.style\/wp-content\/uploads\/2024\/10\/group-5-1.svg","width":1,"height":1,"caption":"Ethnica Style"},"image":{"@id":"https:\/\/ethnica.style\/sv\/#\/schema\/logo\/image\/"}}]}},"_links":{"self":[{"href":"https:\/\/ethnica.style\/sv\/wp-json\/wp\/v2\/product\/2707","targetHints":{"allow":["GET"]}}],"collection":[{"href":"https:\/\/ethnica.style\/sv\/wp-json\/wp\/v2\/product"}],"about":[{"href":"https:\/\/ethnica.style\/sv\/wp-json\/wp\/v2\/types\/product"}],"replies":[{"embeddable":true,"href":"https:\/\/ethnica.style\/sv\/wp-json\/wp\/v2\/comments?post=2707"}],"wp:featuredmedia":[{"embeddable":true,"href":"https:\/\/ethnica.style\/sv\/wp-json\/wp\/v2\/media\/2818"}],"wp:attachment":[{"href":"https:\/\/ethnica.style\/sv\/wp-json\/wp\/v2\/media?parent=2707"}],"wp:term":[{"taxonomy":"product_brand","embeddable":true,"href":"https:\/\/ethnica.style\/sv\/wp-json\/wp\/v2\/product_brand?post=2707"},{"taxonomy":"product_cat","embeddable":true,"href":"https:\/\/ethnica.style\/sv\/wp-json\/wp\/v2\/product_cat?post=2707"},{"taxonomy":"product_tag","embeddable":true,"href":"https:\/\/ethnica.style\/sv\/wp-json\/wp\/v2\/product_tag?post=2707"}],"curies":[{"name":"wp","href":"https:\/\/api.w.org\/{rel}","templated":true}]}}