{"id":2713,"date":"2025-08-06T08:50:27","date_gmt":"2025-08-06T08:50:27","guid":{"rendered":"https:\/\/ethnica.style\/product\/lila-troja\/"},"modified":"2025-09-03T11:31:12","modified_gmt":"2025-09-03T11:31:12","slug":"lila-troja","status":"publish","type":"product","link":"https:\/\/ethnica.style\/sv\/product\/lila-troja\/","title":{"rendered":"Lila Tr\u00f6ja"},"content":{"rendered":"<p class=\"p1\">Vi presenterar v\u00e5r Lila Sweater, en vision av <a href=\"https:\/\/ethnica.style\/sv\/\">elegans<\/a> i f\u00f6rtrollande lila, skickligt tillverkad av en blandning av kid mohair, silke och merinoull. Oavsett om du kl\u00e4r upp dig eller h\u00e5ller det avslappnat, ger Lila Sweater en touch av sofistikering till vilken ensemble som helst, vilket g\u00f6r den till ett <a href=\"https:\/\/en.wikipedia.org\/wiki\/Sweden\">m\u00e5ste i din<\/a> garderob. <\/p>\n<p>Obs: Modellen \u00e4r 167 cm och b\u00e4r en storlek.<\/p>\n<p class=\"p1\">65% Kid Mohair<br \/>\n25% Silk<br \/>\n10% Merinoull<\/p>\n<p><span data-sheets-root=\"1\" data-sheets-value=\"{\"1\":2,\"2\":\"60*65\"}\" data-sheets-userformat=\"{\"2\":31613,\"3\":{\"1\":0},\"5\":{\"1\":[{\"1\":2,\"2\":0,\"5\":{\"1\":2,\"2\":0}},{\"1\":0,\"2\":0,\"3\":3},{\"1\":1,\"2\":0,\"4\":1}]},\"6\":{\"1\":[{\"1\":2,\"2\":0,\"5\":{\"1\":2,\"2\":0}},{\"1\":0,\"2\":0,\"3\":3},{\"1\":1,\"2\":0,\"4\":1}]},\"7\":{\"1\":[{\"1\":2,\"2\":0,\"5\":{\"1\":2,\"2\":0}},{\"1\":0,\"2\":0,\"3\":3},{\"1\":1,\"2\":0,\"4\":1}]},\"8\":{\"1\":[{\"1\":2,\"2\":0,\"5\":{\"1\":2,\"2\":0}},{\"1\":0,\"2\":0,\"3\":3},{\"1\":1,\"2\":0,\"4\":1}]},\"9\":1,\"11\":4,\"12\":0,\"14\":{\"1\":3,\"3\":1},\"15\":\"Tahoma\",\"16\":21,\"17\":1}\"><strong>Vi ber dig v\u00e4nligen att vara uppm\u00e4rksam p\u00e5 l\u00e4ngden och bredden p\u00e5 detta \u00f6verdimensionerade plagg:<\/strong><\/span><\/p>\n<p><strong>l\u00e4ngd: 64cm; Bredd: 60cm.<\/strong><\/p>\n<p class=\"p1\">Designad och handgjord i Ukraina.<\/p>\n<p>Om du beh\u00f6ver f\u00f6rtydligande om storlek \u2013 kontakta v\u00e5ra chefer. Vi hj\u00e4lper dig g\u00e4rna. <\/p>\n","protected":false},"excerpt":{"rendered":"<p>Vi presenterar v\u00e5r Lila Sweater, en vision av elegans i f\u00f6rtrollande lila, skickligt tillverkad av en blandning av kid mohair, silke och merinoull. Oavsett om du kl\u00e4r upp dig eller h\u00e5ller det avslappnat, ger Lila Sweater en touch av sofistikering till vilken ensemble som helst, vilket g\u00f6r den till ett m\u00e5ste i din garderob. Obs: [&#8230;]\n","protected":false},"featured_media":2827,"comment_status":"open","ping_status":"closed","template":"","meta":{"_acf_changed":false},"product_brand":[],"product_cat":[90,101,108],"product_tag":[],"class_list":{"0":"post-2713","1":"product","2":"type-product","3":"status-publish","4":"has-post-thumbnail","6":"product_cat-kvinnor","7":"product_cat-nyanlanda","8":"product_cat-trojor","10":"first","11":"instock","12":"taxable","13":"shipping-taxable","14":"purchasable","15":"product-type-variable"},"acf":[],"yoast_head":"<!-- This site is optimized with the Yoast SEO plugin v26.6 - https:\/\/yoast.com\/wordpress\/plugins\/seo\/ -->\n<title>Lila Tr\u00f6ja - Ethnica Style Lila Tr\u00f6ja<\/title>\n<meta name=\"description\" content=\"Lila Sweater blandar kid mohair, silke och merinoull i en mjuk lila nyans. Elegant, \u00f6verdimensionerad och handgjord \u2013 perfekt f\u00f6r enkel sofistikering.\" \/>\n<meta name=\"robots\" content=\"index, follow, max-snippet:-1, max-image-preview:large, max-video-preview:-1\" \/>\n<link rel=\"canonical\" href=\"https:\/\/ethnica.style\/sv\/product\/lila-troja\/\" \/>\n<meta property=\"og:locale\" content=\"sv_SE\" \/>\n<meta property=\"og:type\" content=\"article\" \/>\n<meta property=\"og:title\" content=\"Lila Tr\u00f6ja - Ethnica Style Lila Tr\u00f6ja\" \/>\n<meta property=\"og:description\" content=\"Lila Sweater blandar kid mohair, silke och merinoull i en mjuk lila nyans. Elegant, \u00f6verdimensionerad och handgjord \u2013 perfekt f\u00f6r enkel sofistikering.\" \/>\n<meta property=\"og:url\" content=\"https:\/\/ethnica.style\/sv\/product\/lila-troja\/\" \/>\n<meta property=\"og:site_name\" content=\"Ethnica Style\" \/>\n<meta property=\"article:modified_time\" content=\"2025-09-03T11:31:12+00:00\" \/>\n<meta property=\"og:image\" content=\"https:\/\/ethnica.style\/wp-content\/uploads\/2025\/08\/lila_sweater02.jpg\" \/>\n\t<meta property=\"og:image:width\" content=\"1024\" \/>\n\t<meta property=\"og:image:height\" content=\"1539\" \/>\n\t<meta property=\"og:image:type\" content=\"image\/jpeg\" \/>\n<meta name=\"twitter:card\" content=\"summary_large_image\" \/>\n<meta name=\"twitter:label1\" content=\"Ber\u00e4knad l\u00e4stid\" \/>\n\t<meta name=\"twitter:data1\" content=\"1 minut\" \/>\n<script type=\"application\/ld+json\" class=\"yoast-schema-graph\">{\"@context\":\"https:\/\/schema.org\",\"@graph\":[{\"@type\":\"WebPage\",\"@id\":\"https:\/\/ethnica.style\/sv\/product\/lila-troja\/\",\"url\":\"https:\/\/ethnica.style\/sv\/product\/lila-troja\/\",\"name\":\"Lila Tr\u00f6ja - Ethnica Style Lila Tr\u00f6ja\",\"isPartOf\":{\"@id\":\"https:\/\/ethnica.style\/sv\/#website\"},\"primaryImageOfPage\":{\"@id\":\"https:\/\/ethnica.style\/sv\/product\/lila-troja\/#primaryimage\"},\"image\":{\"@id\":\"https:\/\/ethnica.style\/sv\/product\/lila-troja\/#primaryimage\"},\"thumbnailUrl\":\"https:\/\/ethnica.style\/wp-content\/uploads\/2025\/08\/lila_sweater02.jpg\",\"datePublished\":\"2025-08-06T08:50:27+00:00\",\"dateModified\":\"2025-09-03T11:31:12+00:00\",\"description\":\"Lila Sweater blandar kid mohair, silke och merinoull i en mjuk lila nyans. Elegant, \u00f6verdimensionerad och handgjord \u2013 perfekt f\u00f6r enkel sofistikering.\",\"breadcrumb\":{\"@id\":\"https:\/\/ethnica.style\/sv\/product\/lila-troja\/#breadcrumb\"},\"inLanguage\":\"sv-SE\",\"potentialAction\":[{\"@type\":\"ReadAction\",\"target\":[\"https:\/\/ethnica.style\/sv\/product\/lila-troja\/\"]}]},{\"@type\":\"ImageObject\",\"inLanguage\":\"sv-SE\",\"@id\":\"https:\/\/ethnica.style\/sv\/product\/lila-troja\/#primaryimage\",\"url\":\"https:\/\/ethnica.style\/wp-content\/uploads\/2025\/08\/lila_sweater02.jpg\",\"contentUrl\":\"https:\/\/ethnica.style\/wp-content\/uploads\/2025\/08\/lila_sweater02.jpg\",\"width\":1024,\"height\":1539,\"caption\":\"lila_sweater02.jpg\"},{\"@type\":\"BreadcrumbList\",\"@id\":\"https:\/\/ethnica.style\/sv\/product\/lila-troja\/#breadcrumb\",\"itemListElement\":[{\"@type\":\"ListItem\",\"position\":1,\"name\":\"Home\",\"item\":\"https:\/\/ethnica.style\/sv\/\"},{\"@type\":\"ListItem\",\"position\":2,\"name\":\"Butik\",\"item\":\"https:\/\/ethnica.style\/sv\/butik\/\"},{\"@type\":\"ListItem\",\"position\":3,\"name\":\"Lila Tr\u00f6ja\"}]},{\"@type\":\"WebSite\",\"@id\":\"https:\/\/ethnica.style\/sv\/#website\",\"url\":\"https:\/\/ethnica.style\/sv\/\",\"name\":\"Ethnica Style\",\"description\":\"\",\"publisher\":{\"@id\":\"https:\/\/ethnica.style\/sv\/#organization\"},\"potentialAction\":[{\"@type\":\"SearchAction\",\"target\":{\"@type\":\"EntryPoint\",\"urlTemplate\":\"https:\/\/ethnica.style\/sv\/?s={search_term_string}\"},\"query-input\":{\"@type\":\"PropertyValueSpecification\",\"valueRequired\":true,\"valueName\":\"search_term_string\"}}],\"inLanguage\":\"sv-SE\"},{\"@type\":\"Organization\",\"@id\":\"https:\/\/ethnica.style\/sv\/#organization\",\"name\":\"Ethnica Style\",\"url\":\"https:\/\/ethnica.style\/sv\/\",\"logo\":{\"@type\":\"ImageObject\",\"inLanguage\":\"sv-SE\",\"@id\":\"https:\/\/ethnica.style\/sv\/#\/schema\/logo\/image\/\",\"url\":\"https:\/\/ethnica.style\/wp-content\/uploads\/2024\/10\/group-5-1.svg\",\"contentUrl\":\"https:\/\/ethnica.style\/wp-content\/uploads\/2024\/10\/group-5-1.svg\",\"width\":1,\"height\":1,\"caption\":\"Ethnica Style\"},\"image\":{\"@id\":\"https:\/\/ethnica.style\/sv\/#\/schema\/logo\/image\/\"}}]}<\/script>\n<!-- \/ Yoast SEO plugin. -->","yoast_head_json":{"title":"Lila Tr\u00f6ja - Ethnica Style Lila Tr\u00f6ja","description":"Lila Sweater blandar kid mohair, silke och merinoull i en mjuk lila nyans. Elegant, \u00f6verdimensionerad och handgjord \u2013 perfekt f\u00f6r enkel sofistikering.","robots":{"index":"index","follow":"follow","max-snippet":"max-snippet:-1","max-image-preview":"max-image-preview:large","max-video-preview":"max-video-preview:-1"},"canonical":"https:\/\/ethnica.style\/sv\/product\/lila-troja\/","og_locale":"sv_SE","og_type":"article","og_title":"Lila Tr\u00f6ja - Ethnica Style Lila Tr\u00f6ja","og_description":"Lila Sweater blandar kid mohair, silke och merinoull i en mjuk lila nyans. Elegant, \u00f6verdimensionerad och handgjord \u2013 perfekt f\u00f6r enkel sofistikering.","og_url":"https:\/\/ethnica.style\/sv\/product\/lila-troja\/","og_site_name":"Ethnica Style","article_modified_time":"2025-09-03T11:31:12+00:00","og_image":[{"width":1024,"height":1539,"url":"https:\/\/ethnica.style\/wp-content\/uploads\/2025\/08\/lila_sweater02.jpg","type":"image\/jpeg"}],"twitter_card":"summary_large_image","twitter_misc":{"Ber\u00e4knad l\u00e4stid":"1 minut"},"schema":{"@context":"https:\/\/schema.org","@graph":[{"@type":"WebPage","@id":"https:\/\/ethnica.style\/sv\/product\/lila-troja\/","url":"https:\/\/ethnica.style\/sv\/product\/lila-troja\/","name":"Lila Tr\u00f6ja - Ethnica Style Lila Tr\u00f6ja","isPartOf":{"@id":"https:\/\/ethnica.style\/sv\/#website"},"primaryImageOfPage":{"@id":"https:\/\/ethnica.style\/sv\/product\/lila-troja\/#primaryimage"},"image":{"@id":"https:\/\/ethnica.style\/sv\/product\/lila-troja\/#primaryimage"},"thumbnailUrl":"https:\/\/ethnica.style\/wp-content\/uploads\/2025\/08\/lila_sweater02.jpg","datePublished":"2025-08-06T08:50:27+00:00","dateModified":"2025-09-03T11:31:12+00:00","description":"Lila Sweater blandar kid mohair, silke och merinoull i en mjuk lila nyans. Elegant, \u00f6verdimensionerad och handgjord \u2013 perfekt f\u00f6r enkel sofistikering.","breadcrumb":{"@id":"https:\/\/ethnica.style\/sv\/product\/lila-troja\/#breadcrumb"},"inLanguage":"sv-SE","potentialAction":[{"@type":"ReadAction","target":["https:\/\/ethnica.style\/sv\/product\/lila-troja\/"]}]},{"@type":"ImageObject","inLanguage":"sv-SE","@id":"https:\/\/ethnica.style\/sv\/product\/lila-troja\/#primaryimage","url":"https:\/\/ethnica.style\/wp-content\/uploads\/2025\/08\/lila_sweater02.jpg","contentUrl":"https:\/\/ethnica.style\/wp-content\/uploads\/2025\/08\/lila_sweater02.jpg","width":1024,"height":1539,"caption":"lila_sweater02.jpg"},{"@type":"BreadcrumbList","@id":"https:\/\/ethnica.style\/sv\/product\/lila-troja\/#breadcrumb","itemListElement":[{"@type":"ListItem","position":1,"name":"Home","item":"https:\/\/ethnica.style\/sv\/"},{"@type":"ListItem","position":2,"name":"Butik","item":"https:\/\/ethnica.style\/sv\/butik\/"},{"@type":"ListItem","position":3,"name":"Lila Tr\u00f6ja"}]},{"@type":"WebSite","@id":"https:\/\/ethnica.style\/sv\/#website","url":"https:\/\/ethnica.style\/sv\/","name":"Ethnica Style","description":"","publisher":{"@id":"https:\/\/ethnica.style\/sv\/#organization"},"potentialAction":[{"@type":"SearchAction","target":{"@type":"EntryPoint","urlTemplate":"https:\/\/ethnica.style\/sv\/?s={search_term_string}"},"query-input":{"@type":"PropertyValueSpecification","valueRequired":true,"valueName":"search_term_string"}}],"inLanguage":"sv-SE"},{"@type":"Organization","@id":"https:\/\/ethnica.style\/sv\/#organization","name":"Ethnica Style","url":"https:\/\/ethnica.style\/sv\/","logo":{"@type":"ImageObject","inLanguage":"sv-SE","@id":"https:\/\/ethnica.style\/sv\/#\/schema\/logo\/image\/","url":"https:\/\/ethnica.style\/wp-content\/uploads\/2024\/10\/group-5-1.svg","contentUrl":"https:\/\/ethnica.style\/wp-content\/uploads\/2024\/10\/group-5-1.svg","width":1,"height":1,"caption":"Ethnica Style"},"image":{"@id":"https:\/\/ethnica.style\/sv\/#\/schema\/logo\/image\/"}}]}},"_links":{"self":[{"href":"https:\/\/ethnica.style\/sv\/wp-json\/wp\/v2\/product\/2713","targetHints":{"allow":["GET"]}}],"collection":[{"href":"https:\/\/ethnica.style\/sv\/wp-json\/wp\/v2\/product"}],"about":[{"href":"https:\/\/ethnica.style\/sv\/wp-json\/wp\/v2\/types\/product"}],"replies":[{"embeddable":true,"href":"https:\/\/ethnica.style\/sv\/wp-json\/wp\/v2\/comments?post=2713"}],"wp:featuredmedia":[{"embeddable":true,"href":"https:\/\/ethnica.style\/sv\/wp-json\/wp\/v2\/media\/2827"}],"wp:attachment":[{"href":"https:\/\/ethnica.style\/sv\/wp-json\/wp\/v2\/media?parent=2713"}],"wp:term":[{"taxonomy":"product_brand","embeddable":true,"href":"https:\/\/ethnica.style\/sv\/wp-json\/wp\/v2\/product_brand?post=2713"},{"taxonomy":"product_cat","embeddable":true,"href":"https:\/\/ethnica.style\/sv\/wp-json\/wp\/v2\/product_cat?post=2713"},{"taxonomy":"product_tag","embeddable":true,"href":"https:\/\/ethnica.style\/sv\/wp-json\/wp\/v2\/product_tag?post=2713"}],"curies":[{"name":"wp","href":"https:\/\/api.w.org\/{rel}","templated":true}]}}