{"id":2733,"date":"2025-08-06T08:52:37","date_gmt":"2025-08-06T08:52:37","guid":{"rendered":"https:\/\/ethnica.style\/product\/bordo-baktus-halsduk\/"},"modified":"2025-09-03T11:55:32","modified_gmt":"2025-09-03T11:55:32","slug":"bordo-baktus-halsduk","status":"publish","type":"product","link":"https:\/\/ethnica.style\/sv\/product\/bordo-baktus-halsduk\/","title":{"rendered":"Bordo Baktus Halsduk"},"content":{"rendered":"<p data-start=\"131\" data-end=\"488\">Lyft din stil med <strong data-start=\"159\" data-end=\"181\">Bordo Baktus Scarf<\/strong>, en lyxig accessoar som \u00e4r handgjord av en raffinerad blandning av kid mohair och silke. Dess rika, djupa nyanser och mjuka, luftiga konsistens erbjuder <a href=\"https:\/\/ethnica.style\/sv\/\">b\u00e5de<\/a> v\u00e4rme och sofistikering, vilket g\u00f6r den till ett enast\u00e5ende plagg f\u00f6r alla \u00e5rstider. Halsduken \u00e4r f\u00e4rdig med fina tofsar som ger lekfull r\u00f6relse och en elegant touch till din look.<\/p>\n<p data-start=\"490\" data-end=\"696\"><strong data-start=\"524\" data-end=\"546\">Bordo Baktus halsduk<\/strong> \u00e4r tillverkad med omsorg i Ukraina och f\u00f6rkroppsligar hantverksm\u00e4ssig kvalitet och tidl\u00f6s design. Oavsett om den \u00e4r draperad \u00f6ver axlarna eller kreativt stylad, <a href=\"https:\/\/en.wikipedia.org\/wiki\/Sweden\">ger<\/a> den enkel elegans till vilken outfit som helst.<\/p>\n<p data-start=\"698\" data-end=\"750\"><strong data-start=\"698\" data-end=\"720\">Halsdukens sammans\u00e4ttning:<\/strong><br data-start=\"720\" data-end=\"723\">70% kid mohair<br data-start=\"737\" data-end=\"740\">30% siden<\/p>\n<p data-start=\"752\" data-end=\"800\"><strong data-start=\"752\" data-end=\"767\">M\u00e5tt:<\/strong><br data-start=\"767\" data-end=\"770\">L\u00e4ngd: 280cm<br data-start=\"783\" data-end=\"786\">Bredd: 105cm<\/p>\n<p data-start=\"802\" data-end=\"840\" data-is-last-node=\"\" data-is-only-node=\"\"><strong data-start=\"802\" data-end=\"840\" data-is-last-node=\"\">Designad och handgjord i Ukraina.<\/strong><\/p>\n","protected":false},"excerpt":{"rendered":"<p>Lyft din stil med Bordo Baktus Scarf, en lyxig accessoar som \u00e4r handgjord av en raffinerad blandning av kid mohair och silke. Dess rika, djupa nyanser och mjuka, luftiga konsistens erbjuder b\u00e5de v\u00e4rme och sofistikering, vilket g\u00f6r den till ett enast\u00e5ende plagg f\u00f6r alla \u00e5rstider. Halsduken \u00e4r f\u00e4rdig med fina tofsar som ger lekfull r\u00f6relse [&#8230;]\n","protected":false},"featured_media":2734,"comment_status":"open","ping_status":"closed","template":"","meta":{"_acf_changed":false},"product_brand":[],"product_cat":[90,101,110],"product_tag":[],"class_list":{"0":"post-2733","1":"product","2":"type-product","3":"status-publish","4":"has-post-thumbnail","6":"product_cat-kvinnor","7":"product_cat-nyanlanda","8":"product_cat-scarfs-sv","10":"first","11":"instock","12":"featured","13":"taxable","14":"shipping-taxable","15":"purchasable","16":"product-type-variable"},"acf":[],"yoast_head":"<!-- This site is optimized with the Yoast SEO plugin v26.6 - https:\/\/yoast.com\/wordpress\/plugins\/seo\/ -->\n<title>Bordo Baktus Halsduk<\/title>\n<meta name=\"description\" content=\"Svep in dig i elegans med Bordo Baktus Scarf, handgjord av kid mohair och siden. Detta lyxiga tillbeh\u00f6r ger v\u00e4rme, stil och en dj\u00e4rv touch.\" \/>\n<meta name=\"robots\" content=\"index, follow, max-snippet:-1, max-image-preview:large, max-video-preview:-1\" \/>\n<link rel=\"canonical\" href=\"https:\/\/ethnica.style\/sv\/product\/bordo-baktus-halsduk\/\" \/>\n<meta property=\"og:locale\" content=\"sv_SE\" \/>\n<meta property=\"og:type\" content=\"article\" \/>\n<meta property=\"og:title\" content=\"Bordo Baktus Halsduk\" \/>\n<meta property=\"og:description\" content=\"Svep in dig i elegans med Bordo Baktus Scarf, handgjord av kid mohair och siden. Detta lyxiga tillbeh\u00f6r ger v\u00e4rme, stil och en dj\u00e4rv touch.\" \/>\n<meta property=\"og:url\" content=\"https:\/\/ethnica.style\/sv\/product\/bordo-baktus-halsduk\/\" \/>\n<meta property=\"og:site_name\" content=\"Ethnica Style\" \/>\n<meta property=\"article:modified_time\" content=\"2025-09-03T11:55:32+00:00\" \/>\n<meta property=\"og:image\" content=\"https:\/\/ethnica.style\/wp-content\/uploads\/2025\/08\/IMG_0284-0-scaled-1.jpg\" \/>\n\t<meta property=\"og:image:width\" content=\"1600\" \/>\n\t<meta property=\"og:image:height\" content=\"2400\" \/>\n\t<meta property=\"og:image:type\" content=\"image\/jpeg\" \/>\n<meta name=\"twitter:card\" content=\"summary_large_image\" \/>\n<meta name=\"twitter:label1\" content=\"Ber\u00e4knad l\u00e4stid\" \/>\n\t<meta name=\"twitter:data1\" content=\"1 minut\" \/>\n<script type=\"application\/ld+json\" class=\"yoast-schema-graph\">{\"@context\":\"https:\/\/schema.org\",\"@graph\":[{\"@type\":\"WebPage\",\"@id\":\"https:\/\/ethnica.style\/sv\/product\/bordo-baktus-halsduk\/\",\"url\":\"https:\/\/ethnica.style\/sv\/product\/bordo-baktus-halsduk\/\",\"name\":\"Bordo Baktus Halsduk\",\"isPartOf\":{\"@id\":\"https:\/\/ethnica.style\/sv\/#website\"},\"primaryImageOfPage\":{\"@id\":\"https:\/\/ethnica.style\/sv\/product\/bordo-baktus-halsduk\/#primaryimage\"},\"image\":{\"@id\":\"https:\/\/ethnica.style\/sv\/product\/bordo-baktus-halsduk\/#primaryimage\"},\"thumbnailUrl\":\"https:\/\/ethnica.style\/wp-content\/uploads\/2025\/08\/IMG_0284-0-scaled-1.jpg\",\"datePublished\":\"2025-08-06T08:52:37+00:00\",\"dateModified\":\"2025-09-03T11:55:32+00:00\",\"description\":\"Svep in dig i elegans med Bordo Baktus Scarf, handgjord av kid mohair och siden. Detta lyxiga tillbeh\u00f6r ger v\u00e4rme, stil och en dj\u00e4rv touch.\",\"breadcrumb\":{\"@id\":\"https:\/\/ethnica.style\/sv\/product\/bordo-baktus-halsduk\/#breadcrumb\"},\"inLanguage\":\"sv-SE\",\"potentialAction\":[{\"@type\":\"ReadAction\",\"target\":[\"https:\/\/ethnica.style\/sv\/product\/bordo-baktus-halsduk\/\"]}]},{\"@type\":\"ImageObject\",\"inLanguage\":\"sv-SE\",\"@id\":\"https:\/\/ethnica.style\/sv\/product\/bordo-baktus-halsduk\/#primaryimage\",\"url\":\"https:\/\/ethnica.style\/wp-content\/uploads\/2025\/08\/IMG_0284-0-scaled-1.jpg\",\"contentUrl\":\"https:\/\/ethnica.style\/wp-content\/uploads\/2025\/08\/IMG_0284-0-scaled-1.jpg\",\"width\":1600,\"height\":2400,\"caption\":\"Bordo Baktus Scarf\"},{\"@type\":\"BreadcrumbList\",\"@id\":\"https:\/\/ethnica.style\/sv\/product\/bordo-baktus-halsduk\/#breadcrumb\",\"itemListElement\":[{\"@type\":\"ListItem\",\"position\":1,\"name\":\"Home\",\"item\":\"https:\/\/ethnica.style\/sv\/\"},{\"@type\":\"ListItem\",\"position\":2,\"name\":\"Butik\",\"item\":\"https:\/\/ethnica.style\/sv\/butik\/\"},{\"@type\":\"ListItem\",\"position\":3,\"name\":\"Bordo Baktus Halsduk\"}]},{\"@type\":\"WebSite\",\"@id\":\"https:\/\/ethnica.style\/sv\/#website\",\"url\":\"https:\/\/ethnica.style\/sv\/\",\"name\":\"Ethnica Style\",\"description\":\"\",\"publisher\":{\"@id\":\"https:\/\/ethnica.style\/sv\/#organization\"},\"potentialAction\":[{\"@type\":\"SearchAction\",\"target\":{\"@type\":\"EntryPoint\",\"urlTemplate\":\"https:\/\/ethnica.style\/sv\/?s={search_term_string}\"},\"query-input\":{\"@type\":\"PropertyValueSpecification\",\"valueRequired\":true,\"valueName\":\"search_term_string\"}}],\"inLanguage\":\"sv-SE\"},{\"@type\":\"Organization\",\"@id\":\"https:\/\/ethnica.style\/sv\/#organization\",\"name\":\"Ethnica Style\",\"url\":\"https:\/\/ethnica.style\/sv\/\",\"logo\":{\"@type\":\"ImageObject\",\"inLanguage\":\"sv-SE\",\"@id\":\"https:\/\/ethnica.style\/sv\/#\/schema\/logo\/image\/\",\"url\":\"https:\/\/ethnica.style\/wp-content\/uploads\/2024\/10\/group-5-1.svg\",\"contentUrl\":\"https:\/\/ethnica.style\/wp-content\/uploads\/2024\/10\/group-5-1.svg\",\"width\":1,\"height\":1,\"caption\":\"Ethnica Style\"},\"image\":{\"@id\":\"https:\/\/ethnica.style\/sv\/#\/schema\/logo\/image\/\"}}]}<\/script>\n<!-- \/ Yoast SEO plugin. -->","yoast_head_json":{"title":"Bordo Baktus Halsduk","description":"Svep in dig i elegans med Bordo Baktus Scarf, handgjord av kid mohair och siden. Detta lyxiga tillbeh\u00f6r ger v\u00e4rme, stil och en dj\u00e4rv touch.","robots":{"index":"index","follow":"follow","max-snippet":"max-snippet:-1","max-image-preview":"max-image-preview:large","max-video-preview":"max-video-preview:-1"},"canonical":"https:\/\/ethnica.style\/sv\/product\/bordo-baktus-halsduk\/","og_locale":"sv_SE","og_type":"article","og_title":"Bordo Baktus Halsduk","og_description":"Svep in dig i elegans med Bordo Baktus Scarf, handgjord av kid mohair och siden. Detta lyxiga tillbeh\u00f6r ger v\u00e4rme, stil och en dj\u00e4rv touch.","og_url":"https:\/\/ethnica.style\/sv\/product\/bordo-baktus-halsduk\/","og_site_name":"Ethnica Style","article_modified_time":"2025-09-03T11:55:32+00:00","og_image":[{"width":1600,"height":2400,"url":"https:\/\/ethnica.style\/wp-content\/uploads\/2025\/08\/IMG_0284-0-scaled-1.jpg","type":"image\/jpeg"}],"twitter_card":"summary_large_image","twitter_misc":{"Ber\u00e4knad l\u00e4stid":"1 minut"},"schema":{"@context":"https:\/\/schema.org","@graph":[{"@type":"WebPage","@id":"https:\/\/ethnica.style\/sv\/product\/bordo-baktus-halsduk\/","url":"https:\/\/ethnica.style\/sv\/product\/bordo-baktus-halsduk\/","name":"Bordo Baktus Halsduk","isPartOf":{"@id":"https:\/\/ethnica.style\/sv\/#website"},"primaryImageOfPage":{"@id":"https:\/\/ethnica.style\/sv\/product\/bordo-baktus-halsduk\/#primaryimage"},"image":{"@id":"https:\/\/ethnica.style\/sv\/product\/bordo-baktus-halsduk\/#primaryimage"},"thumbnailUrl":"https:\/\/ethnica.style\/wp-content\/uploads\/2025\/08\/IMG_0284-0-scaled-1.jpg","datePublished":"2025-08-06T08:52:37+00:00","dateModified":"2025-09-03T11:55:32+00:00","description":"Svep in dig i elegans med Bordo Baktus Scarf, handgjord av kid mohair och siden. Detta lyxiga tillbeh\u00f6r ger v\u00e4rme, stil och en dj\u00e4rv touch.","breadcrumb":{"@id":"https:\/\/ethnica.style\/sv\/product\/bordo-baktus-halsduk\/#breadcrumb"},"inLanguage":"sv-SE","potentialAction":[{"@type":"ReadAction","target":["https:\/\/ethnica.style\/sv\/product\/bordo-baktus-halsduk\/"]}]},{"@type":"ImageObject","inLanguage":"sv-SE","@id":"https:\/\/ethnica.style\/sv\/product\/bordo-baktus-halsduk\/#primaryimage","url":"https:\/\/ethnica.style\/wp-content\/uploads\/2025\/08\/IMG_0284-0-scaled-1.jpg","contentUrl":"https:\/\/ethnica.style\/wp-content\/uploads\/2025\/08\/IMG_0284-0-scaled-1.jpg","width":1600,"height":2400,"caption":"Bordo Baktus Scarf"},{"@type":"BreadcrumbList","@id":"https:\/\/ethnica.style\/sv\/product\/bordo-baktus-halsduk\/#breadcrumb","itemListElement":[{"@type":"ListItem","position":1,"name":"Home","item":"https:\/\/ethnica.style\/sv\/"},{"@type":"ListItem","position":2,"name":"Butik","item":"https:\/\/ethnica.style\/sv\/butik\/"},{"@type":"ListItem","position":3,"name":"Bordo Baktus Halsduk"}]},{"@type":"WebSite","@id":"https:\/\/ethnica.style\/sv\/#website","url":"https:\/\/ethnica.style\/sv\/","name":"Ethnica Style","description":"","publisher":{"@id":"https:\/\/ethnica.style\/sv\/#organization"},"potentialAction":[{"@type":"SearchAction","target":{"@type":"EntryPoint","urlTemplate":"https:\/\/ethnica.style\/sv\/?s={search_term_string}"},"query-input":{"@type":"PropertyValueSpecification","valueRequired":true,"valueName":"search_term_string"}}],"inLanguage":"sv-SE"},{"@type":"Organization","@id":"https:\/\/ethnica.style\/sv\/#organization","name":"Ethnica Style","url":"https:\/\/ethnica.style\/sv\/","logo":{"@type":"ImageObject","inLanguage":"sv-SE","@id":"https:\/\/ethnica.style\/sv\/#\/schema\/logo\/image\/","url":"https:\/\/ethnica.style\/wp-content\/uploads\/2024\/10\/group-5-1.svg","contentUrl":"https:\/\/ethnica.style\/wp-content\/uploads\/2024\/10\/group-5-1.svg","width":1,"height":1,"caption":"Ethnica Style"},"image":{"@id":"https:\/\/ethnica.style\/sv\/#\/schema\/logo\/image\/"}}]}},"_links":{"self":[{"href":"https:\/\/ethnica.style\/sv\/wp-json\/wp\/v2\/product\/2733","targetHints":{"allow":["GET"]}}],"collection":[{"href":"https:\/\/ethnica.style\/sv\/wp-json\/wp\/v2\/product"}],"about":[{"href":"https:\/\/ethnica.style\/sv\/wp-json\/wp\/v2\/types\/product"}],"replies":[{"embeddable":true,"href":"https:\/\/ethnica.style\/sv\/wp-json\/wp\/v2\/comments?post=2733"}],"wp:featuredmedia":[{"embeddable":true,"href":"https:\/\/ethnica.style\/sv\/wp-json\/wp\/v2\/media\/2734"}],"wp:attachment":[{"href":"https:\/\/ethnica.style\/sv\/wp-json\/wp\/v2\/media?parent=2733"}],"wp:term":[{"taxonomy":"product_brand","embeddable":true,"href":"https:\/\/ethnica.style\/sv\/wp-json\/wp\/v2\/product_brand?post=2733"},{"taxonomy":"product_cat","embeddable":true,"href":"https:\/\/ethnica.style\/sv\/wp-json\/wp\/v2\/product_cat?post=2733"},{"taxonomy":"product_tag","embeddable":true,"href":"https:\/\/ethnica.style\/sv\/wp-json\/wp\/v2\/product_tag?post=2733"}],"curies":[{"name":"wp","href":"https:\/\/api.w.org\/{rel}","templated":true}]}}