{"id":2749,"date":"2025-08-06T08:55:13","date_gmt":"2025-08-06T08:55:13","guid":{"rendered":"https:\/\/ethnica.style\/product\/lugovi-koni-kimono\/"},"modified":"2025-09-03T11:54:36","modified_gmt":"2025-09-03T11:54:36","slug":"lugovi-koni-kimono","status":"publish","type":"product","link":"https:\/\/ethnica.style\/sv\/product\/lugovi-koni-kimono\/","title":{"rendered":"Lugovi Koni Kimono"},"content":{"rendered":"<p data-start=\"408\" data-end=\"750\">Vi presenterar <strong data-start=\"424\" data-end=\"446\">Lugovi Koni Kimono<\/strong> \u2013 en helt unik sommaraccessoar som \u00e4r utformad f\u00f6r att lyfta din outfit med enkel elegans. Det h\u00e4r <a href=\"https:\/\/ethnica.style\/sv\/\">l\u00e4tta plagget<\/a> \u00e4r tillverkat av naturligt linne som andas och ligger vackert \u00f6ver kl\u00e4nningar, toppar eller till och med badkl\u00e4der. Den enkla silhuetten passar b\u00e5de till avslappnade och eleganta tillf\u00e4llen och ger dig en raffinerad touch vart du \u00e4n g\u00e5r.  <\/p>\n<p data-start=\"752\" data-end=\"922\">Kimonon har distinkt skurna \u00e4rmar som skapar flytande <a href=\"https:\/\/en.wikipedia.org\/wiki\/Sweden\">r\u00f6relse<\/a> och en mjuk, feminin form. Ett matchande linneband knyts framtill och f\u00f6rst\u00e4rker den avslappnade passformen. <\/p>\n<p data-start=\"924\" data-end=\"1214\">Det som skiljer denna kimono \u00e5t \u00e4r det uts\u00f6kta broderiet p\u00e5 \u00e4rmarna. Graci\u00f6sa vita h\u00e4star, sydda i halvsilkestr\u00e5dar, symboliserar styrka, frihet och diskret elegans. Dessa genomt\u00e4nkta detaljer g\u00f6r <strong data-start=\"1139\" data-end=\"1161\">Lugovi Koni Kimono<\/strong> till ett b\u00e4rbart uttryck f\u00f6r konstn\u00e4rlighet och individualitet.  <\/p>\n<p data-start=\"1216\" data-end=\"1279\">Notera: Modellerna \u00e4r 164 cm och 165 cm l\u00e5nga, b\u00e5da b\u00e4r storlek S-M.<\/p>\n","protected":false},"excerpt":{"rendered":"<p>Vi presenterar Lugovi Koni Kimono \u2013 en helt unik sommaraccessoar som \u00e4r utformad f\u00f6r att lyfta din outfit med enkel elegans. Det h\u00e4r l\u00e4tta plagget \u00e4r tillverkat av naturligt linne som andas och ligger vackert \u00f6ver kl\u00e4nningar, toppar eller till och med badkl\u00e4der. Den enkla silhuetten passar b\u00e5de till avslappnade och eleganta tillf\u00e4llen och ger [&#8230;]\n","protected":false},"featured_media":3823,"comment_status":"open","ping_status":"closed","template":"","meta":{"_acf_changed":false},"product_brand":[],"product_cat":[114,90],"product_tag":[],"class_list":{"0":"post-2749","1":"product","2":"type-product","3":"status-publish","4":"has-post-thumbnail","6":"product_cat-kimonos-sv","7":"product_cat-kvinnor","9":"first","10":"instock","11":"taxable","12":"shipping-taxable","13":"purchasable","14":"product-type-variable"},"acf":[],"yoast_head":"<!-- This site is optimized with the Yoast SEO plugin v26.6 - https:\/\/yoast.com\/wordpress\/plugins\/seo\/ -->\n<title>Lugovi Koni Kimono - Ethnica Style Lugovi Koni Kimono<\/title>\n<meta name=\"description\" content=\"Uppt\u00e4ck Lugovi Koni Kimono \u2013 tillverkad av naturligt linne med konstn\u00e4rliga h\u00e4stbroderier. Ett graci\u00f6st, l\u00e4tt lager f\u00f6r alla sommaroutfits.\" \/>\n<meta name=\"robots\" content=\"index, follow, max-snippet:-1, max-image-preview:large, max-video-preview:-1\" \/>\n<link rel=\"canonical\" href=\"https:\/\/ethnica.style\/sv\/product\/lugovi-koni-kimono\/\" \/>\n<meta property=\"og:locale\" content=\"sv_SE\" \/>\n<meta property=\"og:type\" content=\"article\" \/>\n<meta property=\"og:title\" content=\"Lugovi Koni Kimono - Ethnica Style Lugovi Koni Kimono\" \/>\n<meta property=\"og:description\" content=\"Uppt\u00e4ck Lugovi Koni Kimono \u2013 tillverkad av naturligt linne med konstn\u00e4rliga h\u00e4stbroderier. Ett graci\u00f6st, l\u00e4tt lager f\u00f6r alla sommaroutfits.\" \/>\n<meta property=\"og:url\" content=\"https:\/\/ethnica.style\/sv\/product\/lugovi-koni-kimono\/\" \/>\n<meta property=\"og:site_name\" content=\"Ethnica Style\" \/>\n<meta property=\"article:modified_time\" content=\"2025-09-03T11:54:36+00:00\" \/>\n<meta property=\"og:image\" content=\"https:\/\/ethnica.style\/wp-content\/uploads\/2025\/08\/068-2-scaled.jpg\" \/>\n\t<meta property=\"og:image:width\" content=\"1705\" \/>\n\t<meta property=\"og:image:height\" content=\"2560\" \/>\n\t<meta property=\"og:image:type\" content=\"image\/jpeg\" \/>\n<meta name=\"twitter:card\" content=\"summary_large_image\" \/>\n<meta name=\"twitter:label1\" content=\"Ber\u00e4knad l\u00e4stid\" \/>\n\t<meta name=\"twitter:data1\" content=\"1 minut\" \/>\n<script type=\"application\/ld+json\" class=\"yoast-schema-graph\">{\"@context\":\"https:\/\/schema.org\",\"@graph\":[{\"@type\":\"WebPage\",\"@id\":\"https:\/\/ethnica.style\/sv\/product\/lugovi-koni-kimono\/\",\"url\":\"https:\/\/ethnica.style\/sv\/product\/lugovi-koni-kimono\/\",\"name\":\"Lugovi Koni Kimono - Ethnica Style Lugovi Koni Kimono\",\"isPartOf\":{\"@id\":\"https:\/\/ethnica.style\/sv\/#website\"},\"primaryImageOfPage\":{\"@id\":\"https:\/\/ethnica.style\/sv\/product\/lugovi-koni-kimono\/#primaryimage\"},\"image\":{\"@id\":\"https:\/\/ethnica.style\/sv\/product\/lugovi-koni-kimono\/#primaryimage\"},\"thumbnailUrl\":\"https:\/\/ethnica.style\/wp-content\/uploads\/2025\/08\/068-2-scaled.jpg\",\"datePublished\":\"2025-08-06T08:55:13+00:00\",\"dateModified\":\"2025-09-03T11:54:36+00:00\",\"description\":\"Uppt\u00e4ck Lugovi Koni Kimono \u2013 tillverkad av naturligt linne med konstn\u00e4rliga h\u00e4stbroderier. Ett graci\u00f6st, l\u00e4tt lager f\u00f6r alla sommaroutfits.\",\"breadcrumb\":{\"@id\":\"https:\/\/ethnica.style\/sv\/product\/lugovi-koni-kimono\/#breadcrumb\"},\"inLanguage\":\"sv-SE\",\"potentialAction\":[{\"@type\":\"ReadAction\",\"target\":[\"https:\/\/ethnica.style\/sv\/product\/lugovi-koni-kimono\/\"]}]},{\"@type\":\"ImageObject\",\"inLanguage\":\"sv-SE\",\"@id\":\"https:\/\/ethnica.style\/sv\/product\/lugovi-koni-kimono\/#primaryimage\",\"url\":\"https:\/\/ethnica.style\/wp-content\/uploads\/2025\/08\/068-2-scaled.jpg\",\"contentUrl\":\"https:\/\/ethnica.style\/wp-content\/uploads\/2025\/08\/068-2-scaled.jpg\",\"width\":1705,\"height\":2560,\"caption\":\"Lugovi Koni Kimono 1\"},{\"@type\":\"BreadcrumbList\",\"@id\":\"https:\/\/ethnica.style\/sv\/product\/lugovi-koni-kimono\/#breadcrumb\",\"itemListElement\":[{\"@type\":\"ListItem\",\"position\":1,\"name\":\"Home\",\"item\":\"https:\/\/ethnica.style\/sv\/\"},{\"@type\":\"ListItem\",\"position\":2,\"name\":\"Butik\",\"item\":\"https:\/\/ethnica.style\/sv\/butik\/\"},{\"@type\":\"ListItem\",\"position\":3,\"name\":\"Lugovi Koni Kimono\"}]},{\"@type\":\"WebSite\",\"@id\":\"https:\/\/ethnica.style\/sv\/#website\",\"url\":\"https:\/\/ethnica.style\/sv\/\",\"name\":\"Ethnica Style\",\"description\":\"\",\"publisher\":{\"@id\":\"https:\/\/ethnica.style\/sv\/#organization\"},\"potentialAction\":[{\"@type\":\"SearchAction\",\"target\":{\"@type\":\"EntryPoint\",\"urlTemplate\":\"https:\/\/ethnica.style\/sv\/?s={search_term_string}\"},\"query-input\":{\"@type\":\"PropertyValueSpecification\",\"valueRequired\":true,\"valueName\":\"search_term_string\"}}],\"inLanguage\":\"sv-SE\"},{\"@type\":\"Organization\",\"@id\":\"https:\/\/ethnica.style\/sv\/#organization\",\"name\":\"Ethnica Style\",\"url\":\"https:\/\/ethnica.style\/sv\/\",\"logo\":{\"@type\":\"ImageObject\",\"inLanguage\":\"sv-SE\",\"@id\":\"https:\/\/ethnica.style\/sv\/#\/schema\/logo\/image\/\",\"url\":\"https:\/\/ethnica.style\/wp-content\/uploads\/2024\/10\/group-5-1.svg\",\"contentUrl\":\"https:\/\/ethnica.style\/wp-content\/uploads\/2024\/10\/group-5-1.svg\",\"width\":1,\"height\":1,\"caption\":\"Ethnica Style\"},\"image\":{\"@id\":\"https:\/\/ethnica.style\/sv\/#\/schema\/logo\/image\/\"}}]}<\/script>\n<!-- \/ Yoast SEO plugin. -->","yoast_head_json":{"title":"Lugovi Koni Kimono - Ethnica Style Lugovi Koni Kimono","description":"Uppt\u00e4ck Lugovi Koni Kimono \u2013 tillverkad av naturligt linne med konstn\u00e4rliga h\u00e4stbroderier. Ett graci\u00f6st, l\u00e4tt lager f\u00f6r alla sommaroutfits.","robots":{"index":"index","follow":"follow","max-snippet":"max-snippet:-1","max-image-preview":"max-image-preview:large","max-video-preview":"max-video-preview:-1"},"canonical":"https:\/\/ethnica.style\/sv\/product\/lugovi-koni-kimono\/","og_locale":"sv_SE","og_type":"article","og_title":"Lugovi Koni Kimono - Ethnica Style Lugovi Koni Kimono","og_description":"Uppt\u00e4ck Lugovi Koni Kimono \u2013 tillverkad av naturligt linne med konstn\u00e4rliga h\u00e4stbroderier. Ett graci\u00f6st, l\u00e4tt lager f\u00f6r alla sommaroutfits.","og_url":"https:\/\/ethnica.style\/sv\/product\/lugovi-koni-kimono\/","og_site_name":"Ethnica Style","article_modified_time":"2025-09-03T11:54:36+00:00","og_image":[{"width":1705,"height":2560,"url":"https:\/\/ethnica.style\/wp-content\/uploads\/2025\/08\/068-2-scaled.jpg","type":"image\/jpeg"}],"twitter_card":"summary_large_image","twitter_misc":{"Ber\u00e4knad l\u00e4stid":"1 minut"},"schema":{"@context":"https:\/\/schema.org","@graph":[{"@type":"WebPage","@id":"https:\/\/ethnica.style\/sv\/product\/lugovi-koni-kimono\/","url":"https:\/\/ethnica.style\/sv\/product\/lugovi-koni-kimono\/","name":"Lugovi Koni Kimono - Ethnica Style Lugovi Koni Kimono","isPartOf":{"@id":"https:\/\/ethnica.style\/sv\/#website"},"primaryImageOfPage":{"@id":"https:\/\/ethnica.style\/sv\/product\/lugovi-koni-kimono\/#primaryimage"},"image":{"@id":"https:\/\/ethnica.style\/sv\/product\/lugovi-koni-kimono\/#primaryimage"},"thumbnailUrl":"https:\/\/ethnica.style\/wp-content\/uploads\/2025\/08\/068-2-scaled.jpg","datePublished":"2025-08-06T08:55:13+00:00","dateModified":"2025-09-03T11:54:36+00:00","description":"Uppt\u00e4ck Lugovi Koni Kimono \u2013 tillverkad av naturligt linne med konstn\u00e4rliga h\u00e4stbroderier. Ett graci\u00f6st, l\u00e4tt lager f\u00f6r alla sommaroutfits.","breadcrumb":{"@id":"https:\/\/ethnica.style\/sv\/product\/lugovi-koni-kimono\/#breadcrumb"},"inLanguage":"sv-SE","potentialAction":[{"@type":"ReadAction","target":["https:\/\/ethnica.style\/sv\/product\/lugovi-koni-kimono\/"]}]},{"@type":"ImageObject","inLanguage":"sv-SE","@id":"https:\/\/ethnica.style\/sv\/product\/lugovi-koni-kimono\/#primaryimage","url":"https:\/\/ethnica.style\/wp-content\/uploads\/2025\/08\/068-2-scaled.jpg","contentUrl":"https:\/\/ethnica.style\/wp-content\/uploads\/2025\/08\/068-2-scaled.jpg","width":1705,"height":2560,"caption":"Lugovi Koni Kimono 1"},{"@type":"BreadcrumbList","@id":"https:\/\/ethnica.style\/sv\/product\/lugovi-koni-kimono\/#breadcrumb","itemListElement":[{"@type":"ListItem","position":1,"name":"Home","item":"https:\/\/ethnica.style\/sv\/"},{"@type":"ListItem","position":2,"name":"Butik","item":"https:\/\/ethnica.style\/sv\/butik\/"},{"@type":"ListItem","position":3,"name":"Lugovi Koni Kimono"}]},{"@type":"WebSite","@id":"https:\/\/ethnica.style\/sv\/#website","url":"https:\/\/ethnica.style\/sv\/","name":"Ethnica Style","description":"","publisher":{"@id":"https:\/\/ethnica.style\/sv\/#organization"},"potentialAction":[{"@type":"SearchAction","target":{"@type":"EntryPoint","urlTemplate":"https:\/\/ethnica.style\/sv\/?s={search_term_string}"},"query-input":{"@type":"PropertyValueSpecification","valueRequired":true,"valueName":"search_term_string"}}],"inLanguage":"sv-SE"},{"@type":"Organization","@id":"https:\/\/ethnica.style\/sv\/#organization","name":"Ethnica Style","url":"https:\/\/ethnica.style\/sv\/","logo":{"@type":"ImageObject","inLanguage":"sv-SE","@id":"https:\/\/ethnica.style\/sv\/#\/schema\/logo\/image\/","url":"https:\/\/ethnica.style\/wp-content\/uploads\/2024\/10\/group-5-1.svg","contentUrl":"https:\/\/ethnica.style\/wp-content\/uploads\/2024\/10\/group-5-1.svg","width":1,"height":1,"caption":"Ethnica Style"},"image":{"@id":"https:\/\/ethnica.style\/sv\/#\/schema\/logo\/image\/"}}]}},"_links":{"self":[{"href":"https:\/\/ethnica.style\/sv\/wp-json\/wp\/v2\/product\/2749","targetHints":{"allow":["GET"]}}],"collection":[{"href":"https:\/\/ethnica.style\/sv\/wp-json\/wp\/v2\/product"}],"about":[{"href":"https:\/\/ethnica.style\/sv\/wp-json\/wp\/v2\/types\/product"}],"replies":[{"embeddable":true,"href":"https:\/\/ethnica.style\/sv\/wp-json\/wp\/v2\/comments?post=2749"}],"wp:featuredmedia":[{"embeddable":true,"href":"https:\/\/ethnica.style\/sv\/wp-json\/wp\/v2\/media\/3823"}],"wp:attachment":[{"href":"https:\/\/ethnica.style\/sv\/wp-json\/wp\/v2\/media?parent=2749"}],"wp:term":[{"taxonomy":"product_brand","embeddable":true,"href":"https:\/\/ethnica.style\/sv\/wp-json\/wp\/v2\/product_brand?post=2749"},{"taxonomy":"product_cat","embeddable":true,"href":"https:\/\/ethnica.style\/sv\/wp-json\/wp\/v2\/product_cat?post=2749"},{"taxonomy":"product_tag","embeddable":true,"href":"https:\/\/ethnica.style\/sv\/wp-json\/wp\/v2\/product_tag?post=2749"}],"curies":[{"name":"wp","href":"https:\/\/api.w.org\/{rel}","templated":true}]}}