{"id":2790,"date":"2025-08-06T08:49:06","date_gmt":"2025-08-06T08:49:06","guid":{"rendered":"https:\/\/ethnica.style\/product\/mavka-klanning\/"},"modified":"2025-09-03T11:03:01","modified_gmt":"2025-09-03T11:03:01","slug":"mavka-klanning","status":"publish","type":"product","link":"https:\/\/ethnica.style\/sv\/product\/mavka-klanning\/","title":{"rendered":"Mavka Kl\u00e4nning"},"content":{"rendered":"<div class=\"flex flex-grow flex-col max-w-full\">\n<div class=\"min-h-[20px] text-message flex flex-col items-start whitespace-pre-wrap break-words [.text-message+&amp;]:mt-5 juice:w-full juice:items-end overflow-x-auto gap-2\" dir=\"auto\" data-message-author-role=\"assistant\" data-message-id=\"eefe392d-cbdd-4b60-81c8-20f3fa4468f7\">\n<div class=\"flex w-full flex-col gap-1 juice:empty:hidden juice:first:pt-[3px]\">\n<div class=\"markdown prose w-full break-words dark:prose-invert light\">\n<p data-start=\"266\" data-end=\"584\"><strong data-start=\"270\" data-end=\"285\">Mavka-kl\u00e4nningen<\/strong> \u00e4r en kundfavorit som blandar modernt mode med ett rikt etniskt arv. Den \u00e4r designad av samtida etnodesigners och sammanf\u00f6r traditionella element och minimalistisk stil f\u00f6r att skapa ett verkligt unikt f\u00f6rem\u00e5l. Den h\u00e4r kl\u00e4nningen \u00e4r perfekt f\u00f6r avslappnade utflykter <a href=\"https:\/\/ethnica.style\/sv\/\">samtidigt som<\/a> den g\u00f6r ett sofistikerat uttalande.  <\/p>\n<p data-start=\"586\" data-end=\"845\"><strong data-start=\"615\" data-end=\"630\">Mavka Dress<\/strong> \u00e4r tillverkad av 100 % linne och k\u00e4nns l\u00e4tt och andningsbar &#8211; perfekt f\u00f6r varma dagar och lager-p\u00e5-lager-looks. Dess design har en genomt\u00e4nkt kombination av applicerings- och broderitekniker, vilket ger textur och djup utan att \u00f6verv\u00e4ldiga silhuetten. <\/p>\n<p data-start=\"847\" data-end=\"1002\">Modellen \u00e4r 165 cm l\u00e5ng och b\u00e4r storlek S. Om du <a href=\"https:\/\/en.wikipedia.org\/wiki\/Sweden\">beh\u00f6ver<\/a> f\u00f6rtydliganden om storlekar kan du kontakta v\u00e5ra chefer \u2013 vi hj\u00e4lper dig g\u00e4rna att hitta den perfekta passformen.<\/p>\n<\/div>\n<\/div>\n<\/div>\n<\/div>\n","protected":false},"excerpt":{"rendered":"<p>Mavka-kl\u00e4nningen \u00e4r en kundfavorit som blandar modernt mode med ett rikt etniskt arv. Den \u00e4r designad av samtida etnodesigners och sammanf\u00f6r traditionella element och minimalistisk stil f\u00f6r att skapa ett verkligt unikt f\u00f6rem\u00e5l. Den h\u00e4r kl\u00e4nningen \u00e4r perfekt f\u00f6r avslappnade utflykter samtidigt som den g\u00f6r ett sofistikerat uttalande. Mavka Dress \u00e4r tillverkad av 100 % [&#8230;]\n","protected":false},"featured_media":2792,"comment_status":"open","ping_status":"closed","template":"","meta":{"_acf_changed":false},"product_brand":[],"product_cat":[98,90],"product_tag":[],"class_list":{"0":"post-2790","1":"product","2":"type-product","3":"status-publish","4":"has-post-thumbnail","6":"product_cat-klanningar","7":"product_cat-kvinnor","9":"first","10":"instock","11":"taxable","12":"shipping-taxable","13":"purchasable","14":"product-type-variable"},"acf":[],"yoast_head":"<!-- This site is optimized with the Yoast SEO plugin v26.6 - https:\/\/yoast.com\/wordpress\/plugins\/seo\/ -->\n<title>Mavka Kl\u00e4nning<\/title>\n<meta name=\"description\" content=\"Uppt\u00e4ck Mavka-kl\u00e4nningen \u2013 tillverkad av 100 % linne med etniska broderier. En modern men \u00e4nd\u00e5 traditionell design perfekt f\u00f6r avslappnade, snygga vardagskl\u00e4der.\" \/>\n<meta name=\"robots\" content=\"index, follow, max-snippet:-1, max-image-preview:large, max-video-preview:-1\" \/>\n<link rel=\"canonical\" href=\"https:\/\/ethnica.style\/sv\/product\/mavka-klanning\/\" \/>\n<meta property=\"og:locale\" content=\"sv_SE\" \/>\n<meta property=\"og:type\" content=\"article\" \/>\n<meta property=\"og:title\" content=\"Mavka Kl\u00e4nning\" \/>\n<meta property=\"og:description\" content=\"Uppt\u00e4ck Mavka-kl\u00e4nningen \u2013 tillverkad av 100 % linne med etniska broderier. En modern men \u00e4nd\u00e5 traditionell design perfekt f\u00f6r avslappnade, snygga vardagskl\u00e4der.\" \/>\n<meta property=\"og:url\" content=\"https:\/\/ethnica.style\/sv\/product\/mavka-klanning\/\" \/>\n<meta property=\"og:site_name\" content=\"Ethnica Style\" \/>\n<meta property=\"article:modified_time\" content=\"2025-09-03T11:03:01+00:00\" \/>\n<meta property=\"og:image\" content=\"https:\/\/ethnica.style\/wp-content\/uploads\/2025\/08\/mavka-dress-02.jpg\" \/>\n\t<meta property=\"og:image:width\" content=\"800\" \/>\n\t<meta property=\"og:image:height\" content=\"1200\" \/>\n\t<meta property=\"og:image:type\" content=\"image\/jpeg\" \/>\n<meta name=\"twitter:card\" content=\"summary_large_image\" \/>\n<meta name=\"twitter:label1\" content=\"Ber\u00e4knad l\u00e4stid\" \/>\n\t<meta name=\"twitter:data1\" content=\"1 minut\" \/>\n<script type=\"application\/ld+json\" class=\"yoast-schema-graph\">{\"@context\":\"https:\/\/schema.org\",\"@graph\":[{\"@type\":\"WebPage\",\"@id\":\"https:\/\/ethnica.style\/sv\/product\/mavka-klanning\/\",\"url\":\"https:\/\/ethnica.style\/sv\/product\/mavka-klanning\/\",\"name\":\"Mavka Kl\u00e4nning\",\"isPartOf\":{\"@id\":\"https:\/\/ethnica.style\/sv\/#website\"},\"primaryImageOfPage\":{\"@id\":\"https:\/\/ethnica.style\/sv\/product\/mavka-klanning\/#primaryimage\"},\"image\":{\"@id\":\"https:\/\/ethnica.style\/sv\/product\/mavka-klanning\/#primaryimage\"},\"thumbnailUrl\":\"https:\/\/ethnica.style\/wp-content\/uploads\/2025\/08\/mavka-dress-02.jpg\",\"datePublished\":\"2025-08-06T08:49:06+00:00\",\"dateModified\":\"2025-09-03T11:03:01+00:00\",\"description\":\"Uppt\u00e4ck Mavka-kl\u00e4nningen \u2013 tillverkad av 100 % linne med etniska broderier. En modern men \u00e4nd\u00e5 traditionell design perfekt f\u00f6r avslappnade, snygga vardagskl\u00e4der.\",\"breadcrumb\":{\"@id\":\"https:\/\/ethnica.style\/sv\/product\/mavka-klanning\/#breadcrumb\"},\"inLanguage\":\"sv-SE\",\"potentialAction\":[{\"@type\":\"ReadAction\",\"target\":[\"https:\/\/ethnica.style\/sv\/product\/mavka-klanning\/\"]}]},{\"@type\":\"ImageObject\",\"inLanguage\":\"sv-SE\",\"@id\":\"https:\/\/ethnica.style\/sv\/product\/mavka-klanning\/#primaryimage\",\"url\":\"https:\/\/ethnica.style\/wp-content\/uploads\/2025\/08\/mavka-dress-02.jpg\",\"contentUrl\":\"https:\/\/ethnica.style\/wp-content\/uploads\/2025\/08\/mavka-dress-02.jpg\",\"width\":800,\"height\":1200,\"caption\":\"mavka-dress-02.jpg\"},{\"@type\":\"BreadcrumbList\",\"@id\":\"https:\/\/ethnica.style\/sv\/product\/mavka-klanning\/#breadcrumb\",\"itemListElement\":[{\"@type\":\"ListItem\",\"position\":1,\"name\":\"Home\",\"item\":\"https:\/\/ethnica.style\/sv\/\"},{\"@type\":\"ListItem\",\"position\":2,\"name\":\"Butik\",\"item\":\"https:\/\/ethnica.style\/sv\/butik\/\"},{\"@type\":\"ListItem\",\"position\":3,\"name\":\"Mavka Kl\u00e4nning\"}]},{\"@type\":\"WebSite\",\"@id\":\"https:\/\/ethnica.style\/sv\/#website\",\"url\":\"https:\/\/ethnica.style\/sv\/\",\"name\":\"Ethnica Style\",\"description\":\"\",\"publisher\":{\"@id\":\"https:\/\/ethnica.style\/sv\/#organization\"},\"potentialAction\":[{\"@type\":\"SearchAction\",\"target\":{\"@type\":\"EntryPoint\",\"urlTemplate\":\"https:\/\/ethnica.style\/sv\/?s={search_term_string}\"},\"query-input\":{\"@type\":\"PropertyValueSpecification\",\"valueRequired\":true,\"valueName\":\"search_term_string\"}}],\"inLanguage\":\"sv-SE\"},{\"@type\":\"Organization\",\"@id\":\"https:\/\/ethnica.style\/sv\/#organization\",\"name\":\"Ethnica Style\",\"url\":\"https:\/\/ethnica.style\/sv\/\",\"logo\":{\"@type\":\"ImageObject\",\"inLanguage\":\"sv-SE\",\"@id\":\"https:\/\/ethnica.style\/sv\/#\/schema\/logo\/image\/\",\"url\":\"https:\/\/ethnica.style\/wp-content\/uploads\/2024\/10\/group-5-1.svg\",\"contentUrl\":\"https:\/\/ethnica.style\/wp-content\/uploads\/2024\/10\/group-5-1.svg\",\"width\":1,\"height\":1,\"caption\":\"Ethnica Style\"},\"image\":{\"@id\":\"https:\/\/ethnica.style\/sv\/#\/schema\/logo\/image\/\"}}]}<\/script>\n<!-- \/ Yoast SEO plugin. -->","yoast_head_json":{"title":"Mavka Kl\u00e4nning","description":"Uppt\u00e4ck Mavka-kl\u00e4nningen \u2013 tillverkad av 100 % linne med etniska broderier. En modern men \u00e4nd\u00e5 traditionell design perfekt f\u00f6r avslappnade, snygga vardagskl\u00e4der.","robots":{"index":"index","follow":"follow","max-snippet":"max-snippet:-1","max-image-preview":"max-image-preview:large","max-video-preview":"max-video-preview:-1"},"canonical":"https:\/\/ethnica.style\/sv\/product\/mavka-klanning\/","og_locale":"sv_SE","og_type":"article","og_title":"Mavka Kl\u00e4nning","og_description":"Uppt\u00e4ck Mavka-kl\u00e4nningen \u2013 tillverkad av 100 % linne med etniska broderier. En modern men \u00e4nd\u00e5 traditionell design perfekt f\u00f6r avslappnade, snygga vardagskl\u00e4der.","og_url":"https:\/\/ethnica.style\/sv\/product\/mavka-klanning\/","og_site_name":"Ethnica Style","article_modified_time":"2025-09-03T11:03:01+00:00","og_image":[{"width":800,"height":1200,"url":"https:\/\/ethnica.style\/wp-content\/uploads\/2025\/08\/mavka-dress-02.jpg","type":"image\/jpeg"}],"twitter_card":"summary_large_image","twitter_misc":{"Ber\u00e4knad l\u00e4stid":"1 minut"},"schema":{"@context":"https:\/\/schema.org","@graph":[{"@type":"WebPage","@id":"https:\/\/ethnica.style\/sv\/product\/mavka-klanning\/","url":"https:\/\/ethnica.style\/sv\/product\/mavka-klanning\/","name":"Mavka Kl\u00e4nning","isPartOf":{"@id":"https:\/\/ethnica.style\/sv\/#website"},"primaryImageOfPage":{"@id":"https:\/\/ethnica.style\/sv\/product\/mavka-klanning\/#primaryimage"},"image":{"@id":"https:\/\/ethnica.style\/sv\/product\/mavka-klanning\/#primaryimage"},"thumbnailUrl":"https:\/\/ethnica.style\/wp-content\/uploads\/2025\/08\/mavka-dress-02.jpg","datePublished":"2025-08-06T08:49:06+00:00","dateModified":"2025-09-03T11:03:01+00:00","description":"Uppt\u00e4ck Mavka-kl\u00e4nningen \u2013 tillverkad av 100 % linne med etniska broderier. En modern men \u00e4nd\u00e5 traditionell design perfekt f\u00f6r avslappnade, snygga vardagskl\u00e4der.","breadcrumb":{"@id":"https:\/\/ethnica.style\/sv\/product\/mavka-klanning\/#breadcrumb"},"inLanguage":"sv-SE","potentialAction":[{"@type":"ReadAction","target":["https:\/\/ethnica.style\/sv\/product\/mavka-klanning\/"]}]},{"@type":"ImageObject","inLanguage":"sv-SE","@id":"https:\/\/ethnica.style\/sv\/product\/mavka-klanning\/#primaryimage","url":"https:\/\/ethnica.style\/wp-content\/uploads\/2025\/08\/mavka-dress-02.jpg","contentUrl":"https:\/\/ethnica.style\/wp-content\/uploads\/2025\/08\/mavka-dress-02.jpg","width":800,"height":1200,"caption":"mavka-dress-02.jpg"},{"@type":"BreadcrumbList","@id":"https:\/\/ethnica.style\/sv\/product\/mavka-klanning\/#breadcrumb","itemListElement":[{"@type":"ListItem","position":1,"name":"Home","item":"https:\/\/ethnica.style\/sv\/"},{"@type":"ListItem","position":2,"name":"Butik","item":"https:\/\/ethnica.style\/sv\/butik\/"},{"@type":"ListItem","position":3,"name":"Mavka Kl\u00e4nning"}]},{"@type":"WebSite","@id":"https:\/\/ethnica.style\/sv\/#website","url":"https:\/\/ethnica.style\/sv\/","name":"Ethnica Style","description":"","publisher":{"@id":"https:\/\/ethnica.style\/sv\/#organization"},"potentialAction":[{"@type":"SearchAction","target":{"@type":"EntryPoint","urlTemplate":"https:\/\/ethnica.style\/sv\/?s={search_term_string}"},"query-input":{"@type":"PropertyValueSpecification","valueRequired":true,"valueName":"search_term_string"}}],"inLanguage":"sv-SE"},{"@type":"Organization","@id":"https:\/\/ethnica.style\/sv\/#organization","name":"Ethnica Style","url":"https:\/\/ethnica.style\/sv\/","logo":{"@type":"ImageObject","inLanguage":"sv-SE","@id":"https:\/\/ethnica.style\/sv\/#\/schema\/logo\/image\/","url":"https:\/\/ethnica.style\/wp-content\/uploads\/2024\/10\/group-5-1.svg","contentUrl":"https:\/\/ethnica.style\/wp-content\/uploads\/2024\/10\/group-5-1.svg","width":1,"height":1,"caption":"Ethnica Style"},"image":{"@id":"https:\/\/ethnica.style\/sv\/#\/schema\/logo\/image\/"}}]}},"_links":{"self":[{"href":"https:\/\/ethnica.style\/sv\/wp-json\/wp\/v2\/product\/2790","targetHints":{"allow":["GET"]}}],"collection":[{"href":"https:\/\/ethnica.style\/sv\/wp-json\/wp\/v2\/product"}],"about":[{"href":"https:\/\/ethnica.style\/sv\/wp-json\/wp\/v2\/types\/product"}],"replies":[{"embeddable":true,"href":"https:\/\/ethnica.style\/sv\/wp-json\/wp\/v2\/comments?post=2790"}],"wp:featuredmedia":[{"embeddable":true,"href":"https:\/\/ethnica.style\/sv\/wp-json\/wp\/v2\/media\/2792"}],"wp:attachment":[{"href":"https:\/\/ethnica.style\/sv\/wp-json\/wp\/v2\/media?parent=2790"}],"wp:term":[{"taxonomy":"product_brand","embeddable":true,"href":"https:\/\/ethnica.style\/sv\/wp-json\/wp\/v2\/product_brand?post=2790"},{"taxonomy":"product_cat","embeddable":true,"href":"https:\/\/ethnica.style\/sv\/wp-json\/wp\/v2\/product_cat?post=2790"},{"taxonomy":"product_tag","embeddable":true,"href":"https:\/\/ethnica.style\/sv\/wp-json\/wp\/v2\/product_tag?post=2790"}],"curies":[{"name":"wp","href":"https:\/\/api.w.org\/{rel}","templated":true}]}}