{"id":2791,"date":"2025-08-06T08:49:06","date_gmt":"2025-08-06T08:49:06","guid":{"rendered":"https:\/\/ethnica.style\/product\/vita-rosor-blus\/"},"modified":"2025-09-03T11:52:04","modified_gmt":"2025-09-03T11:52:04","slug":"vita-rosor-blus","status":"publish","type":"product","link":"https:\/\/ethnica.style\/sv\/product\/vita-rosor-blus\/","title":{"rendered":"Vita Rosor Blus"},"content":{"rendered":"<p data-start=\"364\" data-end=\"559\"><strong data-start=\"368\" data-end=\"390\">Blusen White Roses \u00e4r<\/strong> ett riktigt m\u00e4sterverk med traditionella blommotiv broderade med satins\u00f6m. Dess eleganta design f\u00e5ngar essensen av en elegant men \u00e4nd\u00e5 frisinnad kvinna. <\/p>\n<p data-start=\"561\" data-end=\"806\">Den h\u00e4r blusen sticker ut med en unik st\u00e5krage och <a href=\"https:\/\/ethnica.style\/sv\/\">l\u00e5nga<\/a> knytband som du kan styla p\u00e5 olika s\u00e4tt. <strong data-start=\"670\" data-end=\"692\">White Roses Blouse<\/strong> har ocks\u00e5 en <a href=\"https:\/\/en.wikipedia.org\/wiki\/Sweden\">fri<\/a> siluett och raglan\u00e4rmar, vilket ger en avslappnad men \u00e4nd\u00e5 raffinerad passform som passar m\u00e5nga tillf\u00e4llen. <\/p>\n<p data-start=\"808\" data-end=\"949\">Modellerna \u00e4r 164 och 165 cm l\u00e5nga och b\u00e4r storlek S. Om du beh\u00f6ver hj\u00e4lp med dimensionering \u00e4r du v\u00e4lkommen att kontakta oss \u2013 vi hj\u00e4lper dig g\u00e4rna.<\/p>\n","protected":false},"excerpt":{"rendered":"<p>Blusen White Roses \u00e4r ett riktigt m\u00e4sterverk med traditionella blommotiv broderade med satins\u00f6m. Dess eleganta design f\u00e5ngar essensen av en elegant men \u00e4nd\u00e5 frisinnad kvinna. Den h\u00e4r blusen sticker ut med en unik st\u00e5krage och l\u00e5nga knytband som du kan styla p\u00e5 olika s\u00e4tt. White Roses Blouse har ocks\u00e5 en fri siluett och raglan\u00e4rmar, vilket [&#8230;]\n","protected":false},"featured_media":2850,"comment_status":"open","ping_status":"closed","template":"","meta":{"_acf_changed":false},"product_brand":[],"product_cat":[106,90],"product_tag":[],"class_list":{"0":"post-2791","1":"product","2":"type-product","3":"status-publish","4":"has-post-thumbnail","6":"product_cat-blusar","7":"product_cat-kvinnor","9":"first","10":"instock","11":"taxable","12":"shipping-taxable","13":"purchasable","14":"product-type-variable"},"acf":[],"yoast_head":"<!-- This site is optimized with the Yoast SEO plugin v26.6 - https:\/\/yoast.com\/wordpress\/plugins\/seo\/ -->\n<title>Vita Rosor Blus<\/title>\n<meta name=\"description\" content=\"Uppt\u00e4ck elegansen hos blusen White Roses, med broderier med satins\u00f6mmar, st\u00e5krage och raglan\u00e4rmar. Perfekt f\u00f6r de stils\u00e4kra kvinnorna.\" \/>\n<meta name=\"robots\" content=\"index, follow, max-snippet:-1, max-image-preview:large, max-video-preview:-1\" \/>\n<link rel=\"canonical\" href=\"https:\/\/ethnica.style\/sv\/product\/vita-rosor-blus\/\" \/>\n<meta property=\"og:locale\" content=\"sv_SE\" \/>\n<meta property=\"og:type\" content=\"article\" \/>\n<meta property=\"og:title\" content=\"Vita Rosor Blus\" \/>\n<meta property=\"og:description\" content=\"Uppt\u00e4ck elegansen hos blusen White Roses, med broderier med satins\u00f6mmar, st\u00e5krage och raglan\u00e4rmar. Perfekt f\u00f6r de stils\u00e4kra kvinnorna.\" \/>\n<meta property=\"og:url\" content=\"https:\/\/ethnica.style\/sv\/product\/vita-rosor-blus\/\" \/>\n<meta property=\"og:site_name\" content=\"Ethnica Style\" \/>\n<meta property=\"article:modified_time\" content=\"2025-09-03T11:52:04+00:00\" \/>\n<meta property=\"og:image\" content=\"https:\/\/ethnica.style\/wp-content\/uploads\/2025\/08\/white-roses-blouse-02.jpg\" \/>\n\t<meta property=\"og:image:width\" content=\"800\" \/>\n\t<meta property=\"og:image:height\" content=\"1200\" \/>\n\t<meta property=\"og:image:type\" content=\"image\/jpeg\" \/>\n<meta name=\"twitter:card\" content=\"summary_large_image\" \/>\n<meta name=\"twitter:label1\" content=\"Ber\u00e4knad l\u00e4stid\" \/>\n\t<meta name=\"twitter:data1\" content=\"1 minut\" \/>\n<script type=\"application\/ld+json\" class=\"yoast-schema-graph\">{\"@context\":\"https:\/\/schema.org\",\"@graph\":[{\"@type\":\"WebPage\",\"@id\":\"https:\/\/ethnica.style\/sv\/product\/vita-rosor-blus\/\",\"url\":\"https:\/\/ethnica.style\/sv\/product\/vita-rosor-blus\/\",\"name\":\"Vita Rosor Blus\",\"isPartOf\":{\"@id\":\"https:\/\/ethnica.style\/sv\/#website\"},\"primaryImageOfPage\":{\"@id\":\"https:\/\/ethnica.style\/sv\/product\/vita-rosor-blus\/#primaryimage\"},\"image\":{\"@id\":\"https:\/\/ethnica.style\/sv\/product\/vita-rosor-blus\/#primaryimage\"},\"thumbnailUrl\":\"https:\/\/ethnica.style\/wp-content\/uploads\/2025\/08\/white-roses-blouse-02.jpg\",\"datePublished\":\"2025-08-06T08:49:06+00:00\",\"dateModified\":\"2025-09-03T11:52:04+00:00\",\"description\":\"Uppt\u00e4ck elegansen hos blusen White Roses, med broderier med satins\u00f6mmar, st\u00e5krage och raglan\u00e4rmar. Perfekt f\u00f6r de stils\u00e4kra kvinnorna.\",\"breadcrumb\":{\"@id\":\"https:\/\/ethnica.style\/sv\/product\/vita-rosor-blus\/#breadcrumb\"},\"inLanguage\":\"sv-SE\",\"potentialAction\":[{\"@type\":\"ReadAction\",\"target\":[\"https:\/\/ethnica.style\/sv\/product\/vita-rosor-blus\/\"]}]},{\"@type\":\"ImageObject\",\"inLanguage\":\"sv-SE\",\"@id\":\"https:\/\/ethnica.style\/sv\/product\/vita-rosor-blus\/#primaryimage\",\"url\":\"https:\/\/ethnica.style\/wp-content\/uploads\/2025\/08\/white-roses-blouse-02.jpg\",\"contentUrl\":\"https:\/\/ethnica.style\/wp-content\/uploads\/2025\/08\/white-roses-blouse-02.jpg\",\"width\":800,\"height\":1200,\"caption\":\"White Roses Blouse\"},{\"@type\":\"BreadcrumbList\",\"@id\":\"https:\/\/ethnica.style\/sv\/product\/vita-rosor-blus\/#breadcrumb\",\"itemListElement\":[{\"@type\":\"ListItem\",\"position\":1,\"name\":\"Home\",\"item\":\"https:\/\/ethnica.style\/sv\/\"},{\"@type\":\"ListItem\",\"position\":2,\"name\":\"Butik\",\"item\":\"https:\/\/ethnica.style\/sv\/butik\/\"},{\"@type\":\"ListItem\",\"position\":3,\"name\":\"Vita Rosor Blus\"}]},{\"@type\":\"WebSite\",\"@id\":\"https:\/\/ethnica.style\/sv\/#website\",\"url\":\"https:\/\/ethnica.style\/sv\/\",\"name\":\"Ethnica Style\",\"description\":\"\",\"publisher\":{\"@id\":\"https:\/\/ethnica.style\/sv\/#organization\"},\"potentialAction\":[{\"@type\":\"SearchAction\",\"target\":{\"@type\":\"EntryPoint\",\"urlTemplate\":\"https:\/\/ethnica.style\/sv\/?s={search_term_string}\"},\"query-input\":{\"@type\":\"PropertyValueSpecification\",\"valueRequired\":true,\"valueName\":\"search_term_string\"}}],\"inLanguage\":\"sv-SE\"},{\"@type\":\"Organization\",\"@id\":\"https:\/\/ethnica.style\/sv\/#organization\",\"name\":\"Ethnica Style\",\"url\":\"https:\/\/ethnica.style\/sv\/\",\"logo\":{\"@type\":\"ImageObject\",\"inLanguage\":\"sv-SE\",\"@id\":\"https:\/\/ethnica.style\/sv\/#\/schema\/logo\/image\/\",\"url\":\"https:\/\/ethnica.style\/wp-content\/uploads\/2024\/10\/group-5-1.svg\",\"contentUrl\":\"https:\/\/ethnica.style\/wp-content\/uploads\/2024\/10\/group-5-1.svg\",\"width\":1,\"height\":1,\"caption\":\"Ethnica Style\"},\"image\":{\"@id\":\"https:\/\/ethnica.style\/sv\/#\/schema\/logo\/image\/\"}}]}<\/script>\n<!-- \/ Yoast SEO plugin. -->","yoast_head_json":{"title":"Vita Rosor Blus","description":"Uppt\u00e4ck elegansen hos blusen White Roses, med broderier med satins\u00f6mmar, st\u00e5krage och raglan\u00e4rmar. Perfekt f\u00f6r de stils\u00e4kra kvinnorna.","robots":{"index":"index","follow":"follow","max-snippet":"max-snippet:-1","max-image-preview":"max-image-preview:large","max-video-preview":"max-video-preview:-1"},"canonical":"https:\/\/ethnica.style\/sv\/product\/vita-rosor-blus\/","og_locale":"sv_SE","og_type":"article","og_title":"Vita Rosor Blus","og_description":"Uppt\u00e4ck elegansen hos blusen White Roses, med broderier med satins\u00f6mmar, st\u00e5krage och raglan\u00e4rmar. Perfekt f\u00f6r de stils\u00e4kra kvinnorna.","og_url":"https:\/\/ethnica.style\/sv\/product\/vita-rosor-blus\/","og_site_name":"Ethnica Style","article_modified_time":"2025-09-03T11:52:04+00:00","og_image":[{"width":800,"height":1200,"url":"https:\/\/ethnica.style\/wp-content\/uploads\/2025\/08\/white-roses-blouse-02.jpg","type":"image\/jpeg"}],"twitter_card":"summary_large_image","twitter_misc":{"Ber\u00e4knad l\u00e4stid":"1 minut"},"schema":{"@context":"https:\/\/schema.org","@graph":[{"@type":"WebPage","@id":"https:\/\/ethnica.style\/sv\/product\/vita-rosor-blus\/","url":"https:\/\/ethnica.style\/sv\/product\/vita-rosor-blus\/","name":"Vita Rosor Blus","isPartOf":{"@id":"https:\/\/ethnica.style\/sv\/#website"},"primaryImageOfPage":{"@id":"https:\/\/ethnica.style\/sv\/product\/vita-rosor-blus\/#primaryimage"},"image":{"@id":"https:\/\/ethnica.style\/sv\/product\/vita-rosor-blus\/#primaryimage"},"thumbnailUrl":"https:\/\/ethnica.style\/wp-content\/uploads\/2025\/08\/white-roses-blouse-02.jpg","datePublished":"2025-08-06T08:49:06+00:00","dateModified":"2025-09-03T11:52:04+00:00","description":"Uppt\u00e4ck elegansen hos blusen White Roses, med broderier med satins\u00f6mmar, st\u00e5krage och raglan\u00e4rmar. Perfekt f\u00f6r de stils\u00e4kra kvinnorna.","breadcrumb":{"@id":"https:\/\/ethnica.style\/sv\/product\/vita-rosor-blus\/#breadcrumb"},"inLanguage":"sv-SE","potentialAction":[{"@type":"ReadAction","target":["https:\/\/ethnica.style\/sv\/product\/vita-rosor-blus\/"]}]},{"@type":"ImageObject","inLanguage":"sv-SE","@id":"https:\/\/ethnica.style\/sv\/product\/vita-rosor-blus\/#primaryimage","url":"https:\/\/ethnica.style\/wp-content\/uploads\/2025\/08\/white-roses-blouse-02.jpg","contentUrl":"https:\/\/ethnica.style\/wp-content\/uploads\/2025\/08\/white-roses-blouse-02.jpg","width":800,"height":1200,"caption":"White Roses Blouse"},{"@type":"BreadcrumbList","@id":"https:\/\/ethnica.style\/sv\/product\/vita-rosor-blus\/#breadcrumb","itemListElement":[{"@type":"ListItem","position":1,"name":"Home","item":"https:\/\/ethnica.style\/sv\/"},{"@type":"ListItem","position":2,"name":"Butik","item":"https:\/\/ethnica.style\/sv\/butik\/"},{"@type":"ListItem","position":3,"name":"Vita Rosor Blus"}]},{"@type":"WebSite","@id":"https:\/\/ethnica.style\/sv\/#website","url":"https:\/\/ethnica.style\/sv\/","name":"Ethnica Style","description":"","publisher":{"@id":"https:\/\/ethnica.style\/sv\/#organization"},"potentialAction":[{"@type":"SearchAction","target":{"@type":"EntryPoint","urlTemplate":"https:\/\/ethnica.style\/sv\/?s={search_term_string}"},"query-input":{"@type":"PropertyValueSpecification","valueRequired":true,"valueName":"search_term_string"}}],"inLanguage":"sv-SE"},{"@type":"Organization","@id":"https:\/\/ethnica.style\/sv\/#organization","name":"Ethnica Style","url":"https:\/\/ethnica.style\/sv\/","logo":{"@type":"ImageObject","inLanguage":"sv-SE","@id":"https:\/\/ethnica.style\/sv\/#\/schema\/logo\/image\/","url":"https:\/\/ethnica.style\/wp-content\/uploads\/2024\/10\/group-5-1.svg","contentUrl":"https:\/\/ethnica.style\/wp-content\/uploads\/2024\/10\/group-5-1.svg","width":1,"height":1,"caption":"Ethnica Style"},"image":{"@id":"https:\/\/ethnica.style\/sv\/#\/schema\/logo\/image\/"}}]}},"_links":{"self":[{"href":"https:\/\/ethnica.style\/sv\/wp-json\/wp\/v2\/product\/2791","targetHints":{"allow":["GET"]}}],"collection":[{"href":"https:\/\/ethnica.style\/sv\/wp-json\/wp\/v2\/product"}],"about":[{"href":"https:\/\/ethnica.style\/sv\/wp-json\/wp\/v2\/types\/product"}],"replies":[{"embeddable":true,"href":"https:\/\/ethnica.style\/sv\/wp-json\/wp\/v2\/comments?post=2791"}],"wp:featuredmedia":[{"embeddable":true,"href":"https:\/\/ethnica.style\/sv\/wp-json\/wp\/v2\/media\/2850"}],"wp:attachment":[{"href":"https:\/\/ethnica.style\/sv\/wp-json\/wp\/v2\/media?parent=2791"}],"wp:term":[{"taxonomy":"product_brand","embeddable":true,"href":"https:\/\/ethnica.style\/sv\/wp-json\/wp\/v2\/product_brand?post=2791"},{"taxonomy":"product_cat","embeddable":true,"href":"https:\/\/ethnica.style\/sv\/wp-json\/wp\/v2\/product_cat?post=2791"},{"taxonomy":"product_tag","embeddable":true,"href":"https:\/\/ethnica.style\/sv\/wp-json\/wp\/v2\/product_tag?post=2791"}],"curies":[{"name":"wp","href":"https:\/\/api.w.org\/{rel}","templated":true}]}}