{"id":2795,"date":"2025-08-06T08:49:07","date_gmt":"2025-08-06T08:49:07","guid":{"rendered":"https:\/\/ethnica.style\/product\/black-rose-blus\/"},"modified":"2025-09-03T11:16:16","modified_gmt":"2025-09-03T11:16:16","slug":"black-rose-blus","status":"publish","type":"product","link":"https:\/\/ethnica.style\/sv\/product\/black-rose-blus\/","title":{"rendered":"Black Rose Blus"},"content":{"rendered":"<p class=\"p1\">Vi presenterar blusen Black Rose, som har en avslappnad siluett och \u00e4r utsmyckad med delikata blombroderier. Ett intressant <a href=\"https:\/\/ethnica.style\/sv\/\">element<\/a> \u00e4r den st\u00e5ende kragen och de l\u00e5nga banden som g\u00f6r det m\u00f6jligt att styla med andra accessoarer. Detta uts\u00f6kta smycke utstr\u00e5lar elegans och charm och ger en <a href=\"https:\/\/en.wikipedia.org\/wiki\/Sweden\">touch<\/a> av femininitet till din garderob.  <\/p>\n<p>Utf\u00f6randeteknik &#8211; kombination av broderi och handgjorda skosn\u00f6ren.<\/p>\n<p>Gratis silhuett modell.<\/p>\n<p>Obs: Modellerna \u00e4r 165 cm och b\u00e4r storlek S.<\/p>\n<p>Om du beh\u00f6ver f\u00f6rtydligande om storlek \u00e4r du v\u00e4lkommen att kontakta oss.<\/p>\n","protected":false},"excerpt":{"rendered":"<p>Vi presenterar blusen Black Rose, som har en avslappnad siluett och \u00e4r utsmyckad med delikata blombroderier. Ett intressant element \u00e4r den st\u00e5ende kragen och de l\u00e5nga banden som g\u00f6r det m\u00f6jligt att styla med andra accessoarer. Detta uts\u00f6kta smycke utstr\u00e5lar elegans och charm och ger en touch av femininitet till din garderob. Utf\u00f6randeteknik &#8211; kombination [&#8230;]\n","protected":false},"featured_media":2796,"comment_status":"open","ping_status":"closed","template":"","meta":{"_acf_changed":false},"product_brand":[],"product_cat":[106,90],"product_tag":[],"class_list":{"0":"post-2795","1":"product","2":"type-product","3":"status-publish","4":"has-post-thumbnail","6":"product_cat-blusar","7":"product_cat-kvinnor","9":"first","10":"instock","11":"taxable","12":"shipping-taxable","13":"purchasable","14":"product-type-variable"},"acf":[],"yoast_head":"<!-- This site is optimized with the Yoast SEO plugin v26.6 - https:\/\/yoast.com\/wordpress\/plugins\/seo\/ -->\n<title>Black Rose Blus - Ethnica Style Blus med svart ros<\/title>\n<meta name=\"description\" content=\"Lyft din stil med Black Rose Blouse - med blommiga broderier, handgjord spets och en graci\u00f6s gratis silhuett med en snygg st\u00e5krage.\" \/>\n<meta name=\"robots\" content=\"index, follow, max-snippet:-1, max-image-preview:large, max-video-preview:-1\" \/>\n<link rel=\"canonical\" href=\"https:\/\/ethnica.style\/sv\/product\/black-rose-blus\/\" \/>\n<meta property=\"og:locale\" content=\"sv_SE\" \/>\n<meta property=\"og:type\" content=\"article\" \/>\n<meta property=\"og:title\" content=\"Black Rose Blus - Ethnica Style Blus med svart ros\" \/>\n<meta property=\"og:description\" content=\"Lyft din stil med Black Rose Blouse - med blommiga broderier, handgjord spets och en graci\u00f6s gratis silhuett med en snygg st\u00e5krage.\" \/>\n<meta property=\"og:url\" content=\"https:\/\/ethnica.style\/sv\/product\/black-rose-blus\/\" \/>\n<meta property=\"og:site_name\" content=\"Ethnica Style\" \/>\n<meta property=\"article:modified_time\" content=\"2025-09-03T11:16:16+00:00\" \/>\n<meta property=\"og:image\" content=\"https:\/\/ethnica.style\/wp-content\/uploads\/2025\/08\/Black-Roses-025-scaled-1.jpg\" \/>\n\t<meta property=\"og:image:width\" content=\"1600\" \/>\n\t<meta property=\"og:image:height\" content=\"2400\" \/>\n\t<meta property=\"og:image:type\" content=\"image\/jpeg\" \/>\n<meta name=\"twitter:card\" content=\"summary_large_image\" \/>\n<meta name=\"twitter:label1\" content=\"Ber\u00e4knad l\u00e4stid\" \/>\n\t<meta name=\"twitter:data1\" content=\"1 minut\" \/>\n<script type=\"application\/ld+json\" class=\"yoast-schema-graph\">{\"@context\":\"https:\/\/schema.org\",\"@graph\":[{\"@type\":\"WebPage\",\"@id\":\"https:\/\/ethnica.style\/sv\/product\/black-rose-blus\/\",\"url\":\"https:\/\/ethnica.style\/sv\/product\/black-rose-blus\/\",\"name\":\"Black Rose Blus - Ethnica Style Blus med svart ros\",\"isPartOf\":{\"@id\":\"https:\/\/ethnica.style\/sv\/#website\"},\"primaryImageOfPage\":{\"@id\":\"https:\/\/ethnica.style\/sv\/product\/black-rose-blus\/#primaryimage\"},\"image\":{\"@id\":\"https:\/\/ethnica.style\/sv\/product\/black-rose-blus\/#primaryimage\"},\"thumbnailUrl\":\"https:\/\/ethnica.style\/wp-content\/uploads\/2025\/08\/Black-Roses-025-scaled-1.jpg\",\"datePublished\":\"2025-08-06T08:49:07+00:00\",\"dateModified\":\"2025-09-03T11:16:16+00:00\",\"description\":\"Lyft din stil med Black Rose Blouse - med blommiga broderier, handgjord spets och en graci\u00f6s gratis silhuett med en snygg st\u00e5krage.\",\"breadcrumb\":{\"@id\":\"https:\/\/ethnica.style\/sv\/product\/black-rose-blus\/#breadcrumb\"},\"inLanguage\":\"sv-SE\",\"potentialAction\":[{\"@type\":\"ReadAction\",\"target\":[\"https:\/\/ethnica.style\/sv\/product\/black-rose-blus\/\"]}]},{\"@type\":\"ImageObject\",\"inLanguage\":\"sv-SE\",\"@id\":\"https:\/\/ethnica.style\/sv\/product\/black-rose-blus\/#primaryimage\",\"url\":\"https:\/\/ethnica.style\/wp-content\/uploads\/2025\/08\/Black-Roses-025-scaled-1.jpg\",\"contentUrl\":\"https:\/\/ethnica.style\/wp-content\/uploads\/2025\/08\/Black-Roses-025-scaled-1.jpg\",\"width\":1600,\"height\":2400,\"caption\":\"Black Rose Blouse\"},{\"@type\":\"BreadcrumbList\",\"@id\":\"https:\/\/ethnica.style\/sv\/product\/black-rose-blus\/#breadcrumb\",\"itemListElement\":[{\"@type\":\"ListItem\",\"position\":1,\"name\":\"Home\",\"item\":\"https:\/\/ethnica.style\/sv\/\"},{\"@type\":\"ListItem\",\"position\":2,\"name\":\"Butik\",\"item\":\"https:\/\/ethnica.style\/sv\/butik\/\"},{\"@type\":\"ListItem\",\"position\":3,\"name\":\"Black Rose Blus\"}]},{\"@type\":\"WebSite\",\"@id\":\"https:\/\/ethnica.style\/sv\/#website\",\"url\":\"https:\/\/ethnica.style\/sv\/\",\"name\":\"Ethnica Style\",\"description\":\"\",\"publisher\":{\"@id\":\"https:\/\/ethnica.style\/sv\/#organization\"},\"potentialAction\":[{\"@type\":\"SearchAction\",\"target\":{\"@type\":\"EntryPoint\",\"urlTemplate\":\"https:\/\/ethnica.style\/sv\/?s={search_term_string}\"},\"query-input\":{\"@type\":\"PropertyValueSpecification\",\"valueRequired\":true,\"valueName\":\"search_term_string\"}}],\"inLanguage\":\"sv-SE\"},{\"@type\":\"Organization\",\"@id\":\"https:\/\/ethnica.style\/sv\/#organization\",\"name\":\"Ethnica Style\",\"url\":\"https:\/\/ethnica.style\/sv\/\",\"logo\":{\"@type\":\"ImageObject\",\"inLanguage\":\"sv-SE\",\"@id\":\"https:\/\/ethnica.style\/sv\/#\/schema\/logo\/image\/\",\"url\":\"https:\/\/ethnica.style\/wp-content\/uploads\/2024\/10\/group-5-1.svg\",\"contentUrl\":\"https:\/\/ethnica.style\/wp-content\/uploads\/2024\/10\/group-5-1.svg\",\"width\":1,\"height\":1,\"caption\":\"Ethnica Style\"},\"image\":{\"@id\":\"https:\/\/ethnica.style\/sv\/#\/schema\/logo\/image\/\"}}]}<\/script>\n<!-- \/ Yoast SEO plugin. -->","yoast_head_json":{"title":"Black Rose Blus - Ethnica Style Blus med svart ros","description":"Lyft din stil med Black Rose Blouse - med blommiga broderier, handgjord spets och en graci\u00f6s gratis silhuett med en snygg st\u00e5krage.","robots":{"index":"index","follow":"follow","max-snippet":"max-snippet:-1","max-image-preview":"max-image-preview:large","max-video-preview":"max-video-preview:-1"},"canonical":"https:\/\/ethnica.style\/sv\/product\/black-rose-blus\/","og_locale":"sv_SE","og_type":"article","og_title":"Black Rose Blus - Ethnica Style Blus med svart ros","og_description":"Lyft din stil med Black Rose Blouse - med blommiga broderier, handgjord spets och en graci\u00f6s gratis silhuett med en snygg st\u00e5krage.","og_url":"https:\/\/ethnica.style\/sv\/product\/black-rose-blus\/","og_site_name":"Ethnica Style","article_modified_time":"2025-09-03T11:16:16+00:00","og_image":[{"width":1600,"height":2400,"url":"https:\/\/ethnica.style\/wp-content\/uploads\/2025\/08\/Black-Roses-025-scaled-1.jpg","type":"image\/jpeg"}],"twitter_card":"summary_large_image","twitter_misc":{"Ber\u00e4knad l\u00e4stid":"1 minut"},"schema":{"@context":"https:\/\/schema.org","@graph":[{"@type":"WebPage","@id":"https:\/\/ethnica.style\/sv\/product\/black-rose-blus\/","url":"https:\/\/ethnica.style\/sv\/product\/black-rose-blus\/","name":"Black Rose Blus - Ethnica Style Blus med svart ros","isPartOf":{"@id":"https:\/\/ethnica.style\/sv\/#website"},"primaryImageOfPage":{"@id":"https:\/\/ethnica.style\/sv\/product\/black-rose-blus\/#primaryimage"},"image":{"@id":"https:\/\/ethnica.style\/sv\/product\/black-rose-blus\/#primaryimage"},"thumbnailUrl":"https:\/\/ethnica.style\/wp-content\/uploads\/2025\/08\/Black-Roses-025-scaled-1.jpg","datePublished":"2025-08-06T08:49:07+00:00","dateModified":"2025-09-03T11:16:16+00:00","description":"Lyft din stil med Black Rose Blouse - med blommiga broderier, handgjord spets och en graci\u00f6s gratis silhuett med en snygg st\u00e5krage.","breadcrumb":{"@id":"https:\/\/ethnica.style\/sv\/product\/black-rose-blus\/#breadcrumb"},"inLanguage":"sv-SE","potentialAction":[{"@type":"ReadAction","target":["https:\/\/ethnica.style\/sv\/product\/black-rose-blus\/"]}]},{"@type":"ImageObject","inLanguage":"sv-SE","@id":"https:\/\/ethnica.style\/sv\/product\/black-rose-blus\/#primaryimage","url":"https:\/\/ethnica.style\/wp-content\/uploads\/2025\/08\/Black-Roses-025-scaled-1.jpg","contentUrl":"https:\/\/ethnica.style\/wp-content\/uploads\/2025\/08\/Black-Roses-025-scaled-1.jpg","width":1600,"height":2400,"caption":"Black Rose Blouse"},{"@type":"BreadcrumbList","@id":"https:\/\/ethnica.style\/sv\/product\/black-rose-blus\/#breadcrumb","itemListElement":[{"@type":"ListItem","position":1,"name":"Home","item":"https:\/\/ethnica.style\/sv\/"},{"@type":"ListItem","position":2,"name":"Butik","item":"https:\/\/ethnica.style\/sv\/butik\/"},{"@type":"ListItem","position":3,"name":"Black Rose Blus"}]},{"@type":"WebSite","@id":"https:\/\/ethnica.style\/sv\/#website","url":"https:\/\/ethnica.style\/sv\/","name":"Ethnica Style","description":"","publisher":{"@id":"https:\/\/ethnica.style\/sv\/#organization"},"potentialAction":[{"@type":"SearchAction","target":{"@type":"EntryPoint","urlTemplate":"https:\/\/ethnica.style\/sv\/?s={search_term_string}"},"query-input":{"@type":"PropertyValueSpecification","valueRequired":true,"valueName":"search_term_string"}}],"inLanguage":"sv-SE"},{"@type":"Organization","@id":"https:\/\/ethnica.style\/sv\/#organization","name":"Ethnica Style","url":"https:\/\/ethnica.style\/sv\/","logo":{"@type":"ImageObject","inLanguage":"sv-SE","@id":"https:\/\/ethnica.style\/sv\/#\/schema\/logo\/image\/","url":"https:\/\/ethnica.style\/wp-content\/uploads\/2024\/10\/group-5-1.svg","contentUrl":"https:\/\/ethnica.style\/wp-content\/uploads\/2024\/10\/group-5-1.svg","width":1,"height":1,"caption":"Ethnica Style"},"image":{"@id":"https:\/\/ethnica.style\/sv\/#\/schema\/logo\/image\/"}}]}},"_links":{"self":[{"href":"https:\/\/ethnica.style\/sv\/wp-json\/wp\/v2\/product\/2795","targetHints":{"allow":["GET"]}}],"collection":[{"href":"https:\/\/ethnica.style\/sv\/wp-json\/wp\/v2\/product"}],"about":[{"href":"https:\/\/ethnica.style\/sv\/wp-json\/wp\/v2\/types\/product"}],"replies":[{"embeddable":true,"href":"https:\/\/ethnica.style\/sv\/wp-json\/wp\/v2\/comments?post=2795"}],"wp:featuredmedia":[{"embeddable":true,"href":"https:\/\/ethnica.style\/sv\/wp-json\/wp\/v2\/media\/2796"}],"wp:attachment":[{"href":"https:\/\/ethnica.style\/sv\/wp-json\/wp\/v2\/media?parent=2795"}],"wp:term":[{"taxonomy":"product_brand","embeddable":true,"href":"https:\/\/ethnica.style\/sv\/wp-json\/wp\/v2\/product_brand?post=2795"},{"taxonomy":"product_cat","embeddable":true,"href":"https:\/\/ethnica.style\/sv\/wp-json\/wp\/v2\/product_cat?post=2795"},{"taxonomy":"product_tag","embeddable":true,"href":"https:\/\/ethnica.style\/sv\/wp-json\/wp\/v2\/product_tag?post=2795"}],"curies":[{"name":"wp","href":"https:\/\/api.w.org\/{rel}","templated":true}]}}