{"id":2807,"date":"2025-08-06T08:49:07","date_gmt":"2025-08-06T08:49:07","guid":{"rendered":"https:\/\/ethnica.style\/product\/feya-blus\/"},"modified":"2025-09-03T11:12:48","modified_gmt":"2025-09-03T11:12:48","slug":"feya-blus","status":"publish","type":"product","link":"https:\/\/ethnica.style\/sv\/product\/feya-blus\/","title":{"rendered":"Feya Blus"},"content":{"rendered":"<p data-start=\"340\" data-end=\"643\"><strong data-start=\"340\" data-end=\"355\">Feya Blouse<\/strong> introducerar tidl\u00f6s elegans genom uts\u00f6kt hantverk och delikat femininitet. Den h\u00e4r blusen \u00e4r tillverkad av naturligt linne och k\u00e4nns l\u00e4tt, andningsbar och raffinerad utan anstr\u00e4ngning. \u00c4rmarna <a href=\"https:\/\/ethnica.style\/sv\/\">har<\/a> intrikata broderier med symboliska rombmotiv &#8211; en graci\u00f6s hyllning till arv och harmoni.  <\/p>\n<p data-start=\"645\" data-end=\"942\"><strong data-start=\"727\" data-end=\"742\">Feya Blouse<\/strong> \u00e4r f\u00e4rdig med fin luftig spets och en rad noggrant utvalda f\u00e4rgade knappar och blandar hantverksm\u00e4ssig charm med modern stil. Den avslappnade silhuetten garanterar komfort, medan spetsdetaljerna <a href=\"https:\/\/en.wikipedia.org\/wiki\/Sweden\">ger<\/a> en subtil sofistikering. Perfekt f\u00f6r kvinnan som uppskattar hantverk och tradition.  <\/p>\n<p data-start=\"944\" data-end=\"1113\"><strong data-start=\"944\" data-end=\"968\">Utf\u00f6randeteknik:<\/strong> maskinsatins\u00f6m, handgjorda spetsdetaljer.<br data-start=\"1016\" data-end=\"1019\"><strong data-start=\"1019\" data-end=\"1027\">Passa:<\/strong> Gratis silhuett modell.<br data-start=\"1050\" data-end=\"1053\">Om du beh\u00f6ver hj\u00e4lp med dimensionering \u00e4r du v\u00e4lkommen att kontakta v\u00e5rt team.<\/p>\n","protected":false},"excerpt":{"rendered":"<p>Feya Blouse introducerar tidl\u00f6s elegans genom uts\u00f6kt hantverk och delikat femininitet. Den h\u00e4r blusen \u00e4r tillverkad av naturligt linne och k\u00e4nns l\u00e4tt, andningsbar och raffinerad utan anstr\u00e4ngning. \u00c4rmarna har intrikata broderier med symboliska rombmotiv &#8211; en graci\u00f6s hyllning till arv och harmoni. Feya Blouse \u00e4r f\u00e4rdig med fin luftig spets och en rad noggrant utvalda [&#8230;]\n","protected":false},"featured_media":2808,"comment_status":"open","ping_status":"closed","template":"","meta":{"_acf_changed":false},"product_brand":[],"product_cat":[106,90],"product_tag":[],"class_list":{"0":"post-2807","1":"product","2":"type-product","3":"status-publish","4":"has-post-thumbnail","6":"product_cat-blusar","7":"product_cat-kvinnor","9":"first","10":"instock","11":"taxable","12":"shipping-taxable","13":"purchasable","14":"product-type-variable"},"acf":[],"yoast_head":"<!-- This site is optimized with the Yoast SEO plugin v26.6 - https:\/\/yoast.com\/wordpress\/plugins\/seo\/ -->\n<title>Feya Blus - Ethnica Style Feya Blus<\/title>\n<meta name=\"description\" content=\"Uppt\u00e4ck Feya Blouse \u2013 ett elegant linneplagg med symboliska broderier, luftig spets och en gratis silhuett. En tidl\u00f6s blandning av komfort och tradition.\" \/>\n<meta name=\"robots\" content=\"index, follow, max-snippet:-1, max-image-preview:large, max-video-preview:-1\" \/>\n<link rel=\"canonical\" href=\"https:\/\/ethnica.style\/sv\/product\/feya-blus\/\" \/>\n<meta property=\"og:locale\" content=\"sv_SE\" \/>\n<meta property=\"og:type\" content=\"article\" \/>\n<meta property=\"og:title\" content=\"Feya Blus - Ethnica Style Feya Blus\" \/>\n<meta property=\"og:description\" content=\"Uppt\u00e4ck Feya Blouse \u2013 ett elegant linneplagg med symboliska broderier, luftig spets och en gratis silhuett. En tidl\u00f6s blandning av komfort och tradition.\" \/>\n<meta property=\"og:url\" content=\"https:\/\/ethnica.style\/sv\/product\/feya-blus\/\" \/>\n<meta property=\"og:site_name\" content=\"Ethnica Style\" \/>\n<meta property=\"article:modified_time\" content=\"2025-09-03T11:12:48+00:00\" \/>\n<meta property=\"og:image\" content=\"https:\/\/ethnica.style\/wp-content\/uploads\/2025\/08\/feya-blouse-02.jpg\" \/>\n\t<meta property=\"og:image:width\" content=\"800\" \/>\n\t<meta property=\"og:image:height\" content=\"1200\" \/>\n\t<meta property=\"og:image:type\" content=\"image\/jpeg\" \/>\n<meta name=\"twitter:card\" content=\"summary_large_image\" \/>\n<meta name=\"twitter:label1\" content=\"Ber\u00e4knad l\u00e4stid\" \/>\n\t<meta name=\"twitter:data1\" content=\"1 minut\" \/>\n<script type=\"application\/ld+json\" class=\"yoast-schema-graph\">{\"@context\":\"https:\/\/schema.org\",\"@graph\":[{\"@type\":\"WebPage\",\"@id\":\"https:\/\/ethnica.style\/sv\/product\/feya-blus\/\",\"url\":\"https:\/\/ethnica.style\/sv\/product\/feya-blus\/\",\"name\":\"Feya Blus - Ethnica Style Feya Blus\",\"isPartOf\":{\"@id\":\"https:\/\/ethnica.style\/sv\/#website\"},\"primaryImageOfPage\":{\"@id\":\"https:\/\/ethnica.style\/sv\/product\/feya-blus\/#primaryimage\"},\"image\":{\"@id\":\"https:\/\/ethnica.style\/sv\/product\/feya-blus\/#primaryimage\"},\"thumbnailUrl\":\"https:\/\/ethnica.style\/wp-content\/uploads\/2025\/08\/feya-blouse-02.jpg\",\"datePublished\":\"2025-08-06T08:49:07+00:00\",\"dateModified\":\"2025-09-03T11:12:48+00:00\",\"description\":\"Uppt\u00e4ck Feya Blouse \u2013 ett elegant linneplagg med symboliska broderier, luftig spets och en gratis silhuett. En tidl\u00f6s blandning av komfort och tradition.\",\"breadcrumb\":{\"@id\":\"https:\/\/ethnica.style\/sv\/product\/feya-blus\/#breadcrumb\"},\"inLanguage\":\"sv-SE\",\"potentialAction\":[{\"@type\":\"ReadAction\",\"target\":[\"https:\/\/ethnica.style\/sv\/product\/feya-blus\/\"]}]},{\"@type\":\"ImageObject\",\"inLanguage\":\"sv-SE\",\"@id\":\"https:\/\/ethnica.style\/sv\/product\/feya-blus\/#primaryimage\",\"url\":\"https:\/\/ethnica.style\/wp-content\/uploads\/2025\/08\/feya-blouse-02.jpg\",\"contentUrl\":\"https:\/\/ethnica.style\/wp-content\/uploads\/2025\/08\/feya-blouse-02.jpg\",\"width\":800,\"height\":1200,\"caption\":\"feya-blouse-02.jpg\"},{\"@type\":\"BreadcrumbList\",\"@id\":\"https:\/\/ethnica.style\/sv\/product\/feya-blus\/#breadcrumb\",\"itemListElement\":[{\"@type\":\"ListItem\",\"position\":1,\"name\":\"Home\",\"item\":\"https:\/\/ethnica.style\/sv\/\"},{\"@type\":\"ListItem\",\"position\":2,\"name\":\"Butik\",\"item\":\"https:\/\/ethnica.style\/sv\/butik\/\"},{\"@type\":\"ListItem\",\"position\":3,\"name\":\"Feya Blus\"}]},{\"@type\":\"WebSite\",\"@id\":\"https:\/\/ethnica.style\/sv\/#website\",\"url\":\"https:\/\/ethnica.style\/sv\/\",\"name\":\"Ethnica Style\",\"description\":\"\",\"publisher\":{\"@id\":\"https:\/\/ethnica.style\/sv\/#organization\"},\"potentialAction\":[{\"@type\":\"SearchAction\",\"target\":{\"@type\":\"EntryPoint\",\"urlTemplate\":\"https:\/\/ethnica.style\/sv\/?s={search_term_string}\"},\"query-input\":{\"@type\":\"PropertyValueSpecification\",\"valueRequired\":true,\"valueName\":\"search_term_string\"}}],\"inLanguage\":\"sv-SE\"},{\"@type\":\"Organization\",\"@id\":\"https:\/\/ethnica.style\/sv\/#organization\",\"name\":\"Ethnica Style\",\"url\":\"https:\/\/ethnica.style\/sv\/\",\"logo\":{\"@type\":\"ImageObject\",\"inLanguage\":\"sv-SE\",\"@id\":\"https:\/\/ethnica.style\/sv\/#\/schema\/logo\/image\/\",\"url\":\"https:\/\/ethnica.style\/wp-content\/uploads\/2024\/10\/group-5-1.svg\",\"contentUrl\":\"https:\/\/ethnica.style\/wp-content\/uploads\/2024\/10\/group-5-1.svg\",\"width\":1,\"height\":1,\"caption\":\"Ethnica Style\"},\"image\":{\"@id\":\"https:\/\/ethnica.style\/sv\/#\/schema\/logo\/image\/\"}}]}<\/script>\n<!-- \/ Yoast SEO plugin. -->","yoast_head_json":{"title":"Feya Blus - Ethnica Style Feya Blus","description":"Uppt\u00e4ck Feya Blouse \u2013 ett elegant linneplagg med symboliska broderier, luftig spets och en gratis silhuett. En tidl\u00f6s blandning av komfort och tradition.","robots":{"index":"index","follow":"follow","max-snippet":"max-snippet:-1","max-image-preview":"max-image-preview:large","max-video-preview":"max-video-preview:-1"},"canonical":"https:\/\/ethnica.style\/sv\/product\/feya-blus\/","og_locale":"sv_SE","og_type":"article","og_title":"Feya Blus - Ethnica Style Feya Blus","og_description":"Uppt\u00e4ck Feya Blouse \u2013 ett elegant linneplagg med symboliska broderier, luftig spets och en gratis silhuett. En tidl\u00f6s blandning av komfort och tradition.","og_url":"https:\/\/ethnica.style\/sv\/product\/feya-blus\/","og_site_name":"Ethnica Style","article_modified_time":"2025-09-03T11:12:48+00:00","og_image":[{"width":800,"height":1200,"url":"https:\/\/ethnica.style\/wp-content\/uploads\/2025\/08\/feya-blouse-02.jpg","type":"image\/jpeg"}],"twitter_card":"summary_large_image","twitter_misc":{"Ber\u00e4knad l\u00e4stid":"1 minut"},"schema":{"@context":"https:\/\/schema.org","@graph":[{"@type":"WebPage","@id":"https:\/\/ethnica.style\/sv\/product\/feya-blus\/","url":"https:\/\/ethnica.style\/sv\/product\/feya-blus\/","name":"Feya Blus - Ethnica Style Feya Blus","isPartOf":{"@id":"https:\/\/ethnica.style\/sv\/#website"},"primaryImageOfPage":{"@id":"https:\/\/ethnica.style\/sv\/product\/feya-blus\/#primaryimage"},"image":{"@id":"https:\/\/ethnica.style\/sv\/product\/feya-blus\/#primaryimage"},"thumbnailUrl":"https:\/\/ethnica.style\/wp-content\/uploads\/2025\/08\/feya-blouse-02.jpg","datePublished":"2025-08-06T08:49:07+00:00","dateModified":"2025-09-03T11:12:48+00:00","description":"Uppt\u00e4ck Feya Blouse \u2013 ett elegant linneplagg med symboliska broderier, luftig spets och en gratis silhuett. En tidl\u00f6s blandning av komfort och tradition.","breadcrumb":{"@id":"https:\/\/ethnica.style\/sv\/product\/feya-blus\/#breadcrumb"},"inLanguage":"sv-SE","potentialAction":[{"@type":"ReadAction","target":["https:\/\/ethnica.style\/sv\/product\/feya-blus\/"]}]},{"@type":"ImageObject","inLanguage":"sv-SE","@id":"https:\/\/ethnica.style\/sv\/product\/feya-blus\/#primaryimage","url":"https:\/\/ethnica.style\/wp-content\/uploads\/2025\/08\/feya-blouse-02.jpg","contentUrl":"https:\/\/ethnica.style\/wp-content\/uploads\/2025\/08\/feya-blouse-02.jpg","width":800,"height":1200,"caption":"feya-blouse-02.jpg"},{"@type":"BreadcrumbList","@id":"https:\/\/ethnica.style\/sv\/product\/feya-blus\/#breadcrumb","itemListElement":[{"@type":"ListItem","position":1,"name":"Home","item":"https:\/\/ethnica.style\/sv\/"},{"@type":"ListItem","position":2,"name":"Butik","item":"https:\/\/ethnica.style\/sv\/butik\/"},{"@type":"ListItem","position":3,"name":"Feya Blus"}]},{"@type":"WebSite","@id":"https:\/\/ethnica.style\/sv\/#website","url":"https:\/\/ethnica.style\/sv\/","name":"Ethnica Style","description":"","publisher":{"@id":"https:\/\/ethnica.style\/sv\/#organization"},"potentialAction":[{"@type":"SearchAction","target":{"@type":"EntryPoint","urlTemplate":"https:\/\/ethnica.style\/sv\/?s={search_term_string}"},"query-input":{"@type":"PropertyValueSpecification","valueRequired":true,"valueName":"search_term_string"}}],"inLanguage":"sv-SE"},{"@type":"Organization","@id":"https:\/\/ethnica.style\/sv\/#organization","name":"Ethnica Style","url":"https:\/\/ethnica.style\/sv\/","logo":{"@type":"ImageObject","inLanguage":"sv-SE","@id":"https:\/\/ethnica.style\/sv\/#\/schema\/logo\/image\/","url":"https:\/\/ethnica.style\/wp-content\/uploads\/2024\/10\/group-5-1.svg","contentUrl":"https:\/\/ethnica.style\/wp-content\/uploads\/2024\/10\/group-5-1.svg","width":1,"height":1,"caption":"Ethnica Style"},"image":{"@id":"https:\/\/ethnica.style\/sv\/#\/schema\/logo\/image\/"}}]}},"_links":{"self":[{"href":"https:\/\/ethnica.style\/sv\/wp-json\/wp\/v2\/product\/2807","targetHints":{"allow":["GET"]}}],"collection":[{"href":"https:\/\/ethnica.style\/sv\/wp-json\/wp\/v2\/product"}],"about":[{"href":"https:\/\/ethnica.style\/sv\/wp-json\/wp\/v2\/types\/product"}],"replies":[{"embeddable":true,"href":"https:\/\/ethnica.style\/sv\/wp-json\/wp\/v2\/comments?post=2807"}],"wp:featuredmedia":[{"embeddable":true,"href":"https:\/\/ethnica.style\/sv\/wp-json\/wp\/v2\/media\/2808"}],"wp:attachment":[{"href":"https:\/\/ethnica.style\/sv\/wp-json\/wp\/v2\/media?parent=2807"}],"wp:term":[{"taxonomy":"product_brand","embeddable":true,"href":"https:\/\/ethnica.style\/sv\/wp-json\/wp\/v2\/product_brand?post=2807"},{"taxonomy":"product_cat","embeddable":true,"href":"https:\/\/ethnica.style\/sv\/wp-json\/wp\/v2\/product_cat?post=2807"},{"taxonomy":"product_tag","embeddable":true,"href":"https:\/\/ethnica.style\/sv\/wp-json\/wp\/v2\/product_tag?post=2807"}],"curies":[{"name":"wp","href":"https:\/\/api.w.org\/{rel}","templated":true}]}}