{"id":2812,"date":"2025-08-06T08:49:07","date_gmt":"2025-08-06T08:49:07","guid":{"rendered":"https:\/\/ethnica.style\/product\/siren-kavaj\/"},"modified":"2025-09-03T11:07:16","modified_gmt":"2025-09-03T11:07:16","slug":"siren-kavaj","status":"publish","type":"product","link":"https:\/\/ethnica.style\/sv\/product\/siren-kavaj\/","title":{"rendered":"Siren Kavaj"},"content":{"rendered":"<p data-start=\"162\" data-end=\"589\">Vi presenterar v\u00e5r fascinerande <strong data-start=\"209\" data-end=\"225\">Siren Blazer<\/strong>, utsmyckad med oj\u00e4mf\u00f6rlig satinbroderi. Detta statement-smycke f\u00f6rkroppsligar tidl\u00f6s, o\u00f6vertr\u00e4ffad <a href=\"https:\/\/en.wikipedia.org\/wiki\/Sweden\">stil,<\/a> vilket g\u00f6r det till en riktig kl\u00e4dskatt. <strong data-start=\"403\" data-end=\"419\">Siren Blazer<\/strong> \u00e4r perfekt f\u00f6r alla evenemang och <a href=\"https:\/\/ethnica.style\/sv\/\">\u00f6vertr\u00e4ffar<\/a> det vanliga och erbjuder en distingerad, best\u00e5ende charm. Den blandar klassisk elegans med modern finess och lyfter din garderob till nya h\u00f6jder av f\u00f6rfining.   <\/p>\n<p data-start=\"591\" data-end=\"656\"><strong data-start=\"591\" data-end=\"600\">Not:<\/strong> Modellerna \u00e4r 164 cm och 172 cm l\u00e5nga, b\u00e5da b\u00e4r storlek M.<\/p>\n<p data-start=\"658\" data-end=\"752\">Om du beh\u00f6ver f\u00f6rtydligande om storlek \u00e4r du v\u00e4lkommen att kontakta oss. Vi hj\u00e4lper dig g\u00e4rna.<\/p>\n","protected":false},"excerpt":{"rendered":"<p>Vi presenterar v\u00e5r fascinerande Siren Blazer, utsmyckad med oj\u00e4mf\u00f6rlig satinbroderi. Detta statement-smycke f\u00f6rkroppsligar tidl\u00f6s, o\u00f6vertr\u00e4ffad stil, vilket g\u00f6r det till en riktig kl\u00e4dskatt. Siren Blazer \u00e4r perfekt f\u00f6r alla evenemang och \u00f6vertr\u00e4ffar det vanliga och erbjuder en distingerad, best\u00e5ende charm. Den blandar klassisk elegans med modern finess och lyfter din garderob till nya h\u00f6jder av [&#8230;]\n","protected":false},"featured_media":3839,"comment_status":"open","ping_status":"closed","template":"","meta":{"_acf_changed":false},"product_brand":[],"product_cat":[120,90],"product_tag":[],"class_list":{"0":"post-2812","1":"product","2":"type-product","3":"status-publish","4":"has-post-thumbnail","6":"product_cat-jackor","7":"product_cat-kvinnor","9":"first","10":"instock","11":"featured","12":"taxable","13":"shipping-taxable","14":"purchasable","15":"product-type-variable","16":"has-default-attributes"},"acf":[],"yoast_head":"<!-- This site is optimized with the Yoast SEO plugin v26.6 - https:\/\/yoast.com\/wordpress\/plugins\/seo\/ -->\n<title>Siren Kavaj<\/title>\n<meta name=\"description\" content=\"Uppt\u00e4ck tidl\u00f6s sofistikering med Siren Blazer, med intrikata broderier med satins\u00f6mmar. Den h\u00e4r eleganta garderoben \u00e4r en blandning av klassisk elegans\" \/>\n<meta name=\"robots\" content=\"index, follow, max-snippet:-1, max-image-preview:large, max-video-preview:-1\" \/>\n<link rel=\"canonical\" href=\"https:\/\/ethnica.style\/sv\/product\/siren-kavaj\/\" \/>\n<meta property=\"og:locale\" content=\"sv_SE\" \/>\n<meta property=\"og:type\" content=\"article\" \/>\n<meta property=\"og:title\" content=\"Siren Kavaj\" \/>\n<meta property=\"og:description\" content=\"Uppt\u00e4ck tidl\u00f6s sofistikering med Siren Blazer, med intrikata broderier med satins\u00f6mmar. Den h\u00e4r eleganta garderoben \u00e4r en blandning av klassisk elegans\" \/>\n<meta property=\"og:url\" content=\"https:\/\/ethnica.style\/sv\/product\/siren-kavaj\/\" \/>\n<meta property=\"og:site_name\" content=\"Ethnica Style\" \/>\n<meta property=\"article:modified_time\" content=\"2025-09-03T11:07:16+00:00\" \/>\n<meta property=\"og:image\" content=\"https:\/\/ethnica.style\/wp-content\/uploads\/2025\/08\/173-scaled.jpg\" \/>\n\t<meta property=\"og:image:width\" content=\"1707\" \/>\n\t<meta property=\"og:image:height\" content=\"2560\" \/>\n\t<meta property=\"og:image:type\" content=\"image\/jpeg\" \/>\n<meta name=\"twitter:card\" content=\"summary_large_image\" \/>\n<meta name=\"twitter:label1\" content=\"Ber\u00e4knad l\u00e4stid\" \/>\n\t<meta name=\"twitter:data1\" content=\"1 minut\" \/>\n<script type=\"application\/ld+json\" class=\"yoast-schema-graph\">{\"@context\":\"https:\/\/schema.org\",\"@graph\":[{\"@type\":\"WebPage\",\"@id\":\"https:\/\/ethnica.style\/sv\/product\/siren-kavaj\/\",\"url\":\"https:\/\/ethnica.style\/sv\/product\/siren-kavaj\/\",\"name\":\"Siren Kavaj\",\"isPartOf\":{\"@id\":\"https:\/\/ethnica.style\/sv\/#website\"},\"primaryImageOfPage\":{\"@id\":\"https:\/\/ethnica.style\/sv\/product\/siren-kavaj\/#primaryimage\"},\"image\":{\"@id\":\"https:\/\/ethnica.style\/sv\/product\/siren-kavaj\/#primaryimage\"},\"thumbnailUrl\":\"https:\/\/ethnica.style\/wp-content\/uploads\/2025\/08\/173-scaled.jpg\",\"datePublished\":\"2025-08-06T08:49:07+00:00\",\"dateModified\":\"2025-09-03T11:07:16+00:00\",\"description\":\"Uppt\u00e4ck tidl\u00f6s sofistikering med Siren Blazer, med intrikata broderier med satins\u00f6mmar. Den h\u00e4r eleganta garderoben \u00e4r en blandning av klassisk elegans\",\"breadcrumb\":{\"@id\":\"https:\/\/ethnica.style\/sv\/product\/siren-kavaj\/#breadcrumb\"},\"inLanguage\":\"sv-SE\",\"potentialAction\":[{\"@type\":\"ReadAction\",\"target\":[\"https:\/\/ethnica.style\/sv\/product\/siren-kavaj\/\"]}]},{\"@type\":\"ImageObject\",\"inLanguage\":\"sv-SE\",\"@id\":\"https:\/\/ethnica.style\/sv\/product\/siren-kavaj\/#primaryimage\",\"url\":\"https:\/\/ethnica.style\/wp-content\/uploads\/2025\/08\/173-scaled.jpg\",\"contentUrl\":\"https:\/\/ethnica.style\/wp-content\/uploads\/2025\/08\/173-scaled.jpg\",\"width\":1707,\"height\":2560,\"caption\":\"Siren Blazer\"},{\"@type\":\"BreadcrumbList\",\"@id\":\"https:\/\/ethnica.style\/sv\/product\/siren-kavaj\/#breadcrumb\",\"itemListElement\":[{\"@type\":\"ListItem\",\"position\":1,\"name\":\"Home\",\"item\":\"https:\/\/ethnica.style\/sv\/\"},{\"@type\":\"ListItem\",\"position\":2,\"name\":\"Butik\",\"item\":\"https:\/\/ethnica.style\/sv\/butik\/\"},{\"@type\":\"ListItem\",\"position\":3,\"name\":\"Siren Kavaj\"}]},{\"@type\":\"WebSite\",\"@id\":\"https:\/\/ethnica.style\/sv\/#website\",\"url\":\"https:\/\/ethnica.style\/sv\/\",\"name\":\"Ethnica Style\",\"description\":\"\",\"publisher\":{\"@id\":\"https:\/\/ethnica.style\/sv\/#organization\"},\"potentialAction\":[{\"@type\":\"SearchAction\",\"target\":{\"@type\":\"EntryPoint\",\"urlTemplate\":\"https:\/\/ethnica.style\/sv\/?s={search_term_string}\"},\"query-input\":{\"@type\":\"PropertyValueSpecification\",\"valueRequired\":true,\"valueName\":\"search_term_string\"}}],\"inLanguage\":\"sv-SE\"},{\"@type\":\"Organization\",\"@id\":\"https:\/\/ethnica.style\/sv\/#organization\",\"name\":\"Ethnica Style\",\"url\":\"https:\/\/ethnica.style\/sv\/\",\"logo\":{\"@type\":\"ImageObject\",\"inLanguage\":\"sv-SE\",\"@id\":\"https:\/\/ethnica.style\/sv\/#\/schema\/logo\/image\/\",\"url\":\"https:\/\/ethnica.style\/wp-content\/uploads\/2024\/10\/group-5-1.svg\",\"contentUrl\":\"https:\/\/ethnica.style\/wp-content\/uploads\/2024\/10\/group-5-1.svg\",\"width\":1,\"height\":1,\"caption\":\"Ethnica Style\"},\"image\":{\"@id\":\"https:\/\/ethnica.style\/sv\/#\/schema\/logo\/image\/\"}}]}<\/script>\n<!-- \/ Yoast SEO plugin. -->","yoast_head_json":{"title":"Siren Kavaj","description":"Uppt\u00e4ck tidl\u00f6s sofistikering med Siren Blazer, med intrikata broderier med satins\u00f6mmar. Den h\u00e4r eleganta garderoben \u00e4r en blandning av klassisk elegans","robots":{"index":"index","follow":"follow","max-snippet":"max-snippet:-1","max-image-preview":"max-image-preview:large","max-video-preview":"max-video-preview:-1"},"canonical":"https:\/\/ethnica.style\/sv\/product\/siren-kavaj\/","og_locale":"sv_SE","og_type":"article","og_title":"Siren Kavaj","og_description":"Uppt\u00e4ck tidl\u00f6s sofistikering med Siren Blazer, med intrikata broderier med satins\u00f6mmar. Den h\u00e4r eleganta garderoben \u00e4r en blandning av klassisk elegans","og_url":"https:\/\/ethnica.style\/sv\/product\/siren-kavaj\/","og_site_name":"Ethnica Style","article_modified_time":"2025-09-03T11:07:16+00:00","og_image":[{"width":1707,"height":2560,"url":"https:\/\/ethnica.style\/wp-content\/uploads\/2025\/08\/173-scaled.jpg","type":"image\/jpeg"}],"twitter_card":"summary_large_image","twitter_misc":{"Ber\u00e4knad l\u00e4stid":"1 minut"},"schema":{"@context":"https:\/\/schema.org","@graph":[{"@type":"WebPage","@id":"https:\/\/ethnica.style\/sv\/product\/siren-kavaj\/","url":"https:\/\/ethnica.style\/sv\/product\/siren-kavaj\/","name":"Siren Kavaj","isPartOf":{"@id":"https:\/\/ethnica.style\/sv\/#website"},"primaryImageOfPage":{"@id":"https:\/\/ethnica.style\/sv\/product\/siren-kavaj\/#primaryimage"},"image":{"@id":"https:\/\/ethnica.style\/sv\/product\/siren-kavaj\/#primaryimage"},"thumbnailUrl":"https:\/\/ethnica.style\/wp-content\/uploads\/2025\/08\/173-scaled.jpg","datePublished":"2025-08-06T08:49:07+00:00","dateModified":"2025-09-03T11:07:16+00:00","description":"Uppt\u00e4ck tidl\u00f6s sofistikering med Siren Blazer, med intrikata broderier med satins\u00f6mmar. Den h\u00e4r eleganta garderoben \u00e4r en blandning av klassisk elegans","breadcrumb":{"@id":"https:\/\/ethnica.style\/sv\/product\/siren-kavaj\/#breadcrumb"},"inLanguage":"sv-SE","potentialAction":[{"@type":"ReadAction","target":["https:\/\/ethnica.style\/sv\/product\/siren-kavaj\/"]}]},{"@type":"ImageObject","inLanguage":"sv-SE","@id":"https:\/\/ethnica.style\/sv\/product\/siren-kavaj\/#primaryimage","url":"https:\/\/ethnica.style\/wp-content\/uploads\/2025\/08\/173-scaled.jpg","contentUrl":"https:\/\/ethnica.style\/wp-content\/uploads\/2025\/08\/173-scaled.jpg","width":1707,"height":2560,"caption":"Siren Blazer"},{"@type":"BreadcrumbList","@id":"https:\/\/ethnica.style\/sv\/product\/siren-kavaj\/#breadcrumb","itemListElement":[{"@type":"ListItem","position":1,"name":"Home","item":"https:\/\/ethnica.style\/sv\/"},{"@type":"ListItem","position":2,"name":"Butik","item":"https:\/\/ethnica.style\/sv\/butik\/"},{"@type":"ListItem","position":3,"name":"Siren Kavaj"}]},{"@type":"WebSite","@id":"https:\/\/ethnica.style\/sv\/#website","url":"https:\/\/ethnica.style\/sv\/","name":"Ethnica Style","description":"","publisher":{"@id":"https:\/\/ethnica.style\/sv\/#organization"},"potentialAction":[{"@type":"SearchAction","target":{"@type":"EntryPoint","urlTemplate":"https:\/\/ethnica.style\/sv\/?s={search_term_string}"},"query-input":{"@type":"PropertyValueSpecification","valueRequired":true,"valueName":"search_term_string"}}],"inLanguage":"sv-SE"},{"@type":"Organization","@id":"https:\/\/ethnica.style\/sv\/#organization","name":"Ethnica Style","url":"https:\/\/ethnica.style\/sv\/","logo":{"@type":"ImageObject","inLanguage":"sv-SE","@id":"https:\/\/ethnica.style\/sv\/#\/schema\/logo\/image\/","url":"https:\/\/ethnica.style\/wp-content\/uploads\/2024\/10\/group-5-1.svg","contentUrl":"https:\/\/ethnica.style\/wp-content\/uploads\/2024\/10\/group-5-1.svg","width":1,"height":1,"caption":"Ethnica Style"},"image":{"@id":"https:\/\/ethnica.style\/sv\/#\/schema\/logo\/image\/"}}]}},"_links":{"self":[{"href":"https:\/\/ethnica.style\/sv\/wp-json\/wp\/v2\/product\/2812","targetHints":{"allow":["GET"]}}],"collection":[{"href":"https:\/\/ethnica.style\/sv\/wp-json\/wp\/v2\/product"}],"about":[{"href":"https:\/\/ethnica.style\/sv\/wp-json\/wp\/v2\/types\/product"}],"replies":[{"embeddable":true,"href":"https:\/\/ethnica.style\/sv\/wp-json\/wp\/v2\/comments?post=2812"}],"wp:featuredmedia":[{"embeddable":true,"href":"https:\/\/ethnica.style\/sv\/wp-json\/wp\/v2\/media\/3839"}],"wp:attachment":[{"href":"https:\/\/ethnica.style\/sv\/wp-json\/wp\/v2\/media?parent=2812"}],"wp:term":[{"taxonomy":"product_brand","embeddable":true,"href":"https:\/\/ethnica.style\/sv\/wp-json\/wp\/v2\/product_brand?post=2812"},{"taxonomy":"product_cat","embeddable":true,"href":"https:\/\/ethnica.style\/sv\/wp-json\/wp\/v2\/product_cat?post=2812"},{"taxonomy":"product_tag","embeddable":true,"href":"https:\/\/ethnica.style\/sv\/wp-json\/wp\/v2\/product_tag?post=2812"}],"curies":[{"name":"wp","href":"https:\/\/api.w.org\/{rel}","templated":true}]}}