{"id":2837,"date":"2025-08-06T08:49:03","date_gmt":"2025-08-06T08:49:03","guid":{"rendered":"https:\/\/ethnica.style\/product\/flora-skjorta\/"},"modified":"2025-09-01T09:01:19","modified_gmt":"2025-09-01T09:01:19","slug":"flora-skjorta","status":"publish","type":"product","link":"https:\/\/ethnica.style\/sv\/product\/flora-skjorta\/","title":{"rendered":"Flora Skjorta"},"content":{"rendered":"<p>Flora Shirt \u2013 en kort\u00e4rmad linn\u00e9skjorta som f\u00e5ngar sommarens essens med l\u00e4tthet, elegans och charm. Det svala, andningsbara tyget kompletteras av delikata blombroderier som vittnar om uts\u00f6kt hantverk och tillf\u00f6r en tidl\u00f6s sk\u00f6nhet till designen.<\/p>\n<p>Flora-skjortan \u00e4r sydd i 100 % naturligt linne och h\u00e5ller dig sval och bekv\u00e4m under varma dagar, samtidigt som den tillf\u00f6r en subtil, naturinspirerad elegans till varje outfit. B\u00e4r den avslappnat eller uppkl\u00e4tt \u2013 dess tidl\u00f6sa design erbjuder o\u00e4ndlig m\u00e5ngsidighet och en sj\u00e4lvklar k\u00e4nsla av stil.<\/p>\n<p>:\u00a0Modellen \u00e4r 167 cm l\u00e5ng och b\u00e4r storlek S.<\/p>\n<p>Material: 100 % naturligt linne<\/p>\n<p>Broderiteknik: maskinbroderi i satins\u00f6m<\/p>\n<p><em>Har du fr\u00e5gor om storleken \u00e4r du alltid v\u00e4lkommen att kontakta oss.<\/em><\/p>\n","protected":false},"excerpt":{"rendered":"<p>Flora Shirt \u2013 en kort\u00e4rmad linn\u00e9skjorta som f\u00e5ngar sommarens essens med l\u00e4tthet, elegans och charm. Det svala, andningsbara tyget kompletteras av delikata blombroderier som vittnar om uts\u00f6kt hantverk och tillf\u00f6r en tidl\u00f6s sk\u00f6nhet till designen. Flora-skjortan \u00e4r sydd i 100 % naturligt linne och h\u00e5ller dig sval och bekv\u00e4m under varma dagar, samtidigt som den [&#8230;]\n","protected":false},"featured_media":2861,"comment_status":"open","ping_status":"closed","template":"","meta":{"_acf_changed":false},"product_brand":[],"product_cat":[90,101,96],"product_tag":[],"class_list":{"0":"post-2837","1":"product","2":"type-product","3":"status-publish","4":"has-post-thumbnail","6":"product_cat-kvinnor","7":"product_cat-nyanlanda","8":"product_cat-skjortor","10":"first","11":"instock","12":"taxable","13":"shipping-taxable","14":"purchasable","15":"product-type-variable"},"acf":[],"yoast_head":"<!-- This site is optimized with the Yoast SEO plugin v26.6 - https:\/\/yoast.com\/wordpress\/plugins\/seo\/ -->\n<title>Flora Skjorta - Ethnica Style Flora Skjorta<\/title>\n<meta name=\"description\" content=\"Flora Shirt \u2013 en l\u00e4tt linneskjorta med eleganta blommiga broderier. Perfekt f\u00f6r sommardagar, erbjuder andningsbar komfort och tidl\u00f6s charm.\" \/>\n<meta name=\"robots\" content=\"index, follow, max-snippet:-1, max-image-preview:large, max-video-preview:-1\" \/>\n<link rel=\"canonical\" href=\"https:\/\/ethnica.style\/sv\/product\/flora-skjorta\/\" \/>\n<meta property=\"og:locale\" content=\"sv_SE\" \/>\n<meta property=\"og:type\" content=\"article\" \/>\n<meta property=\"og:title\" content=\"Flora Skjorta - Ethnica Style Flora Skjorta\" \/>\n<meta property=\"og:description\" content=\"Flora Shirt \u2013 en l\u00e4tt linneskjorta med eleganta blommiga broderier. Perfekt f\u00f6r sommardagar, erbjuder andningsbar komfort och tidl\u00f6s charm.\" \/>\n<meta property=\"og:url\" content=\"https:\/\/ethnica.style\/sv\/product\/flora-skjorta\/\" \/>\n<meta property=\"og:site_name\" content=\"Ethnica Style\" \/>\n<meta property=\"article:modified_time\" content=\"2025-09-01T09:01:19+00:00\" \/>\n<meta property=\"og:image\" content=\"https:\/\/ethnica.style\/wp-content\/uploads\/2025\/08\/14.jpg\" \/>\n\t<meta property=\"og:image:width\" content=\"1086\" \/>\n\t<meta property=\"og:image:height\" content=\"1629\" \/>\n\t<meta property=\"og:image:type\" content=\"image\/jpeg\" \/>\n<meta name=\"twitter:card\" content=\"summary_large_image\" \/>\n<meta name=\"twitter:label1\" content=\"Ber\u00e4knad l\u00e4stid\" \/>\n\t<meta name=\"twitter:data1\" content=\"1 minut\" \/>\n<script type=\"application\/ld+json\" class=\"yoast-schema-graph\">{\"@context\":\"https:\/\/schema.org\",\"@graph\":[{\"@type\":\"WebPage\",\"@id\":\"https:\/\/ethnica.style\/sv\/product\/flora-skjorta\/\",\"url\":\"https:\/\/ethnica.style\/sv\/product\/flora-skjorta\/\",\"name\":\"Flora Skjorta - Ethnica Style Flora Skjorta\",\"isPartOf\":{\"@id\":\"https:\/\/ethnica.style\/sv\/#website\"},\"primaryImageOfPage\":{\"@id\":\"https:\/\/ethnica.style\/sv\/product\/flora-skjorta\/#primaryimage\"},\"image\":{\"@id\":\"https:\/\/ethnica.style\/sv\/product\/flora-skjorta\/#primaryimage\"},\"thumbnailUrl\":\"https:\/\/ethnica.style\/wp-content\/uploads\/2025\/08\/14.jpg\",\"datePublished\":\"2025-08-06T08:49:03+00:00\",\"dateModified\":\"2025-09-01T09:01:19+00:00\",\"description\":\"Flora Shirt \u2013 en l\u00e4tt linneskjorta med eleganta blommiga broderier. Perfekt f\u00f6r sommardagar, erbjuder andningsbar komfort och tidl\u00f6s charm.\",\"breadcrumb\":{\"@id\":\"https:\/\/ethnica.style\/sv\/product\/flora-skjorta\/#breadcrumb\"},\"inLanguage\":\"sv-SE\",\"potentialAction\":[{\"@type\":\"ReadAction\",\"target\":[\"https:\/\/ethnica.style\/sv\/product\/flora-skjorta\/\"]}]},{\"@type\":\"ImageObject\",\"inLanguage\":\"sv-SE\",\"@id\":\"https:\/\/ethnica.style\/sv\/product\/flora-skjorta\/#primaryimage\",\"url\":\"https:\/\/ethnica.style\/wp-content\/uploads\/2025\/08\/14.jpg\",\"contentUrl\":\"https:\/\/ethnica.style\/wp-content\/uploads\/2025\/08\/14.jpg\",\"width\":1086,\"height\":1629,\"caption\":\"14.jpg\"},{\"@type\":\"BreadcrumbList\",\"@id\":\"https:\/\/ethnica.style\/sv\/product\/flora-skjorta\/#breadcrumb\",\"itemListElement\":[{\"@type\":\"ListItem\",\"position\":1,\"name\":\"Home\",\"item\":\"https:\/\/ethnica.style\/sv\/\"},{\"@type\":\"ListItem\",\"position\":2,\"name\":\"Butik\",\"item\":\"https:\/\/ethnica.style\/sv\/butik\/\"},{\"@type\":\"ListItem\",\"position\":3,\"name\":\"Flora Skjorta\"}]},{\"@type\":\"WebSite\",\"@id\":\"https:\/\/ethnica.style\/sv\/#website\",\"url\":\"https:\/\/ethnica.style\/sv\/\",\"name\":\"Ethnica Style\",\"description\":\"\",\"publisher\":{\"@id\":\"https:\/\/ethnica.style\/sv\/#organization\"},\"potentialAction\":[{\"@type\":\"SearchAction\",\"target\":{\"@type\":\"EntryPoint\",\"urlTemplate\":\"https:\/\/ethnica.style\/sv\/?s={search_term_string}\"},\"query-input\":{\"@type\":\"PropertyValueSpecification\",\"valueRequired\":true,\"valueName\":\"search_term_string\"}}],\"inLanguage\":\"sv-SE\"},{\"@type\":\"Organization\",\"@id\":\"https:\/\/ethnica.style\/sv\/#organization\",\"name\":\"Ethnica Style\",\"url\":\"https:\/\/ethnica.style\/sv\/\",\"logo\":{\"@type\":\"ImageObject\",\"inLanguage\":\"sv-SE\",\"@id\":\"https:\/\/ethnica.style\/sv\/#\/schema\/logo\/image\/\",\"url\":\"https:\/\/ethnica.style\/wp-content\/uploads\/2024\/10\/group-5-1.svg\",\"contentUrl\":\"https:\/\/ethnica.style\/wp-content\/uploads\/2024\/10\/group-5-1.svg\",\"width\":1,\"height\":1,\"caption\":\"Ethnica Style\"},\"image\":{\"@id\":\"https:\/\/ethnica.style\/sv\/#\/schema\/logo\/image\/\"}}]}<\/script>\n<!-- \/ Yoast SEO plugin. -->","yoast_head_json":{"title":"Flora Skjorta - Ethnica Style Flora Skjorta","description":"Flora Shirt \u2013 en l\u00e4tt linneskjorta med eleganta blommiga broderier. Perfekt f\u00f6r sommardagar, erbjuder andningsbar komfort och tidl\u00f6s charm.","robots":{"index":"index","follow":"follow","max-snippet":"max-snippet:-1","max-image-preview":"max-image-preview:large","max-video-preview":"max-video-preview:-1"},"canonical":"https:\/\/ethnica.style\/sv\/product\/flora-skjorta\/","og_locale":"sv_SE","og_type":"article","og_title":"Flora Skjorta - Ethnica Style Flora Skjorta","og_description":"Flora Shirt \u2013 en l\u00e4tt linneskjorta med eleganta blommiga broderier. Perfekt f\u00f6r sommardagar, erbjuder andningsbar komfort och tidl\u00f6s charm.","og_url":"https:\/\/ethnica.style\/sv\/product\/flora-skjorta\/","og_site_name":"Ethnica Style","article_modified_time":"2025-09-01T09:01:19+00:00","og_image":[{"width":1086,"height":1629,"url":"https:\/\/ethnica.style\/wp-content\/uploads\/2025\/08\/14.jpg","type":"image\/jpeg"}],"twitter_card":"summary_large_image","twitter_misc":{"Ber\u00e4knad l\u00e4stid":"1 minut"},"schema":{"@context":"https:\/\/schema.org","@graph":[{"@type":"WebPage","@id":"https:\/\/ethnica.style\/sv\/product\/flora-skjorta\/","url":"https:\/\/ethnica.style\/sv\/product\/flora-skjorta\/","name":"Flora Skjorta - Ethnica Style Flora Skjorta","isPartOf":{"@id":"https:\/\/ethnica.style\/sv\/#website"},"primaryImageOfPage":{"@id":"https:\/\/ethnica.style\/sv\/product\/flora-skjorta\/#primaryimage"},"image":{"@id":"https:\/\/ethnica.style\/sv\/product\/flora-skjorta\/#primaryimage"},"thumbnailUrl":"https:\/\/ethnica.style\/wp-content\/uploads\/2025\/08\/14.jpg","datePublished":"2025-08-06T08:49:03+00:00","dateModified":"2025-09-01T09:01:19+00:00","description":"Flora Shirt \u2013 en l\u00e4tt linneskjorta med eleganta blommiga broderier. Perfekt f\u00f6r sommardagar, erbjuder andningsbar komfort och tidl\u00f6s charm.","breadcrumb":{"@id":"https:\/\/ethnica.style\/sv\/product\/flora-skjorta\/#breadcrumb"},"inLanguage":"sv-SE","potentialAction":[{"@type":"ReadAction","target":["https:\/\/ethnica.style\/sv\/product\/flora-skjorta\/"]}]},{"@type":"ImageObject","inLanguage":"sv-SE","@id":"https:\/\/ethnica.style\/sv\/product\/flora-skjorta\/#primaryimage","url":"https:\/\/ethnica.style\/wp-content\/uploads\/2025\/08\/14.jpg","contentUrl":"https:\/\/ethnica.style\/wp-content\/uploads\/2025\/08\/14.jpg","width":1086,"height":1629,"caption":"14.jpg"},{"@type":"BreadcrumbList","@id":"https:\/\/ethnica.style\/sv\/product\/flora-skjorta\/#breadcrumb","itemListElement":[{"@type":"ListItem","position":1,"name":"Home","item":"https:\/\/ethnica.style\/sv\/"},{"@type":"ListItem","position":2,"name":"Butik","item":"https:\/\/ethnica.style\/sv\/butik\/"},{"@type":"ListItem","position":3,"name":"Flora Skjorta"}]},{"@type":"WebSite","@id":"https:\/\/ethnica.style\/sv\/#website","url":"https:\/\/ethnica.style\/sv\/","name":"Ethnica Style","description":"","publisher":{"@id":"https:\/\/ethnica.style\/sv\/#organization"},"potentialAction":[{"@type":"SearchAction","target":{"@type":"EntryPoint","urlTemplate":"https:\/\/ethnica.style\/sv\/?s={search_term_string}"},"query-input":{"@type":"PropertyValueSpecification","valueRequired":true,"valueName":"search_term_string"}}],"inLanguage":"sv-SE"},{"@type":"Organization","@id":"https:\/\/ethnica.style\/sv\/#organization","name":"Ethnica Style","url":"https:\/\/ethnica.style\/sv\/","logo":{"@type":"ImageObject","inLanguage":"sv-SE","@id":"https:\/\/ethnica.style\/sv\/#\/schema\/logo\/image\/","url":"https:\/\/ethnica.style\/wp-content\/uploads\/2024\/10\/group-5-1.svg","contentUrl":"https:\/\/ethnica.style\/wp-content\/uploads\/2024\/10\/group-5-1.svg","width":1,"height":1,"caption":"Ethnica Style"},"image":{"@id":"https:\/\/ethnica.style\/sv\/#\/schema\/logo\/image\/"}}]}},"_links":{"self":[{"href":"https:\/\/ethnica.style\/sv\/wp-json\/wp\/v2\/product\/2837","targetHints":{"allow":["GET"]}}],"collection":[{"href":"https:\/\/ethnica.style\/sv\/wp-json\/wp\/v2\/product"}],"about":[{"href":"https:\/\/ethnica.style\/sv\/wp-json\/wp\/v2\/types\/product"}],"replies":[{"embeddable":true,"href":"https:\/\/ethnica.style\/sv\/wp-json\/wp\/v2\/comments?post=2837"}],"wp:featuredmedia":[{"embeddable":true,"href":"https:\/\/ethnica.style\/sv\/wp-json\/wp\/v2\/media\/2861"}],"wp:attachment":[{"href":"https:\/\/ethnica.style\/sv\/wp-json\/wp\/v2\/media?parent=2837"}],"wp:term":[{"taxonomy":"product_brand","embeddable":true,"href":"https:\/\/ethnica.style\/sv\/wp-json\/wp\/v2\/product_brand?post=2837"},{"taxonomy":"product_cat","embeddable":true,"href":"https:\/\/ethnica.style\/sv\/wp-json\/wp\/v2\/product_cat?post=2837"},{"taxonomy":"product_tag","embeddable":true,"href":"https:\/\/ethnica.style\/sv\/wp-json\/wp\/v2\/product_tag?post=2837"}],"curies":[{"name":"wp","href":"https:\/\/api.w.org\/{rel}","templated":true}]}}