{"id":2838,"date":"2025-08-06T08:49:03","date_gmt":"2025-08-06T08:49:03","guid":{"rendered":"https:\/\/ethnica.style\/product\/runic-skjorta\/"},"modified":"2025-09-03T10:08:48","modified_gmt":"2025-09-03T10:08:48","slug":"runic-skjorta","status":"publish","type":"product","link":"https:\/\/ethnica.style\/sv\/product\/runic-skjorta\/","title":{"rendered":"Runic Skjorta"},"content":{"rendered":"<p>Vi presenterar <strong data-start=\"282\" data-end=\"297\">Runic Shirt<\/strong>, ett enast\u00e5ende plagg tillverkat av tjockt linne av h\u00f6g kvalitet \u2013 perfekt f\u00f6r kyligare dagar. Den h\u00e4r skjortan h\u00e5ller dig varm och bekv\u00e4m samtidigt som den erbjuder en sofistikerad touch genom sitt geometriska broderi, inspirerat av gamla etniska motiv. <\/p>\n<p data-start=\"524\" data-end=\"914\"><strong data-start=\"583\" data-end=\"598\">Runic-tr\u00f6jan<\/strong> \u00e4r designad f\u00f6r dem som v\u00e4rdes\u00e4tter b\u00e5de stil och substans och har en fri silhuett och rika detaljer. Satins\u00f6mbroderiet, <a href=\"https:\/\/ethnica.style\/sv\/\">i kombination<\/a> med ett dekorativt band, ger djup och textur till dess rena linjer. Finns i tv\u00e5 sl\u00e5ende versioner &#8211; terrakotta med vitt broderi och vitt med bl\u00e5tt broderi &#8211; du kan v\u00e4lja den f\u00e4rg som b\u00e4st uttrycker din individualitet.  <\/p>\n<p data-start=\"916\" data-end=\"1145\">Tillverkad av 100 % linne, erbjuder den andningsbar komfort utan att kompromissa med strukturen. Modellen \u00e4r 165 cm l\u00e5ng och b\u00e4r storlek S. Om du beh\u00f6ver <a href=\"https:\/\/en.wikipedia.org\/wiki\/Sweden\">hj\u00e4lp<\/a> med storleksval, kontakta g\u00e4rna v\u00e5ra chefer.  Vi hj\u00e4lper dig g\u00e4rna.<\/p>\n","protected":false},"excerpt":{"rendered":"<p>Vi presenterar Runic Shirt, ett enast\u00e5ende plagg tillverkat av tjockt linne av h\u00f6g kvalitet \u2013 perfekt f\u00f6r kyligare dagar. Den h\u00e4r skjortan h\u00e5ller dig varm och bekv\u00e4m samtidigt som den erbjuder en sofistikerad touch genom sitt geometriska broderi, inspirerat av gamla etniska motiv. Runic-tr\u00f6jan \u00e4r designad f\u00f6r dem som v\u00e4rdes\u00e4tter b\u00e5de stil och substans och [&#8230;]\n","protected":false},"featured_media":2866,"comment_status":"open","ping_status":"closed","template":"","meta":{"_acf_changed":false},"product_brand":[],"product_cat":[90,96],"product_tag":[],"class_list":{"0":"post-2838","1":"product","2":"type-product","3":"status-publish","4":"has-post-thumbnail","6":"product_cat-kvinnor","7":"product_cat-skjortor","9":"first","10":"instock","11":"taxable","12":"shipping-taxable","13":"purchasable","14":"product-type-variable"},"acf":[],"yoast_head":"<!-- This site is optimized with the Yoast SEO plugin v26.6 - https:\/\/yoast.com\/wordpress\/plugins\/seo\/ -->\n<title>Runic Skjorta - Ethnica Style Runtr\u00f6ja<\/title>\n<meta name=\"description\" content=\"Uppt\u00e4ck runskjortan \u2013 tillverkad i tjockt linne med etniska broderier. En dj\u00e4rv, elegant pj\u00e4s som finns i terrakotta eller vitt, perfekt f\u00f6r vintrar.\" \/>\n<meta name=\"robots\" content=\"index, follow, max-snippet:-1, max-image-preview:large, max-video-preview:-1\" \/>\n<link rel=\"canonical\" href=\"https:\/\/ethnica.style\/sv\/product\/runic-skjorta\/\" \/>\n<meta property=\"og:locale\" content=\"sv_SE\" \/>\n<meta property=\"og:type\" content=\"article\" \/>\n<meta property=\"og:title\" content=\"Runic Skjorta - Ethnica Style Runtr\u00f6ja\" \/>\n<meta property=\"og:description\" content=\"Uppt\u00e4ck runskjortan \u2013 tillverkad i tjockt linne med etniska broderier. En dj\u00e4rv, elegant pj\u00e4s som finns i terrakotta eller vitt, perfekt f\u00f6r vintrar.\" \/>\n<meta property=\"og:url\" content=\"https:\/\/ethnica.style\/sv\/product\/runic-skjorta\/\" \/>\n<meta property=\"og:site_name\" content=\"Ethnica Style\" \/>\n<meta property=\"article:modified_time\" content=\"2025-09-03T10:08:48+00:00\" \/>\n<meta property=\"og:image\" content=\"https:\/\/ethnica.style\/wp-content\/uploads\/2025\/08\/orchid-shirt-05.jpg\" \/>\n\t<meta property=\"og:image:width\" content=\"800\" \/>\n\t<meta property=\"og:image:height\" content=\"1200\" \/>\n\t<meta property=\"og:image:type\" content=\"image\/jpeg\" \/>\n<meta name=\"twitter:card\" content=\"summary_large_image\" \/>\n<meta name=\"twitter:label1\" content=\"Ber\u00e4knad l\u00e4stid\" \/>\n\t<meta name=\"twitter:data1\" content=\"1 minut\" \/>\n<script type=\"application\/ld+json\" class=\"yoast-schema-graph\">{\"@context\":\"https:\/\/schema.org\",\"@graph\":[{\"@type\":\"WebPage\",\"@id\":\"https:\/\/ethnica.style\/sv\/product\/runic-skjorta\/\",\"url\":\"https:\/\/ethnica.style\/sv\/product\/runic-skjorta\/\",\"name\":\"Runic Skjorta - Ethnica Style Runtr\u00f6ja\",\"isPartOf\":{\"@id\":\"https:\/\/ethnica.style\/sv\/#website\"},\"primaryImageOfPage\":{\"@id\":\"https:\/\/ethnica.style\/sv\/product\/runic-skjorta\/#primaryimage\"},\"image\":{\"@id\":\"https:\/\/ethnica.style\/sv\/product\/runic-skjorta\/#primaryimage\"},\"thumbnailUrl\":\"https:\/\/ethnica.style\/wp-content\/uploads\/2025\/08\/orchid-shirt-05.jpg\",\"datePublished\":\"2025-08-06T08:49:03+00:00\",\"dateModified\":\"2025-09-03T10:08:48+00:00\",\"description\":\"Uppt\u00e4ck runskjortan \u2013 tillverkad i tjockt linne med etniska broderier. En dj\u00e4rv, elegant pj\u00e4s som finns i terrakotta eller vitt, perfekt f\u00f6r vintrar.\",\"breadcrumb\":{\"@id\":\"https:\/\/ethnica.style\/sv\/product\/runic-skjorta\/#breadcrumb\"},\"inLanguage\":\"sv-SE\",\"potentialAction\":[{\"@type\":\"ReadAction\",\"target\":[\"https:\/\/ethnica.style\/sv\/product\/runic-skjorta\/\"]}]},{\"@type\":\"ImageObject\",\"inLanguage\":\"sv-SE\",\"@id\":\"https:\/\/ethnica.style\/sv\/product\/runic-skjorta\/#primaryimage\",\"url\":\"https:\/\/ethnica.style\/wp-content\/uploads\/2025\/08\/orchid-shirt-05.jpg\",\"contentUrl\":\"https:\/\/ethnica.style\/wp-content\/uploads\/2025\/08\/orchid-shirt-05.jpg\",\"width\":800,\"height\":1200,\"caption\":\"Runic Shirt\"},{\"@type\":\"BreadcrumbList\",\"@id\":\"https:\/\/ethnica.style\/sv\/product\/runic-skjorta\/#breadcrumb\",\"itemListElement\":[{\"@type\":\"ListItem\",\"position\":1,\"name\":\"Home\",\"item\":\"https:\/\/ethnica.style\/sv\/\"},{\"@type\":\"ListItem\",\"position\":2,\"name\":\"Butik\",\"item\":\"https:\/\/ethnica.style\/sv\/butik\/\"},{\"@type\":\"ListItem\",\"position\":3,\"name\":\"Runic Skjorta\"}]},{\"@type\":\"WebSite\",\"@id\":\"https:\/\/ethnica.style\/sv\/#website\",\"url\":\"https:\/\/ethnica.style\/sv\/\",\"name\":\"Ethnica Style\",\"description\":\"\",\"publisher\":{\"@id\":\"https:\/\/ethnica.style\/sv\/#organization\"},\"potentialAction\":[{\"@type\":\"SearchAction\",\"target\":{\"@type\":\"EntryPoint\",\"urlTemplate\":\"https:\/\/ethnica.style\/sv\/?s={search_term_string}\"},\"query-input\":{\"@type\":\"PropertyValueSpecification\",\"valueRequired\":true,\"valueName\":\"search_term_string\"}}],\"inLanguage\":\"sv-SE\"},{\"@type\":\"Organization\",\"@id\":\"https:\/\/ethnica.style\/sv\/#organization\",\"name\":\"Ethnica Style\",\"url\":\"https:\/\/ethnica.style\/sv\/\",\"logo\":{\"@type\":\"ImageObject\",\"inLanguage\":\"sv-SE\",\"@id\":\"https:\/\/ethnica.style\/sv\/#\/schema\/logo\/image\/\",\"url\":\"https:\/\/ethnica.style\/wp-content\/uploads\/2024\/10\/group-5-1.svg\",\"contentUrl\":\"https:\/\/ethnica.style\/wp-content\/uploads\/2024\/10\/group-5-1.svg\",\"width\":1,\"height\":1,\"caption\":\"Ethnica Style\"},\"image\":{\"@id\":\"https:\/\/ethnica.style\/sv\/#\/schema\/logo\/image\/\"}}]}<\/script>\n<!-- \/ Yoast SEO plugin. -->","yoast_head_json":{"title":"Runic Skjorta - Ethnica Style Runtr\u00f6ja","description":"Uppt\u00e4ck runskjortan \u2013 tillverkad i tjockt linne med etniska broderier. En dj\u00e4rv, elegant pj\u00e4s som finns i terrakotta eller vitt, perfekt f\u00f6r vintrar.","robots":{"index":"index","follow":"follow","max-snippet":"max-snippet:-1","max-image-preview":"max-image-preview:large","max-video-preview":"max-video-preview:-1"},"canonical":"https:\/\/ethnica.style\/sv\/product\/runic-skjorta\/","og_locale":"sv_SE","og_type":"article","og_title":"Runic Skjorta - Ethnica Style Runtr\u00f6ja","og_description":"Uppt\u00e4ck runskjortan \u2013 tillverkad i tjockt linne med etniska broderier. En dj\u00e4rv, elegant pj\u00e4s som finns i terrakotta eller vitt, perfekt f\u00f6r vintrar.","og_url":"https:\/\/ethnica.style\/sv\/product\/runic-skjorta\/","og_site_name":"Ethnica Style","article_modified_time":"2025-09-03T10:08:48+00:00","og_image":[{"width":800,"height":1200,"url":"https:\/\/ethnica.style\/wp-content\/uploads\/2025\/08\/orchid-shirt-05.jpg","type":"image\/jpeg"}],"twitter_card":"summary_large_image","twitter_misc":{"Ber\u00e4knad l\u00e4stid":"1 minut"},"schema":{"@context":"https:\/\/schema.org","@graph":[{"@type":"WebPage","@id":"https:\/\/ethnica.style\/sv\/product\/runic-skjorta\/","url":"https:\/\/ethnica.style\/sv\/product\/runic-skjorta\/","name":"Runic Skjorta - Ethnica Style Runtr\u00f6ja","isPartOf":{"@id":"https:\/\/ethnica.style\/sv\/#website"},"primaryImageOfPage":{"@id":"https:\/\/ethnica.style\/sv\/product\/runic-skjorta\/#primaryimage"},"image":{"@id":"https:\/\/ethnica.style\/sv\/product\/runic-skjorta\/#primaryimage"},"thumbnailUrl":"https:\/\/ethnica.style\/wp-content\/uploads\/2025\/08\/orchid-shirt-05.jpg","datePublished":"2025-08-06T08:49:03+00:00","dateModified":"2025-09-03T10:08:48+00:00","description":"Uppt\u00e4ck runskjortan \u2013 tillverkad i tjockt linne med etniska broderier. En dj\u00e4rv, elegant pj\u00e4s som finns i terrakotta eller vitt, perfekt f\u00f6r vintrar.","breadcrumb":{"@id":"https:\/\/ethnica.style\/sv\/product\/runic-skjorta\/#breadcrumb"},"inLanguage":"sv-SE","potentialAction":[{"@type":"ReadAction","target":["https:\/\/ethnica.style\/sv\/product\/runic-skjorta\/"]}]},{"@type":"ImageObject","inLanguage":"sv-SE","@id":"https:\/\/ethnica.style\/sv\/product\/runic-skjorta\/#primaryimage","url":"https:\/\/ethnica.style\/wp-content\/uploads\/2025\/08\/orchid-shirt-05.jpg","contentUrl":"https:\/\/ethnica.style\/wp-content\/uploads\/2025\/08\/orchid-shirt-05.jpg","width":800,"height":1200,"caption":"Runic Shirt"},{"@type":"BreadcrumbList","@id":"https:\/\/ethnica.style\/sv\/product\/runic-skjorta\/#breadcrumb","itemListElement":[{"@type":"ListItem","position":1,"name":"Home","item":"https:\/\/ethnica.style\/sv\/"},{"@type":"ListItem","position":2,"name":"Butik","item":"https:\/\/ethnica.style\/sv\/butik\/"},{"@type":"ListItem","position":3,"name":"Runic Skjorta"}]},{"@type":"WebSite","@id":"https:\/\/ethnica.style\/sv\/#website","url":"https:\/\/ethnica.style\/sv\/","name":"Ethnica Style","description":"","publisher":{"@id":"https:\/\/ethnica.style\/sv\/#organization"},"potentialAction":[{"@type":"SearchAction","target":{"@type":"EntryPoint","urlTemplate":"https:\/\/ethnica.style\/sv\/?s={search_term_string}"},"query-input":{"@type":"PropertyValueSpecification","valueRequired":true,"valueName":"search_term_string"}}],"inLanguage":"sv-SE"},{"@type":"Organization","@id":"https:\/\/ethnica.style\/sv\/#organization","name":"Ethnica Style","url":"https:\/\/ethnica.style\/sv\/","logo":{"@type":"ImageObject","inLanguage":"sv-SE","@id":"https:\/\/ethnica.style\/sv\/#\/schema\/logo\/image\/","url":"https:\/\/ethnica.style\/wp-content\/uploads\/2024\/10\/group-5-1.svg","contentUrl":"https:\/\/ethnica.style\/wp-content\/uploads\/2024\/10\/group-5-1.svg","width":1,"height":1,"caption":"Ethnica Style"},"image":{"@id":"https:\/\/ethnica.style\/sv\/#\/schema\/logo\/image\/"}}]}},"_links":{"self":[{"href":"https:\/\/ethnica.style\/sv\/wp-json\/wp\/v2\/product\/2838","targetHints":{"allow":["GET"]}}],"collection":[{"href":"https:\/\/ethnica.style\/sv\/wp-json\/wp\/v2\/product"}],"about":[{"href":"https:\/\/ethnica.style\/sv\/wp-json\/wp\/v2\/types\/product"}],"replies":[{"embeddable":true,"href":"https:\/\/ethnica.style\/sv\/wp-json\/wp\/v2\/comments?post=2838"}],"wp:featuredmedia":[{"embeddable":true,"href":"https:\/\/ethnica.style\/sv\/wp-json\/wp\/v2\/media\/2866"}],"wp:attachment":[{"href":"https:\/\/ethnica.style\/sv\/wp-json\/wp\/v2\/media?parent=2838"}],"wp:term":[{"taxonomy":"product_brand","embeddable":true,"href":"https:\/\/ethnica.style\/sv\/wp-json\/wp\/v2\/product_brand?post=2838"},{"taxonomy":"product_cat","embeddable":true,"href":"https:\/\/ethnica.style\/sv\/wp-json\/wp\/v2\/product_cat?post=2838"},{"taxonomy":"product_tag","embeddable":true,"href":"https:\/\/ethnica.style\/sv\/wp-json\/wp\/v2\/product_tag?post=2838"}],"curies":[{"name":"wp","href":"https:\/\/api.w.org\/{rel}","templated":true}]}}