{"id":2839,"date":"2025-08-06T08:49:03","date_gmt":"2025-08-06T08:49:03","guid":{"rendered":"https:\/\/ethnica.style\/product\/love-birds-skjorta\/"},"modified":"2025-09-03T10:19:35","modified_gmt":"2025-09-03T10:19:35","slug":"love-birds-skjorta","status":"publish","type":"product","link":"https:\/\/ethnica.style\/sv\/product\/love-birds-skjorta\/","title":{"rendered":"Love Birds Skjorta"},"content":{"rendered":"<p data-start=\"217\" data-end=\"664\">Fira individualitet och artisteri med v\u00e5r <strong data-start=\"286\" data-end=\"306\">Love Birds-skjorta<\/strong>, ett f\u00e4ngslande statement-plagg tillverkat av naturligt linne som andas. Det livfulla broderiet i gult och bl\u00e5tt, inspirerat av traditionella motiv, ger denna design liv med symbolisk mening. I hj\u00e4rtat av m\u00f6nstret finns tv\u00e5 delikata f\u00e5glar som representerar fred, frihet och samh\u00f6righet \u2013 ett genomt\u00e4nkt till\u00e4gg som g\u00f6r den h\u00e4r skjortan till mer \u00e4n bara mode.  <\/p>\n<p data-start=\"666\" data-end=\"1047\">Broderiet \u00e4r utformat f\u00f6r dem som uppskattar fina detaljer och anv\u00e4nder en kombination av rak och satins\u00f6msteknik. Detta s\u00e4kerst\u00e4ller att designen sticker <a href=\"https:\/\/ethnica.style\/sv\/\">ut<\/a> i b\u00e5de f\u00e4rg och textur samtidigt som den beh\u00e5ller h\u00e5llbarhet och mjukhet. Oavsett om du kl\u00e4r upp dig f\u00f6r ett avslappnat evenemang eller l\u00e4gger den <a href=\"https:\/\/en.wikipedia.org\/wiki\/Sweden\">under<\/a> en kavaj f\u00f6r en polerad twist, blandar den h\u00e4r skjortan tidl\u00f6st hantverk med modern stil.  <\/p>\n<p data-start=\"1049\" data-end=\"1422\"><strong data-start=\"1053\" data-end=\"1073\">Love Birds-skjortan<\/strong> \u00e4r inte bara vacker \u2013 den \u00e4r ocks\u00e5 bekv\u00e4m och l\u00e4tt att b\u00e4ra. Det naturliga linnetyget h\u00e5ller dig sval och sj\u00e4lvs\u00e4ker hela dagen. Dessutom smickrar den avslappnade sk\u00e4rningen ett brett spektrum av kroppstyper, vilket g\u00f6r den till ett oumb\u00e4rligt plagg f\u00f6r varje s\u00e4song. Fr\u00e5n morgonm\u00f6ten till helgbruncher \u2013 den h\u00e4r skjortan \u00e4r ett dj\u00e4rvt och elegant uttryck vart du \u00e4n g\u00e5r.   <\/p>\n<p data-start=\"1424\" data-end=\"1568\">Modellen \u00e4r 175 cm l\u00e5ng och b\u00e4r storlek S.<br data-start=\"1459\" data-end=\"1462\">Broderiteknik: raks\u00f6m och satins\u00f6mmaskinsbroderi.<br data-start=\"1536\" data-end=\"1539\">Material: 100% naturligt linne.<\/p>\n<p data-start=\"1570\" data-end=\"1714\">Om du beh\u00f6ver f\u00f6rtydligande om storlek \u00e4r du v\u00e4lkommen att kontakta v\u00e5ra chefer. Vi \u00e4r alltid glada att hj\u00e4lpa och v\u00e4gleda dig i att v\u00e4lja den perfekta passformen. <\/p>\n<p data-start=\"1716\" data-end=\"1834\">L\u00e4gg till en touch av artisteri och arv till din garderob &#8211; <strong data-start=\"1776\" data-end=\"1796\">Love Birds-skjortan<\/strong> \u00e4r redo att bli din nya favorit.<\/p>\n","protected":false},"excerpt":{"rendered":"<p>Fira individualitet och artisteri med v\u00e5r Love Birds-skjorta, ett f\u00e4ngslande statement-plagg tillverkat av naturligt linne som andas. Det livfulla broderiet i gult och bl\u00e5tt, inspirerat av traditionella motiv, ger denna design liv med symbolisk mening. I hj\u00e4rtat av m\u00f6nstret finns tv\u00e5 delikata f\u00e5glar som representerar fred, frihet och samh\u00f6righet \u2013 ett genomt\u00e4nkt till\u00e4gg som g\u00f6r [&#8230;]\n","protected":false},"featured_media":2868,"comment_status":"open","ping_status":"closed","template":"","meta":{"_acf_changed":false},"product_brand":[],"product_cat":[90,96],"product_tag":[],"class_list":{"0":"post-2839","1":"product","2":"type-product","3":"status-publish","4":"has-post-thumbnail","6":"product_cat-kvinnor","7":"product_cat-skjortor","9":"first","10":"instock","11":"taxable","12":"shipping-taxable","13":"purchasable","14":"product-type-variable"},"acf":[],"yoast_head":"<!-- This site is optimized with the Yoast SEO plugin v26.6 - https:\/\/yoast.com\/wordpress\/plugins\/seo\/ -->\n<title>Love Birds Skjorta<\/title>\n<meta name=\"description\" content=\"Love Birds Skjorta med bl\u00e5tt och gult broderi som symboliserar fred och frihet. Tillverkad av andningsbart linne med satins\u00f6mdetaljer.\" \/>\n<meta name=\"robots\" content=\"index, follow, max-snippet:-1, max-image-preview:large, max-video-preview:-1\" \/>\n<link rel=\"canonical\" href=\"https:\/\/ethnica.style\/sv\/product\/love-birds-skjorta\/\" \/>\n<meta property=\"og:locale\" content=\"sv_SE\" \/>\n<meta property=\"og:type\" content=\"article\" \/>\n<meta property=\"og:title\" content=\"Love Birds Skjorta\" \/>\n<meta property=\"og:description\" content=\"Love Birds Skjorta med bl\u00e5tt och gult broderi som symboliserar fred och frihet. Tillverkad av andningsbart linne med satins\u00f6mdetaljer.\" \/>\n<meta property=\"og:url\" content=\"https:\/\/ethnica.style\/sv\/product\/love-birds-skjorta\/\" \/>\n<meta property=\"og:site_name\" content=\"Ethnica Style\" \/>\n<meta property=\"article:modified_time\" content=\"2025-09-03T10:19:35+00:00\" \/>\n<meta property=\"og:image\" content=\"https:\/\/ethnica.style\/wp-content\/uploads\/2025\/08\/love-birds-shirt-01.jpg\" \/>\n\t<meta property=\"og:image:width\" content=\"800\" \/>\n\t<meta property=\"og:image:height\" content=\"1200\" \/>\n\t<meta property=\"og:image:type\" content=\"image\/jpeg\" \/>\n<meta name=\"twitter:card\" content=\"summary_large_image\" \/>\n<meta name=\"twitter:label1\" content=\"Ber\u00e4knad l\u00e4stid\" \/>\n\t<meta name=\"twitter:data1\" content=\"2 minuter\" \/>\n<script type=\"application\/ld+json\" class=\"yoast-schema-graph\">{\"@context\":\"https:\/\/schema.org\",\"@graph\":[{\"@type\":\"WebPage\",\"@id\":\"https:\/\/ethnica.style\/sv\/product\/love-birds-skjorta\/\",\"url\":\"https:\/\/ethnica.style\/sv\/product\/love-birds-skjorta\/\",\"name\":\"Love Birds Skjorta\",\"isPartOf\":{\"@id\":\"https:\/\/ethnica.style\/sv\/#website\"},\"primaryImageOfPage\":{\"@id\":\"https:\/\/ethnica.style\/sv\/product\/love-birds-skjorta\/#primaryimage\"},\"image\":{\"@id\":\"https:\/\/ethnica.style\/sv\/product\/love-birds-skjorta\/#primaryimage\"},\"thumbnailUrl\":\"https:\/\/ethnica.style\/wp-content\/uploads\/2025\/08\/love-birds-shirt-01.jpg\",\"datePublished\":\"2025-08-06T08:49:03+00:00\",\"dateModified\":\"2025-09-03T10:19:35+00:00\",\"description\":\"Love Birds Skjorta med bl\u00e5tt och gult broderi som symboliserar fred och frihet. Tillverkad av andningsbart linne med satins\u00f6mdetaljer.\",\"breadcrumb\":{\"@id\":\"https:\/\/ethnica.style\/sv\/product\/love-birds-skjorta\/#breadcrumb\"},\"inLanguage\":\"sv-SE\",\"potentialAction\":[{\"@type\":\"ReadAction\",\"target\":[\"https:\/\/ethnica.style\/sv\/product\/love-birds-skjorta\/\"]}]},{\"@type\":\"ImageObject\",\"inLanguage\":\"sv-SE\",\"@id\":\"https:\/\/ethnica.style\/sv\/product\/love-birds-skjorta\/#primaryimage\",\"url\":\"https:\/\/ethnica.style\/wp-content\/uploads\/2025\/08\/love-birds-shirt-01.jpg\",\"contentUrl\":\"https:\/\/ethnica.style\/wp-content\/uploads\/2025\/08\/love-birds-shirt-01.jpg\",\"width\":800,\"height\":1200,\"caption\":\"love-birds-shirt-01.jpg\"},{\"@type\":\"BreadcrumbList\",\"@id\":\"https:\/\/ethnica.style\/sv\/product\/love-birds-skjorta\/#breadcrumb\",\"itemListElement\":[{\"@type\":\"ListItem\",\"position\":1,\"name\":\"Home\",\"item\":\"https:\/\/ethnica.style\/sv\/\"},{\"@type\":\"ListItem\",\"position\":2,\"name\":\"Butik\",\"item\":\"https:\/\/ethnica.style\/sv\/butik\/\"},{\"@type\":\"ListItem\",\"position\":3,\"name\":\"Love Birds Skjorta\"}]},{\"@type\":\"WebSite\",\"@id\":\"https:\/\/ethnica.style\/sv\/#website\",\"url\":\"https:\/\/ethnica.style\/sv\/\",\"name\":\"Ethnica Style\",\"description\":\"\",\"publisher\":{\"@id\":\"https:\/\/ethnica.style\/sv\/#organization\"},\"potentialAction\":[{\"@type\":\"SearchAction\",\"target\":{\"@type\":\"EntryPoint\",\"urlTemplate\":\"https:\/\/ethnica.style\/sv\/?s={search_term_string}\"},\"query-input\":{\"@type\":\"PropertyValueSpecification\",\"valueRequired\":true,\"valueName\":\"search_term_string\"}}],\"inLanguage\":\"sv-SE\"},{\"@type\":\"Organization\",\"@id\":\"https:\/\/ethnica.style\/sv\/#organization\",\"name\":\"Ethnica Style\",\"url\":\"https:\/\/ethnica.style\/sv\/\",\"logo\":{\"@type\":\"ImageObject\",\"inLanguage\":\"sv-SE\",\"@id\":\"https:\/\/ethnica.style\/sv\/#\/schema\/logo\/image\/\",\"url\":\"https:\/\/ethnica.style\/wp-content\/uploads\/2024\/10\/group-5-1.svg\",\"contentUrl\":\"https:\/\/ethnica.style\/wp-content\/uploads\/2024\/10\/group-5-1.svg\",\"width\":1,\"height\":1,\"caption\":\"Ethnica Style\"},\"image\":{\"@id\":\"https:\/\/ethnica.style\/sv\/#\/schema\/logo\/image\/\"}}]}<\/script>\n<!-- \/ Yoast SEO plugin. -->","yoast_head_json":{"title":"Love Birds Skjorta","description":"Love Birds Skjorta med bl\u00e5tt och gult broderi som symboliserar fred och frihet. Tillverkad av andningsbart linne med satins\u00f6mdetaljer.","robots":{"index":"index","follow":"follow","max-snippet":"max-snippet:-1","max-image-preview":"max-image-preview:large","max-video-preview":"max-video-preview:-1"},"canonical":"https:\/\/ethnica.style\/sv\/product\/love-birds-skjorta\/","og_locale":"sv_SE","og_type":"article","og_title":"Love Birds Skjorta","og_description":"Love Birds Skjorta med bl\u00e5tt och gult broderi som symboliserar fred och frihet. Tillverkad av andningsbart linne med satins\u00f6mdetaljer.","og_url":"https:\/\/ethnica.style\/sv\/product\/love-birds-skjorta\/","og_site_name":"Ethnica Style","article_modified_time":"2025-09-03T10:19:35+00:00","og_image":[{"width":800,"height":1200,"url":"https:\/\/ethnica.style\/wp-content\/uploads\/2025\/08\/love-birds-shirt-01.jpg","type":"image\/jpeg"}],"twitter_card":"summary_large_image","twitter_misc":{"Ber\u00e4knad l\u00e4stid":"2 minuter"},"schema":{"@context":"https:\/\/schema.org","@graph":[{"@type":"WebPage","@id":"https:\/\/ethnica.style\/sv\/product\/love-birds-skjorta\/","url":"https:\/\/ethnica.style\/sv\/product\/love-birds-skjorta\/","name":"Love Birds Skjorta","isPartOf":{"@id":"https:\/\/ethnica.style\/sv\/#website"},"primaryImageOfPage":{"@id":"https:\/\/ethnica.style\/sv\/product\/love-birds-skjorta\/#primaryimage"},"image":{"@id":"https:\/\/ethnica.style\/sv\/product\/love-birds-skjorta\/#primaryimage"},"thumbnailUrl":"https:\/\/ethnica.style\/wp-content\/uploads\/2025\/08\/love-birds-shirt-01.jpg","datePublished":"2025-08-06T08:49:03+00:00","dateModified":"2025-09-03T10:19:35+00:00","description":"Love Birds Skjorta med bl\u00e5tt och gult broderi som symboliserar fred och frihet. Tillverkad av andningsbart linne med satins\u00f6mdetaljer.","breadcrumb":{"@id":"https:\/\/ethnica.style\/sv\/product\/love-birds-skjorta\/#breadcrumb"},"inLanguage":"sv-SE","potentialAction":[{"@type":"ReadAction","target":["https:\/\/ethnica.style\/sv\/product\/love-birds-skjorta\/"]}]},{"@type":"ImageObject","inLanguage":"sv-SE","@id":"https:\/\/ethnica.style\/sv\/product\/love-birds-skjorta\/#primaryimage","url":"https:\/\/ethnica.style\/wp-content\/uploads\/2025\/08\/love-birds-shirt-01.jpg","contentUrl":"https:\/\/ethnica.style\/wp-content\/uploads\/2025\/08\/love-birds-shirt-01.jpg","width":800,"height":1200,"caption":"love-birds-shirt-01.jpg"},{"@type":"BreadcrumbList","@id":"https:\/\/ethnica.style\/sv\/product\/love-birds-skjorta\/#breadcrumb","itemListElement":[{"@type":"ListItem","position":1,"name":"Home","item":"https:\/\/ethnica.style\/sv\/"},{"@type":"ListItem","position":2,"name":"Butik","item":"https:\/\/ethnica.style\/sv\/butik\/"},{"@type":"ListItem","position":3,"name":"Love Birds Skjorta"}]},{"@type":"WebSite","@id":"https:\/\/ethnica.style\/sv\/#website","url":"https:\/\/ethnica.style\/sv\/","name":"Ethnica Style","description":"","publisher":{"@id":"https:\/\/ethnica.style\/sv\/#organization"},"potentialAction":[{"@type":"SearchAction","target":{"@type":"EntryPoint","urlTemplate":"https:\/\/ethnica.style\/sv\/?s={search_term_string}"},"query-input":{"@type":"PropertyValueSpecification","valueRequired":true,"valueName":"search_term_string"}}],"inLanguage":"sv-SE"},{"@type":"Organization","@id":"https:\/\/ethnica.style\/sv\/#organization","name":"Ethnica Style","url":"https:\/\/ethnica.style\/sv\/","logo":{"@type":"ImageObject","inLanguage":"sv-SE","@id":"https:\/\/ethnica.style\/sv\/#\/schema\/logo\/image\/","url":"https:\/\/ethnica.style\/wp-content\/uploads\/2024\/10\/group-5-1.svg","contentUrl":"https:\/\/ethnica.style\/wp-content\/uploads\/2024\/10\/group-5-1.svg","width":1,"height":1,"caption":"Ethnica Style"},"image":{"@id":"https:\/\/ethnica.style\/sv\/#\/schema\/logo\/image\/"}}]}},"_links":{"self":[{"href":"https:\/\/ethnica.style\/sv\/wp-json\/wp\/v2\/product\/2839","targetHints":{"allow":["GET"]}}],"collection":[{"href":"https:\/\/ethnica.style\/sv\/wp-json\/wp\/v2\/product"}],"about":[{"href":"https:\/\/ethnica.style\/sv\/wp-json\/wp\/v2\/types\/product"}],"replies":[{"embeddable":true,"href":"https:\/\/ethnica.style\/sv\/wp-json\/wp\/v2\/comments?post=2839"}],"wp:featuredmedia":[{"embeddable":true,"href":"https:\/\/ethnica.style\/sv\/wp-json\/wp\/v2\/media\/2868"}],"wp:attachment":[{"href":"https:\/\/ethnica.style\/sv\/wp-json\/wp\/v2\/media?parent=2839"}],"wp:term":[{"taxonomy":"product_brand","embeddable":true,"href":"https:\/\/ethnica.style\/sv\/wp-json\/wp\/v2\/product_brand?post=2839"},{"taxonomy":"product_cat","embeddable":true,"href":"https:\/\/ethnica.style\/sv\/wp-json\/wp\/v2\/product_cat?post=2839"},{"taxonomy":"product_tag","embeddable":true,"href":"https:\/\/ethnica.style\/sv\/wp-json\/wp\/v2\/product_tag?post=2839"}],"curies":[{"name":"wp","href":"https:\/\/api.w.org\/{rel}","templated":true}]}}