{"id":2840,"date":"2025-08-06T08:49:04","date_gmt":"2025-08-06T08:49:04","guid":{"rendered":"https:\/\/ethnica.style\/product\/snodrottningen-skjorta\/"},"modified":"2025-09-03T10:38:30","modified_gmt":"2025-09-03T10:38:30","slug":"snodrottningen-skjorta","status":"publish","type":"product","link":"https:\/\/ethnica.style\/sv\/product\/snodrottningen-skjorta\/","title":{"rendered":"Sn\u00f6drottningen Skjorta"},"content":{"rendered":"<p data-start=\"397\" data-end=\"580\">H\u00e5ll dig sval och snygg med <strong data-start=\"428\" data-end=\"448\">Snow Queen-skjortan<\/strong>, tillverkad av l\u00e4tt linne av h\u00f6g kvalitet. Dess andningsbara tyg och avslappnade passform g\u00f6r den idealisk f\u00f6r varmt v\u00e4der och vardagsbruk. <\/p>\n<p data-start=\"582\" data-end=\"846\">Den h\u00e4r skjortan har intrikata geometriska broderier och fl\u00e4tdekorationer. Satins\u00f6mstekniken ger textur och elegans utan att vara \u00f6verv\u00e4ldigande. Oavsett om du <a href=\"https:\/\/en.wikipedia.org\/wiki\/Sweden\">\u00e4r p\u00e5 v\u00e4g<\/a> till ett kaf\u00e9 eller njuter av en helgpromenad erbjuder <strong data-start=\"801\" data-end=\"821\">Snow Queen Shirt<\/strong> enkel charm.  <\/p>\n<p data-start=\"848\" data-end=\"961\">Modellen \u00e4r 167 cm och b\u00e4r storlek S. Beh\u00f6ver du <a href=\"https:\/\/ethnica.style\/sv\/\">hj\u00e4lp<\/a> med storleken? Kontakta v\u00e5ra chefer \u2013 vi hj\u00e4lper dig g\u00e4rna. <\/p>\n","protected":false},"excerpt":{"rendered":"<p>H\u00e5ll dig sval och snygg med Snow Queen-skjortan, tillverkad av l\u00e4tt linne av h\u00f6g kvalitet. Dess andningsbara tyg och avslappnade passform g\u00f6r den idealisk f\u00f6r varmt v\u00e4der och vardagsbruk. Den h\u00e4r skjortan har intrikata geometriska broderier och fl\u00e4tdekorationer. Satins\u00f6mstekniken ger textur och elegans utan att vara \u00f6verv\u00e4ldigande. Oavsett om du \u00e4r p\u00e5 v\u00e4g till ett [&#8230;]\n","protected":false},"featured_media":2841,"comment_status":"open","ping_status":"closed","template":"","meta":{"_acf_changed":false},"product_brand":[],"product_cat":[90,101,96],"product_tag":[],"class_list":{"0":"post-2840","1":"product","2":"type-product","3":"status-publish","4":"has-post-thumbnail","6":"product_cat-kvinnor","7":"product_cat-nyanlanda","8":"product_cat-skjortor","10":"first","11":"instock","12":"taxable","13":"shipping-taxable","14":"purchasable","15":"product-type-variable"},"acf":[],"yoast_head":"<!-- This site is optimized with the Yoast SEO plugin v26.6 - https:\/\/yoast.com\/wordpress\/plugins\/seo\/ -->\n<title>Sn\u00f6drottningen Skjorta<\/title>\n<meta name=\"description\" content=\"H\u00e5ll dig sval i Snow Queen-skjortan \u2013 tillverkad i linne som andas och har geometriska broderier. Ett avslappnat, elegant val f\u00f6r obesv\u00e4rad sommarelegans.\" \/>\n<meta name=\"robots\" content=\"index, follow, max-snippet:-1, max-image-preview:large, max-video-preview:-1\" \/>\n<link rel=\"canonical\" href=\"https:\/\/ethnica.style\/sv\/product\/snodrottningen-skjorta\/\" \/>\n<meta property=\"og:locale\" content=\"sv_SE\" \/>\n<meta property=\"og:type\" content=\"article\" \/>\n<meta property=\"og:title\" content=\"Sn\u00f6drottningen Skjorta\" \/>\n<meta property=\"og:description\" content=\"H\u00e5ll dig sval i Snow Queen-skjortan \u2013 tillverkad i linne som andas och har geometriska broderier. Ett avslappnat, elegant val f\u00f6r obesv\u00e4rad sommarelegans.\" \/>\n<meta property=\"og:url\" content=\"https:\/\/ethnica.style\/sv\/product\/snodrottningen-skjorta\/\" \/>\n<meta property=\"og:site_name\" content=\"Ethnica Style\" \/>\n<meta property=\"article:modified_time\" content=\"2025-09-03T10:38:30+00:00\" \/>\n<meta property=\"og:image\" content=\"https:\/\/ethnica.style\/wp-content\/uploads\/2025\/08\/IMG_8784.jpg\" \/>\n\t<meta property=\"og:image:width\" content=\"1080\" \/>\n\t<meta property=\"og:image:height\" content=\"1620\" \/>\n\t<meta property=\"og:image:type\" content=\"image\/jpeg\" \/>\n<meta name=\"twitter:card\" content=\"summary_large_image\" \/>\n<meta name=\"twitter:label1\" content=\"Ber\u00e4knad l\u00e4stid\" \/>\n\t<meta name=\"twitter:data1\" content=\"1 minut\" \/>\n<script type=\"application\/ld+json\" class=\"yoast-schema-graph\">{\"@context\":\"https:\/\/schema.org\",\"@graph\":[{\"@type\":\"WebPage\",\"@id\":\"https:\/\/ethnica.style\/sv\/product\/snodrottningen-skjorta\/\",\"url\":\"https:\/\/ethnica.style\/sv\/product\/snodrottningen-skjorta\/\",\"name\":\"Sn\u00f6drottningen Skjorta\",\"isPartOf\":{\"@id\":\"https:\/\/ethnica.style\/sv\/#website\"},\"primaryImageOfPage\":{\"@id\":\"https:\/\/ethnica.style\/sv\/product\/snodrottningen-skjorta\/#primaryimage\"},\"image\":{\"@id\":\"https:\/\/ethnica.style\/sv\/product\/snodrottningen-skjorta\/#primaryimage\"},\"thumbnailUrl\":\"https:\/\/ethnica.style\/wp-content\/uploads\/2025\/08\/IMG_8784.jpg\",\"datePublished\":\"2025-08-06T08:49:04+00:00\",\"dateModified\":\"2025-09-03T10:38:30+00:00\",\"description\":\"H\u00e5ll dig sval i Snow Queen-skjortan \u2013 tillverkad i linne som andas och har geometriska broderier. Ett avslappnat, elegant val f\u00f6r obesv\u00e4rad sommarelegans.\",\"breadcrumb\":{\"@id\":\"https:\/\/ethnica.style\/sv\/product\/snodrottningen-skjorta\/#breadcrumb\"},\"inLanguage\":\"sv-SE\",\"potentialAction\":[{\"@type\":\"ReadAction\",\"target\":[\"https:\/\/ethnica.style\/sv\/product\/snodrottningen-skjorta\/\"]}]},{\"@type\":\"ImageObject\",\"inLanguage\":\"sv-SE\",\"@id\":\"https:\/\/ethnica.style\/sv\/product\/snodrottningen-skjorta\/#primaryimage\",\"url\":\"https:\/\/ethnica.style\/wp-content\/uploads\/2025\/08\/IMG_8784.jpg\",\"contentUrl\":\"https:\/\/ethnica.style\/wp-content\/uploads\/2025\/08\/IMG_8784.jpg\",\"width\":1080,\"height\":1620,\"caption\":\"Snow Queen Shirt\"},{\"@type\":\"BreadcrumbList\",\"@id\":\"https:\/\/ethnica.style\/sv\/product\/snodrottningen-skjorta\/#breadcrumb\",\"itemListElement\":[{\"@type\":\"ListItem\",\"position\":1,\"name\":\"Home\",\"item\":\"https:\/\/ethnica.style\/sv\/\"},{\"@type\":\"ListItem\",\"position\":2,\"name\":\"Butik\",\"item\":\"https:\/\/ethnica.style\/sv\/butik\/\"},{\"@type\":\"ListItem\",\"position\":3,\"name\":\"Sn\u00f6drottningen Skjorta\"}]},{\"@type\":\"WebSite\",\"@id\":\"https:\/\/ethnica.style\/sv\/#website\",\"url\":\"https:\/\/ethnica.style\/sv\/\",\"name\":\"Ethnica Style\",\"description\":\"\",\"publisher\":{\"@id\":\"https:\/\/ethnica.style\/sv\/#organization\"},\"potentialAction\":[{\"@type\":\"SearchAction\",\"target\":{\"@type\":\"EntryPoint\",\"urlTemplate\":\"https:\/\/ethnica.style\/sv\/?s={search_term_string}\"},\"query-input\":{\"@type\":\"PropertyValueSpecification\",\"valueRequired\":true,\"valueName\":\"search_term_string\"}}],\"inLanguage\":\"sv-SE\"},{\"@type\":\"Organization\",\"@id\":\"https:\/\/ethnica.style\/sv\/#organization\",\"name\":\"Ethnica Style\",\"url\":\"https:\/\/ethnica.style\/sv\/\",\"logo\":{\"@type\":\"ImageObject\",\"inLanguage\":\"sv-SE\",\"@id\":\"https:\/\/ethnica.style\/sv\/#\/schema\/logo\/image\/\",\"url\":\"https:\/\/ethnica.style\/wp-content\/uploads\/2024\/10\/group-5-1.svg\",\"contentUrl\":\"https:\/\/ethnica.style\/wp-content\/uploads\/2024\/10\/group-5-1.svg\",\"width\":1,\"height\":1,\"caption\":\"Ethnica Style\"},\"image\":{\"@id\":\"https:\/\/ethnica.style\/sv\/#\/schema\/logo\/image\/\"}}]}<\/script>\n<!-- \/ Yoast SEO plugin. -->","yoast_head_json":{"title":"Sn\u00f6drottningen Skjorta","description":"H\u00e5ll dig sval i Snow Queen-skjortan \u2013 tillverkad i linne som andas och har geometriska broderier. Ett avslappnat, elegant val f\u00f6r obesv\u00e4rad sommarelegans.","robots":{"index":"index","follow":"follow","max-snippet":"max-snippet:-1","max-image-preview":"max-image-preview:large","max-video-preview":"max-video-preview:-1"},"canonical":"https:\/\/ethnica.style\/sv\/product\/snodrottningen-skjorta\/","og_locale":"sv_SE","og_type":"article","og_title":"Sn\u00f6drottningen Skjorta","og_description":"H\u00e5ll dig sval i Snow Queen-skjortan \u2013 tillverkad i linne som andas och har geometriska broderier. Ett avslappnat, elegant val f\u00f6r obesv\u00e4rad sommarelegans.","og_url":"https:\/\/ethnica.style\/sv\/product\/snodrottningen-skjorta\/","og_site_name":"Ethnica Style","article_modified_time":"2025-09-03T10:38:30+00:00","og_image":[{"width":1080,"height":1620,"url":"https:\/\/ethnica.style\/wp-content\/uploads\/2025\/08\/IMG_8784.jpg","type":"image\/jpeg"}],"twitter_card":"summary_large_image","twitter_misc":{"Ber\u00e4knad l\u00e4stid":"1 minut"},"schema":{"@context":"https:\/\/schema.org","@graph":[{"@type":"WebPage","@id":"https:\/\/ethnica.style\/sv\/product\/snodrottningen-skjorta\/","url":"https:\/\/ethnica.style\/sv\/product\/snodrottningen-skjorta\/","name":"Sn\u00f6drottningen Skjorta","isPartOf":{"@id":"https:\/\/ethnica.style\/sv\/#website"},"primaryImageOfPage":{"@id":"https:\/\/ethnica.style\/sv\/product\/snodrottningen-skjorta\/#primaryimage"},"image":{"@id":"https:\/\/ethnica.style\/sv\/product\/snodrottningen-skjorta\/#primaryimage"},"thumbnailUrl":"https:\/\/ethnica.style\/wp-content\/uploads\/2025\/08\/IMG_8784.jpg","datePublished":"2025-08-06T08:49:04+00:00","dateModified":"2025-09-03T10:38:30+00:00","description":"H\u00e5ll dig sval i Snow Queen-skjortan \u2013 tillverkad i linne som andas och har geometriska broderier. Ett avslappnat, elegant val f\u00f6r obesv\u00e4rad sommarelegans.","breadcrumb":{"@id":"https:\/\/ethnica.style\/sv\/product\/snodrottningen-skjorta\/#breadcrumb"},"inLanguage":"sv-SE","potentialAction":[{"@type":"ReadAction","target":["https:\/\/ethnica.style\/sv\/product\/snodrottningen-skjorta\/"]}]},{"@type":"ImageObject","inLanguage":"sv-SE","@id":"https:\/\/ethnica.style\/sv\/product\/snodrottningen-skjorta\/#primaryimage","url":"https:\/\/ethnica.style\/wp-content\/uploads\/2025\/08\/IMG_8784.jpg","contentUrl":"https:\/\/ethnica.style\/wp-content\/uploads\/2025\/08\/IMG_8784.jpg","width":1080,"height":1620,"caption":"Snow Queen Shirt"},{"@type":"BreadcrumbList","@id":"https:\/\/ethnica.style\/sv\/product\/snodrottningen-skjorta\/#breadcrumb","itemListElement":[{"@type":"ListItem","position":1,"name":"Home","item":"https:\/\/ethnica.style\/sv\/"},{"@type":"ListItem","position":2,"name":"Butik","item":"https:\/\/ethnica.style\/sv\/butik\/"},{"@type":"ListItem","position":3,"name":"Sn\u00f6drottningen Skjorta"}]},{"@type":"WebSite","@id":"https:\/\/ethnica.style\/sv\/#website","url":"https:\/\/ethnica.style\/sv\/","name":"Ethnica Style","description":"","publisher":{"@id":"https:\/\/ethnica.style\/sv\/#organization"},"potentialAction":[{"@type":"SearchAction","target":{"@type":"EntryPoint","urlTemplate":"https:\/\/ethnica.style\/sv\/?s={search_term_string}"},"query-input":{"@type":"PropertyValueSpecification","valueRequired":true,"valueName":"search_term_string"}}],"inLanguage":"sv-SE"},{"@type":"Organization","@id":"https:\/\/ethnica.style\/sv\/#organization","name":"Ethnica Style","url":"https:\/\/ethnica.style\/sv\/","logo":{"@type":"ImageObject","inLanguage":"sv-SE","@id":"https:\/\/ethnica.style\/sv\/#\/schema\/logo\/image\/","url":"https:\/\/ethnica.style\/wp-content\/uploads\/2024\/10\/group-5-1.svg","contentUrl":"https:\/\/ethnica.style\/wp-content\/uploads\/2024\/10\/group-5-1.svg","width":1,"height":1,"caption":"Ethnica Style"},"image":{"@id":"https:\/\/ethnica.style\/sv\/#\/schema\/logo\/image\/"}}]}},"_links":{"self":[{"href":"https:\/\/ethnica.style\/sv\/wp-json\/wp\/v2\/product\/2840","targetHints":{"allow":["GET"]}}],"collection":[{"href":"https:\/\/ethnica.style\/sv\/wp-json\/wp\/v2\/product"}],"about":[{"href":"https:\/\/ethnica.style\/sv\/wp-json\/wp\/v2\/types\/product"}],"replies":[{"embeddable":true,"href":"https:\/\/ethnica.style\/sv\/wp-json\/wp\/v2\/comments?post=2840"}],"wp:featuredmedia":[{"embeddable":true,"href":"https:\/\/ethnica.style\/sv\/wp-json\/wp\/v2\/media\/2841"}],"wp:attachment":[{"href":"https:\/\/ethnica.style\/sv\/wp-json\/wp\/v2\/media?parent=2840"}],"wp:term":[{"taxonomy":"product_brand","embeddable":true,"href":"https:\/\/ethnica.style\/sv\/wp-json\/wp\/v2\/product_brand?post=2840"},{"taxonomy":"product_cat","embeddable":true,"href":"https:\/\/ethnica.style\/sv\/wp-json\/wp\/v2\/product_cat?post=2840"},{"taxonomy":"product_tag","embeddable":true,"href":"https:\/\/ethnica.style\/sv\/wp-json\/wp\/v2\/product_tag?post=2840"}],"curies":[{"name":"wp","href":"https:\/\/api.w.org\/{rel}","templated":true}]}}