{"id":4790,"date":"2025-08-26T16:34:33","date_gmt":"2025-08-26T16:34:33","guid":{"rendered":"https:\/\/ethnica.style\/product\/handstickad-lang-halsduk-grape-ice\/"},"modified":"2025-08-26T16:34:33","modified_gmt":"2025-08-26T16:34:33","slug":"handstickad-lang-halsduk-grape-ice","status":"publish","type":"product","link":"https:\/\/ethnica.style\/sv\/product\/handstickad-lang-halsduk-grape-ice\/","title":{"rendered":"Handstickad l\u00e5ng halsduk \u2013 \u201cGrape Ice\u201d"},"content":{"rendered":"<div>Vi presenterar den l\u00e5nga halsduken Grape Ice. Svep in dig i v\u00e4rme, <a href=\"https:\/\/ethnica.style\/sv\/\">komfort <\/a>och stil med v\u00e5r handstickade l\u00e5nga halsduk, tillverkad av en premiumblandning av 35 % babyalpacka, 22 % nylon och 43 % merinoull. Den unika grape ice-f\u00e4rgen g\u00f6r den till ett enast\u00e5ende accessoar som lyfter vilken look som helst. Denna l\u00e5nga halsduk i Grape Ice \u00e4r exceptionellt varm och m\u00e5ngsidig och kan stylas p\u00e5<a href=\"https:\/\/novadream.se\/\">o\u00e4ndliga s\u00e4tt <\/a>\u2013 allt som kr\u00e4vs \u00e4r lite fantasi.   <\/div>\n<div><\/div>\n<div>Produktl\u00e4ngd 210 cm.<\/div>\n<div>Produktbredd 40 cm<\/div>\n<div><\/div>\n<div><strong>Sk\u00f6tselr\u00e5d<\/strong> \u2013 Handstickad halsduk<\/div>\n<div><\/div>\n<div>Handtv\u00e4ttas f\u00f6rsiktigt i kallt vatten (max 30\u00b0C) med milt ulltv\u00e4ttmedel.<\/div>\n<div>Vrid eller vrid inte.<\/div>\n<div>L\u00e4gg plant att torka, borta fr\u00e5n direkt solljus.<\/div>\n<div>F\u00f6rvara hopvikt f\u00f6r att beh\u00e5lla formen \u2013 undvik att h\u00e4nga upp.<\/div>\n","protected":false},"excerpt":{"rendered":"<p>Vi presenterar den l\u00e5nga halsduken Grape Ice. Svep in dig i v\u00e4rme, komfort och stil med v\u00e5r handstickade l\u00e5nga halsduk, tillverkad av en premiumblandning av 35 % babyalpacka, 22 % nylon och 43 % merinoull. Den unika grape ice-f\u00e4rgen g\u00f6r den till ett enast\u00e5ende accessoar som lyfter vilken look som helst. Denna l\u00e5nga halsduk i [&#8230;]\n","protected":false},"featured_media":3786,"comment_status":"open","ping_status":"closed","template":"","meta":{"_acf_changed":false},"product_brand":[],"product_cat":[101,110],"product_tag":[],"class_list":{"0":"post-4790","1":"product","2":"type-product","3":"status-publish","4":"has-post-thumbnail","6":"product_cat-nyanlanda","7":"product_cat-scarfs-sv","9":"first","10":"instock","11":"taxable","12":"shipping-taxable","13":"purchasable","14":"product-type-simple"},"acf":[],"yoast_head":"<!-- This site is optimized with the Yoast SEO plugin v26.6 - https:\/\/yoast.com\/wordpress\/plugins\/seo\/ -->\n<title>L\u00e5ng halsduk Grape Ice<\/title>\n<meta name=\"description\" content=\"F\u00f6rh\u00f6j din stil med v\u00e5r l\u00e5nga halsduk i Grape Ice. Handstickad av babyalpacka, merinoull och nylon, erbjuder den v\u00e4rme, komfort och tidl\u00f6s elegans.\" \/>\n<meta name=\"robots\" content=\"index, follow, max-snippet:-1, max-image-preview:large, max-video-preview:-1\" \/>\n<link rel=\"canonical\" href=\"https:\/\/ethnica.style\/sv\/product\/handstickad-lang-halsduk-grape-ice\/\" \/>\n<meta property=\"og:locale\" content=\"sv_SE\" \/>\n<meta property=\"og:type\" content=\"article\" \/>\n<meta property=\"og:title\" content=\"L\u00e5ng halsduk Grape Ice\" \/>\n<meta property=\"og:description\" content=\"F\u00f6rh\u00f6j din stil med v\u00e5r l\u00e5nga halsduk i Grape Ice. Handstickad av babyalpacka, merinoull och nylon, erbjuder den v\u00e4rme, komfort och tidl\u00f6s elegans.\" \/>\n<meta property=\"og:url\" content=\"https:\/\/ethnica.style\/sv\/product\/handstickad-lang-halsduk-grape-ice\/\" \/>\n<meta property=\"og:site_name\" content=\"Ethnica Style\" \/>\n<meta property=\"og:image\" content=\"https:\/\/ethnica.style\/wp-content\/uploads\/2025\/08\/187-2-scaled.jpg\" \/>\n\t<meta property=\"og:image:width\" content=\"1707\" \/>\n\t<meta property=\"og:image:height\" content=\"2560\" \/>\n\t<meta property=\"og:image:type\" content=\"image\/jpeg\" \/>\n<meta name=\"twitter:card\" content=\"summary_large_image\" \/>\n<meta name=\"twitter:label1\" content=\"Ber\u00e4knad l\u00e4stid\" \/>\n\t<meta name=\"twitter:data1\" content=\"1 minut\" \/>\n<script type=\"application\/ld+json\" class=\"yoast-schema-graph\">{\"@context\":\"https:\/\/schema.org\",\"@graph\":[{\"@type\":\"WebPage\",\"@id\":\"https:\/\/ethnica.style\/sv\/product\/handstickad-lang-halsduk-grape-ice\/\",\"url\":\"https:\/\/ethnica.style\/sv\/product\/handstickad-lang-halsduk-grape-ice\/\",\"name\":\"L\u00e5ng halsduk Grape Ice\",\"isPartOf\":{\"@id\":\"https:\/\/ethnica.style\/sv\/#website\"},\"primaryImageOfPage\":{\"@id\":\"https:\/\/ethnica.style\/sv\/product\/handstickad-lang-halsduk-grape-ice\/#primaryimage\"},\"image\":{\"@id\":\"https:\/\/ethnica.style\/sv\/product\/handstickad-lang-halsduk-grape-ice\/#primaryimage\"},\"thumbnailUrl\":\"https:\/\/ethnica.style\/wp-content\/uploads\/2025\/08\/187-2-scaled.jpg\",\"datePublished\":\"2025-08-26T16:34:33+00:00\",\"description\":\"F\u00f6rh\u00f6j din stil med v\u00e5r l\u00e5nga halsduk i Grape Ice. Handstickad av babyalpacka, merinoull och nylon, erbjuder den v\u00e4rme, komfort och tidl\u00f6s elegans.\",\"breadcrumb\":{\"@id\":\"https:\/\/ethnica.style\/sv\/product\/handstickad-lang-halsduk-grape-ice\/#breadcrumb\"},\"inLanguage\":\"sv-SE\",\"potentialAction\":[{\"@type\":\"ReadAction\",\"target\":[\"https:\/\/ethnica.style\/sv\/product\/handstickad-lang-halsduk-grape-ice\/\"]}]},{\"@type\":\"ImageObject\",\"inLanguage\":\"sv-SE\",\"@id\":\"https:\/\/ethnica.style\/sv\/product\/handstickad-lang-halsduk-grape-ice\/#primaryimage\",\"url\":\"https:\/\/ethnica.style\/wp-content\/uploads\/2025\/08\/187-2-scaled.jpg\",\"contentUrl\":\"https:\/\/ethnica.style\/wp-content\/uploads\/2025\/08\/187-2-scaled.jpg\",\"width\":1707,\"height\":2560,\"caption\":\"Handstickad l\u00e5ng halsduk \u2013 \u201cGrape Ice\u201d 5\"},{\"@type\":\"BreadcrumbList\",\"@id\":\"https:\/\/ethnica.style\/sv\/product\/handstickad-lang-halsduk-grape-ice\/#breadcrumb\",\"itemListElement\":[{\"@type\":\"ListItem\",\"position\":1,\"name\":\"Home\",\"item\":\"https:\/\/ethnica.style\/sv\/\"},{\"@type\":\"ListItem\",\"position\":2,\"name\":\"Butik\",\"item\":\"https:\/\/ethnica.style\/sv\/butik\/\"},{\"@type\":\"ListItem\",\"position\":3,\"name\":\"Handstickad l\u00e5ng halsduk \u2013 \u201cGrape Ice\u201d\"}]},{\"@type\":\"WebSite\",\"@id\":\"https:\/\/ethnica.style\/sv\/#website\",\"url\":\"https:\/\/ethnica.style\/sv\/\",\"name\":\"Ethnica Style\",\"description\":\"\",\"publisher\":{\"@id\":\"https:\/\/ethnica.style\/sv\/#organization\"},\"potentialAction\":[{\"@type\":\"SearchAction\",\"target\":{\"@type\":\"EntryPoint\",\"urlTemplate\":\"https:\/\/ethnica.style\/sv\/?s={search_term_string}\"},\"query-input\":{\"@type\":\"PropertyValueSpecification\",\"valueRequired\":true,\"valueName\":\"search_term_string\"}}],\"inLanguage\":\"sv-SE\"},{\"@type\":\"Organization\",\"@id\":\"https:\/\/ethnica.style\/sv\/#organization\",\"name\":\"Ethnica Style\",\"url\":\"https:\/\/ethnica.style\/sv\/\",\"logo\":{\"@type\":\"ImageObject\",\"inLanguage\":\"sv-SE\",\"@id\":\"https:\/\/ethnica.style\/sv\/#\/schema\/logo\/image\/\",\"url\":\"https:\/\/ethnica.style\/wp-content\/uploads\/2024\/10\/group-5-1.svg\",\"contentUrl\":\"https:\/\/ethnica.style\/wp-content\/uploads\/2024\/10\/group-5-1.svg\",\"width\":1,\"height\":1,\"caption\":\"Ethnica Style\"},\"image\":{\"@id\":\"https:\/\/ethnica.style\/sv\/#\/schema\/logo\/image\/\"}}]}<\/script>\n<!-- \/ Yoast SEO plugin. -->","yoast_head_json":{"title":"L\u00e5ng halsduk Grape Ice","description":"F\u00f6rh\u00f6j din stil med v\u00e5r l\u00e5nga halsduk i Grape Ice. Handstickad av babyalpacka, merinoull och nylon, erbjuder den v\u00e4rme, komfort och tidl\u00f6s elegans.","robots":{"index":"index","follow":"follow","max-snippet":"max-snippet:-1","max-image-preview":"max-image-preview:large","max-video-preview":"max-video-preview:-1"},"canonical":"https:\/\/ethnica.style\/sv\/product\/handstickad-lang-halsduk-grape-ice\/","og_locale":"sv_SE","og_type":"article","og_title":"L\u00e5ng halsduk Grape Ice","og_description":"F\u00f6rh\u00f6j din stil med v\u00e5r l\u00e5nga halsduk i Grape Ice. Handstickad av babyalpacka, merinoull och nylon, erbjuder den v\u00e4rme, komfort och tidl\u00f6s elegans.","og_url":"https:\/\/ethnica.style\/sv\/product\/handstickad-lang-halsduk-grape-ice\/","og_site_name":"Ethnica Style","og_image":[{"width":1707,"height":2560,"url":"https:\/\/ethnica.style\/wp-content\/uploads\/2025\/08\/187-2-scaled.jpg","type":"image\/jpeg"}],"twitter_card":"summary_large_image","twitter_misc":{"Ber\u00e4knad l\u00e4stid":"1 minut"},"schema":{"@context":"https:\/\/schema.org","@graph":[{"@type":"WebPage","@id":"https:\/\/ethnica.style\/sv\/product\/handstickad-lang-halsduk-grape-ice\/","url":"https:\/\/ethnica.style\/sv\/product\/handstickad-lang-halsduk-grape-ice\/","name":"L\u00e5ng halsduk Grape Ice","isPartOf":{"@id":"https:\/\/ethnica.style\/sv\/#website"},"primaryImageOfPage":{"@id":"https:\/\/ethnica.style\/sv\/product\/handstickad-lang-halsduk-grape-ice\/#primaryimage"},"image":{"@id":"https:\/\/ethnica.style\/sv\/product\/handstickad-lang-halsduk-grape-ice\/#primaryimage"},"thumbnailUrl":"https:\/\/ethnica.style\/wp-content\/uploads\/2025\/08\/187-2-scaled.jpg","datePublished":"2025-08-26T16:34:33+00:00","description":"F\u00f6rh\u00f6j din stil med v\u00e5r l\u00e5nga halsduk i Grape Ice. Handstickad av babyalpacka, merinoull och nylon, erbjuder den v\u00e4rme, komfort och tidl\u00f6s elegans.","breadcrumb":{"@id":"https:\/\/ethnica.style\/sv\/product\/handstickad-lang-halsduk-grape-ice\/#breadcrumb"},"inLanguage":"sv-SE","potentialAction":[{"@type":"ReadAction","target":["https:\/\/ethnica.style\/sv\/product\/handstickad-lang-halsduk-grape-ice\/"]}]},{"@type":"ImageObject","inLanguage":"sv-SE","@id":"https:\/\/ethnica.style\/sv\/product\/handstickad-lang-halsduk-grape-ice\/#primaryimage","url":"https:\/\/ethnica.style\/wp-content\/uploads\/2025\/08\/187-2-scaled.jpg","contentUrl":"https:\/\/ethnica.style\/wp-content\/uploads\/2025\/08\/187-2-scaled.jpg","width":1707,"height":2560,"caption":"Handstickad l\u00e5ng halsduk \u2013 \u201cGrape Ice\u201d 5"},{"@type":"BreadcrumbList","@id":"https:\/\/ethnica.style\/sv\/product\/handstickad-lang-halsduk-grape-ice\/#breadcrumb","itemListElement":[{"@type":"ListItem","position":1,"name":"Home","item":"https:\/\/ethnica.style\/sv\/"},{"@type":"ListItem","position":2,"name":"Butik","item":"https:\/\/ethnica.style\/sv\/butik\/"},{"@type":"ListItem","position":3,"name":"Handstickad l\u00e5ng halsduk \u2013 \u201cGrape Ice\u201d"}]},{"@type":"WebSite","@id":"https:\/\/ethnica.style\/sv\/#website","url":"https:\/\/ethnica.style\/sv\/","name":"Ethnica Style","description":"","publisher":{"@id":"https:\/\/ethnica.style\/sv\/#organization"},"potentialAction":[{"@type":"SearchAction","target":{"@type":"EntryPoint","urlTemplate":"https:\/\/ethnica.style\/sv\/?s={search_term_string}"},"query-input":{"@type":"PropertyValueSpecification","valueRequired":true,"valueName":"search_term_string"}}],"inLanguage":"sv-SE"},{"@type":"Organization","@id":"https:\/\/ethnica.style\/sv\/#organization","name":"Ethnica Style","url":"https:\/\/ethnica.style\/sv\/","logo":{"@type":"ImageObject","inLanguage":"sv-SE","@id":"https:\/\/ethnica.style\/sv\/#\/schema\/logo\/image\/","url":"https:\/\/ethnica.style\/wp-content\/uploads\/2024\/10\/group-5-1.svg","contentUrl":"https:\/\/ethnica.style\/wp-content\/uploads\/2024\/10\/group-5-1.svg","width":1,"height":1,"caption":"Ethnica Style"},"image":{"@id":"https:\/\/ethnica.style\/sv\/#\/schema\/logo\/image\/"}}]}},"_links":{"self":[{"href":"https:\/\/ethnica.style\/sv\/wp-json\/wp\/v2\/product\/4790","targetHints":{"allow":["GET"]}}],"collection":[{"href":"https:\/\/ethnica.style\/sv\/wp-json\/wp\/v2\/product"}],"about":[{"href":"https:\/\/ethnica.style\/sv\/wp-json\/wp\/v2\/types\/product"}],"replies":[{"embeddable":true,"href":"https:\/\/ethnica.style\/sv\/wp-json\/wp\/v2\/comments?post=4790"}],"wp:featuredmedia":[{"embeddable":true,"href":"https:\/\/ethnica.style\/sv\/wp-json\/wp\/v2\/media\/3786"}],"wp:attachment":[{"href":"https:\/\/ethnica.style\/sv\/wp-json\/wp\/v2\/media?parent=4790"}],"wp:term":[{"taxonomy":"product_brand","embeddable":true,"href":"https:\/\/ethnica.style\/sv\/wp-json\/wp\/v2\/product_brand?post=4790"},{"taxonomy":"product_cat","embeddable":true,"href":"https:\/\/ethnica.style\/sv\/wp-json\/wp\/v2\/product_cat?post=4790"},{"taxonomy":"product_tag","embeddable":true,"href":"https:\/\/ethnica.style\/sv\/wp-json\/wp\/v2\/product_tag?post=4790"}],"curies":[{"name":"wp","href":"https:\/\/api.w.org\/{rel}","templated":true}]}}