{"id":4791,"date":"2025-08-23T17:28:40","date_gmt":"2025-08-23T17:28:40","guid":{"rendered":"https:\/\/ethnica.style\/product\/handstickad-etnisk-halsduk-med-tofsar-unik-och-mangsidig\/"},"modified":"2025-08-23T17:28:40","modified_gmt":"2025-08-23T17:28:40","slug":"handstickad-etnisk-halsduk-med-tofsar-unik-och-mangsidig","status":"publish","type":"product","link":"https:\/\/ethnica.style\/sv\/product\/handstickad-etnisk-halsduk-med-tofsar-unik-och-mangsidig\/","title":{"rendered":"Handstickad etnisk halsduk med tofsar &#8211; Unik och m\u00e5ngsidig"},"content":{"rendered":"<p>Vi presenterar v\u00e5r exklusiva handstickade halsduk fr\u00e5n Ethnica. Bred och l\u00e5ng, perfekt f\u00f6r kvinnor som vill kombinera v\u00e4rme med stil. Handstickad Ethnica-halsduk, varje plagg \u00e4r tillverkad med en <a href=\"https:\/\/ethnica.style\/sv\/\">unik design<\/a>, vilket g\u00f6r den till ett i\u00f6gonfallande accessoar och m\u00e5ngsidig f\u00f6r olika stilar \u2013 b\u00e4r den l\u00f6st, virad runt halsen eller som ett<a href=\"https:\/\/novadream.se\/\"> extra lager <\/a>ist\u00e4llet f\u00f6r en jacka under halvs\u00e4songen.unik design.  <\/p>\n<p>Material: 52% baby alpaca, 40% nylon, 8% merino wool.<\/p>\n<p><strong>F\u00e4rg<\/strong>: Naturlig s\u00e4ckv\u00e4v.<\/p>\n<p>Extremt varm, mjuk och mysig \u2013 ett m\u00e5ste i garderoben f\u00f6r b\u00e5de eleganta och avslappnade kl\u00e4der.<\/p>\n<p>Produktl\u00e4ngd: 210 cm.<br \/>\nFrenzl l\u00e4ngd: 15 cm.<br \/>\nProduktbredd: 45 cm.<\/p>\n<p><strong>Sk\u00f6tselr\u00e5d<\/strong> \u2013 Handstickad halsduk<\/p>\n<p>Handtv\u00e4ttas f\u00f6rsiktigt i kallt vatten (max 30\u00b0C) med milt ulltv\u00e4ttmedel.<\/p>\n<p>Vrid eller vrid inte.<\/p>\n<p>L\u00e4gg plant att torka, borta fr\u00e5n direkt solljus.<\/p>\n<p>F\u00f6rvara hopvikt f\u00f6r att beh\u00e5lla formen \u2013 undvik att h\u00e4nga upp.<\/p>\n","protected":false},"excerpt":{"rendered":"<p>Vi presenterar v\u00e5r exklusiva handstickade halsduk fr\u00e5n Ethnica. Bred och l\u00e5ng, perfekt f\u00f6r kvinnor som vill kombinera v\u00e4rme med stil. Handstickad Ethnica-halsduk, varje plagg \u00e4r tillverkad med en unik design, vilket g\u00f6r den till ett i\u00f6gonfallande accessoar och m\u00e5ngsidig f\u00f6r olika stilar \u2013 b\u00e4r den l\u00f6st, virad runt halsen eller som ett extra lager ist\u00e4llet [&#8230;]\n","protected":false},"featured_media":3775,"comment_status":"open","ping_status":"closed","template":"","meta":{"_acf_changed":false},"product_brand":[],"product_cat":[90,101,110],"product_tag":[],"class_list":{"0":"post-4791","1":"product","2":"type-product","3":"status-publish","4":"has-post-thumbnail","6":"product_cat-kvinnor","7":"product_cat-nyanlanda","8":"product_cat-scarfs-sv","10":"first","11":"instock","12":"taxable","13":"shipping-taxable","14":"purchasable","15":"product-type-simple"},"acf":[],"yoast_head":"<!-- This site is optimized with the Yoast SEO plugin v26.6 - https:\/\/yoast.com\/wordpress\/plugins\/seo\/ -->\n<title>Handstickad etnisk halsduk<\/title>\n<meta name=\"description\" content=\"Handstickad etnisk halsduk tillverkad av alpacka, merinoull och nylon. En varm, mjuk och m\u00e5ngsidig accessoar som ger elegans till vilken outfit som helst.\" \/>\n<meta name=\"robots\" content=\"index, follow, max-snippet:-1, max-image-preview:large, max-video-preview:-1\" \/>\n<link rel=\"canonical\" href=\"https:\/\/ethnica.style\/sv\/product\/handstickad-etnisk-halsduk-med-tofsar-unik-och-mangsidig\/\" \/>\n<meta property=\"og:locale\" content=\"sv_SE\" \/>\n<meta property=\"og:type\" content=\"article\" \/>\n<meta property=\"og:title\" content=\"Handstickad etnisk halsduk\" \/>\n<meta property=\"og:description\" content=\"Handstickad etnisk halsduk tillverkad av alpacka, merinoull och nylon. En varm, mjuk och m\u00e5ngsidig accessoar som ger elegans till vilken outfit som helst.\" \/>\n<meta property=\"og:url\" content=\"https:\/\/ethnica.style\/sv\/product\/handstickad-etnisk-halsduk-med-tofsar-unik-och-mangsidig\/\" \/>\n<meta property=\"og:site_name\" content=\"Ethnica Style\" \/>\n<meta property=\"og:image\" content=\"https:\/\/ethnica.style\/wp-content\/uploads\/2025\/08\/120-scaled.jpg\" \/>\n\t<meta property=\"og:image:width\" content=\"1705\" \/>\n\t<meta property=\"og:image:height\" content=\"2560\" \/>\n\t<meta property=\"og:image:type\" content=\"image\/jpeg\" \/>\n<meta name=\"twitter:card\" content=\"summary_large_image\" \/>\n<meta name=\"twitter:label1\" content=\"Ber\u00e4knad l\u00e4stid\" \/>\n\t<meta name=\"twitter:data1\" content=\"1 minut\" \/>\n<script type=\"application\/ld+json\" class=\"yoast-schema-graph\">{\"@context\":\"https:\/\/schema.org\",\"@graph\":[{\"@type\":\"WebPage\",\"@id\":\"https:\/\/ethnica.style\/sv\/product\/handstickad-etnisk-halsduk-med-tofsar-unik-och-mangsidig\/\",\"url\":\"https:\/\/ethnica.style\/sv\/product\/handstickad-etnisk-halsduk-med-tofsar-unik-och-mangsidig\/\",\"name\":\"Handstickad etnisk halsduk\",\"isPartOf\":{\"@id\":\"https:\/\/ethnica.style\/sv\/#website\"},\"primaryImageOfPage\":{\"@id\":\"https:\/\/ethnica.style\/sv\/product\/handstickad-etnisk-halsduk-med-tofsar-unik-och-mangsidig\/#primaryimage\"},\"image\":{\"@id\":\"https:\/\/ethnica.style\/sv\/product\/handstickad-etnisk-halsduk-med-tofsar-unik-och-mangsidig\/#primaryimage\"},\"thumbnailUrl\":\"https:\/\/ethnica.style\/wp-content\/uploads\/2025\/08\/120-scaled.jpg\",\"datePublished\":\"2025-08-23T17:28:40+00:00\",\"description\":\"Handstickad etnisk halsduk tillverkad av alpacka, merinoull och nylon. En varm, mjuk och m\u00e5ngsidig accessoar som ger elegans till vilken outfit som helst.\",\"breadcrumb\":{\"@id\":\"https:\/\/ethnica.style\/sv\/product\/handstickad-etnisk-halsduk-med-tofsar-unik-och-mangsidig\/#breadcrumb\"},\"inLanguage\":\"sv-SE\",\"potentialAction\":[{\"@type\":\"ReadAction\",\"target\":[\"https:\/\/ethnica.style\/sv\/product\/handstickad-etnisk-halsduk-med-tofsar-unik-och-mangsidig\/\"]}]},{\"@type\":\"ImageObject\",\"inLanguage\":\"sv-SE\",\"@id\":\"https:\/\/ethnica.style\/sv\/product\/handstickad-etnisk-halsduk-med-tofsar-unik-och-mangsidig\/#primaryimage\",\"url\":\"https:\/\/ethnica.style\/wp-content\/uploads\/2025\/08\/120-scaled.jpg\",\"contentUrl\":\"https:\/\/ethnica.style\/wp-content\/uploads\/2025\/08\/120-scaled.jpg\",\"width\":1705,\"height\":2560,\"caption\":\"Handstickad etnisk halsduk\"},{\"@type\":\"BreadcrumbList\",\"@id\":\"https:\/\/ethnica.style\/sv\/product\/handstickad-etnisk-halsduk-med-tofsar-unik-och-mangsidig\/#breadcrumb\",\"itemListElement\":[{\"@type\":\"ListItem\",\"position\":1,\"name\":\"Home\",\"item\":\"https:\/\/ethnica.style\/sv\/\"},{\"@type\":\"ListItem\",\"position\":2,\"name\":\"Butik\",\"item\":\"https:\/\/ethnica.style\/sv\/butik\/\"},{\"@type\":\"ListItem\",\"position\":3,\"name\":\"Handstickad etnisk halsduk med tofsar &#8211; Unik och m\u00e5ngsidig\"}]},{\"@type\":\"WebSite\",\"@id\":\"https:\/\/ethnica.style\/sv\/#website\",\"url\":\"https:\/\/ethnica.style\/sv\/\",\"name\":\"Ethnica Style\",\"description\":\"\",\"publisher\":{\"@id\":\"https:\/\/ethnica.style\/sv\/#organization\"},\"potentialAction\":[{\"@type\":\"SearchAction\",\"target\":{\"@type\":\"EntryPoint\",\"urlTemplate\":\"https:\/\/ethnica.style\/sv\/?s={search_term_string}\"},\"query-input\":{\"@type\":\"PropertyValueSpecification\",\"valueRequired\":true,\"valueName\":\"search_term_string\"}}],\"inLanguage\":\"sv-SE\"},{\"@type\":\"Organization\",\"@id\":\"https:\/\/ethnica.style\/sv\/#organization\",\"name\":\"Ethnica Style\",\"url\":\"https:\/\/ethnica.style\/sv\/\",\"logo\":{\"@type\":\"ImageObject\",\"inLanguage\":\"sv-SE\",\"@id\":\"https:\/\/ethnica.style\/sv\/#\/schema\/logo\/image\/\",\"url\":\"https:\/\/ethnica.style\/wp-content\/uploads\/2024\/10\/group-5-1.svg\",\"contentUrl\":\"https:\/\/ethnica.style\/wp-content\/uploads\/2024\/10\/group-5-1.svg\",\"width\":1,\"height\":1,\"caption\":\"Ethnica Style\"},\"image\":{\"@id\":\"https:\/\/ethnica.style\/sv\/#\/schema\/logo\/image\/\"}}]}<\/script>\n<!-- \/ Yoast SEO plugin. -->","yoast_head_json":{"title":"Handstickad etnisk halsduk","description":"Handstickad etnisk halsduk tillverkad av alpacka, merinoull och nylon. En varm, mjuk och m\u00e5ngsidig accessoar som ger elegans till vilken outfit som helst.","robots":{"index":"index","follow":"follow","max-snippet":"max-snippet:-1","max-image-preview":"max-image-preview:large","max-video-preview":"max-video-preview:-1"},"canonical":"https:\/\/ethnica.style\/sv\/product\/handstickad-etnisk-halsduk-med-tofsar-unik-och-mangsidig\/","og_locale":"sv_SE","og_type":"article","og_title":"Handstickad etnisk halsduk","og_description":"Handstickad etnisk halsduk tillverkad av alpacka, merinoull och nylon. En varm, mjuk och m\u00e5ngsidig accessoar som ger elegans till vilken outfit som helst.","og_url":"https:\/\/ethnica.style\/sv\/product\/handstickad-etnisk-halsduk-med-tofsar-unik-och-mangsidig\/","og_site_name":"Ethnica Style","og_image":[{"width":1705,"height":2560,"url":"https:\/\/ethnica.style\/wp-content\/uploads\/2025\/08\/120-scaled.jpg","type":"image\/jpeg"}],"twitter_card":"summary_large_image","twitter_misc":{"Ber\u00e4knad l\u00e4stid":"1 minut"},"schema":{"@context":"https:\/\/schema.org","@graph":[{"@type":"WebPage","@id":"https:\/\/ethnica.style\/sv\/product\/handstickad-etnisk-halsduk-med-tofsar-unik-och-mangsidig\/","url":"https:\/\/ethnica.style\/sv\/product\/handstickad-etnisk-halsduk-med-tofsar-unik-och-mangsidig\/","name":"Handstickad etnisk halsduk","isPartOf":{"@id":"https:\/\/ethnica.style\/sv\/#website"},"primaryImageOfPage":{"@id":"https:\/\/ethnica.style\/sv\/product\/handstickad-etnisk-halsduk-med-tofsar-unik-och-mangsidig\/#primaryimage"},"image":{"@id":"https:\/\/ethnica.style\/sv\/product\/handstickad-etnisk-halsduk-med-tofsar-unik-och-mangsidig\/#primaryimage"},"thumbnailUrl":"https:\/\/ethnica.style\/wp-content\/uploads\/2025\/08\/120-scaled.jpg","datePublished":"2025-08-23T17:28:40+00:00","description":"Handstickad etnisk halsduk tillverkad av alpacka, merinoull och nylon. En varm, mjuk och m\u00e5ngsidig accessoar som ger elegans till vilken outfit som helst.","breadcrumb":{"@id":"https:\/\/ethnica.style\/sv\/product\/handstickad-etnisk-halsduk-med-tofsar-unik-och-mangsidig\/#breadcrumb"},"inLanguage":"sv-SE","potentialAction":[{"@type":"ReadAction","target":["https:\/\/ethnica.style\/sv\/product\/handstickad-etnisk-halsduk-med-tofsar-unik-och-mangsidig\/"]}]},{"@type":"ImageObject","inLanguage":"sv-SE","@id":"https:\/\/ethnica.style\/sv\/product\/handstickad-etnisk-halsduk-med-tofsar-unik-och-mangsidig\/#primaryimage","url":"https:\/\/ethnica.style\/wp-content\/uploads\/2025\/08\/120-scaled.jpg","contentUrl":"https:\/\/ethnica.style\/wp-content\/uploads\/2025\/08\/120-scaled.jpg","width":1705,"height":2560,"caption":"Handstickad etnisk halsduk"},{"@type":"BreadcrumbList","@id":"https:\/\/ethnica.style\/sv\/product\/handstickad-etnisk-halsduk-med-tofsar-unik-och-mangsidig\/#breadcrumb","itemListElement":[{"@type":"ListItem","position":1,"name":"Home","item":"https:\/\/ethnica.style\/sv\/"},{"@type":"ListItem","position":2,"name":"Butik","item":"https:\/\/ethnica.style\/sv\/butik\/"},{"@type":"ListItem","position":3,"name":"Handstickad etnisk halsduk med tofsar &#8211; Unik och m\u00e5ngsidig"}]},{"@type":"WebSite","@id":"https:\/\/ethnica.style\/sv\/#website","url":"https:\/\/ethnica.style\/sv\/","name":"Ethnica Style","description":"","publisher":{"@id":"https:\/\/ethnica.style\/sv\/#organization"},"potentialAction":[{"@type":"SearchAction","target":{"@type":"EntryPoint","urlTemplate":"https:\/\/ethnica.style\/sv\/?s={search_term_string}"},"query-input":{"@type":"PropertyValueSpecification","valueRequired":true,"valueName":"search_term_string"}}],"inLanguage":"sv-SE"},{"@type":"Organization","@id":"https:\/\/ethnica.style\/sv\/#organization","name":"Ethnica Style","url":"https:\/\/ethnica.style\/sv\/","logo":{"@type":"ImageObject","inLanguage":"sv-SE","@id":"https:\/\/ethnica.style\/sv\/#\/schema\/logo\/image\/","url":"https:\/\/ethnica.style\/wp-content\/uploads\/2024\/10\/group-5-1.svg","contentUrl":"https:\/\/ethnica.style\/wp-content\/uploads\/2024\/10\/group-5-1.svg","width":1,"height":1,"caption":"Ethnica Style"},"image":{"@id":"https:\/\/ethnica.style\/sv\/#\/schema\/logo\/image\/"}}]}},"_links":{"self":[{"href":"https:\/\/ethnica.style\/sv\/wp-json\/wp\/v2\/product\/4791","targetHints":{"allow":["GET"]}}],"collection":[{"href":"https:\/\/ethnica.style\/sv\/wp-json\/wp\/v2\/product"}],"about":[{"href":"https:\/\/ethnica.style\/sv\/wp-json\/wp\/v2\/types\/product"}],"replies":[{"embeddable":true,"href":"https:\/\/ethnica.style\/sv\/wp-json\/wp\/v2\/comments?post=4791"}],"wp:featuredmedia":[{"embeddable":true,"href":"https:\/\/ethnica.style\/sv\/wp-json\/wp\/v2\/media\/3775"}],"wp:attachment":[{"href":"https:\/\/ethnica.style\/sv\/wp-json\/wp\/v2\/media?parent=4791"}],"wp:term":[{"taxonomy":"product_brand","embeddable":true,"href":"https:\/\/ethnica.style\/sv\/wp-json\/wp\/v2\/product_brand?post=4791"},{"taxonomy":"product_cat","embeddable":true,"href":"https:\/\/ethnica.style\/sv\/wp-json\/wp\/v2\/product_cat?post=4791"},{"taxonomy":"product_tag","embeddable":true,"href":"https:\/\/ethnica.style\/sv\/wp-json\/wp\/v2\/product_tag?post=4791"}],"curies":[{"name":"wp","href":"https:\/\/api.w.org\/{rel}","templated":true}]}}