{"id":4792,"date":"2025-08-23T17:22:07","date_gmt":"2025-08-23T17:22:07","guid":{"rendered":"https:\/\/ethnica.style\/product\/alpackakofta-tryffel\/"},"modified":"2025-08-23T17:22:07","modified_gmt":"2025-08-23T17:22:07","slug":"alpackakofta-tryffel","status":"publish","type":"product","link":"https:\/\/ethnica.style\/sv\/product\/alpackakofta-tryffel\/","title":{"rendered":"Alpackakofta Tryffel"},"content":{"rendered":"<h3 data-start=\"163\" data-end=\"221\">Alpackakofta Tryffel \u2013 Tidl\u00f6s komfort och stil<\/h3>\n<p data-start=\"223\" data-end=\"472\">Svep in dig i den lyxiga mjukheten hos <strong data-start=\"270\" data-end=\"297\">Alpaca Cardigan Tryffel<\/strong>, tillverkad av 100 % premium alpackaull. Denna kofta \u00e4r handstickad med omsorg och kombinerar v\u00e4rme, andningsf\u00f6rm\u00e5ga och <a href=\"https:\/\/ethnica.style\/sv\/\">elegans<\/a>, vilket g\u00f6r den till ett oumb\u00e4rligt plagg i varje garderob. <\/p>\n<p data-start=\"474\" data-end=\"778\">Tryffel-nyansen, inspirerad av naturliga jordn\u00e4ra toner, ger sofistikering till vilken outfit som helst, oavsett om den \u00e4r stylad avslappnat med jeans eller lager p\u00e5 lager \u00f6ver en kl\u00e4nning f\u00f6r en elegant look. Dess l\u00e4tta men isolerande<a href=\"https:\/\/novadream.se\/\"> textur<\/a> h\u00e5ller dig varm p\u00e5 svalare dagar samtidigt som den f\u00f6rblir andningsbar och bekv\u00e4m n\u00e4r temperaturen stiger. <\/p>\n<p data-start=\"780\" data-end=\"917\">Alpaca Cardigan Tryffel \u00e4r designad f\u00f6r m\u00e5ngsidighet och varaktig sk\u00f6nhet och erbjuder en perfekt balans mellan elegans och vardaglig anv\u00e4ndning.<\/p>\n<p data-start=\"919\" data-end=\"938\"><strong data-start=\"919\" data-end=\"936\">Viktiga funktioner:<\/strong><\/p>\n<ul data-start=\"939\" data-end=\"1141\">\n<li data-start=\"939\" data-end=\"988\">\n<p data-start=\"941\" data-end=\"988\">100 % alpackaull \u2013 mjuk, varm och andningsbar<\/p>\n<\/li>\n<li data-start=\"989\" data-end=\"1021\">\n<p data-start=\"991\" data-end=\"1021\">Elegant Tryffel naturlig ton<\/p>\n<\/li>\n<li data-start=\"1022\" data-end=\"1058\">\n<p data-start=\"1024\" data-end=\"1058\">Handstickad f\u00f6r en unik finish<\/p>\n<\/li>\n<li data-start=\"1059\" data-end=\"1101\">\n<p data-start=\"1061\" data-end=\"1101\">Tidl\u00f6s design som passar alla stilar<\/p>\n<\/li>\n<li data-start=\"1102\" data-end=\"1141\">\n<p data-start=\"1104\" data-end=\"1141\">L\u00e4tt komfort f\u00f6r alla \u00e5rstider<\/p>\n<\/li>\n<\/ul>\n<p data-start=\"1143\" data-end=\"1335\"><strong data-start=\"1143\" data-end=\"1165\">Sk\u00f6tselr\u00e5d:<\/strong><br data-start=\"1165\" data-end=\"1168\">Handtv\u00e4ttas f\u00f6rsiktigt i kallt vatten (max 30\u00b0C) med milt ulltv\u00e4ttmedel. Vrid eller vrid inte. L\u00e4gg plant f\u00f6r att torka, skyddat fr\u00e5n direkt solljus. F\u00f6rvara hopvikt f\u00f6r att bevara formen. <\/p>\n","protected":false},"excerpt":{"rendered":"<p>Alpackakofta Tryffel \u2013 Tidl\u00f6s komfort och stil Svep in dig i den lyxiga mjukheten hos Alpaca Cardigan Tryffel, tillverkad av 100 % premium alpackaull. Denna kofta \u00e4r handstickad med omsorg och kombinerar v\u00e4rme, andningsf\u00f6rm\u00e5ga och elegans, vilket g\u00f6r den till ett oumb\u00e4rligt plagg i varje garderob. Tryffel-nyansen, inspirerad av naturliga jordn\u00e4ra toner, ger sofistikering till [&#8230;]\n","protected":false},"featured_media":3761,"comment_status":"open","ping_status":"closed","template":"","meta":{"_acf_changed":false},"product_brand":[],"product_cat":[102,90,101],"product_tag":[],"class_list":{"0":"post-4792","1":"product","2":"type-product","3":"status-publish","4":"has-post-thumbnail","6":"product_cat-koftor","7":"product_cat-kvinnor","8":"product_cat-nyanlanda","10":"first","11":"instock","12":"taxable","13":"shipping-taxable","14":"purchasable","15":"product-type-variable"},"acf":[],"yoast_head":"<!-- This site is optimized with the Yoast SEO plugin v26.6 - https:\/\/yoast.com\/wordpress\/plugins\/seo\/ -->\n<title>Alpackakofta Tryffel<\/title>\n<meta name=\"description\" content=\"Alpackakoftan Tryffel, tillverkad av 100 % alpackaull. Mjuk, varm och andningsbar, denna tidl\u00f6sa stickade plagg ger elegans och komfort till varje outfit.\" \/>\n<meta name=\"robots\" content=\"index, follow, max-snippet:-1, max-image-preview:large, max-video-preview:-1\" \/>\n<link rel=\"canonical\" href=\"https:\/\/ethnica.style\/sv\/product\/alpackakofta-tryffel\/\" \/>\n<meta property=\"og:locale\" content=\"sv_SE\" \/>\n<meta property=\"og:type\" content=\"article\" \/>\n<meta property=\"og:title\" content=\"Alpackakofta Tryffel\" \/>\n<meta property=\"og:description\" content=\"Alpackakoftan Tryffel, tillverkad av 100 % alpackaull. Mjuk, varm och andningsbar, denna tidl\u00f6sa stickade plagg ger elegans och komfort till varje outfit.\" \/>\n<meta property=\"og:url\" content=\"https:\/\/ethnica.style\/sv\/product\/alpackakofta-tryffel\/\" \/>\n<meta property=\"og:site_name\" content=\"Ethnica Style\" \/>\n<meta property=\"og:image\" content=\"https:\/\/ethnica.style\/wp-content\/uploads\/2025\/08\/098-scaled.jpg\" \/>\n\t<meta property=\"og:image:width\" content=\"1705\" \/>\n\t<meta property=\"og:image:height\" content=\"2560\" \/>\n\t<meta property=\"og:image:type\" content=\"image\/jpeg\" \/>\n<meta name=\"twitter:card\" content=\"summary_large_image\" \/>\n<meta name=\"twitter:label1\" content=\"Ber\u00e4knad l\u00e4stid\" \/>\n\t<meta name=\"twitter:data1\" content=\"1 minut\" \/>\n<script type=\"application\/ld+json\" class=\"yoast-schema-graph\">{\"@context\":\"https:\/\/schema.org\",\"@graph\":[{\"@type\":\"WebPage\",\"@id\":\"https:\/\/ethnica.style\/sv\/product\/alpackakofta-tryffel\/\",\"url\":\"https:\/\/ethnica.style\/sv\/product\/alpackakofta-tryffel\/\",\"name\":\"Alpackakofta Tryffel\",\"isPartOf\":{\"@id\":\"https:\/\/ethnica.style\/sv\/#website\"},\"primaryImageOfPage\":{\"@id\":\"https:\/\/ethnica.style\/sv\/product\/alpackakofta-tryffel\/#primaryimage\"},\"image\":{\"@id\":\"https:\/\/ethnica.style\/sv\/product\/alpackakofta-tryffel\/#primaryimage\"},\"thumbnailUrl\":\"https:\/\/ethnica.style\/wp-content\/uploads\/2025\/08\/098-scaled.jpg\",\"datePublished\":\"2025-08-23T17:22:07+00:00\",\"description\":\"Alpackakoftan Tryffel, tillverkad av 100 % alpackaull. Mjuk, varm och andningsbar, denna tidl\u00f6sa stickade plagg ger elegans och komfort till varje outfit.\",\"breadcrumb\":{\"@id\":\"https:\/\/ethnica.style\/sv\/product\/alpackakofta-tryffel\/#breadcrumb\"},\"inLanguage\":\"sv-SE\",\"potentialAction\":[{\"@type\":\"ReadAction\",\"target\":[\"https:\/\/ethnica.style\/sv\/product\/alpackakofta-tryffel\/\"]}]},{\"@type\":\"ImageObject\",\"inLanguage\":\"sv-SE\",\"@id\":\"https:\/\/ethnica.style\/sv\/product\/alpackakofta-tryffel\/#primaryimage\",\"url\":\"https:\/\/ethnica.style\/wp-content\/uploads\/2025\/08\/098-scaled.jpg\",\"contentUrl\":\"https:\/\/ethnica.style\/wp-content\/uploads\/2025\/08\/098-scaled.jpg\",\"width\":1705,\"height\":2560,\"caption\":\"Alpackakofta Tryffel\"},{\"@type\":\"BreadcrumbList\",\"@id\":\"https:\/\/ethnica.style\/sv\/product\/alpackakofta-tryffel\/#breadcrumb\",\"itemListElement\":[{\"@type\":\"ListItem\",\"position\":1,\"name\":\"Home\",\"item\":\"https:\/\/ethnica.style\/sv\/\"},{\"@type\":\"ListItem\",\"position\":2,\"name\":\"Butik\",\"item\":\"https:\/\/ethnica.style\/sv\/butik\/\"},{\"@type\":\"ListItem\",\"position\":3,\"name\":\"Alpackakofta Tryffel\"}]},{\"@type\":\"WebSite\",\"@id\":\"https:\/\/ethnica.style\/sv\/#website\",\"url\":\"https:\/\/ethnica.style\/sv\/\",\"name\":\"Ethnica Style\",\"description\":\"\",\"publisher\":{\"@id\":\"https:\/\/ethnica.style\/sv\/#organization\"},\"potentialAction\":[{\"@type\":\"SearchAction\",\"target\":{\"@type\":\"EntryPoint\",\"urlTemplate\":\"https:\/\/ethnica.style\/sv\/?s={search_term_string}\"},\"query-input\":{\"@type\":\"PropertyValueSpecification\",\"valueRequired\":true,\"valueName\":\"search_term_string\"}}],\"inLanguage\":\"sv-SE\"},{\"@type\":\"Organization\",\"@id\":\"https:\/\/ethnica.style\/sv\/#organization\",\"name\":\"Ethnica Style\",\"url\":\"https:\/\/ethnica.style\/sv\/\",\"logo\":{\"@type\":\"ImageObject\",\"inLanguage\":\"sv-SE\",\"@id\":\"https:\/\/ethnica.style\/sv\/#\/schema\/logo\/image\/\",\"url\":\"https:\/\/ethnica.style\/wp-content\/uploads\/2024\/10\/group-5-1.svg\",\"contentUrl\":\"https:\/\/ethnica.style\/wp-content\/uploads\/2024\/10\/group-5-1.svg\",\"width\":1,\"height\":1,\"caption\":\"Ethnica Style\"},\"image\":{\"@id\":\"https:\/\/ethnica.style\/sv\/#\/schema\/logo\/image\/\"}}]}<\/script>\n<!-- \/ Yoast SEO plugin. -->","yoast_head_json":{"title":"Alpackakofta Tryffel","description":"Alpackakoftan Tryffel, tillverkad av 100 % alpackaull. Mjuk, varm och andningsbar, denna tidl\u00f6sa stickade plagg ger elegans och komfort till varje outfit.","robots":{"index":"index","follow":"follow","max-snippet":"max-snippet:-1","max-image-preview":"max-image-preview:large","max-video-preview":"max-video-preview:-1"},"canonical":"https:\/\/ethnica.style\/sv\/product\/alpackakofta-tryffel\/","og_locale":"sv_SE","og_type":"article","og_title":"Alpackakofta Tryffel","og_description":"Alpackakoftan Tryffel, tillverkad av 100 % alpackaull. Mjuk, varm och andningsbar, denna tidl\u00f6sa stickade plagg ger elegans och komfort till varje outfit.","og_url":"https:\/\/ethnica.style\/sv\/product\/alpackakofta-tryffel\/","og_site_name":"Ethnica Style","og_image":[{"width":1705,"height":2560,"url":"https:\/\/ethnica.style\/wp-content\/uploads\/2025\/08\/098-scaled.jpg","type":"image\/jpeg"}],"twitter_card":"summary_large_image","twitter_misc":{"Ber\u00e4knad l\u00e4stid":"1 minut"},"schema":{"@context":"https:\/\/schema.org","@graph":[{"@type":"WebPage","@id":"https:\/\/ethnica.style\/sv\/product\/alpackakofta-tryffel\/","url":"https:\/\/ethnica.style\/sv\/product\/alpackakofta-tryffel\/","name":"Alpackakofta Tryffel","isPartOf":{"@id":"https:\/\/ethnica.style\/sv\/#website"},"primaryImageOfPage":{"@id":"https:\/\/ethnica.style\/sv\/product\/alpackakofta-tryffel\/#primaryimage"},"image":{"@id":"https:\/\/ethnica.style\/sv\/product\/alpackakofta-tryffel\/#primaryimage"},"thumbnailUrl":"https:\/\/ethnica.style\/wp-content\/uploads\/2025\/08\/098-scaled.jpg","datePublished":"2025-08-23T17:22:07+00:00","description":"Alpackakoftan Tryffel, tillverkad av 100 % alpackaull. Mjuk, varm och andningsbar, denna tidl\u00f6sa stickade plagg ger elegans och komfort till varje outfit.","breadcrumb":{"@id":"https:\/\/ethnica.style\/sv\/product\/alpackakofta-tryffel\/#breadcrumb"},"inLanguage":"sv-SE","potentialAction":[{"@type":"ReadAction","target":["https:\/\/ethnica.style\/sv\/product\/alpackakofta-tryffel\/"]}]},{"@type":"ImageObject","inLanguage":"sv-SE","@id":"https:\/\/ethnica.style\/sv\/product\/alpackakofta-tryffel\/#primaryimage","url":"https:\/\/ethnica.style\/wp-content\/uploads\/2025\/08\/098-scaled.jpg","contentUrl":"https:\/\/ethnica.style\/wp-content\/uploads\/2025\/08\/098-scaled.jpg","width":1705,"height":2560,"caption":"Alpackakofta Tryffel"},{"@type":"BreadcrumbList","@id":"https:\/\/ethnica.style\/sv\/product\/alpackakofta-tryffel\/#breadcrumb","itemListElement":[{"@type":"ListItem","position":1,"name":"Home","item":"https:\/\/ethnica.style\/sv\/"},{"@type":"ListItem","position":2,"name":"Butik","item":"https:\/\/ethnica.style\/sv\/butik\/"},{"@type":"ListItem","position":3,"name":"Alpackakofta Tryffel"}]},{"@type":"WebSite","@id":"https:\/\/ethnica.style\/sv\/#website","url":"https:\/\/ethnica.style\/sv\/","name":"Ethnica Style","description":"","publisher":{"@id":"https:\/\/ethnica.style\/sv\/#organization"},"potentialAction":[{"@type":"SearchAction","target":{"@type":"EntryPoint","urlTemplate":"https:\/\/ethnica.style\/sv\/?s={search_term_string}"},"query-input":{"@type":"PropertyValueSpecification","valueRequired":true,"valueName":"search_term_string"}}],"inLanguage":"sv-SE"},{"@type":"Organization","@id":"https:\/\/ethnica.style\/sv\/#organization","name":"Ethnica Style","url":"https:\/\/ethnica.style\/sv\/","logo":{"@type":"ImageObject","inLanguage":"sv-SE","@id":"https:\/\/ethnica.style\/sv\/#\/schema\/logo\/image\/","url":"https:\/\/ethnica.style\/wp-content\/uploads\/2024\/10\/group-5-1.svg","contentUrl":"https:\/\/ethnica.style\/wp-content\/uploads\/2024\/10\/group-5-1.svg","width":1,"height":1,"caption":"Ethnica Style"},"image":{"@id":"https:\/\/ethnica.style\/sv\/#\/schema\/logo\/image\/"}}]}},"_links":{"self":[{"href":"https:\/\/ethnica.style\/sv\/wp-json\/wp\/v2\/product\/4792","targetHints":{"allow":["GET"]}}],"collection":[{"href":"https:\/\/ethnica.style\/sv\/wp-json\/wp\/v2\/product"}],"about":[{"href":"https:\/\/ethnica.style\/sv\/wp-json\/wp\/v2\/types\/product"}],"replies":[{"embeddable":true,"href":"https:\/\/ethnica.style\/sv\/wp-json\/wp\/v2\/comments?post=4792"}],"wp:featuredmedia":[{"embeddable":true,"href":"https:\/\/ethnica.style\/sv\/wp-json\/wp\/v2\/media\/3761"}],"wp:attachment":[{"href":"https:\/\/ethnica.style\/sv\/wp-json\/wp\/v2\/media?parent=4792"}],"wp:term":[{"taxonomy":"product_brand","embeddable":true,"href":"https:\/\/ethnica.style\/sv\/wp-json\/wp\/v2\/product_brand?post=4792"},{"taxonomy":"product_cat","embeddable":true,"href":"https:\/\/ethnica.style\/sv\/wp-json\/wp\/v2\/product_cat?post=4792"},{"taxonomy":"product_tag","embeddable":true,"href":"https:\/\/ethnica.style\/sv\/wp-json\/wp\/v2\/product_tag?post=4792"}],"curies":[{"name":"wp","href":"https:\/\/api.w.org\/{rel}","templated":true}]}}