{"id":4794,"date":"2025-08-23T17:11:00","date_gmt":"2025-08-23T17:11:00","guid":{"rendered":"https:\/\/ethnica.style\/product\/ljus-alpackakofta\/"},"modified":"2025-08-23T17:11:00","modified_gmt":"2025-08-23T17:11:00","slug":"ljus-alpackakofta","status":"publish","type":"product","link":"https:\/\/ethnica.style\/sv\/product\/ljus-alpackakofta\/","title":{"rendered":"Ljus Alpackakofta"},"content":{"rendered":"<p>Uppt\u00e4ck denna exklusiva handstickade kofta \u2013 Alpaca Cardigan Light, ett m\u00e5ste f\u00f6r varje s\u00e4song. Tillverkad av 100 % premium alpackaull med en speciell stickteknik, \u00e4r varje plagg <a href=\"https:\/\/ethnica.style\/sv\/\">helt unikt<\/a>. Finns i en ljus, naturlig nyans inspirerad av s\u00e4ckv\u00e4v och kombinerar tidl\u00f6s elegans med o\u00f6vertr\u00e4ffad komfort. <\/p>\n<p>Skonsam mot huden och otroligt bekv\u00e4m \u2013 varm p\u00e5 svalare dagar, men \u00e4nd\u00e5 andningsbar och l\u00e4tt n\u00e4r det \u00e4r varmare. Alpaca Cardigan Light har en tidl\u00f6s design som g\u00f6r den enkel att matcha med alla outfits, oavsett om de \u00e4r<a href=\"https:\/\/novadream.se\/\"> eleganta<\/a> eller avslappnade. Ett riktigt must-have i garderoben som du kommer att \u00e4lska att b\u00e4ra varje dag.  <\/p>\n<p><strong>Sk\u00f6tselr\u00e5d<\/strong> \u2013 100% alpackakofta<\/p>\n<p>F\u00f6r att h\u00e5lla din alpackakofta mjuk och vacker rekommenderar vi skonsam handtv\u00e4tt i kallt vatten (max 30\u00b0C) med milt ulltv\u00e4ttmedel. Vrid eller vrid inte. L\u00e4gg plant att torka, borta fr\u00e5n direkt solljus. F\u00f6rvara hopvikt f\u00f6r att bevara formen \u2013 undvik att h\u00e4nga upp.<\/p>\n","protected":false},"excerpt":{"rendered":"<p>Uppt\u00e4ck denna exklusiva handstickade kofta \u2013 Alpaca Cardigan Light, ett m\u00e5ste f\u00f6r varje s\u00e4song. Tillverkad av 100 % premium alpackaull med en speciell stickteknik, \u00e4r varje plagg helt unikt. Finns i en ljus, naturlig nyans inspirerad av s\u00e4ckv\u00e4v och kombinerar tidl\u00f6s elegans med o\u00f6vertr\u00e4ffad komfort. Skonsam mot huden och otroligt bekv\u00e4m \u2013 varm p\u00e5 svalare [&#8230;]\n","protected":false},"featured_media":3745,"comment_status":"open","ping_status":"closed","template":"","meta":{"_acf_changed":false},"product_brand":[],"product_cat":[102,90,101],"product_tag":[],"class_list":{"0":"post-4794","1":"product","2":"type-product","3":"status-publish","4":"has-post-thumbnail","6":"product_cat-koftor","7":"product_cat-kvinnor","8":"product_cat-nyanlanda","10":"first","11":"instock","12":"taxable","13":"shipping-taxable","14":"purchasable","15":"product-type-variable"},"acf":[],"yoast_head":"<!-- This site is optimized with the Yoast SEO plugin v26.6 - https:\/\/yoast.com\/wordpress\/plugins\/seo\/ -->\n<title>Ljus Alpackakofta<\/title>\n<meta name=\"description\" content=\"Uppt\u00e4ck Alpaca Cardigan Light, handstickad av 100 % alpackaull. Mjuk, andningsbar och tidl\u00f6s \u2013 detta eleganta plagg erbjuder komfort i alla s\u00e4songer.\" \/>\n<meta name=\"robots\" content=\"index, follow, max-snippet:-1, max-image-preview:large, max-video-preview:-1\" \/>\n<link rel=\"canonical\" href=\"https:\/\/ethnica.style\/sv\/product\/ljus-alpackakofta\/\" \/>\n<meta property=\"og:locale\" content=\"sv_SE\" \/>\n<meta property=\"og:type\" content=\"article\" \/>\n<meta property=\"og:title\" content=\"Ljus Alpackakofta\" \/>\n<meta property=\"og:description\" content=\"Uppt\u00e4ck Alpaca Cardigan Light, handstickad av 100 % alpackaull. Mjuk, andningsbar och tidl\u00f6s \u2013 detta eleganta plagg erbjuder komfort i alla s\u00e4songer.\" \/>\n<meta property=\"og:url\" content=\"https:\/\/ethnica.style\/sv\/product\/ljus-alpackakofta\/\" \/>\n<meta property=\"og:site_name\" content=\"Ethnica Style\" \/>\n<meta property=\"og:image\" content=\"https:\/\/ethnica.style\/wp-content\/uploads\/2025\/08\/103-3-scaled.jpg\" \/>\n\t<meta property=\"og:image:width\" content=\"1705\" \/>\n\t<meta property=\"og:image:height\" content=\"2560\" \/>\n\t<meta property=\"og:image:type\" content=\"image\/jpeg\" \/>\n<meta name=\"twitter:card\" content=\"summary_large_image\" \/>\n<meta name=\"twitter:label1\" content=\"Ber\u00e4knad l\u00e4stid\" \/>\n\t<meta name=\"twitter:data1\" content=\"1 minut\" \/>\n<script type=\"application\/ld+json\" class=\"yoast-schema-graph\">{\"@context\":\"https:\/\/schema.org\",\"@graph\":[{\"@type\":\"WebPage\",\"@id\":\"https:\/\/ethnica.style\/sv\/product\/ljus-alpackakofta\/\",\"url\":\"https:\/\/ethnica.style\/sv\/product\/ljus-alpackakofta\/\",\"name\":\"Ljus Alpackakofta\",\"isPartOf\":{\"@id\":\"https:\/\/ethnica.style\/sv\/#website\"},\"primaryImageOfPage\":{\"@id\":\"https:\/\/ethnica.style\/sv\/product\/ljus-alpackakofta\/#primaryimage\"},\"image\":{\"@id\":\"https:\/\/ethnica.style\/sv\/product\/ljus-alpackakofta\/#primaryimage\"},\"thumbnailUrl\":\"https:\/\/ethnica.style\/wp-content\/uploads\/2025\/08\/103-3-scaled.jpg\",\"datePublished\":\"2025-08-23T17:11:00+00:00\",\"description\":\"Uppt\u00e4ck Alpaca Cardigan Light, handstickad av 100 % alpackaull. Mjuk, andningsbar och tidl\u00f6s \u2013 detta eleganta plagg erbjuder komfort i alla s\u00e4songer.\",\"breadcrumb\":{\"@id\":\"https:\/\/ethnica.style\/sv\/product\/ljus-alpackakofta\/#breadcrumb\"},\"inLanguage\":\"sv-SE\",\"potentialAction\":[{\"@type\":\"ReadAction\",\"target\":[\"https:\/\/ethnica.style\/sv\/product\/ljus-alpackakofta\/\"]}]},{\"@type\":\"ImageObject\",\"inLanguage\":\"sv-SE\",\"@id\":\"https:\/\/ethnica.style\/sv\/product\/ljus-alpackakofta\/#primaryimage\",\"url\":\"https:\/\/ethnica.style\/wp-content\/uploads\/2025\/08\/103-3-scaled.jpg\",\"contentUrl\":\"https:\/\/ethnica.style\/wp-content\/uploads\/2025\/08\/103-3-scaled.jpg\",\"width\":1705,\"height\":2560,\"caption\":\"Alpackakofta L\u00e4tt 2\"},{\"@type\":\"BreadcrumbList\",\"@id\":\"https:\/\/ethnica.style\/sv\/product\/ljus-alpackakofta\/#breadcrumb\",\"itemListElement\":[{\"@type\":\"ListItem\",\"position\":1,\"name\":\"Home\",\"item\":\"https:\/\/ethnica.style\/sv\/\"},{\"@type\":\"ListItem\",\"position\":2,\"name\":\"Butik\",\"item\":\"https:\/\/ethnica.style\/sv\/butik\/\"},{\"@type\":\"ListItem\",\"position\":3,\"name\":\"Ljus Alpackakofta\"}]},{\"@type\":\"WebSite\",\"@id\":\"https:\/\/ethnica.style\/sv\/#website\",\"url\":\"https:\/\/ethnica.style\/sv\/\",\"name\":\"Ethnica Style\",\"description\":\"\",\"publisher\":{\"@id\":\"https:\/\/ethnica.style\/sv\/#organization\"},\"potentialAction\":[{\"@type\":\"SearchAction\",\"target\":{\"@type\":\"EntryPoint\",\"urlTemplate\":\"https:\/\/ethnica.style\/sv\/?s={search_term_string}\"},\"query-input\":{\"@type\":\"PropertyValueSpecification\",\"valueRequired\":true,\"valueName\":\"search_term_string\"}}],\"inLanguage\":\"sv-SE\"},{\"@type\":\"Organization\",\"@id\":\"https:\/\/ethnica.style\/sv\/#organization\",\"name\":\"Ethnica Style\",\"url\":\"https:\/\/ethnica.style\/sv\/\",\"logo\":{\"@type\":\"ImageObject\",\"inLanguage\":\"sv-SE\",\"@id\":\"https:\/\/ethnica.style\/sv\/#\/schema\/logo\/image\/\",\"url\":\"https:\/\/ethnica.style\/wp-content\/uploads\/2024\/10\/group-5-1.svg\",\"contentUrl\":\"https:\/\/ethnica.style\/wp-content\/uploads\/2024\/10\/group-5-1.svg\",\"width\":1,\"height\":1,\"caption\":\"Ethnica Style\"},\"image\":{\"@id\":\"https:\/\/ethnica.style\/sv\/#\/schema\/logo\/image\/\"}}]}<\/script>\n<!-- \/ Yoast SEO plugin. -->","yoast_head_json":{"title":"Ljus Alpackakofta","description":"Uppt\u00e4ck Alpaca Cardigan Light, handstickad av 100 % alpackaull. Mjuk, andningsbar och tidl\u00f6s \u2013 detta eleganta plagg erbjuder komfort i alla s\u00e4songer.","robots":{"index":"index","follow":"follow","max-snippet":"max-snippet:-1","max-image-preview":"max-image-preview:large","max-video-preview":"max-video-preview:-1"},"canonical":"https:\/\/ethnica.style\/sv\/product\/ljus-alpackakofta\/","og_locale":"sv_SE","og_type":"article","og_title":"Ljus Alpackakofta","og_description":"Uppt\u00e4ck Alpaca Cardigan Light, handstickad av 100 % alpackaull. Mjuk, andningsbar och tidl\u00f6s \u2013 detta eleganta plagg erbjuder komfort i alla s\u00e4songer.","og_url":"https:\/\/ethnica.style\/sv\/product\/ljus-alpackakofta\/","og_site_name":"Ethnica Style","og_image":[{"width":1705,"height":2560,"url":"https:\/\/ethnica.style\/wp-content\/uploads\/2025\/08\/103-3-scaled.jpg","type":"image\/jpeg"}],"twitter_card":"summary_large_image","twitter_misc":{"Ber\u00e4knad l\u00e4stid":"1 minut"},"schema":{"@context":"https:\/\/schema.org","@graph":[{"@type":"WebPage","@id":"https:\/\/ethnica.style\/sv\/product\/ljus-alpackakofta\/","url":"https:\/\/ethnica.style\/sv\/product\/ljus-alpackakofta\/","name":"Ljus Alpackakofta","isPartOf":{"@id":"https:\/\/ethnica.style\/sv\/#website"},"primaryImageOfPage":{"@id":"https:\/\/ethnica.style\/sv\/product\/ljus-alpackakofta\/#primaryimage"},"image":{"@id":"https:\/\/ethnica.style\/sv\/product\/ljus-alpackakofta\/#primaryimage"},"thumbnailUrl":"https:\/\/ethnica.style\/wp-content\/uploads\/2025\/08\/103-3-scaled.jpg","datePublished":"2025-08-23T17:11:00+00:00","description":"Uppt\u00e4ck Alpaca Cardigan Light, handstickad av 100 % alpackaull. Mjuk, andningsbar och tidl\u00f6s \u2013 detta eleganta plagg erbjuder komfort i alla s\u00e4songer.","breadcrumb":{"@id":"https:\/\/ethnica.style\/sv\/product\/ljus-alpackakofta\/#breadcrumb"},"inLanguage":"sv-SE","potentialAction":[{"@type":"ReadAction","target":["https:\/\/ethnica.style\/sv\/product\/ljus-alpackakofta\/"]}]},{"@type":"ImageObject","inLanguage":"sv-SE","@id":"https:\/\/ethnica.style\/sv\/product\/ljus-alpackakofta\/#primaryimage","url":"https:\/\/ethnica.style\/wp-content\/uploads\/2025\/08\/103-3-scaled.jpg","contentUrl":"https:\/\/ethnica.style\/wp-content\/uploads\/2025\/08\/103-3-scaled.jpg","width":1705,"height":2560,"caption":"Alpackakofta L\u00e4tt 2"},{"@type":"BreadcrumbList","@id":"https:\/\/ethnica.style\/sv\/product\/ljus-alpackakofta\/#breadcrumb","itemListElement":[{"@type":"ListItem","position":1,"name":"Home","item":"https:\/\/ethnica.style\/sv\/"},{"@type":"ListItem","position":2,"name":"Butik","item":"https:\/\/ethnica.style\/sv\/butik\/"},{"@type":"ListItem","position":3,"name":"Ljus Alpackakofta"}]},{"@type":"WebSite","@id":"https:\/\/ethnica.style\/sv\/#website","url":"https:\/\/ethnica.style\/sv\/","name":"Ethnica Style","description":"","publisher":{"@id":"https:\/\/ethnica.style\/sv\/#organization"},"potentialAction":[{"@type":"SearchAction","target":{"@type":"EntryPoint","urlTemplate":"https:\/\/ethnica.style\/sv\/?s={search_term_string}"},"query-input":{"@type":"PropertyValueSpecification","valueRequired":true,"valueName":"search_term_string"}}],"inLanguage":"sv-SE"},{"@type":"Organization","@id":"https:\/\/ethnica.style\/sv\/#organization","name":"Ethnica Style","url":"https:\/\/ethnica.style\/sv\/","logo":{"@type":"ImageObject","inLanguage":"sv-SE","@id":"https:\/\/ethnica.style\/sv\/#\/schema\/logo\/image\/","url":"https:\/\/ethnica.style\/wp-content\/uploads\/2024\/10\/group-5-1.svg","contentUrl":"https:\/\/ethnica.style\/wp-content\/uploads\/2024\/10\/group-5-1.svg","width":1,"height":1,"caption":"Ethnica Style"},"image":{"@id":"https:\/\/ethnica.style\/sv\/#\/schema\/logo\/image\/"}}]}},"_links":{"self":[{"href":"https:\/\/ethnica.style\/sv\/wp-json\/wp\/v2\/product\/4794","targetHints":{"allow":["GET"]}}],"collection":[{"href":"https:\/\/ethnica.style\/sv\/wp-json\/wp\/v2\/product"}],"about":[{"href":"https:\/\/ethnica.style\/sv\/wp-json\/wp\/v2\/types\/product"}],"replies":[{"embeddable":true,"href":"https:\/\/ethnica.style\/sv\/wp-json\/wp\/v2\/comments?post=4794"}],"wp:featuredmedia":[{"embeddable":true,"href":"https:\/\/ethnica.style\/sv\/wp-json\/wp\/v2\/media\/3745"}],"wp:attachment":[{"href":"https:\/\/ethnica.style\/sv\/wp-json\/wp\/v2\/media?parent=4794"}],"wp:term":[{"taxonomy":"product_brand","embeddable":true,"href":"https:\/\/ethnica.style\/sv\/wp-json\/wp\/v2\/product_brand?post=4794"},{"taxonomy":"product_cat","embeddable":true,"href":"https:\/\/ethnica.style\/sv\/wp-json\/wp\/v2\/product_cat?post=4794"},{"taxonomy":"product_tag","embeddable":true,"href":"https:\/\/ethnica.style\/sv\/wp-json\/wp\/v2\/product_tag?post=4794"}],"curies":[{"name":"wp","href":"https:\/\/api.w.org\/{rel}","templated":true}]}}