{"id":4172,"date":"2025-08-06T08:49:03","date_gmt":"2025-08-06T08:49:03","guid":{"rendered":"https:\/\/ethnica.style\/product\/runic-skjorta\/"},"modified":"2025-09-03T10:17:59","modified_gmt":"2025-09-03T10:17:59","slug":"runic-skjorta","status":"publish","type":"product","link":"https:\/\/ethnica.style\/uk\/product\/runic-skjorta\/","title":{"rendered":"\u0420\u0443\u043d\u0456\u0447\u043d\u0430 \u0421\u043a\u044c\u043e\u0440\u0442\u0430"},"content":{"rendered":"<p>\u041c\u0438 \u043f\u0440\u0435\u0434\u0441\u0442\u0430\u0432\u043b\u044f\u0454\u043c\u043e \u0441\u043e\u0440\u043e\u0447\u043a\u0443 Runic Shirt \u2013 \u0446\u0435 \u0443\u043d\u0456\u043a\u0430\u043b\u044c\u043d\u0438\u0439 \u043e\u0434\u044f\u0433, \u0432\u0438\u0433\u043e\u0442\u043e\u0432\u043b\u0435\u043d\u0438\u0439 \u0456\u0437 \u0432\u0438\u0441\u043e\u043a\u043e\u044f\u043a\u0456\u0441\u043d\u043e\u0433\u043e \u043e\u0434\u044f\u0433\u0443, \u0449\u043e\u0431 \u0437\u0430\u0431\u0435\u0437\u043f\u0435\u0447\u0438\u0442\u0438 \u043a\u043e\u043c\u0444\u043e\u0440\u0442 \u0456 \u043a\u043e\u043c\u0444\u043e\u0440\u0442 \u0443 \u0431\u0443\u0434\u044c-\u044f\u043a\u043e\u043c\u0443 \u043c\u0456\u0441\u0446\u0456. Den distinkta designen f\u00f6rh\u00f6js av geometriskt broderi inspirerat av tradicionalella etniska motiv, vilket adderar en sofistikerad och tidl\u00f6s karakt\u00e4r. <\/p>\n<p>Runic-tr\u00f6jan \u00e4r skapad f\u00f6r den som v\u00e4rdes\u00e4tter b\u00e5de stil och inneh\u00e5ll, med en ledig silhuett och uts\u00f6kta detaler. Satins\u00f6msbroderiet, kompletterat med dekorativna band, tillf\u00f6r djup och textur till de rena linjerna. Finns i tv\u00e5 eleganta varianter \u2013 terrakotta med vitt broderi samt vitt med bl\u00e5tt broderi \u2013 s\u00e5 att du kan v\u00e4lja den f\u00e4rg som b\u00e4st uttrycker din individualitet.  <\/p>\n<p><em>Tillverkad i 100 % linne ger den en andningsbar komfort samtidigt som den beh\u00e5ller sin vackra struktur.<\/em><\/p>\n<p>\u0414\u043e\u0432\u0436\u0438\u043d\u0430 \u043c\u043e\u0434\u0435\u043b\u0456 \u0441\u0442\u0430\u043d\u043e\u0432\u0438\u0442\u044c 165 \u0441\u043c, \u0430 \u0441\u0442\u043e\u0440\u043b\u0435\u043a S.<\/p>\n<p>Beh\u00f6ver du hj\u00e4lp med storleken? V\u00e5rt team finns alltid tillg\u00e4ngligt f\u00f6r att guida dig r\u00e4tt. <\/p>\n","protected":false},"excerpt":{"rendered":"<p>\u041c\u0438 \u043f\u0440\u0435\u0434\u0441\u0442\u0430\u0432\u043b\u044f\u0454\u043c\u043e \u0441\u043e\u0440\u043e\u0447\u043a\u0443 Runic Shirt \u2013 \u0446\u0435 \u0443\u043d\u0456\u043a\u0430\u043b\u044c\u043d\u0438\u0439 \u043e\u0434\u044f\u0433, \u0432\u0438\u0433\u043e\u0442\u043e\u0432\u043b\u0435\u043d\u0438\u0439 \u0456\u0437 \u0432\u0438\u0441\u043e\u043a\u043e\u044f\u043a\u0456\u0441\u043d\u043e\u0433\u043e \u043e\u0434\u044f\u0433\u0443, \u0449\u043e\u0431 \u0437\u0430\u0431\u0435\u0437\u043f\u0435\u0447\u0438\u0442\u0438 \u043a\u043e\u043c\u0444\u043e\u0440\u0442 \u0456 \u043a\u043e\u043c\u0444\u043e\u0440\u0442 \u0443 \u0431\u0443\u0434\u044c-\u044f\u043a\u043e\u043c\u0443 \u043c\u0456\u0441\u0446\u0456. Den distinkta designen f\u00f6rh\u00f6js av geometriskt broderi inspirerat av tradicionalella etniska motiv, vilket adderar en sofistikerad och tidl\u00f6s karakt\u00e4r. Runic-tr\u00f6jan \u00e4r skapad f\u00f6r den som v\u00e4rdes\u00e4tter b\u00e5de stil och inneh\u00e5ll, med en ledig silhuett [&#8230;]\n","protected":false},"featured_media":4173,"comment_status":"open","ping_status":"closed","template":"","meta":{"_acf_changed":false},"product_brand":[],"product_cat":[130,146],"product_tag":[],"class_list":{"0":"post-4172","1":"product","2":"type-product","3":"status-publish","4":"has-post-thumbnail","6":"product_cat-130","7":"product_cat--uk","9":"first","10":"instock","11":"taxable","12":"shipping-taxable","13":"purchasable","14":"product-type-variable"},"acf":[],"yoast_head":"<!-- This site is optimized with the Yoast SEO plugin v26.6 - https:\/\/yoast.com\/wordpress\/plugins\/seo\/ -->\n<title>\u0420\u0443\u043d\u0456\u0447\u043d\u0430 \u0421\u043a\u044c\u043e\u0440\u0442\u0430 - Ethnica Style\u0420\u0443\u043d\u0442\u0440\u043e\u0439\u044f<\/title>\n<meta name=\"description\" content=\"Uppt\u00e4ck runskjortan \u2013 tillverkad i tjockt linne med etniska broderier. En dj\u00e4rv, elegant pj\u00e4s som finns i terrakotta eller vitt, perfekt f\u00f6r vintrar.\" \/>\n<meta name=\"robots\" content=\"index, follow, max-snippet:-1, max-image-preview:large, max-video-preview:-1\" \/>\n<link rel=\"canonical\" href=\"https:\/\/ethnica.style\/uk\/product\/runic-skjorta\/\" \/>\n<meta property=\"og:locale\" content=\"uk_UA\" \/>\n<meta property=\"og:type\" content=\"article\" \/>\n<meta property=\"og:title\" content=\"\u0420\u0443\u043d\u0456\u0447\u043d\u0430 \u0421\u043a\u044c\u043e\u0440\u0442\u0430 - Ethnica Style\u0420\u0443\u043d\u0442\u0440\u043e\u0439\u044f\" \/>\n<meta property=\"og:description\" content=\"Uppt\u00e4ck runskjortan \u2013 tillverkad i tjockt linne med etniska broderier. En dj\u00e4rv, elegant pj\u00e4s som finns i terrakotta eller vitt, perfekt f\u00f6r vintrar.\" \/>\n<meta property=\"og:url\" content=\"https:\/\/ethnica.style\/uk\/product\/runic-skjorta\/\" \/>\n<meta property=\"og:site_name\" content=\"Ethnica Style\" \/>\n<meta property=\"article:modified_time\" content=\"2025-09-03T10:17:59+00:00\" \/>\n<meta property=\"og:image\" content=\"https:\/\/ethnica.style\/wp-content\/uploads\/2025\/08\/orchid-shirt-05.jpg\" \/>\n\t<meta property=\"og:image:width\" content=\"800\" \/>\n\t<meta property=\"og:image:height\" content=\"1200\" \/>\n\t<meta property=\"og:image:type\" content=\"image\/jpeg\" \/>\n<meta name=\"twitter:card\" content=\"summary_large_image\" \/>\n<meta name=\"twitter:label1\" content=\"\u041f\u0440\u0438\u0431\u043b. \u0447\u0430\u0441 \u0447\u0438\u0442\u0430\u043d\u043d\u044f\" \/>\n\t<meta name=\"twitter:data1\" content=\"1 \u0445\u0432\u0438\u043b\u0438\u043d\u0430\" \/>\n<script type=\"application\/ld+json\" class=\"yoast-schema-graph\">{\"@context\":\"https:\/\/schema.org\",\"@graph\":[{\"@type\":\"WebPage\",\"@id\":\"https:\/\/ethnica.style\/uk\/product\/runic-skjorta\/\",\"url\":\"https:\/\/ethnica.style\/uk\/product\/runic-skjorta\/\",\"name\":\"\u0420\u0443\u043d\u0456\u0447\u043d\u0430 \u0421\u043a\u044c\u043e\u0440\u0442\u0430 - Ethnica Style\u0420\u0443\u043d\u0442\u0440\u043e\u0439\u044f\",\"isPartOf\":{\"@id\":\"https:\/\/ethnica.style\/uk\/#website\"},\"primaryImageOfPage\":{\"@id\":\"https:\/\/ethnica.style\/uk\/product\/runic-skjorta\/#primaryimage\"},\"image\":{\"@id\":\"https:\/\/ethnica.style\/uk\/product\/runic-skjorta\/#primaryimage\"},\"thumbnailUrl\":\"https:\/\/ethnica.style\/wp-content\/uploads\/2025\/08\/orchid-shirt-05.jpg\",\"datePublished\":\"2025-08-06T08:49:03+00:00\",\"dateModified\":\"2025-09-03T10:17:59+00:00\",\"description\":\"Uppt\u00e4ck runskjortan \u2013 tillverkad i tjockt linne med etniska broderier. En dj\u00e4rv, elegant pj\u00e4s som finns i terrakotta eller vitt, perfekt f\u00f6r vintrar.\",\"breadcrumb\":{\"@id\":\"https:\/\/ethnica.style\/uk\/product\/runic-skjorta\/#breadcrumb\"},\"inLanguage\":\"uk\",\"potentialAction\":[{\"@type\":\"ReadAction\",\"target\":[\"https:\/\/ethnica.style\/uk\/product\/runic-skjorta\/\"]}]},{\"@type\":\"ImageObject\",\"inLanguage\":\"uk\",\"@id\":\"https:\/\/ethnica.style\/uk\/product\/runic-skjorta\/#primaryimage\",\"url\":\"https:\/\/ethnica.style\/wp-content\/uploads\/2025\/08\/orchid-shirt-05.jpg\",\"contentUrl\":\"https:\/\/ethnica.style\/wp-content\/uploads\/2025\/08\/orchid-shirt-05.jpg\",\"width\":800,\"height\":1200,\"caption\":\"Runic Shirt\"},{\"@type\":\"BreadcrumbList\",\"@id\":\"https:\/\/ethnica.style\/uk\/product\/runic-skjorta\/#breadcrumb\",\"itemListElement\":[{\"@type\":\"ListItem\",\"position\":1,\"name\":\"Home\",\"item\":\"https:\/\/ethnica.style\/uk\/\"},{\"@type\":\"ListItem\",\"position\":2,\"name\":\"\u0426\u0435\u0445\",\"item\":\"https:\/\/ethnica.style\/uk\/%d1%86%d0%b5%d1%85-2\/\"},{\"@type\":\"ListItem\",\"position\":3,\"name\":\"\u0420\u0443\u043d\u0456\u0447\u043d\u0430 \u0421\u043a\u044c\u043e\u0440\u0442\u0430\"}]},{\"@type\":\"WebSite\",\"@id\":\"https:\/\/ethnica.style\/uk\/#website\",\"url\":\"https:\/\/ethnica.style\/uk\/\",\"name\":\"Ethnica Style\",\"description\":\"\",\"publisher\":{\"@id\":\"https:\/\/ethnica.style\/uk\/#organization\"},\"potentialAction\":[{\"@type\":\"SearchAction\",\"target\":{\"@type\":\"EntryPoint\",\"urlTemplate\":\"https:\/\/ethnica.style\/uk\/?s={search_term_string}\"},\"query-input\":{\"@type\":\"PropertyValueSpecification\",\"valueRequired\":true,\"valueName\":\"search_term_string\"}}],\"inLanguage\":\"uk\"},{\"@type\":\"Organization\",\"@id\":\"https:\/\/ethnica.style\/uk\/#organization\",\"name\":\"Ethnica Style\",\"url\":\"https:\/\/ethnica.style\/uk\/\",\"logo\":{\"@type\":\"ImageObject\",\"inLanguage\":\"uk\",\"@id\":\"https:\/\/ethnica.style\/uk\/#\/schema\/logo\/image\/\",\"url\":\"https:\/\/ethnica.style\/wp-content\/uploads\/2024\/10\/group-5-1.svg\",\"contentUrl\":\"https:\/\/ethnica.style\/wp-content\/uploads\/2024\/10\/group-5-1.svg\",\"width\":1,\"height\":1,\"caption\":\"Ethnica Style\"},\"image\":{\"@id\":\"https:\/\/ethnica.style\/uk\/#\/schema\/logo\/image\/\"}}]}<\/script>\n<!-- \/ Yoast SEO plugin. -->","yoast_head_json":{"title":"\u0420\u0443\u043d\u0456\u0447\u043d\u0430 \u0421\u043a\u044c\u043e\u0440\u0442\u0430 - Ethnica Style\u0420\u0443\u043d\u0442\u0440\u043e\u0439\u044f","description":"Uppt\u00e4ck runskjortan \u2013 tillverkad i tjockt linne med etniska broderier. En dj\u00e4rv, elegant pj\u00e4s som finns i terrakotta eller vitt, perfekt f\u00f6r vintrar.","robots":{"index":"index","follow":"follow","max-snippet":"max-snippet:-1","max-image-preview":"max-image-preview:large","max-video-preview":"max-video-preview:-1"},"canonical":"https:\/\/ethnica.style\/uk\/product\/runic-skjorta\/","og_locale":"uk_UA","og_type":"article","og_title":"\u0420\u0443\u043d\u0456\u0447\u043d\u0430 \u0421\u043a\u044c\u043e\u0440\u0442\u0430 - Ethnica Style\u0420\u0443\u043d\u0442\u0440\u043e\u0439\u044f","og_description":"Uppt\u00e4ck runskjortan \u2013 tillverkad i tjockt linne med etniska broderier. En dj\u00e4rv, elegant pj\u00e4s som finns i terrakotta eller vitt, perfekt f\u00f6r vintrar.","og_url":"https:\/\/ethnica.style\/uk\/product\/runic-skjorta\/","og_site_name":"Ethnica Style","article_modified_time":"2025-09-03T10:17:59+00:00","og_image":[{"width":800,"height":1200,"url":"https:\/\/ethnica.style\/wp-content\/uploads\/2025\/08\/orchid-shirt-05.jpg","type":"image\/jpeg"}],"twitter_card":"summary_large_image","twitter_misc":{"\u041f\u0440\u0438\u0431\u043b. \u0447\u0430\u0441 \u0447\u0438\u0442\u0430\u043d\u043d\u044f":"1 \u0445\u0432\u0438\u043b\u0438\u043d\u0430"},"schema":{"@context":"https:\/\/schema.org","@graph":[{"@type":"WebPage","@id":"https:\/\/ethnica.style\/uk\/product\/runic-skjorta\/","url":"https:\/\/ethnica.style\/uk\/product\/runic-skjorta\/","name":"\u0420\u0443\u043d\u0456\u0447\u043d\u0430 \u0421\u043a\u044c\u043e\u0440\u0442\u0430 - Ethnica Style\u0420\u0443\u043d\u0442\u0440\u043e\u0439\u044f","isPartOf":{"@id":"https:\/\/ethnica.style\/uk\/#website"},"primaryImageOfPage":{"@id":"https:\/\/ethnica.style\/uk\/product\/runic-skjorta\/#primaryimage"},"image":{"@id":"https:\/\/ethnica.style\/uk\/product\/runic-skjorta\/#primaryimage"},"thumbnailUrl":"https:\/\/ethnica.style\/wp-content\/uploads\/2025\/08\/orchid-shirt-05.jpg","datePublished":"2025-08-06T08:49:03+00:00","dateModified":"2025-09-03T10:17:59+00:00","description":"Uppt\u00e4ck runskjortan \u2013 tillverkad i tjockt linne med etniska broderier. En dj\u00e4rv, elegant pj\u00e4s som finns i terrakotta eller vitt, perfekt f\u00f6r vintrar.","breadcrumb":{"@id":"https:\/\/ethnica.style\/uk\/product\/runic-skjorta\/#breadcrumb"},"inLanguage":"uk","potentialAction":[{"@type":"ReadAction","target":["https:\/\/ethnica.style\/uk\/product\/runic-skjorta\/"]}]},{"@type":"ImageObject","inLanguage":"uk","@id":"https:\/\/ethnica.style\/uk\/product\/runic-skjorta\/#primaryimage","url":"https:\/\/ethnica.style\/wp-content\/uploads\/2025\/08\/orchid-shirt-05.jpg","contentUrl":"https:\/\/ethnica.style\/wp-content\/uploads\/2025\/08\/orchid-shirt-05.jpg","width":800,"height":1200,"caption":"Runic Shirt"},{"@type":"BreadcrumbList","@id":"https:\/\/ethnica.style\/uk\/product\/runic-skjorta\/#breadcrumb","itemListElement":[{"@type":"ListItem","position":1,"name":"Home","item":"https:\/\/ethnica.style\/uk\/"},{"@type":"ListItem","position":2,"name":"\u0426\u0435\u0445","item":"https:\/\/ethnica.style\/uk\/%d1%86%d0%b5%d1%85-2\/"},{"@type":"ListItem","position":3,"name":"\u0420\u0443\u043d\u0456\u0447\u043d\u0430 \u0421\u043a\u044c\u043e\u0440\u0442\u0430"}]},{"@type":"WebSite","@id":"https:\/\/ethnica.style\/uk\/#website","url":"https:\/\/ethnica.style\/uk\/","name":"Ethnica Style","description":"","publisher":{"@id":"https:\/\/ethnica.style\/uk\/#organization"},"potentialAction":[{"@type":"SearchAction","target":{"@type":"EntryPoint","urlTemplate":"https:\/\/ethnica.style\/uk\/?s={search_term_string}"},"query-input":{"@type":"PropertyValueSpecification","valueRequired":true,"valueName":"search_term_string"}}],"inLanguage":"uk"},{"@type":"Organization","@id":"https:\/\/ethnica.style\/uk\/#organization","name":"Ethnica Style","url":"https:\/\/ethnica.style\/uk\/","logo":{"@type":"ImageObject","inLanguage":"uk","@id":"https:\/\/ethnica.style\/uk\/#\/schema\/logo\/image\/","url":"https:\/\/ethnica.style\/wp-content\/uploads\/2024\/10\/group-5-1.svg","contentUrl":"https:\/\/ethnica.style\/wp-content\/uploads\/2024\/10\/group-5-1.svg","width":1,"height":1,"caption":"Ethnica Style"},"image":{"@id":"https:\/\/ethnica.style\/uk\/#\/schema\/logo\/image\/"}}]}},"_links":{"self":[{"href":"https:\/\/ethnica.style\/uk\/wp-json\/wp\/v2\/product\/4172","targetHints":{"allow":["GET"]}}],"collection":[{"href":"https:\/\/ethnica.style\/uk\/wp-json\/wp\/v2\/product"}],"about":[{"href":"https:\/\/ethnica.style\/uk\/wp-json\/wp\/v2\/types\/product"}],"replies":[{"embeddable":true,"href":"https:\/\/ethnica.style\/uk\/wp-json\/wp\/v2\/comments?post=4172"}],"wp:featuredmedia":[{"embeddable":true,"href":"https:\/\/ethnica.style\/uk\/wp-json\/wp\/v2\/media\/4173"}],"wp:attachment":[{"href":"https:\/\/ethnica.style\/uk\/wp-json\/wp\/v2\/media?parent=4172"}],"wp:term":[{"taxonomy":"product_brand","embeddable":true,"href":"https:\/\/ethnica.style\/uk\/wp-json\/wp\/v2\/product_brand?post=4172"},{"taxonomy":"product_cat","embeddable":true,"href":"https:\/\/ethnica.style\/uk\/wp-json\/wp\/v2\/product_cat?post=4172"},{"taxonomy":"product_tag","embeddable":true,"href":"https:\/\/ethnica.style\/uk\/wp-json\/wp\/v2\/product_tag?post=4172"}],"curies":[{"name":"wp","href":"https:\/\/api.w.org\/{rel}","templated":true}]}}