{"id":4433,"date":"2025-08-06T08:52:38","date_gmt":"2025-08-06T08:52:38","guid":{"rendered":"https:\/\/ethnica.style\/product\/bla-baktus-halsduk\/"},"modified":"2025-09-03T11:27:24","modified_gmt":"2025-09-03T11:27:24","slug":"bla-baktus-halsduk","status":"publish","type":"product","link":"https:\/\/ethnica.style\/uk\/product\/bla-baktus-halsduk\/","title":{"rendered":"\u0421\u0438\u043d\u0456\u0439 \u0448\u0430\u0440\u0444 Bactus"},"content":{"rendered":"<p>Bl\u00e5 Baktus Scarf \u2013 d\u00e4r lyxig komfort m\u00f6ter dj\u00e4rv stil. Handgjord i Ukraina i en uts\u00f6kt blandning av 70 % kid mohair och 30 % silke, erbjuder den b\u00e5de v\u00e4rme och sofistikerad elegans. De livfulla bl\u00e5 nyanserna och den l\u00e4tta, f\u00f6ljsamma k\u00e4nslan g\u00f6r att den faller vackert, medan de lekfulla tofsarna adderar r\u00f6relse och charm. Perfekt f\u00f6r att lyfta vardagslooken eller tillf\u00f6ra en elegant touch till kv\u00e4llens outfit.   <\/p>\n<p>Handgjord i Ukraina<\/p>\n","protected":false},"excerpt":{"rendered":"<p>Bl\u00e5 Baktus Scarf \u2013 d\u00e4r lyxig komfort m\u00f6ter dj\u00e4rv stil. Handgjord i Ukraina i en uts\u00f6kt blandning av 70 % kid mohair och 30 % silke, erbjuder den b\u00e5de v\u00e4rme och sofistikerad elegans. De livfulla bl\u00e5 nyanserna och den l\u00e4tta, f\u00f6ljsamma k\u00e4nslan g\u00f6r att den faller vackert, medan de lekfulla tofsarna adderar r\u00f6relse och charm. [&#8230;]\n","protected":false},"featured_media":4434,"comment_status":"open","ping_status":"closed","template":"","meta":{"_acf_changed":false},"product_brand":[],"product_cat":[130,132,141],"product_tag":[],"class_list":{"0":"post-4433","1":"product","2":"type-product","3":"status-publish","4":"has-post-thumbnail","6":"product_cat-130","7":"product_cat-132","8":"product_cat-141","10":"first","11":"instock","12":"taxable","13":"shipping-taxable","14":"purchasable","15":"product-type-variable"},"acf":[],"yoast_head":"<!-- This site is optimized with the Yoast SEO plugin v26.6 - https:\/\/yoast.com\/wordpress\/plugins\/seo\/ -->\n<title>\u0421\u0438\u043d\u0456\u0439 \u0448\u0430\u0440\u0444 Bactus - Ethnica Style \u0421\u0438\u043d\u0456\u0439 \u0448\u0430\u0440\u0444 Bactus<\/title>\n<meta name=\"description\" content=\"Lyft din outfit med Blue Baktus Scarf \u2013 en handgjord blandning av kid mohair och siden, med dj\u00e4rva f\u00e4rger, mjuk textur och eleganta tofsar.\" \/>\n<meta name=\"robots\" content=\"index, follow, max-snippet:-1, max-image-preview:large, max-video-preview:-1\" \/>\n<link rel=\"canonical\" href=\"https:\/\/ethnica.style\/uk\/product\/bla-baktus-halsduk\/\" \/>\n<meta property=\"og:locale\" content=\"uk_UA\" \/>\n<meta property=\"og:type\" content=\"article\" \/>\n<meta property=\"og:title\" content=\"\u0421\u0438\u043d\u0456\u0439 \u0448\u0430\u0440\u0444 Bactus - Ethnica Style \u0421\u0438\u043d\u0456\u0439 \u0448\u0430\u0440\u0444 Bactus\" \/>\n<meta property=\"og:description\" content=\"Lyft din outfit med Blue Baktus Scarf \u2013 en handgjord blandning av kid mohair och siden, med dj\u00e4rva f\u00e4rger, mjuk textur och eleganta tofsar.\" \/>\n<meta property=\"og:url\" content=\"https:\/\/ethnica.style\/uk\/product\/bla-baktus-halsduk\/\" \/>\n<meta property=\"og:site_name\" content=\"Ethnica Style\" \/>\n<meta property=\"article:modified_time\" content=\"2025-09-03T11:27:24+00:00\" \/>\n<meta property=\"og:image\" content=\"https:\/\/ethnica.style\/wp-content\/uploads\/2025\/08\/image-2024-05-27-175250.jpg\" \/>\n\t<meta property=\"og:image:width\" content=\"647\" \/>\n\t<meta property=\"og:image:height\" content=\"1169\" \/>\n\t<meta property=\"og:image:type\" content=\"image\/jpeg\" \/>\n<meta name=\"twitter:card\" content=\"summary_large_image\" \/>\n<script type=\"application\/ld+json\" class=\"yoast-schema-graph\">{\"@context\":\"https:\/\/schema.org\",\"@graph\":[{\"@type\":\"WebPage\",\"@id\":\"https:\/\/ethnica.style\/uk\/product\/bla-baktus-halsduk\/\",\"url\":\"https:\/\/ethnica.style\/uk\/product\/bla-baktus-halsduk\/\",\"name\":\"\u0421\u0438\u043d\u0456\u0439 \u0448\u0430\u0440\u0444 Bactus - Ethnica Style \u0421\u0438\u043d\u0456\u0439 \u0448\u0430\u0440\u0444 Bactus\",\"isPartOf\":{\"@id\":\"https:\/\/ethnica.style\/uk\/#website\"},\"primaryImageOfPage\":{\"@id\":\"https:\/\/ethnica.style\/uk\/product\/bla-baktus-halsduk\/#primaryimage\"},\"image\":{\"@id\":\"https:\/\/ethnica.style\/uk\/product\/bla-baktus-halsduk\/#primaryimage\"},\"thumbnailUrl\":\"https:\/\/ethnica.style\/wp-content\/uploads\/2025\/08\/image-2024-05-27-175250.jpg\",\"datePublished\":\"2025-08-06T08:52:38+00:00\",\"dateModified\":\"2025-09-03T11:27:24+00:00\",\"description\":\"Lyft din outfit med Blue Baktus Scarf \u2013 en handgjord blandning av kid mohair och siden, med dj\u00e4rva f\u00e4rger, mjuk textur och eleganta tofsar.\",\"breadcrumb\":{\"@id\":\"https:\/\/ethnica.style\/uk\/product\/bla-baktus-halsduk\/#breadcrumb\"},\"inLanguage\":\"uk\",\"potentialAction\":[{\"@type\":\"ReadAction\",\"target\":[\"https:\/\/ethnica.style\/uk\/product\/bla-baktus-halsduk\/\"]}]},{\"@type\":\"ImageObject\",\"inLanguage\":\"uk\",\"@id\":\"https:\/\/ethnica.style\/uk\/product\/bla-baktus-halsduk\/#primaryimage\",\"url\":\"https:\/\/ethnica.style\/wp-content\/uploads\/2025\/08\/image-2024-05-27-175250.jpg\",\"contentUrl\":\"https:\/\/ethnica.style\/wp-content\/uploads\/2025\/08\/image-2024-05-27-175250.jpg\",\"width\":647,\"height\":1169,\"caption\":\"Blue Baktus Scarf\"},{\"@type\":\"BreadcrumbList\",\"@id\":\"https:\/\/ethnica.style\/uk\/product\/bla-baktus-halsduk\/#breadcrumb\",\"itemListElement\":[{\"@type\":\"ListItem\",\"position\":1,\"name\":\"Home\",\"item\":\"https:\/\/ethnica.style\/uk\/\"},{\"@type\":\"ListItem\",\"position\":2,\"name\":\"\u0426\u0435\u0445\",\"item\":\"https:\/\/ethnica.style\/uk\/%d1%86%d0%b5%d1%85-2\/\"},{\"@type\":\"ListItem\",\"position\":3,\"name\":\"\u0421\u0438\u043d\u0456\u0439 \u0448\u0430\u0440\u0444 Bactus\"}]},{\"@type\":\"WebSite\",\"@id\":\"https:\/\/ethnica.style\/uk\/#website\",\"url\":\"https:\/\/ethnica.style\/uk\/\",\"name\":\"Ethnica Style\",\"description\":\"\",\"publisher\":{\"@id\":\"https:\/\/ethnica.style\/uk\/#organization\"},\"potentialAction\":[{\"@type\":\"SearchAction\",\"target\":{\"@type\":\"EntryPoint\",\"urlTemplate\":\"https:\/\/ethnica.style\/uk\/?s={search_term_string}\"},\"query-input\":{\"@type\":\"PropertyValueSpecification\",\"valueRequired\":true,\"valueName\":\"search_term_string\"}}],\"inLanguage\":\"uk\"},{\"@type\":\"Organization\",\"@id\":\"https:\/\/ethnica.style\/uk\/#organization\",\"name\":\"Ethnica Style\",\"url\":\"https:\/\/ethnica.style\/uk\/\",\"logo\":{\"@type\":\"ImageObject\",\"inLanguage\":\"uk\",\"@id\":\"https:\/\/ethnica.style\/uk\/#\/schema\/logo\/image\/\",\"url\":\"https:\/\/ethnica.style\/wp-content\/uploads\/2024\/10\/group-5-1.svg\",\"contentUrl\":\"https:\/\/ethnica.style\/wp-content\/uploads\/2024\/10\/group-5-1.svg\",\"width\":1,\"height\":1,\"caption\":\"Ethnica Style\"},\"image\":{\"@id\":\"https:\/\/ethnica.style\/uk\/#\/schema\/logo\/image\/\"}}]}<\/script>\n<!-- \/ Yoast SEO plugin. -->","yoast_head_json":{"title":"\u0421\u0438\u043d\u0456\u0439 \u0448\u0430\u0440\u0444 Bactus - Ethnica Style \u0421\u0438\u043d\u0456\u0439 \u0448\u0430\u0440\u0444 Bactus","description":"Lyft din outfit med Blue Baktus Scarf \u2013 en handgjord blandning av kid mohair och siden, med dj\u00e4rva f\u00e4rger, mjuk textur och eleganta tofsar.","robots":{"index":"index","follow":"follow","max-snippet":"max-snippet:-1","max-image-preview":"max-image-preview:large","max-video-preview":"max-video-preview:-1"},"canonical":"https:\/\/ethnica.style\/uk\/product\/bla-baktus-halsduk\/","og_locale":"uk_UA","og_type":"article","og_title":"\u0421\u0438\u043d\u0456\u0439 \u0448\u0430\u0440\u0444 Bactus - Ethnica Style \u0421\u0438\u043d\u0456\u0439 \u0448\u0430\u0440\u0444 Bactus","og_description":"Lyft din outfit med Blue Baktus Scarf \u2013 en handgjord blandning av kid mohair och siden, med dj\u00e4rva f\u00e4rger, mjuk textur och eleganta tofsar.","og_url":"https:\/\/ethnica.style\/uk\/product\/bla-baktus-halsduk\/","og_site_name":"Ethnica Style","article_modified_time":"2025-09-03T11:27:24+00:00","og_image":[{"width":647,"height":1169,"url":"https:\/\/ethnica.style\/wp-content\/uploads\/2025\/08\/image-2024-05-27-175250.jpg","type":"image\/jpeg"}],"twitter_card":"summary_large_image","schema":{"@context":"https:\/\/schema.org","@graph":[{"@type":"WebPage","@id":"https:\/\/ethnica.style\/uk\/product\/bla-baktus-halsduk\/","url":"https:\/\/ethnica.style\/uk\/product\/bla-baktus-halsduk\/","name":"\u0421\u0438\u043d\u0456\u0439 \u0448\u0430\u0440\u0444 Bactus - Ethnica Style \u0421\u0438\u043d\u0456\u0439 \u0448\u0430\u0440\u0444 Bactus","isPartOf":{"@id":"https:\/\/ethnica.style\/uk\/#website"},"primaryImageOfPage":{"@id":"https:\/\/ethnica.style\/uk\/product\/bla-baktus-halsduk\/#primaryimage"},"image":{"@id":"https:\/\/ethnica.style\/uk\/product\/bla-baktus-halsduk\/#primaryimage"},"thumbnailUrl":"https:\/\/ethnica.style\/wp-content\/uploads\/2025\/08\/image-2024-05-27-175250.jpg","datePublished":"2025-08-06T08:52:38+00:00","dateModified":"2025-09-03T11:27:24+00:00","description":"Lyft din outfit med Blue Baktus Scarf \u2013 en handgjord blandning av kid mohair och siden, med dj\u00e4rva f\u00e4rger, mjuk textur och eleganta tofsar.","breadcrumb":{"@id":"https:\/\/ethnica.style\/uk\/product\/bla-baktus-halsduk\/#breadcrumb"},"inLanguage":"uk","potentialAction":[{"@type":"ReadAction","target":["https:\/\/ethnica.style\/uk\/product\/bla-baktus-halsduk\/"]}]},{"@type":"ImageObject","inLanguage":"uk","@id":"https:\/\/ethnica.style\/uk\/product\/bla-baktus-halsduk\/#primaryimage","url":"https:\/\/ethnica.style\/wp-content\/uploads\/2025\/08\/image-2024-05-27-175250.jpg","contentUrl":"https:\/\/ethnica.style\/wp-content\/uploads\/2025\/08\/image-2024-05-27-175250.jpg","width":647,"height":1169,"caption":"Blue Baktus Scarf"},{"@type":"BreadcrumbList","@id":"https:\/\/ethnica.style\/uk\/product\/bla-baktus-halsduk\/#breadcrumb","itemListElement":[{"@type":"ListItem","position":1,"name":"Home","item":"https:\/\/ethnica.style\/uk\/"},{"@type":"ListItem","position":2,"name":"\u0426\u0435\u0445","item":"https:\/\/ethnica.style\/uk\/%d1%86%d0%b5%d1%85-2\/"},{"@type":"ListItem","position":3,"name":"\u0421\u0438\u043d\u0456\u0439 \u0448\u0430\u0440\u0444 Bactus"}]},{"@type":"WebSite","@id":"https:\/\/ethnica.style\/uk\/#website","url":"https:\/\/ethnica.style\/uk\/","name":"Ethnica Style","description":"","publisher":{"@id":"https:\/\/ethnica.style\/uk\/#organization"},"potentialAction":[{"@type":"SearchAction","target":{"@type":"EntryPoint","urlTemplate":"https:\/\/ethnica.style\/uk\/?s={search_term_string}"},"query-input":{"@type":"PropertyValueSpecification","valueRequired":true,"valueName":"search_term_string"}}],"inLanguage":"uk"},{"@type":"Organization","@id":"https:\/\/ethnica.style\/uk\/#organization","name":"Ethnica Style","url":"https:\/\/ethnica.style\/uk\/","logo":{"@type":"ImageObject","inLanguage":"uk","@id":"https:\/\/ethnica.style\/uk\/#\/schema\/logo\/image\/","url":"https:\/\/ethnica.style\/wp-content\/uploads\/2024\/10\/group-5-1.svg","contentUrl":"https:\/\/ethnica.style\/wp-content\/uploads\/2024\/10\/group-5-1.svg","width":1,"height":1,"caption":"Ethnica Style"},"image":{"@id":"https:\/\/ethnica.style\/uk\/#\/schema\/logo\/image\/"}}]}},"_links":{"self":[{"href":"https:\/\/ethnica.style\/uk\/wp-json\/wp\/v2\/product\/4433","targetHints":{"allow":["GET"]}}],"collection":[{"href":"https:\/\/ethnica.style\/uk\/wp-json\/wp\/v2\/product"}],"about":[{"href":"https:\/\/ethnica.style\/uk\/wp-json\/wp\/v2\/types\/product"}],"replies":[{"embeddable":true,"href":"https:\/\/ethnica.style\/uk\/wp-json\/wp\/v2\/comments?post=4433"}],"wp:featuredmedia":[{"embeddable":true,"href":"https:\/\/ethnica.style\/uk\/wp-json\/wp\/v2\/media\/4434"}],"wp:attachment":[{"href":"https:\/\/ethnica.style\/uk\/wp-json\/wp\/v2\/media?parent=4433"}],"wp:term":[{"taxonomy":"product_brand","embeddable":true,"href":"https:\/\/ethnica.style\/uk\/wp-json\/wp\/v2\/product_brand?post=4433"},{"taxonomy":"product_cat","embeddable":true,"href":"https:\/\/ethnica.style\/uk\/wp-json\/wp\/v2\/product_cat?post=4433"},{"taxonomy":"product_tag","embeddable":true,"href":"https:\/\/ethnica.style\/uk\/wp-json\/wp\/v2\/product_tag?post=4433"}],"curies":[{"name":"wp","href":"https:\/\/api.w.org\/{rel}","templated":true}]}}